{"id":72071,"date":"2026-04-02T17:34:17","date_gmt":"2026-04-02T15:34:17","guid":{"rendered":"https:\/\/www.beautydecoded.com\/produits\/non class\u00e9\/vinoclean-huile-de-soin-demaquillante\/"},"modified":"2026-04-02T19:57:50","modified_gmt":"2026-04-02T17:57:50","slug":"vinoclean-cleansing-care-oil","status":"publish","type":"product","link":"https:\/\/www.beautydecoded.com\/en\/products\/caudalie\/vinoclean-cleansing-care-oil\/","title":{"rendered":"Vinoclean - Cleansing care oil"},"content":{"rendered":"<p><a href=\"https:\/\/www.beautydecoded.com\/en\/ingredients\/helianthus-annuus-seed-oil\/\" class=\"inci-link\">HELIANTHUS ANNUUS SEED OIL<\/a> (Sunflower vegetable oil), <a href=\"https:\/\/www.beautydecoded.com\/en\/ingredients\/polyglyceryl-4-oleate\/\" class=\"inci-link\">POLYGLYCERYL-4 OLEATE<\/a> (Nonionic surfactant), <a href=\"https:\/\/www.beautydecoded.com\/en\/ingredients\/caprylic-capric-triglyceride\/\" class=\"inci-link\">CAPRYLIC\/CAPRIC TRIGLYCERIDE<\/a>, <a href=\"https:\/\/www.beautydecoded.com\/en\/ingredients\/castor-bean-seed-oil\/\" class=\"inci-link\">Castor Bean Seed Oil<\/a> (Castor vegetable oil), <a href=\"https:\/\/www.beautydecoded.com\/en\/ingredients\/sweet-almond-oil\/\" class=\"inci-link\">Sweet Almond Oil<\/a> (Sweet almond vegetable oil), <a href=\"https:\/\/www.beautydecoded.com\/en\/ingredients\/grape-seed-oil\/\" class=\"inci-link\">VITIS VINIFERA SEED OIL<\/a> (Vine vegetable oil), <a href=\"https:\/\/www.beautydecoded.com\/en\/ingredients\/tocopherol\/\" class=\"inci-link\">TOCOPHEROL<\/a> (Vitamin E), <a href=\"https:\/\/www.beautydecoded.com\/en\/ingredients\/fragrance\/\" class=\"inci-link\">PERFUM<\/a> (Perfume)<\/p>\n<p>L&rsquo;huile d\u00e9maquillante Vinoclean de Caudalie repose sur une base lipidique compos\u00e9e d&rsquo;huile de tournesol (*Helianthus annuus*), d&rsquo;huile de ricin (*Ricinus communis*), d&rsquo;huile d&rsquo;amande douce (*Prunus amygdalus dulcis*) et d&rsquo;huile de p\u00e9pins de raisin (*Vitis vinifera*), compl\u00e9t\u00e9es par des triglyc\u00e9rides caprylique\/caprique. Ces corps gras agissent selon le principe de dissolution lipophile : ils solubilisent efficacement les r\u00e9sidus de maquillage, les impuret\u00e9s et le s\u00e9bum en exc\u00e8s, y compris les formules waterproof. Le polyglyc\u00e9ryl-4 ol\u00e9ate, \u00e9mulsifiant doux d&rsquo;origine v\u00e9g\u00e9tale, permet \u00e0 l&rsquo;huile de se rincer facilement \u00e0 l&rsquo;eau sans laisser de film gras. Le tocoph\u00e9rol (vitamine E) apporte une protection antioxydante aux acides gras insatur\u00e9s de la formule et contribue \u00e0 limiter le stress oxydatif cutan\u00e9. Ce produit convient particuli\u00e8rement aux peaux s\u00e8ches \u00e0 normales, ainsi qu&rsquo;aux peaux sensibles r\u00e9actives aux d\u00e9maquillants d\u00e9tergents classiques. Il est moins adapt\u00e9 aux peaux mixtes \u00e0 grasses qui pourraient trouver la texture trop occlusive.<\/p>","protected":false},"excerpt":{"rendered":"<p>Analyze composition on the BeautyDecoded App<\/p>","protected":false},"featured_media":72072,"comment_status":"open","ping_status":"open","template":"","meta":{"_acf_changed":false,"_kad_blocks_custom_css":"","_kad_blocks_head_custom_js":"","_kad_blocks_body_custom_js":"","_kad_blocks_footer_custom_js":"","_kad_post_transparent":"","_kad_post_title":"","_kad_post_layout":"","_kad_post_sidebar_id":"","_kad_post_content_style":"","_kad_post_vertical_padding":"","_kad_post_feature":"","_kad_post_feature_position":"","_kad_post_header":false,"_kad_post_footer":false},"product_brand":[],"product_cat":[241],"product_tag":[],"class_list":{"0":"post-72071","1":"product","2":"type-product","3":"status-publish","4":"has-post-thumbnail","6":"product_cat-caudalie","7":"pa_actif-amandeoil","8":"pa_actif-ricinoil","9":"pa_type-de-produit-demaquillant","11":"first","12":"instock","13":"product-type-external","14":"entry","15":"content-bg","16":"loop-entry"},"acf":[],"taxonomy_info":{"product_cat":[{"value":241,"label":"Caudalie"}],"pa_actif":[{"value":566,"label":"amandeoil"},{"value":555,"label":"ricinoil"}],"pa_type-de-produit":[{"value":938,"label":"demaquillant"}]},"featured_image_src_large":["https:\/\/www.beautydecoded.com\/wp-content\/uploads\/2026\/04\/3522930004004-1024x1024.jpg",1024,1024,true],"author_info":[],"comment_info":24,"_links":{"self":[{"href":"https:\/\/www.beautydecoded.com\/en\/wp-json\/wp\/v2\/product\/72071","targetHints":{"allow":["GET"]}}],"collection":[{"href":"https:\/\/www.beautydecoded.com\/en\/wp-json\/wp\/v2\/product"}],"about":[{"href":"https:\/\/www.beautydecoded.com\/en\/wp-json\/wp\/v2\/types\/product"}],"replies":[{"embeddable":true,"href":"https:\/\/www.beautydecoded.com\/en\/wp-json\/wp\/v2\/comments?post=72071"}],"wp:featuredmedia":[{"embeddable":true,"href":"https:\/\/www.beautydecoded.com\/en\/wp-json\/wp\/v2\/media\/72072"}],"wp:attachment":[{"href":"https:\/\/www.beautydecoded.com\/en\/wp-json\/wp\/v2\/media?parent=72071"}],"wp:term":[{"taxonomy":"product_brand","embeddable":true,"href":"https:\/\/www.beautydecoded.com\/en\/wp-json\/wp\/v2\/product_brand?post=72071"},{"taxonomy":"product_cat","embeddable":true,"href":"https:\/\/www.beautydecoded.com\/en\/wp-json\/wp\/v2\/product_cat?post=72071"},{"taxonomy":"product_tag","embeddable":true,"href":"https:\/\/www.beautydecoded.com\/en\/wp-json\/wp\/v2\/product_tag?post=72071"}],"curies":[{"name":"wp","href":"https:\/\/api.w.org\/{rel}","templated":true}]}}