{"id":72088,"date":"2026-04-02T17:34:17","date_gmt":"2026-04-02T15:34:17","guid":{"rendered":"https:\/\/www.beautydecoded.com\/produits\/non class\u00e9\/huile-lavante-topialyse\/"},"modified":"2026-04-02T19:57:12","modified_gmt":"2026-04-02T17:57:12","slug":"topialyse-cleansing-oil","status":"publish","type":"product","link":"https:\/\/www.beautydecoded.com\/en\/products\/svr-laboratory\/topialyse-cleansing-oil\/","title":{"rendered":"Topialyse Cleansing Oil"},"content":{"rendered":"<p><a href=\"https:\/\/www.beautydecoded.com\/en\/ingredients\/aqua\/\" class=\"inci-link\">AQUA<\/a>, <a href=\"https:\/\/www.beautydecoded.com\/en\/ingredients\/glycerin\/\" class=\"inci-link\">GLYCERIN<\/a>, <a href=\"https:\/\/www.beautydecoded.com\/en\/ingredients\/sodium-c14-16-olefin-sulfonate\/\" class=\"inci-link\">SODIUM C14-16 OLEFIN SULFONATE<\/a> (Anionic surfactant), <a href=\"https:\/\/www.beautydecoded.com\/en\/ingredients\/sodium-lauroamphoacetate\/\" class=\"inci-link\">Sodium lauroamphoacetate<\/a>, <a href=\"https:\/\/www.beautydecoded.com\/en\/ingredients\/coco-betaine\/\" class=\"inci-link\">COCO-BETAINE<\/a> (Amphoteric surfactant), <a href=\"https:\/\/www.beautydecoded.com\/en\/ingredients\/niacinamide\/\" class=\"inci-link\">NIACINAMIDE<\/a> (Vitamin B3), <a href=\"https:\/\/www.beautydecoded.com\/en\/ingredients\/citric-acid\/\" class=\"inci-link\">CITRIC ACID<\/a>, <a href=\"https:\/\/www.beautydecoded.com\/en\/ingredients\/sodium-olivamphoacetate\/\" class=\"inci-link\">SODIUM OLIVAMPHOACETATE<\/a>, <a href=\"https:\/\/www.beautydecoded.com\/en\/ingredients\/alpha-glucan-oligosaccharide\/\" class=\"inci-link\">ALPHA-GLUCAN OLIGOSACCHARIDE<\/a> (Prebiotic), <a href=\"https:\/\/www.beautydecoded.com\/en\/ingredients\/fragrance\/\" class=\"inci-link\">PERFUM<\/a> (Perfume), <a href=\"https:\/\/www.beautydecoded.com\/en\/ingredients\/saccharide-isomerase\/\" class=\"inci-link\">SACCHARIDE ISOMERATE<\/a>, <a href=\"https:\/\/www.beautydecoded.com\/en\/ingredients\/caprylyl-capryl-glucoside\/\" class=\"inci-link\">CAPRYLYL\/CAPRYL GLUCOSIDE<\/a> (Nonionic surfactant), <a href=\"https:\/\/www.beautydecoded.com\/en\/ingredients\/sodium-benzoate\/\" class=\"inci-link\">SODIUM BENZOATE<\/a>, <a href=\"https:\/\/www.beautydecoded.com\/en\/ingredients\/potassium-sorbate\/\" class=\"inci-link\">POTASSIUM SORBATE<\/a>, <a href=\"https:\/\/www.beautydecoded.com\/en\/ingredients\/polyglyceryl-3-cocoate\/\" class=\"inci-link\">POLYGLYCERYL-3 COCOATE<\/a>, <a href=\"https:\/\/www.beautydecoded.com\/en\/ingredients\/polyglyceryl-10-laurate\/\" class=\"inci-link\">POLYGLYCERYL-10 LAURATE<\/a>, <a href=\"https:\/\/www.beautydecoded.com\/en\/ingredients\/cotton-seed-oil\/\" class=\"inci-link\">GOSSYPIUM HERBACEUM SEED OIL<\/a> (Cotton seed oil (comedogenic)), <a href=\"https:\/\/www.beautydecoded.com\/en\/ingredients\/sodium-citrate\/\" class=\"inci-link\">SODIUM CITRATE<\/a><\/p>\n<p>SVR Huile Lavante Topialyse is a cleanser designed for dry to very dry, sensitive or atopic skin. Its cleansing base combines gentle surfactants of plant origin - sodium C14-16 olefin sulfonate, sodium cocoamphoacetate, sodium cocoamphodi\u00e9tate and coco-b\u00e9ta\u00efne - for effective cleansing without altering the hydrolipidic film. Glycerine and saccharide isomerate (an analogue of the skin's natural moisturizing factor) ensure water retention in the superficial layers of the epidermis. Niacinamide (vitamin B3) helps strengthen the skin barrier by stimulating ceramide synthesis and modulating the local inflammatory response. Alpha-glucan oligosaccharide acts as a prebiotic, supporting the balance of the cutaneous microbiome. Cottonseed oil (*Gossypium herbaceum*) provides essential fatty acids (linoleic in particular) that help restore the lipid barrier. Polyglyceryl-3 cocoate and polyglyceryl-10 laurate, emollients and co-surfactants, contribute to the characteristic oily texture and post-rinse comfort. This product is particularly suitable for atopic, xerotic or reactive skin, including that of infants and children, for daily use on the body and face.<\/p>","protected":false},"excerpt":{"rendered":"<p>Analyze composition on the BeautyDecoded App<\/p>","protected":false},"featured_media":72089,"comment_status":"open","ping_status":"open","template":"","meta":{"_acf_changed":false,"_kad_blocks_custom_css":"","_kad_blocks_head_custom_js":"","_kad_blocks_body_custom_js":"","_kad_blocks_footer_custom_js":"","_kad_post_transparent":"","_kad_post_title":"","_kad_post_layout":"","_kad_post_sidebar_id":"","_kad_post_content_style":"","_kad_post_vertical_padding":"","_kad_post_feature":"","_kad_post_feature_position":"","_kad_post_header":false,"_kad_post_footer":false},"product_brand":[],"product_cat":[767],"product_tag":[],"class_list":{"0":"post-72088","1":"product","2":"type-product","3":"status-publish","4":"has-post-thumbnail","6":"product_cat-laboratoire-svr","7":"pa_actif-niacinamide","8":"pa_type-de-produit-nettoyant","10":"first","11":"instock","12":"product-type-external","13":"entry","14":"content-bg","15":"loop-entry"},"acf":[],"taxonomy_info":{"product_cat":[{"value":767,"label":"Laboratoire SVR"}],"pa_actif":[{"value":541,"label":"niacinamide"}],"pa_type-de-produit":[{"value":549,"label":"nettoyant"}]},"featured_image_src_large":["https:\/\/www.beautydecoded.com\/wp-content\/uploads\/2026\/04\/97863.jpg.webp",700,700,false],"author_info":[],"comment_info":21,"_links":{"self":[{"href":"https:\/\/www.beautydecoded.com\/en\/wp-json\/wp\/v2\/product\/72088","targetHints":{"allow":["GET"]}}],"collection":[{"href":"https:\/\/www.beautydecoded.com\/en\/wp-json\/wp\/v2\/product"}],"about":[{"href":"https:\/\/www.beautydecoded.com\/en\/wp-json\/wp\/v2\/types\/product"}],"replies":[{"embeddable":true,"href":"https:\/\/www.beautydecoded.com\/en\/wp-json\/wp\/v2\/comments?post=72088"}],"wp:featuredmedia":[{"embeddable":true,"href":"https:\/\/www.beautydecoded.com\/en\/wp-json\/wp\/v2\/media\/72089"}],"wp:attachment":[{"href":"https:\/\/www.beautydecoded.com\/en\/wp-json\/wp\/v2\/media?parent=72088"}],"wp:term":[{"taxonomy":"product_brand","embeddable":true,"href":"https:\/\/www.beautydecoded.com\/en\/wp-json\/wp\/v2\/product_brand?post=72088"},{"taxonomy":"product_cat","embeddable":true,"href":"https:\/\/www.beautydecoded.com\/en\/wp-json\/wp\/v2\/product_cat?post=72088"},{"taxonomy":"product_tag","embeddable":true,"href":"https:\/\/www.beautydecoded.com\/en\/wp-json\/wp\/v2\/product_tag?post=72088"}],"curies":[{"name":"wp","href":"https:\/\/api.w.org\/{rel}","templated":true}]}}