{"id":72110,"date":"2026-04-02T17:34:45","date_gmt":"2026-04-02T15:34:45","guid":{"rendered":"https:\/\/www.beautydecoded.com\/produits\/non class\u00e9\/creme-hydratante-visage-spf-50\/"},"modified":"2026-04-02T19:57:27","modified_gmt":"2026-04-02T17:57:27","slug":"face-moisturizer-spf-50","status":"publish","type":"product","link":"https:\/\/www.beautydecoded.com\/en\/products\/cerave\/face-moisturizer-spf-50\/","title":{"rendered":"Face Moisturizer SPF 50"},"content":{"rendered":"<p><a href=\"https:\/\/www.beautydecoded.com\/en\/ingredients\/aqua\/\" class=\"inci-link\">AQUA<\/a>, <a href=\"https:\/\/www.beautydecoded.com\/en\/ingredients\/glycerin\/\" class=\"inci-link\">GLYCERIN<\/a>, <a href=\"https:\/\/www.beautydecoded.com\/en\/ingredients\/isopropyl-palmitate\/\" class=\"inci-link\">ISOPROPYL PALMITATE<\/a> (Potentially comedogenic), <a href=\"https:\/\/www.beautydecoded.com\/en\/ingredients\/bis-ethylhexyloxyphenol-methoxyphenyl-triazine\/\" class=\"inci-link\">BIS-ETHYLHEXYLOXYPHENOL METHOXYPHENYL TRIAZINE<\/a> (Tinosorb S, UVB filter, SHORT UVA, LONG UVA), <a href=\"https:\/\/www.beautydecoded.com\/en\/ingredients\/ethylhexyl-salicylate\/\" class=\"inci-link\">ETHYLHEXYL SALICYLATE<\/a> (Octisalate, UVB filter), <a href=\"https:\/\/www.beautydecoded.com\/en\/ingredients\/niacinamide\/\" class=\"inci-link\">NIACINAMIDE<\/a> (Vitamin B3), <a href=\"https:\/\/www.beautydecoded.com\/en\/ingredients\/pentylene-glycol\/\" class=\"inci-link\">PENTYLENE GLYCOL<\/a>, <a href=\"https:\/\/www.beautydecoded.com\/en\/ingredients\/butyl-methoxydibenzoylmethane\/\" class=\"inci-link\">BUTYL METHOXYDIBENZOYLMETHANE<\/a> (Avobenzone, SHORT UVA Filter, LONG UVA Filter), <a href=\"https:\/\/www.beautydecoded.com\/en\/ingredients\/ethylhexyl-triazone\/\" class=\"inci-link\">ETHYLHEXYL TRIAZONE<\/a> (Uvinul t150, UVB filter), <a href=\"https:\/\/www.beautydecoded.com\/en\/ingredients\/propanediol\/\" class=\"inci-link\">PROPANEDIOL<\/a>, <a href=\"https:\/\/www.beautydecoded.com\/en\/ingredients\/corn-starch\/\" class=\"inci-link\">ZEA MAYS STARCH<\/a>, <a href=\"https:\/\/www.beautydecoded.com\/en\/ingredients\/potassium-cetyl-phosphate\/\" class=\"inci-link\">POTASSIUM CETYL PHOSPHATE<\/a>, <a href=\"https:\/\/www.beautydecoded.com\/en\/ingredients\/diisopropyl-sebacate\/\" class=\"inci-link\">DIISOPROPYL SEBACATE<\/a>, <a href=\"https:\/\/www.beautydecoded.com\/en\/ingredients\/rice-wax\/\" class=\"inci-link\">RICE WAX<\/a> (Rice), <a href=\"https:\/\/www.beautydecoded.com\/en\/ingredients\/stearic-acid\/\" class=\"inci-link\">STEARIC ACID<\/a> (Fatty acid), <a href=\"https:\/\/www.beautydecoded.com\/en\/ingredients\/ceramide-np\/\" class=\"inci-link\">CERAMIDE NP<\/a> (Ceramide), <a href=\"https:\/\/www.beautydecoded.com\/en\/ingredients\/ceramide-ap\/\" class=\"inci-link\">CERAMIDE AP<\/a> (Ceramide), <a href=\"https:\/\/www.beautydecoded.com\/en\/ingredients\/ceramide-eop\/\" class=\"inci-link\">CERAMIDE EOP<\/a> (Ceramide), <a href=\"https:\/\/www.beautydecoded.com\/en\/ingredients\/carbomer\/\" class=\"inci-link\">CARBOMER<\/a>, <a href=\"https:\/\/www.beautydecoded.com\/en\/ingredients\/glyceryl-stearate\/\" class=\"inci-link\">GLYCERYL STEARATE<\/a>, <a href=\"https:\/\/www.beautydecoded.com\/en\/ingredients\/cetearyl-alcohol\/\" class=\"inci-link\">CETEARYL ALCOHOL<\/a>, <a href=\"https:\/\/www.beautydecoded.com\/en\/ingredients\/triethanolamine\/\" class=\"inci-link\">TRIETHANOLAMINE<\/a>, <a href=\"https:\/\/www.beautydecoded.com\/en\/ingredients\/behentrimonium-methosulfate\/\" class=\"inci-link\">BEHENTRIMONIUM METHOSULFATE<\/a> (Cationic surfactant), <a href=\"https:\/\/www.beautydecoded.com\/en\/ingredients\/triethyl-citrate\/\" class=\"inci-link\">TRIETHYL CITRATE<\/a>, <a href=\"https:\/\/www.beautydecoded.com\/en\/ingredients\/sodium-hyaluronate\/\" class=\"inci-link\">SODIUM HYALURONATE<\/a> (Hyaluronic acid), <a href=\"https:\/\/www.beautydecoded.com\/en\/ingredients\/sodium-polyacrylate\/\" class=\"inci-link\">SODIUM POLYACRYLATE<\/a>, <a href=\"https:\/\/www.beautydecoded.com\/en\/ingredients\/sodium-lauroyl-lactylate\/\" class=\"inci-link\">Sodium lauroyl lactylate<\/a>, <a href=\"https:\/\/www.beautydecoded.com\/en\/ingredients\/myristic-acid\/\" class=\"inci-link\">MYRISTIC ACID<\/a> (Fatty acid, Potentially comedogenic), <a href=\"https:\/\/www.beautydecoded.com\/en\/ingredients\/cholesterol\/\" class=\"inci-link\">CHOLESTEROL<\/a> (Cholesterol), <a href=\"https:\/\/www.beautydecoded.com\/en\/ingredients\/palmitic-acid\/\" class=\"inci-link\">PALMITIC ACID<\/a> (Fatty acid), <a href=\"https:\/\/www.beautydecoded.com\/en\/ingredients\/tocopherol\/\" class=\"inci-link\">TOCOPHEROL<\/a> (Vitamin E), <a href=\"https:\/\/www.beautydecoded.com\/en\/ingredients\/caprylyl-glycol\/\" class=\"inci-link\">CAPRYLYL GLYCOL<\/a>, <a href=\"https:\/\/www.beautydecoded.com\/en\/ingredients\/citric-acid\/\" class=\"inci-link\">CITRIC ACID<\/a>, <a href=\"https:\/\/www.beautydecoded.com\/en\/ingredients\/trisodium-ethylenediamine-disuccinate\/\" class=\"inci-link\">TRISODIUM ETHYLENEDIAMINE DISUCCINATE<\/a>, <a href=\"https:\/\/www.beautydecoded.com\/en\/ingredients\/xanthan-gum\/\" class=\"inci-link\">XANTHAN GUM<\/a>, <a href=\"https:\/\/www.beautydecoded.com\/en\/ingredients\/phytosphingosine\/\" class=\"inci-link\">PHYTOSPHINGOSINE<\/a> (Pre ceramide), <a href=\"https:\/\/www.beautydecoded.com\/en\/ingredients\/acrylates-c10-30-alkyl-acrylate-crosspolymer\/\" class=\"inci-link\">ACRYLATES\/C10-30 ALKYL ACRYLATE CROSSPOLYMER<\/a>, <a href=\"https:\/\/www.beautydecoded.com\/en\/ingredients\/butyrospermum-parkii-butter\/\" class=\"inci-link\">BUTYROSPERMUM PARKII BUTTER<\/a> (Vegetable shea butter), <a href=\"https:\/\/www.beautydecoded.com\/en\/ingredients\/benzoic-acid\/\" class=\"inci-link\">BENZOIC ACID<\/a>, <a href=\"https:\/\/www.beautydecoded.com\/en\/ingredients\/peg-100-stearate\/\" class=\"inci-link\">PEG-100 STEARATE<\/a> (Nonionic surfactant)<\/p>\n<p>La Cr\u00e8me Hydratante Visage SPF 50 de CeraVe est une \u00e9mulsion solaire \u00e0 usage quotidien formul\u00e9e autour d&rsquo;un syst\u00e8me de filtres UV mixtes : le bis-\u00e9thylhexyloxyph\u00e9nol m\u00e9thoxyph\u00e9nyl triazine (Tinosorb S), l&rsquo;\u00e9thylhexyl salicylate, le butyl m\u00e9thoxydibenzoylm\u00e9thane (avobenzone) et l&rsquo;\u00e9thylhexyl triazine assurent conjointement une protection large spectre UVA\/UVB. La formule int\u00e8gre trois c\u00e9ramides (NP, AP, EOP), du cholest\u00e9rol et de la phytosphingosine, qui reconstituent la barri\u00e8re lipidique cutan\u00e9e en mimant la composition naturelle du ciment intercellulaire. Le sodium hyaluronate et la glyc\u00e9rine exercent une action humectante en retenant l&rsquo;eau dans les couches superficielles de l&rsquo;\u00e9piderme, tandis que la niacinamide (vitamine B3) contribue \u00e0 r\u00e9guler la production de s\u00e9bum, \u00e0 att\u00e9nuer les irr\u00e9gularit\u00e9s de teint et \u00e0 renforcer la fonction barri\u00e8re. Le tocoph\u00e9rol (vitamine E) apporte une activit\u00e9 antioxydante compl\u00e9mentaire. La texture est enrichie en beurre de karit\u00e9 et en amidon de ma\u00efs, qui participent au confort et \u00e0 la matit\u00e9. Ce produit convient particuli\u00e8rement aux peaux normales \u00e0 s\u00e8ches, sensibles ou \u00e0 barri\u00e8re fragilis\u00e9e, ainsi qu&rsquo;aux peaux sujettes \u00e0 la d\u00e9shydratation chronique n\u00e9cessitant une protection solaire quotidienne int\u00e9gr\u00e9e \u00e0 leur routine de soin.<\/p>","protected":false},"excerpt":{"rendered":"<p>Analyze composition on the BeautyDecoded App<\/p>","protected":false},"featured_media":58738,"comment_status":"open","ping_status":"open","template":"","meta":{"_acf_changed":false,"_kad_blocks_custom_css":"","_kad_blocks_head_custom_js":"","_kad_blocks_body_custom_js":"","_kad_blocks_footer_custom_js":"","_kad_post_transparent":"","_kad_post_title":"","_kad_post_layout":"","_kad_post_sidebar_id":"","_kad_post_content_style":"","_kad_post_vertical_padding":"","_kad_post_feature":"","_kad_post_feature_position":"","_kad_post_header":false,"_kad_post_footer":false},"product_brand":[],"product_cat":[249],"product_tag":[],"class_list":{"0":"post-72110","1":"product","2":"type-product","3":"status-publish","4":"has-post-thumbnail","6":"product_cat-cerave","7":"pa_actif-karitebutter","8":"pa_actif-niacinamide","9":"pa_actif-rice","10":"pa_type-de-produit-solar","12":"first","13":"instock","14":"product-type-external","15":"entry","16":"content-bg","17":"loop-entry"},"acf":[],"taxonomy_info":{"product_cat":[{"value":249,"label":"Cerave"}],"pa_actif":[{"value":550,"label":"karitebutter"},{"value":541,"label":"niacinamide"},{"value":556,"label":"rice"}],"pa_type-de-produit":[{"value":937,"label":"solar"}]},"featured_image_src_large":["https:\/\/www.beautydecoded.com\/wp-content\/uploads\/2025\/12\/3337875814652.jpg",900,900,false],"author_info":[],"comment_info":14,"_links":{"self":[{"href":"https:\/\/www.beautydecoded.com\/en\/wp-json\/wp\/v2\/product\/72110","targetHints":{"allow":["GET"]}}],"collection":[{"href":"https:\/\/www.beautydecoded.com\/en\/wp-json\/wp\/v2\/product"}],"about":[{"href":"https:\/\/www.beautydecoded.com\/en\/wp-json\/wp\/v2\/types\/product"}],"replies":[{"embeddable":true,"href":"https:\/\/www.beautydecoded.com\/en\/wp-json\/wp\/v2\/comments?post=72110"}],"wp:featuredmedia":[{"embeddable":true,"href":"https:\/\/www.beautydecoded.com\/en\/wp-json\/wp\/v2\/media\/58738"}],"wp:attachment":[{"href":"https:\/\/www.beautydecoded.com\/en\/wp-json\/wp\/v2\/media?parent=72110"}],"wp:term":[{"taxonomy":"product_brand","embeddable":true,"href":"https:\/\/www.beautydecoded.com\/en\/wp-json\/wp\/v2\/product_brand?post=72110"},{"taxonomy":"product_cat","embeddable":true,"href":"https:\/\/www.beautydecoded.com\/en\/wp-json\/wp\/v2\/product_cat?post=72110"},{"taxonomy":"product_tag","embeddable":true,"href":"https:\/\/www.beautydecoded.com\/en\/wp-json\/wp\/v2\/product_tag?post=72110"}],"curies":[{"name":"wp","href":"https:\/\/api.w.org\/{rel}","templated":true}]}}