{"id":72115,"date":"2026-04-02T17:34:45","date_gmt":"2026-04-02T15:34:45","guid":{"rendered":"https:\/\/www.beautydecoded.com\/produits\/non class\u00e9\/capital-soleil-uv-age-daily-anti-photoaging-fluid-spf-50\/"},"modified":"2026-04-02T19:56:56","modified_gmt":"2026-04-02T17:56:56","slug":"capital-soleil-uv-age-daily-anti-photoaging-fluid-spf-50","status":"publish","type":"product","link":"https:\/\/www.beautydecoded.com\/en\/products\/vichy\/capital-soleil-uv-age-daily-anti-photoaging-fluid-spf-50\/","title":{"rendered":"CAPITAL SOLEIL UV-age Daily Anti-photoaging Fluid SPF 50+"},"content":{"rendered":"<p><a href=\"https:\/\/www.beautydecoded.com\/en\/ingredients\/aqua\/\" class=\"inci-link\">AQUA<\/a>, <a href=\"https:\/\/www.beautydecoded.com\/en\/ingredients\/alcohol-denat\/\" class=\"inci-link\">ALCOHOL DENAT.<\/a> (Drying alcohol), <a href=\"https:\/\/www.beautydecoded.com\/en\/ingredients\/diisopropyl-sebacate\/\" class=\"inci-link\">DIISOPROPYL SEBACATE<\/a>, <a href=\"https:\/\/www.beautydecoded.com\/en\/ingredients\/silica\/\" class=\"inci-link\">SILICA<\/a> (Silica), <a href=\"https:\/\/www.beautydecoded.com\/en\/ingredients\/isopropyl-myristate\/\" class=\"inci-link\">ISOPROPYL MYRISTATE<\/a> (Potentially comedogenic), <a href=\"https:\/\/www.beautydecoded.com\/en\/ingredients\/ethylhexyl-salicylate\/\" class=\"inci-link\">ETHYLHEXYL SALICYLATE<\/a> (Octisalate, UVB filter), <a href=\"https:\/\/www.beautydecoded.com\/en\/ingredients\/ethylhexyl-triazone\/\" class=\"inci-link\">ETHYLHEXYL TRIAZONE<\/a> (Uvinul t150, UVB filter), <a href=\"https:\/\/www.beautydecoded.com\/en\/ingredients\/bis-ethylhexyloxyphenol-methoxyphenyl-triazine\/\" class=\"inci-link\">BIS-ETHYLHEXYLOXYPHENOL METHOXYPHENYL TRIAZINE<\/a> (Tinosorb S, UVB filter, SHORT UVA, LONG UVA), <a href=\"https:\/\/www.beautydecoded.com\/en\/ingredients\/butyl-methoxydibenzoylmethane\/\" class=\"inci-link\">BUTYL METHOXYDIBENZOYLMETHANE<\/a> (Avobenzone, SHORT UVA Filter, LONG UVA Filter), <a href=\"https:\/\/www.beautydecoded.com\/en\/ingredients\/glycerin\/\" class=\"inci-link\">GLYCERIN<\/a>, <a href=\"https:\/\/www.beautydecoded.com\/en\/ingredients\/c12-22-alkyl-acrylate-hydroxyethyl-acrylate-copolymer\/\" class=\"inci-link\">C12-22 ALKYL ACRYLATE\/HYDROXYETHYL ACRYLATE COPOLYMER<\/a> (Netlock), <a href=\"https:\/\/www.beautydecoded.com\/en\/ingredients\/propanediol\/\" class=\"inci-link\">PROPANEDIOL<\/a>, <a href=\"https:\/\/www.beautydecoded.com\/en\/ingredients\/niacinamide\/\" class=\"inci-link\">NIACINAMIDE<\/a> (Vitamin B3), <a href=\"https:\/\/www.beautydecoded.com\/en\/ingredients\/drometrizole-trisiloxane\/\" class=\"inci-link\">DROMETRIZOLE TRISILOXANE<\/a> (Mexoryl XL, UVB filter, SHORT UVA, LONG UVA), <a href=\"https:\/\/www.beautydecoded.com\/en\/ingredients\/perlite\/\" class=\"inci-link\">PERLITE<\/a> (Perlite), <a href=\"https:\/\/www.beautydecoded.com\/en\/ingredients\/tocopherol\/\" class=\"inci-link\">TOCOPHEROL<\/a> (Vitamin E), <a href=\"https:\/\/www.beautydecoded.com\/en\/ingredients\/caprylic-capric-triglyceride\/\" class=\"inci-link\">CAPRYLIC\/CAPRIC TRIGLYCERIDE<\/a>, <a href=\"https:\/\/www.beautydecoded.com\/en\/ingredients\/acrylates-c10-30-alkyl-acrylate-crosspolymer\/\" class=\"inci-link\">ACRYLATES\/C10-30 ALKYL ACRYLATE CROSSPOLYMER<\/a>, <a href=\"https:\/\/www.beautydecoded.com\/en\/ingredients\/caprylyl-glycol\/\" class=\"inci-link\">CAPRYLYL GLYCOL<\/a>, <a href=\"https:\/\/www.beautydecoded.com\/en\/ingredients\/hydrolyzed-rice-protein\/\" class=\"inci-link\">HYDROLYZED RICE PROTEIN<\/a>, <a href=\"https:\/\/www.beautydecoded.com\/en\/ingredients\/hydroxyethylcellulose\/\" class=\"inci-link\">HYDROXYETHYLCELLULOSE<\/a>, <a href=\"https:\/\/www.beautydecoded.com\/en\/ingredients\/pentylene-glycol\/\" class=\"inci-link\">PENTYLENE GLYCOL<\/a>, <a href=\"https:\/\/www.beautydecoded.com\/en\/ingredients\/terephthalylidene-dicamphor-sulfonic-acid\/\" class=\"inci-link\">TEREPHTHALYLIDENE DICAMPHOR SULFONIC ACID<\/a> (Mexoryl SX, SHORT UVA filter, LONG UVA filter), <a href=\"https:\/\/www.beautydecoded.com\/en\/ingredients\/triethanolamine\/\" class=\"inci-link\">TRIETHANOLAMINE<\/a>, <a href=\"https:\/\/www.beautydecoded.com\/en\/ingredients\/trisodium-ethylenediamine-disuccinate\/\" class=\"inci-link\">TRISODIUM ETHYLENEDIAMINE DISUCCINATE<\/a>, <a href=\"https:\/\/www.beautydecoded.com\/en\/ingredients\/vitreoscilla-ferment\/\" class=\"inci-link\">VITREOSCILLA FERMENT<\/a>, <a href=\"https:\/\/www.beautydecoded.com\/en\/ingredients\/fragrance\/\" class=\"inci-link\">PERFUM<\/a> (Perfume)<\/p>\n<p>Le Capital Soleil UV-Age Daily de Vichy est un fluide solaire anti-photovieillissement \u00e0 SPF 50+ formul\u00e9 avec une combinaison de filtres UV organiques \u00e0 large spectre : l&rsquo;\u00e9thylhexyl salicylate, l&rsquo;\u00e9thylhexyl triazone, le bis-\u00e9thylhexyloxyph\u00e9nol m\u00e9thoxyph\u00e9nyl triazine (Tinosorb S), le butyl m\u00e9thoxydibenzoylm\u00e9thane (Avobenzone), le drom\u00e9trizole trisiloxane et l&rsquo;acide t\u00e9r\u00e9phtalylid\u00e8ne dicamphre sulfonique, assurant une protection \u00e9tendue contre les UVA et UVB. La niacinamide (vitamine B3) intervient sur l&rsquo;homog\u00e9n\u00e9it\u00e9 du teint et le renforcement de la barri\u00e8re cutan\u00e9e, tandis que le tocoph\u00e9rol (vitamine E) apporte une action antioxydante contre le stress oxydatif induit par les UV. Le ferment de Vitreoscilla, extrait d&rsquo;une bact\u00e9rie adapt\u00e9e aux environnements pauvres en oxyg\u00e8ne, soutient la respiration cellulaire cutan\u00e9e. Les prot\u00e9ines de riz hydrolys\u00e9es contribuent \u00e0 l&rsquo;aspect lissant de surface. La perlite conf\u00e8re un effet matifiant, rendant ce fluide adapt\u00e9 aux peaux mixtes \u00e0 grasses ou \u00e0 celles qui recherchent un fini non gras sous le maquillage. Ce produit convient \u00e0 une utilisation quotidienne pour les peaux expos\u00e9es au soleil souhaitant combiner protection solaire et pr\u00e9vention des signes du photovieillissement.<\/p>","protected":false},"excerpt":{"rendered":"<p>Analyze composition on the BeautyDecoded App<\/p>","protected":false},"featured_media":72116,"comment_status":"open","ping_status":"open","template":"","meta":{"_acf_changed":false,"_kad_blocks_custom_css":"","_kad_blocks_head_custom_js":"","_kad_blocks_body_custom_js":"","_kad_blocks_footer_custom_js":"","_kad_post_transparent":"","_kad_post_title":"","_kad_post_layout":"","_kad_post_sidebar_id":"","_kad_post_content_style":"","_kad_post_vertical_padding":"","_kad_post_feature":"","_kad_post_feature_position":"","_kad_post_header":false,"_kad_post_footer":false},"product_brand":[],"product_cat":[243],"product_tag":[],"class_list":{"0":"post-72115","1":"product","2":"type-product","3":"status-publish","4":"has-post-thumbnail","6":"product_cat-vichy","7":"pa_actif-niacinamide","8":"pa_actif-rice","9":"pa_type-de-produit-solar","11":"first","12":"instock","13":"product-type-external","14":"entry","15":"content-bg","16":"loop-entry"},"acf":[],"taxonomy_info":{"product_cat":[{"value":243,"label":"vichy"}],"pa_actif":[{"value":541,"label":"niacinamide"},{"value":556,"label":"rice"}],"pa_type-de-produit":[{"value":937,"label":"solar"}]},"featured_image_src_large":["https:\/\/www.beautydecoded.com\/wp-content\/uploads\/2026\/04\/3337875762298.jpg",900,900,false],"author_info":[],"comment_info":12,"_links":{"self":[{"href":"https:\/\/www.beautydecoded.com\/en\/wp-json\/wp\/v2\/product\/72115","targetHints":{"allow":["GET"]}}],"collection":[{"href":"https:\/\/www.beautydecoded.com\/en\/wp-json\/wp\/v2\/product"}],"about":[{"href":"https:\/\/www.beautydecoded.com\/en\/wp-json\/wp\/v2\/types\/product"}],"replies":[{"embeddable":true,"href":"https:\/\/www.beautydecoded.com\/en\/wp-json\/wp\/v2\/comments?post=72115"}],"wp:featuredmedia":[{"embeddable":true,"href":"https:\/\/www.beautydecoded.com\/en\/wp-json\/wp\/v2\/media\/72116"}],"wp:attachment":[{"href":"https:\/\/www.beautydecoded.com\/en\/wp-json\/wp\/v2\/media?parent=72115"}],"wp:term":[{"taxonomy":"product_brand","embeddable":true,"href":"https:\/\/www.beautydecoded.com\/en\/wp-json\/wp\/v2\/product_brand?post=72115"},{"taxonomy":"product_cat","embeddable":true,"href":"https:\/\/www.beautydecoded.com\/en\/wp-json\/wp\/v2\/product_cat?post=72115"},{"taxonomy":"product_tag","embeddable":true,"href":"https:\/\/www.beautydecoded.com\/en\/wp-json\/wp\/v2\/product_tag?post=72115"}],"curies":[{"name":"wp","href":"https:\/\/api.w.org\/{rel}","templated":true}]}}