{"id":72141,"date":"2026-04-02T17:34:45","date_gmt":"2026-04-02T15:34:45","guid":{"rendered":"https:\/\/www.beautydecoded.com\/produits\/non class\u00e9\/vinoclean-mousse-nettoyante-fleur-de-vigne\/"},"modified":"2026-04-02T19:56:52","modified_gmt":"2026-04-02T17:56:52","slug":"vinoclean-vine-flower-cleansing-foam","status":"publish","type":"product","link":"https:\/\/www.beautydecoded.com\/en\/products\/caudalie\/vinoclean-vine-flower-cleansing-foam\/","title":{"rendered":"Vinoclean - Vine flower cleansing foam"},"content":{"rendered":"<p><a href=\"https:\/\/www.beautydecoded.com\/en\/ingredients\/aqua\/\" class=\"inci-link\">AQUA<\/a>, <a href=\"https:\/\/www.beautydecoded.com\/en\/ingredients\/glycerin\/\" class=\"inci-link\">GLYCERIN<\/a>, <a href=\"https:\/\/www.beautydecoded.com\/en\/ingredients\/disodium-cocoyl-glutamate\/\" class=\"inci-link\">DISODIUM COCOYL GLUTAMATE<\/a> (Anionic surfactant), <a href=\"https:\/\/www.beautydecoded.com\/en\/ingredients\/caprylyl-capryl-glucoside\/\" class=\"inci-link\">CAPRYLYL\/CAPRYL GLUCOSIDE<\/a> (Nonionic surfactant), <a href=\"https:\/\/www.beautydecoded.com\/en\/ingredients\/cocamidopropyl-betaine\/\" class=\"inci-link\">COCAMIDOPROPYL BETAINE<\/a> (Amphoteric surfactant), <a href=\"https:\/\/www.beautydecoded.com\/en\/ingredients\/coco-betaine\/\" class=\"inci-link\">COCO-BETAINE<\/a> (Amphoteric surfactant), <a href=\"https:\/\/www.beautydecoded.com\/en\/ingredients\/caprylyl-glycol\/\" class=\"inci-link\">CAPRYLYL GLYCOL<\/a>, <a href=\"https:\/\/www.beautydecoded.com\/en\/ingredients\/citric-acid\/\" class=\"inci-link\">CITRIC ACID<\/a>, <a href=\"https:\/\/www.beautydecoded.com\/en\/ingredients\/potassium-sorbate\/\" class=\"inci-link\">POTASSIUM SORBATE<\/a>, <a href=\"https:\/\/www.beautydecoded.com\/en\/ingredients\/sodium-methyl-cocoyl-taurate\/\" class=\"inci-link\">Sodium Methyl Cocoyl Taurate<\/a> (Anionic surfactant), <a href=\"https:\/\/www.beautydecoded.com\/en\/ingredients\/sodium-cocoyl-isethionate-sci\/\" class=\"inci-link\">Sodium Cocoyl Isethionate (SCI)<\/a> (Anionic surfactant), <a href=\"https:\/\/www.beautydecoded.com\/en\/ingredients\/sodium-phytate\/\" class=\"inci-link\">SODIUM PHYTATE<\/a>, <a href=\"https:\/\/www.beautydecoded.com\/en\/ingredients\/butylene-glycol\/\" class=\"inci-link\">BUTYLENE GLYCOL<\/a>, <a href=\"https:\/\/www.beautydecoded.com\/en\/ingredients\/chamomilla-recutita-flower-extract\/\" class=\"inci-link\">Chamomilla recutita flower extract<\/a> (Wild chamomile (German)), <a href=\"https:\/\/www.beautydecoded.com\/en\/ingredients\/linalool\/\" class=\"inci-link\">LINALOOL<\/a> (Regulated allergen), <a href=\"https:\/\/www.beautydecoded.com\/en\/ingredients\/salvia-officinalis-leaf-extract\/\" class=\"inci-link\">Sage Leaf Extract<\/a> (Sage), <a href=\"https:\/\/www.beautydecoded.com\/en\/ingredients\/grape-fruit-extract\/\" class=\"inci-link\">VITIS VINIFERA FRUIT EXTRACT<\/a> (Vine), <a href=\"https:\/\/www.beautydecoded.com\/en\/ingredients\/sodium-metabisulfite\/\" class=\"inci-link\">SODIUM METABISULFITE<\/a>, <a href=\"https:\/\/www.beautydecoded.com\/en\/ingredients\/fragrance\/\" class=\"inci-link\">PERFUM<\/a> (Perfume)<\/p>\n<p>La mousse nettoyante Vinoclean de Caudalie est un nettoyant formul\u00e9 autour d&rsquo;un syst\u00e8me lavant doux associant plusieurs tensioactifs d&rsquo;origine v\u00e9g\u00e9tale : disodium cocoyl glutamate, caprylyl\/capryl glucoside, cocamidopropyl b\u00e9ta\u00efne et sodium cocoyl isethionate. Ces agents actifs permettent d&rsquo;\u00e9liminer les impuret\u00e9s, le s\u00e9bum et les r\u00e9sidus de maquillage l\u00e9ger sans alt\u00e9rer le film hydrolipidique cutan\u00e9. La glyc\u00e9rine assure un effet humectant en limitant la d\u00e9shydratation post-nettoyage. Parmi les actifs botaniques, l&rsquo;extrait de fleur de camomille (*Chamomilla recutita*) apporte des propri\u00e9t\u00e9s apaisantes et anti-inflammatoires l\u00e9g\u00e8res, tandis que l&rsquo;extrait de feuille de sauge (*Salvia officinalis*) contribue \u00e0 une action purifiante. L&rsquo;extrait de raisin (*Vitis vinifera*) apporte des polyph\u00e9nols aux propri\u00e9t\u00e9s antioxydantes. Le sodium phytate joue un r\u00f4le ch\u00e9lateur, stabilisant la formule et prot\u00e9geant la peau des m\u00e9taux lourds. Ce produit convient particuli\u00e8rement aux peaux normales \u00e0 mixtes, sensibles ou r\u00e9actives, en qu\u00eate d&rsquo;un nettoyage efficace mais respectueux. Il est en revanche peu adapt\u00e9 au d\u00e9maquillage des yeux ou au retrait de maquillage waterproof.<\/p>","protected":false},"excerpt":{"rendered":"<p>Analyze composition on the BeautyDecoded App<\/p>","protected":false},"featured_media":72142,"comment_status":"open","ping_status":"open","template":"","meta":{"_acf_changed":false,"_kad_blocks_custom_css":"","_kad_blocks_head_custom_js":"","_kad_blocks_body_custom_js":"","_kad_blocks_footer_custom_js":"","_kad_post_transparent":"","_kad_post_title":"","_kad_post_layout":"","_kad_post_sidebar_id":"","_kad_post_content_style":"","_kad_post_vertical_padding":"","_kad_post_feature":"","_kad_post_feature_position":"","_kad_post_header":false,"_kad_post_footer":false},"product_brand":[],"product_cat":[241],"product_tag":[],"class_list":{"0":"post-72141","1":"product","2":"type-product","3":"status-publish","4":"has-post-thumbnail","6":"product_cat-caudalie","7":"pa_type-de-produit-nettoyant","9":"first","10":"instock","11":"product-type-external","12":"entry","13":"content-bg","14":"loop-entry"},"acf":[],"taxonomy_info":{"product_cat":[{"value":241,"label":"Caudalie"}],"pa_type-de-produit":[{"value":549,"label":"nettoyant"}]},"featured_image_src_large":["https:\/\/www.beautydecoded.com\/wp-content\/uploads\/2026\/04\/vino.jpg",796,796,false],"author_info":[],"comment_info":12,"_links":{"self":[{"href":"https:\/\/www.beautydecoded.com\/en\/wp-json\/wp\/v2\/product\/72141","targetHints":{"allow":["GET"]}}],"collection":[{"href":"https:\/\/www.beautydecoded.com\/en\/wp-json\/wp\/v2\/product"}],"about":[{"href":"https:\/\/www.beautydecoded.com\/en\/wp-json\/wp\/v2\/types\/product"}],"replies":[{"embeddable":true,"href":"https:\/\/www.beautydecoded.com\/en\/wp-json\/wp\/v2\/comments?post=72141"}],"wp:featuredmedia":[{"embeddable":true,"href":"https:\/\/www.beautydecoded.com\/en\/wp-json\/wp\/v2\/media\/72142"}],"wp:attachment":[{"href":"https:\/\/www.beautydecoded.com\/en\/wp-json\/wp\/v2\/media?parent=72141"}],"wp:term":[{"taxonomy":"product_brand","embeddable":true,"href":"https:\/\/www.beautydecoded.com\/en\/wp-json\/wp\/v2\/product_brand?post=72141"},{"taxonomy":"product_cat","embeddable":true,"href":"https:\/\/www.beautydecoded.com\/en\/wp-json\/wp\/v2\/product_cat?post=72141"},{"taxonomy":"product_tag","embeddable":true,"href":"https:\/\/www.beautydecoded.com\/en\/wp-json\/wp\/v2\/product_tag?post=72141"}],"curies":[{"name":"wp","href":"https:\/\/api.w.org\/{rel}","templated":true}]}}