{"id":72153,"date":"2026-04-02T17:35:10","date_gmt":"2026-04-02T15:35:10","guid":{"rendered":"https:\/\/www.beautydecoded.com\/produits\/non class\u00e9\/contour-des-yeux-defatiguant-a-laloe-vera-bio\/"},"modified":"2026-04-02T19:56:52","modified_gmt":"2026-04-02T17:56:52","slug":"contour-des-yeux-defatiguant-a-laloe-vera-bio","status":"publish","type":"product","link":"https:\/\/www.beautydecoded.com\/en\/products\/the-rose\/contour-des-yeux-defatiguant-a-laloe-vera-bio\/","title":{"rendered":"Relaxing eye contour with organic aloe vera"},"content":{"rendered":"<p><a href=\"https:\/\/www.beautydecoded.com\/en\/ingredients\/propylene-glycol\/\" class=\"inci-link\">PROPYLENE GLYCOL<\/a> (Glycol), <a href=\"https:\/\/www.beautydecoded.com\/en\/ingredients\/glycerin\/\" class=\"inci-link\">GLYCERIN<\/a>, <a href=\"https:\/\/www.beautydecoded.com\/en\/ingredients\/aqua\/\" class=\"inci-link\">AQUA<\/a>, <a href=\"https:\/\/www.beautydecoded.com\/en\/ingredients\/rose-damascena-flower-water\/\" class=\"inci-link\">ROSA DAMASCENA FLOWER WATER<\/a> (Damask rose), <a href=\"https:\/\/www.beautydecoded.com\/en\/ingredients\/sodium-stearate\/\" class=\"inci-link\">SODIUM STEARATE<\/a>, <a href=\"https:\/\/www.beautydecoded.com\/en\/ingredients\/aloe-barbadensis-leaf-juice\/\" class=\"inci-link\">ALOE BARBADENSIS LEAF JUICE<\/a> (Aloe vera), <a href=\"https:\/\/www.beautydecoded.com\/en\/ingredients\/italian-helichrysum-flower-water\/\" class=\"inci-link\">Helichrysum italicum flower water<\/a> (Immortal), <a href=\"https:\/\/www.beautydecoded.com\/en\/ingredients\/oat-kernel-extract\/\" class=\"inci-link\">OAT KERNEL EXTRACT<\/a> (Oats), <a href=\"https:\/\/www.beautydecoded.com\/en\/ingredients\/ivy-leaf-stem-extract\/\" class=\"inci-link\">HEDERA HELIX LEAF\/STEM EXTRACT<\/a> (Ivy), <a href=\"https:\/\/www.beautydecoded.com\/en\/ingredients\/propanediol\/\" class=\"inci-link\">PROPANEDIOL<\/a>, <a href=\"https:\/\/www.beautydecoded.com\/en\/ingredients\/sodium-hydroxide\/\" class=\"inci-link\">SODIUM HYDROXIDE<\/a>, <a href=\"https:\/\/www.beautydecoded.com\/en\/ingredients\/citric-acid\/\" class=\"inci-link\">CITRIC ACID<\/a>, <a href=\"https:\/\/www.beautydecoded.com\/en\/ingredients\/sodium-benzoate\/\" class=\"inci-link\">SODIUM BENZOATE<\/a>, <a href=\"https:\/\/www.beautydecoded.com\/en\/ingredients\/potassium-sorbate\/\" class=\"inci-link\">POTASSIUM SORBATE<\/a><\/p>\n<p>Ce soin contour des yeux associe plusieurs actifs aux propri\u00e9t\u00e9s compl\u00e9mentaires. Le jus de feuille d&rsquo;aloe vera (*Aloe barbadensis*) apporte hydratation et effet apaisant gr\u00e2ce \u00e0 ses polysaccharides filmog\u00e8nes. L&rsquo;eau florale de rose de Damas (*Rosa damascena*) contribue au confort cutan\u00e9 et poss\u00e8de des propri\u00e9t\u00e9s l\u00e9g\u00e8rement astringentes et apaisantes. L&rsquo;eau florale d&rsquo;h\u00e9lichryse italienne (*Helichrysum italicum*) est reconnue pour ses propri\u00e9t\u00e9s d\u00e9congestionnantes et son action sur les microcirculations, ce qui en fait un actif pertinent dans la lutte contre les cernes et les poches. L&rsquo;extrait d&rsquo;avoine (*Avena sativa*) renforce la tol\u00e9rance cutan\u00e9e et apaise les peaux r\u00e9actives. L&rsquo;extrait de lierre (*Hedera helix*) est traditionnellement utilis\u00e9 pour ses propri\u00e9t\u00e9s drainantes et d\u00e9congestionnantes. La formule repose sur une base \u00e9molliente l\u00e9g\u00e8re (st\u00e9arate de sodium, propyl\u00e8ne glycol, propanediol) adapt\u00e9e \u00e0 la zone p\u00e9ri-oculaire. Ce produit convient aux peaux normales \u00e0 mixtes pr\u00e9sentant des signes de fatigue (cernes, l\u00e9g\u00e8res poches), y compris les peaux sensibles, gr\u00e2ce \u00e0 l&rsquo;absence de parfum et \u00e0 la pr\u00e9sence d&rsquo;actifs apaisants. Il s&rsquo;adresse \u00e0 un usage quotidien matin et\/ou soir.<\/p>","protected":false},"excerpt":{"rendered":"<p>Analyze composition on the BeautyDecoded App<\/p>","protected":false},"featured_media":72154,"comment_status":"open","ping_status":"open","template":"","meta":{"_acf_changed":false,"_kad_blocks_custom_css":"","_kad_blocks_head_custom_js":"","_kad_blocks_body_custom_js":"","_kad_blocks_footer_custom_js":"","_kad_post_transparent":"","_kad_post_title":"","_kad_post_layout":"","_kad_post_sidebar_id":"","_kad_post_content_style":"","_kad_post_vertical_padding":"","_kad_post_feature":"","_kad_post_feature_position":"","_kad_post_header":false,"_kad_post_footer":false},"product_brand":[],"product_cat":[473],"product_tag":[],"class_list":{"0":"post-72153","1":"product","2":"type-product","3":"status-publish","4":"has-post-thumbnail","6":"product_cat-la-rosee","7":"pa_actif-aloevera","8":"pa_actif-avoine","9":"pa_type-de-produit-eyes","11":"first","12":"instock","13":"product-type-external","14":"entry","15":"content-bg","16":"loop-entry"},"acf":[],"taxonomy_info":{"product_cat":[{"value":473,"label":"La Ros\u00e9e"}],"pa_actif":[{"value":554,"label":"aloevera"},{"value":559,"label":"avoine"}],"pa_type-de-produit":[{"value":552,"label":"eyes"}]},"featured_image_src_large":["https:\/\/www.beautydecoded.com\/wp-content\/uploads\/2026\/04\/cdy-rosee.jpg",600,600,false],"author_info":[],"comment_info":13,"_links":{"self":[{"href":"https:\/\/www.beautydecoded.com\/en\/wp-json\/wp\/v2\/product\/72153","targetHints":{"allow":["GET"]}}],"collection":[{"href":"https:\/\/www.beautydecoded.com\/en\/wp-json\/wp\/v2\/product"}],"about":[{"href":"https:\/\/www.beautydecoded.com\/en\/wp-json\/wp\/v2\/types\/product"}],"replies":[{"embeddable":true,"href":"https:\/\/www.beautydecoded.com\/en\/wp-json\/wp\/v2\/comments?post=72153"}],"wp:featuredmedia":[{"embeddable":true,"href":"https:\/\/www.beautydecoded.com\/en\/wp-json\/wp\/v2\/media\/72154"}],"wp:attachment":[{"href":"https:\/\/www.beautydecoded.com\/en\/wp-json\/wp\/v2\/media?parent=72153"}],"wp:term":[{"taxonomy":"product_brand","embeddable":true,"href":"https:\/\/www.beautydecoded.com\/en\/wp-json\/wp\/v2\/product_brand?post=72153"},{"taxonomy":"product_cat","embeddable":true,"href":"https:\/\/www.beautydecoded.com\/en\/wp-json\/wp\/v2\/product_cat?post=72153"},{"taxonomy":"product_tag","embeddable":true,"href":"https:\/\/www.beautydecoded.com\/en\/wp-json\/wp\/v2\/product_tag?post=72153"}],"curies":[{"name":"wp","href":"https:\/\/api.w.org\/{rel}","templated":true}]}}