{"id":72165,"date":"2026-04-02T17:35:10","date_gmt":"2026-04-02T15:35:10","guid":{"rendered":"https:\/\/www.beautydecoded.com\/produits\/non class\u00e9\/sensifine-ar-creme-spf50-anti-rougeurs\/"},"modified":"2026-04-02T19:57:08","modified_gmt":"2026-04-02T17:57:08","slug":"sensifine-ar-creme-spf50-anti-redness","status":"publish","type":"product","link":"https:\/\/www.beautydecoded.com\/en\/products\/svr-laboratory\/sensifine-ar-creme-spf50-anti-redness\/","title":{"rendered":"Sensifine AR - SPF50+ anti-redness cream"},"content":{"rendered":"<p><a href=\"https:\/\/www.beautydecoded.com\/en\/ingredients\/aqua\/\" class=\"inci-link\">AQUA<\/a>, <a href=\"https:\/\/www.beautydecoded.com\/en\/ingredients\/diisopropyl-adipate\/\" class=\"inci-link\">DIISOPROPYL ADIPATE<\/a>, <a href=\"https:\/\/www.beautydecoded.com\/en\/ingredients\/diethylamino-hydroxybenzoyl-hexyl-benzoate\/\" class=\"inci-link\">DIETHYLAMINO HYDROXYBENZOYL HEXYL BENZOATE<\/a> (Uvinul A plus, SHORT UVA filter, LONG UVA filter), <a href=\"https:\/\/www.beautydecoded.com\/en\/ingredients\/dicaprylyl-ether\/\" class=\"inci-link\">DICAPRYLYL ETHER<\/a>, <a href=\"https:\/\/www.beautydecoded.com\/en\/ingredients\/ethylhexyl-triazone\/\" class=\"inci-link\">ETHYLHEXYL TRIAZONE<\/a> (Uvinul t150, UVB filter), <a href=\"https:\/\/www.beautydecoded.com\/en\/ingredients\/silica\/\" class=\"inci-link\">SILICA<\/a> (Silica), <a href=\"https:\/\/www.beautydecoded.com\/en\/ingredients\/bis-ethylhexyloxyphenol-methoxyphenyl-triazine\/\" class=\"inci-link\">BIS-ETHYLHEXYLOXYPHENOL METHOXYPHENYL TRIAZINE<\/a> (Tinosorb S, UVB filter, SHORT UVA, LONG UVA), <a href=\"https:\/\/www.beautydecoded.com\/en\/ingredients\/cetearyl-alcohol\/\" class=\"inci-link\">CETEARYL ALCOHOL<\/a>, <a href=\"https:\/\/www.beautydecoded.com\/en\/ingredients\/c12-15-alkyl-benzoate\/\" class=\"inci-link\">C12-15 ALKYL BENZOATE<\/a>, <a href=\"https:\/\/www.beautydecoded.com\/en\/ingredients\/diethylhexyl-butamido-triazone\/\" class=\"inci-link\">DIETHYLHEXYL BUTAMIDO TRIAZONE<\/a> (Uvasorb HEB, UVB filter, SHORT UVA), <a href=\"https:\/\/www.beautydecoded.com\/en\/ingredients\/ceteareth-20\/\" class=\"inci-link\">CETEARETH-20<\/a>, <a href=\"https:\/\/www.beautydecoded.com\/en\/ingredients\/hydrogenated-vegetable-oil\/\" class=\"inci-link\">HYDROGENATED VEGETABLE OIL<\/a> (Potentially comedogenic), <a href=\"https:\/\/www.beautydecoded.com\/en\/ingredients\/glycerin\/\" class=\"inci-link\">GLYCERIN<\/a>, <a href=\"https:\/\/www.beautydecoded.com\/en\/ingredients\/pentylene-glycol\/\" class=\"inci-link\">PENTYLENE GLYCOL<\/a>, <a href=\"https:\/\/www.beautydecoded.com\/en\/ingredients\/acrylates-c12-22-alkyl-methacrylate-copolymer\/\" class=\"inci-link\">ACRYLATES\/C12-22 ALKYL METHACRYLATE COPOLYMER<\/a>, <a href=\"https:\/\/www.beautydecoded.com\/en\/ingredients\/1-2-hexanediol\/\" class=\"inci-link\">1,2-HEXANEDIOL<\/a>, <a href=\"https:\/\/www.beautydecoded.com\/en\/ingredients\/niacinamide\/\" class=\"inci-link\">NIACINAMIDE<\/a> (Vitamin B3), <a href=\"https:\/\/www.beautydecoded.com\/en\/ingredients\/polyester-7\/\" class=\"inci-link\">POLYESTER-7<\/a>, <a href=\"https:\/\/www.beautydecoded.com\/en\/ingredients\/hydroxyethyl-acrylate-sodium-acryloyldimethyl-taurate-copolymer\/\" class=\"inci-link\">HYDROXYETHYL ACRYLATE\/SODIUM ACRYLOYLDIMETHYL TAURATE COPOLYMER<\/a>, <a href=\"https:\/\/www.beautydecoded.com\/en\/ingredients\/dipotassium-glycyrrhizate\/\" class=\"inci-link\">DIPOTASSIUM GLYCYRRHIZATE<\/a> (Active ingredient derived from licorice), <a href=\"https:\/\/www.beautydecoded.com\/en\/ingredients\/neopentyl-glycol-diheptanoate\/\" class=\"inci-link\">NEOPENTYL GLYCOL DIHEPTANOATE<\/a>, <a href=\"https:\/\/www.beautydecoded.com\/en\/ingredients\/caprylyl-glycol\/\" class=\"inci-link\">CAPRYLYL GLYCOL<\/a>, <a href=\"https:\/\/www.beautydecoded.com\/en\/ingredients\/arginine\/\" class=\"inci-link\">ARGININE<\/a> (Amino acid), <a href=\"https:\/\/www.beautydecoded.com\/en\/ingredients\/xanthan-gum\/\" class=\"inci-link\">XANTHAN GUM<\/a>, <a href=\"https:\/\/www.beautydecoded.com\/en\/ingredients\/coconut-glucoside\/\" class=\"inci-link\">COCO-GLUCOSIDE<\/a> (Nonionic surfactant), <a href=\"https:\/\/www.beautydecoded.com\/en\/ingredients\/tocopherol\/\" class=\"inci-link\">TOCOPHEROL<\/a> (Vitamin E), <a href=\"https:\/\/www.beautydecoded.com\/en\/ingredients\/citric-acid\/\" class=\"inci-link\">CITRIC ACID<\/a>, <a href=\"https:\/\/www.beautydecoded.com\/en\/ingredients\/glycine-soja-oil\/\" class=\"inci-link\">GLYCINE SOJA OIL<\/a> (Soybean oil), <a href=\"https:\/\/www.beautydecoded.com\/en\/ingredients\/disodium-lauryl-sulfosuccinate\/\" class=\"inci-link\">DISODIUM LAURYL SULFOSUCCINATE<\/a> (Anionic surfactant), <a href=\"https:\/\/www.beautydecoded.com\/en\/ingredients\/polysorbate-60\/\" class=\"inci-link\">POLYSORBATE 60<\/a> (Nonionic surfactant), <a href=\"https:\/\/www.beautydecoded.com\/en\/ingredients\/sorbitan-isostearate\/\" class=\"inci-link\">SORBITAN ISOSTEARATE<\/a>, <a href=\"https:\/\/www.beautydecoded.com\/en\/ingredients\/lecithin\/\" class=\"inci-link\">LECITHIN<\/a>, <a href=\"https:\/\/www.beautydecoded.com\/en\/ingredients\/rosmarinyl-glucoside\/\" class=\"inci-link\">ROSMARINYL GLUCOSIDE<\/a>, <a href=\"https:\/\/www.beautydecoded.com\/en\/ingredients\/caffeyl-glucoside\/\" class=\"inci-link\">CAFFEYL GLUCOSIDE<\/a> (Active ingredient derived from the Arabian coffee tree), <a href=\"https:\/\/www.beautydecoded.com\/en\/ingredients\/gallyl-glucoside\/\" class=\"inci-link\">GALLYL GLUCOSIDE<\/a>, <a href=\"https:\/\/www.beautydecoded.com\/en\/ingredients\/garlic-sprout-extract\/\" class=\"inci-link\">LEPIDIUM SATIVUM SPROUT EXTRACT<\/a> (Garden cress)<\/p>\n<p>La Sensifine AR SPF50+ de SVR est une cr\u00e8me solaire formul\u00e9e sp\u00e9cifiquement pour les peaux sujettes aux rougeurs et \u00e0 la couperose. Sa protection UV repose sur une combinaison de filtres organiques modernes \u2014 Di\u00e9thylamino Hydroxybenzoyl Hexyl Benzoate, \u00c9thylhexyl Triazone, Bis-Ethylhexyloxyph\u00e9nol M\u00e9thoxyph\u00e9nyl Triazine et Di\u00e9thylhexyl Butamido Triazone \u2014 offrant une couverture large spectre UVA\/UVB sans filtres min\u00e9raux. Sur le plan actif, la niacinamide (vitamine B3) contribue \u00e0 r\u00e9duire les rougeurs diffuses et \u00e0 renforcer la barri\u00e8re cutan\u00e9e. Le dipotassium glycyrrhizinate, d\u00e9riv\u00e9 de la r\u00e9glisse, exerce une action apaisante et anti-inflammatoire sur les peaux r\u00e9actives. Le rosmarinyl glucoside, le caff\u00e9yl glucoside et le gallyl glucoside sont des antioxydants glucosyl\u00e9s qui neutralisent le stress oxydatif induit par les UV. L&rsquo;extrait de cresson (*Lepidium sativum*) apporte une activit\u00e9 protectrice vasculaire. Le tocoph\u00e9rol (vitamine E) compl\u00e8te la protection antioxydante. La texture est stabilis\u00e9e par des \u00e9mollients doux (dicaprylyl \u00e9ther, huile v\u00e9g\u00e9tale hydrog\u00e9n\u00e9e) et des agents filmog\u00e8nes qui limitent l&rsquo;effet occlusif. Ce produit convient aux peaux sensibles, r\u00e9actives, \u00e9ryth\u00e9mateuses ou atteintes de rosac\u00e9e, en usage quotidien comme dernier soin avant exposition.<\/p>","protected":false},"excerpt":{"rendered":"<p>Analyze composition on the BeautyDecoded App<\/p>","protected":false},"featured_media":72166,"comment_status":"open","ping_status":"open","template":"","meta":{"_acf_changed":false,"_kad_blocks_custom_css":"","_kad_blocks_head_custom_js":"","_kad_blocks_body_custom_js":"","_kad_blocks_footer_custom_js":"","_kad_post_transparent":"","_kad_post_title":"","_kad_post_layout":"","_kad_post_sidebar_id":"","_kad_post_content_style":"","_kad_post_vertical_padding":"","_kad_post_feature":"","_kad_post_feature_position":"","_kad_post_header":false,"_kad_post_footer":false},"product_brand":[],"product_cat":[767],"product_tag":[],"class_list":{"0":"post-72165","1":"product","2":"type-product","3":"status-publish","4":"has-post-thumbnail","6":"product_cat-laboratoire-svr","7":"pa_actif-niacinamide","8":"pa_type-de-produit-solar","10":"first","11":"instock","12":"product-type-external","13":"entry","14":"content-bg","15":"loop-entry"},"acf":[],"taxonomy_info":{"product_cat":[{"value":767,"label":"Laboratoire SVR"}],"pa_actif":[{"value":541,"label":"niacinamide"}],"pa_type-de-produit":[{"value":937,"label":"solar"}]},"featured_image_src_large":["https:\/\/www.beautydecoded.com\/wp-content\/uploads\/2026\/04\/3662361002542.jpg",900,900,false],"author_info":[],"comment_info":9,"_links":{"self":[{"href":"https:\/\/www.beautydecoded.com\/en\/wp-json\/wp\/v2\/product\/72165","targetHints":{"allow":["GET"]}}],"collection":[{"href":"https:\/\/www.beautydecoded.com\/en\/wp-json\/wp\/v2\/product"}],"about":[{"href":"https:\/\/www.beautydecoded.com\/en\/wp-json\/wp\/v2\/types\/product"}],"replies":[{"embeddable":true,"href":"https:\/\/www.beautydecoded.com\/en\/wp-json\/wp\/v2\/comments?post=72165"}],"wp:featuredmedia":[{"embeddable":true,"href":"https:\/\/www.beautydecoded.com\/en\/wp-json\/wp\/v2\/media\/72166"}],"wp:attachment":[{"href":"https:\/\/www.beautydecoded.com\/en\/wp-json\/wp\/v2\/media?parent=72165"}],"wp:term":[{"taxonomy":"product_brand","embeddable":true,"href":"https:\/\/www.beautydecoded.com\/en\/wp-json\/wp\/v2\/product_brand?post=72165"},{"taxonomy":"product_cat","embeddable":true,"href":"https:\/\/www.beautydecoded.com\/en\/wp-json\/wp\/v2\/product_cat?post=72165"},{"taxonomy":"product_tag","embeddable":true,"href":"https:\/\/www.beautydecoded.com\/en\/wp-json\/wp\/v2\/product_tag?post=72165"}],"curies":[{"name":"wp","href":"https:\/\/api.w.org\/{rel}","templated":true}]}}