{"id":72187,"date":"2026-04-02T17:35:35","date_gmt":"2026-04-02T15:35:35","guid":{"rendered":"https:\/\/www.beautydecoded.com\/produits\/non class\u00e9\/larmes-de-fantome-soin-paupieres\/"},"modified":"2026-04-02T19:57:43","modified_gmt":"2026-04-02T17:57:43","slug":"phantom-tears-eyelid-care","status":"publish","type":"product","link":"https:\/\/www.beautydecoded.com\/en\/products\/guarantee\/phantom-tears-eyelid-care\/","title":{"rendered":"Larmes de Fant\u00f4me Eyelid Care"},"content":{"rendered":"<p><a href=\"https:\/\/www.beautydecoded.com\/en\/ingredients\/aqua\/\" class=\"inci-link\">AQUA<\/a>, <a href=\"https:\/\/www.beautydecoded.com\/en\/ingredients\/glycerin\/\" class=\"inci-link\">GLYCERIN<\/a>, <a href=\"https:\/\/www.beautydecoded.com\/en\/ingredients\/coco-caprylate-caprate\/\" class=\"inci-link\">COCO-CAPRYLATE\/CAPRATE<\/a>, <a href=\"https:\/\/www.beautydecoded.com\/en\/ingredients\/boron-nitride\/\" class=\"inci-link\">BORON NITRIDE<\/a>, <a href=\"https:\/\/www.beautydecoded.com\/en\/ingredients\/maltodextrin\/\" class=\"inci-link\">MALTODEXTRIN<\/a>, <a href=\"https:\/\/www.beautydecoded.com\/en\/ingredients\/heptyl-undecylenate\/\" class=\"inci-link\">HEPTYL UNDECYLENATE<\/a>, <a href=\"https:\/\/www.beautydecoded.com\/en\/ingredients\/glyceryl-oleate-citrate\/\" class=\"inci-link\">glyceryl oleate citrate<\/a>, <a href=\"https:\/\/www.beautydecoded.com\/en\/ingredients\/oleic-linoleic-linolenic-polyglycerides\/\" class=\"inci-link\">OLEIC\/LINOLEIC\/LINOLENIC POLYGLYCERIDES<\/a>, <a href=\"https:\/\/www.beautydecoded.com\/en\/ingredients\/pentylene-glycol\/\" class=\"inci-link\">PENTYLENE GLYCOL<\/a>, <a href=\"https:\/\/www.beautydecoded.com\/en\/ingredients\/propanediol\/\" class=\"inci-link\">PROPANEDIOL<\/a>, <a href=\"https:\/\/www.beautydecoded.com\/en\/ingredients\/methylpropanediol\/\" class=\"inci-link\">METHYLPROPANEDIOL<\/a>, <a href=\"https:\/\/www.beautydecoded.com\/en\/ingredients\/albizia-julibrissin-bark-extract\/\" class=\"inci-link\">Altace Bark Extract<\/a> (Silk tree), <a href=\"https:\/\/www.beautydecoded.com\/en\/ingredients\/arnica-montana-flower-extract\/\" class=\"inci-link\">Arnica Montana Flower Extract<\/a> (Arnica Montana), <a href=\"https:\/\/www.beautydecoded.com\/en\/ingredients\/black-elderberry-flower-extract\/\" class=\"inci-link\">Black Elderberry Flower Extract<\/a> (Black elderberry), <a href=\"https:\/\/www.beautydecoded.com\/en\/ingredients\/purple-tephrosia-seed-extract\/\" class=\"inci-link\">Purple Tephrosia Seed Extract<\/a>, <a href=\"https:\/\/www.beautydecoded.com\/en\/ingredients\/sigesbeckia-orientalis-extract\/\" class=\"inci-link\">Sigesbeckia Orientalis Extract<\/a> (Sigesbeckia orientalis), <a href=\"https:\/\/www.beautydecoded.com\/en\/ingredients\/jania-rubens-extract\/\" class=\"inci-link\">JANIA RUBENS EXTRACT<\/a>, <a href=\"https:\/\/www.beautydecoded.com\/en\/ingredients\/caprylic-capric-glycerides\/\" class=\"inci-link\">CAPRYLIC\/CAPRIC GLYCERIDES<\/a>, <a href=\"https:\/\/www.beautydecoded.com\/en\/ingredients\/acetyl-tetrapeptide-5\/\" class=\"inci-link\">Acetyl Tetrapeptide-5<\/a> (Peptide), <a href=\"https:\/\/www.beautydecoded.com\/en\/ingredients\/methylsilanol-mannuronate\/\" class=\"inci-link\">METHYLSILANOL MANNURONATE<\/a>, <a href=\"https:\/\/www.beautydecoded.com\/en\/ingredients\/tocopherol\/\" class=\"inci-link\">TOCOPHEROL<\/a> (Vitamin E), <a href=\"https:\/\/www.beautydecoded.com\/en\/ingredients\/xanthan-gum\/\" class=\"inci-link\">XANTHAN GUM<\/a>, <a href=\"https:\/\/www.beautydecoded.com\/en\/ingredients\/ethylhexylglycerin\/\" class=\"inci-link\">ETHYLHEXYLGLYCERIN<\/a>, <a href=\"https:\/\/www.beautydecoded.com\/en\/ingredients\/sodium-benzoate\/\" class=\"inci-link\">SODIUM BENZOATE<\/a>, <a href=\"https:\/\/www.beautydecoded.com\/en\/ingredients\/fragrance\/\" class=\"inci-link\">PERFUM<\/a> (Perfume), <a href=\"https:\/\/www.beautydecoded.com\/en\/ingredients\/sodium-carrageenan\/\" class=\"inci-link\">SODIUM CARRAGEENAN<\/a>, <a href=\"https:\/\/www.beautydecoded.com\/en\/ingredients\/phenethyl-alcohol\/\" class=\"inci-link\">PHENETHYL ALCOHOL<\/a> (Drying alcohol)<\/p>\n<p>Le soin contour des yeux \u00ab\u00a0Larmes de Fant\u00f4me\u00a0\u00bb de Garancia est formul\u00e9 autour d&rsquo;une combinaison d&rsquo;actifs ciblant les principales probl\u00e9matiques de la zone p\u00e9ri-orbitaire. L&rsquo;**Acetyl Tetrapeptide-5** agit sur la perm\u00e9abilit\u00e9 vasculaire et le drainage lymphatique, contribuant \u00e0 r\u00e9duire les poches et les cernes d&rsquo;origine vasculaire. L&rsquo;extrait d&rsquo;**Albizia julibrissin** (arbre de soie) soutient la r\u00e9sistance cutan\u00e9e en stimulant la synth\u00e8se de prot\u00e9ines structurelles, tandis que l&rsquo;extrait de **Tephrosia purpurea** exerce une action anti-glycation, limitant la d\u00e9gradation du collag\u00e8ne et de l&rsquo;\u00e9lastine. L&rsquo;extrait de **Sigesbeckia orientalis** apporte des propri\u00e9t\u00e9s anti-inflammatoires, et l&rsquo;**Arnica montana** renforce l&rsquo;action d\u00e9congestionnante. Le **Methylsilanol mannuronate**, d\u00e9riv\u00e9 d&rsquo;algue, favorise la restructuration de la matrice extracellulaire. La texture est enrichie en \u00e9mollients doux (coco-caprylate\/caprate, polyglyc\u00e9rides) et en **nitrure de bore** pour un effet optique lissant imm\u00e9diat. Ce soin convient particuli\u00e8rement aux peaux pr\u00e9sentant des signes de fatigue, des poches matinales persistantes et des cernes vasculaires, ainsi qu&rsquo;aux peaux matures dont la zone p\u00e9ri-orbitaire manque de fermet\u00e9.<\/p>","protected":false},"excerpt":{"rendered":"<p>Analyze composition on the BeautyDecoded App<\/p>","protected":false},"featured_media":72188,"comment_status":"open","ping_status":"open","template":"","meta":{"_acf_changed":false,"_kad_blocks_custom_css":"","_kad_blocks_head_custom_js":"","_kad_blocks_body_custom_js":"","_kad_blocks_footer_custom_js":"","_kad_post_transparent":"","_kad_post_title":"","_kad_post_layout":"","_kad_post_sidebar_id":"","_kad_post_content_style":"","_kad_post_vertical_padding":"","_kad_post_feature":"","_kad_post_feature_position":"","_kad_post_header":false,"_kad_post_footer":false},"product_brand":[],"product_cat":[689],"product_tag":[],"class_list":{"0":"post-72187","1":"product","2":"type-product","3":"status-publish","4":"has-post-thumbnail","6":"product_cat-garancia","7":"pa_type-de-produit-eyes","9":"first","10":"instock","11":"product-type-external","12":"entry","13":"content-bg","14":"loop-entry"},"acf":[],"taxonomy_info":{"product_cat":[{"value":689,"label":"Garancia"}],"pa_type-de-produit":[{"value":552,"label":"eyes"}]},"featured_image_src_large":["https:\/\/www.beautydecoded.com\/wp-content\/uploads\/2026\/04\/larme.jpg",920,920,false],"author_info":[],"comment_info":8,"_links":{"self":[{"href":"https:\/\/www.beautydecoded.com\/en\/wp-json\/wp\/v2\/product\/72187","targetHints":{"allow":["GET"]}}],"collection":[{"href":"https:\/\/www.beautydecoded.com\/en\/wp-json\/wp\/v2\/product"}],"about":[{"href":"https:\/\/www.beautydecoded.com\/en\/wp-json\/wp\/v2\/types\/product"}],"replies":[{"embeddable":true,"href":"https:\/\/www.beautydecoded.com\/en\/wp-json\/wp\/v2\/comments?post=72187"}],"wp:featuredmedia":[{"embeddable":true,"href":"https:\/\/www.beautydecoded.com\/en\/wp-json\/wp\/v2\/media\/72188"}],"wp:attachment":[{"href":"https:\/\/www.beautydecoded.com\/en\/wp-json\/wp\/v2\/media?parent=72187"}],"wp:term":[{"taxonomy":"product_brand","embeddable":true,"href":"https:\/\/www.beautydecoded.com\/en\/wp-json\/wp\/v2\/product_brand?post=72187"},{"taxonomy":"product_cat","embeddable":true,"href":"https:\/\/www.beautydecoded.com\/en\/wp-json\/wp\/v2\/product_cat?post=72187"},{"taxonomy":"product_tag","embeddable":true,"href":"https:\/\/www.beautydecoded.com\/en\/wp-json\/wp\/v2\/product_tag?post=72187"}],"curies":[{"name":"wp","href":"https:\/\/api.w.org\/{rel}","templated":true}]}}