{"id":72217,"date":"2026-04-02T17:35:35","date_gmt":"2026-04-02T15:35:35","guid":{"rendered":"https:\/\/www.beautydecoded.com\/produits\/non class\u00e9\/sun-secure-lait-spf-50-fragrance-free-250-ml\/"},"modified":"2026-04-02T19:57:23","modified_gmt":"2026-04-02T17:57:23","slug":"sun-secure-lait-spf-50-fragrance-free-250-ml","status":"publish","type":"product","link":"https:\/\/www.beautydecoded.com\/en\/products\/svr-laboratory\/sun-secure-lait-spf-50-fragrance-free-250-ml\/","title":{"rendered":"Sun Secure Lait Spf 50+ Fragrance Free - 250 ml"},"content":{"rendered":"<p><a href=\"https:\/\/www.beautydecoded.com\/en\/ingredients\/aqua\/\" class=\"inci-link\">AQUA<\/a>, <a href=\"https:\/\/www.beautydecoded.com\/en\/ingredients\/diisopropyl-adipate\/\" class=\"inci-link\">DIISOPROPYL ADIPATE<\/a>, <a href=\"https:\/\/www.beautydecoded.com\/en\/ingredients\/diethylamino-hydroxybenzoyl-hexyl-benzoate\/\" class=\"inci-link\">DIETHYLAMINO HYDROXYBENZOYL HEXYL BENZOATE<\/a> (Uvinul A plus, SHORT UVA filter, LONG UVA filter), <a href=\"https:\/\/www.beautydecoded.com\/en\/ingredients\/dicaprylyl-ether\/\" class=\"inci-link\">DICAPRYLYL ETHER<\/a>, <a href=\"https:\/\/www.beautydecoded.com\/en\/ingredients\/silica\/\" class=\"inci-link\">SILICA<\/a> (Silica), <a href=\"https:\/\/www.beautydecoded.com\/en\/ingredients\/ethylhexyl-triazone\/\" class=\"inci-link\">ETHYLHEXYL TRIAZONE<\/a> (Uvinul t150, UVB filter), <a href=\"https:\/\/www.beautydecoded.com\/en\/ingredients\/c12-15-alkyl-benzoate\/\" class=\"inci-link\">C12-15 ALKYL BENZOATE<\/a>, <a href=\"https:\/\/www.beautydecoded.com\/en\/ingredients\/bis-ethylhexyloxyphenol-methoxyphenyl-triazine\/\" class=\"inci-link\">BIS-ETHYLHEXYLOXYPHENOL METHOXYPHENYL TRIAZINE<\/a> (Tinosorb S, UVB filter, SHORT UVA, LONG UVA), <a href=\"https:\/\/www.beautydecoded.com\/en\/ingredients\/hydrogenated-vegetable-oil\/\" class=\"inci-link\">HYDROGENATED VEGETABLE OIL<\/a> (Potentially comedogenic), <a href=\"https:\/\/www.beautydecoded.com\/en\/ingredients\/diethylhexyl-butamido-triazone\/\" class=\"inci-link\">DIETHYLHEXYL BUTAMIDO TRIAZONE<\/a> (Uvasorb HEB, UVB filter, SHORT UVA), <a href=\"https:\/\/www.beautydecoded.com\/en\/ingredients\/beheneth-25\/\" class=\"inci-link\">BEHENETH-25<\/a>, <a href=\"https:\/\/www.beautydecoded.com\/en\/ingredients\/propanediol\/\" class=\"inci-link\">PROPANEDIOL<\/a>, <a href=\"https:\/\/www.beautydecoded.com\/en\/ingredients\/pentylene-glycol\/\" class=\"inci-link\">PENTYLENE GLYCOL<\/a>, <a href=\"https:\/\/www.beautydecoded.com\/en\/ingredients\/acrylates-c12-22-alkyl-methacrylate-copolymer\/\" class=\"inci-link\">ACRYLATES\/C12-22 ALKYL METHACRYLATE COPOLYMER<\/a>, <a href=\"https:\/\/www.beautydecoded.com\/en\/ingredients\/niacinamide\/\" class=\"inci-link\">NIACINAMIDE<\/a> (Vitamin B3), <a href=\"https:\/\/www.beautydecoded.com\/en\/ingredients\/hydroxyethyl-acrylate-sodium-acryloyldimethyl-taurate-copolymer\/\" class=\"inci-link\">HYDROXYETHYL ACRYLATE\/SODIUM ACRYLOYLDIMETHYL TAURATE COPOLYMER<\/a>, <a href=\"https:\/\/www.beautydecoded.com\/en\/ingredients\/cetearyl-alcohol\/\" class=\"inci-link\">CETEARYL ALCOHOL<\/a>, <a href=\"https:\/\/www.beautydecoded.com\/en\/ingredients\/polyester-7\/\" class=\"inci-link\">POLYESTER-7<\/a>, <a href=\"https:\/\/www.beautydecoded.com\/en\/ingredients\/microcrystalline-cellulose\/\" class=\"inci-link\">MICROCRYSTALLINE CELLULOSE<\/a>, <a href=\"https:\/\/www.beautydecoded.com\/en\/ingredients\/neopentyl-glycol-diheptanoate\/\" class=\"inci-link\">NEOPENTYL GLYCOL DIHEPTANOATE<\/a>, <a href=\"https:\/\/www.beautydecoded.com\/en\/ingredients\/1-2-hexanediol\/\" class=\"inci-link\">1,2-HEXANEDIOL<\/a>, <a href=\"https:\/\/www.beautydecoded.com\/en\/ingredients\/caprylyl-glycol\/\" class=\"inci-link\">CAPRYLYL GLYCOL<\/a>, <a href=\"https:\/\/www.beautydecoded.com\/en\/ingredients\/glycerin\/\" class=\"inci-link\">GLYCERIN<\/a>, <a href=\"https:\/\/www.beautydecoded.com\/en\/ingredients\/arginine\/\" class=\"inci-link\">ARGININE<\/a> (Amino acid), <a href=\"https:\/\/www.beautydecoded.com\/en\/ingredients\/citric-acid\/\" class=\"inci-link\">CITRIC ACID<\/a>, <a href=\"https:\/\/www.beautydecoded.com\/en\/ingredients\/tocopherol\/\" class=\"inci-link\">TOCOPHEROL<\/a> (Vitamin E), <a href=\"https:\/\/www.beautydecoded.com\/en\/ingredients\/cellulose-gum\/\" class=\"inci-link\">CELLULOSE GUM<\/a>, <a href=\"https:\/\/www.beautydecoded.com\/en\/ingredients\/polysorbate-60\/\" class=\"inci-link\">POLYSORBATE 60<\/a> (Nonionic surfactant), <a href=\"https:\/\/www.beautydecoded.com\/en\/ingredients\/sorbitan-isostearate\/\" class=\"inci-link\">SORBITAN ISOSTEARATE<\/a>, <a href=\"https:\/\/www.beautydecoded.com\/en\/ingredients\/disodium-lauryl-sulfosuccinate\/\" class=\"inci-link\">DISODIUM LAURYL SULFOSUCCINATE<\/a> (Anionic surfactant), <a href=\"https:\/\/www.beautydecoded.com\/en\/ingredients\/glycine-soja-oil\/\" class=\"inci-link\">GLYCINE SOJA OIL<\/a> (Soybean oil), <a href=\"https:\/\/www.beautydecoded.com\/en\/ingredients\/lecithin\/\" class=\"inci-link\">LECITHIN<\/a>, <a href=\"https:\/\/www.beautydecoded.com\/en\/ingredients\/garlic-sprout-extract\/\" class=\"inci-link\">LEPIDIUM SATIVUM SPROUT EXTRACT<\/a> (Garden cress)<\/p>\n<p>Le Sun Secure Lait SPF 50+ de SVR est une \u00e9mulsion solaire sans parfum formul\u00e9e autour d&rsquo;une combinaison de filtres UV organiques \u00e0 large spectre : le Di\u00e9thylamino Hydroxybenzoyl Hexyl Benzoate et le Bis-Ethylhexyloxyph\u00e9nol M\u00e9thoxyph\u00e9nyl Triazine assurent la protection UVA, tandis que l&rsquo;\u00c9thylhexyl Triazone et le Di\u00e9thylhexyl Butamido Triazone couvrent le spectre UVB, offrant ensemble une photoprotection UVA\/UVB \u00e9quilibr\u00e9e conforme aux standards SPF 50+. La formule int\u00e8gre de la Niacinamide (vitamine B3), qui module la production de m\u00e9lanine et renforce la barri\u00e8re cutan\u00e9e, ainsi que du Tocopherol (vitamine E) \u00e0 action antioxydante, limitant le stress oxydatif induit par les UV. L&rsquo;extrait de pousses de Lepidium Sativum contribue \u00e0 la d\u00e9fense cellulaire face aux agressions environnementales. La texture lait est stabilis\u00e9e par des polym\u00e8res acryliques et de la cellulose microcristalline, avec des \u00e9mollients comme le Dicaprylyl Ether et le Diisopropyl Adipate pour un confort cutan\u00e9 sans film gras. L&rsquo;absence totale de parfum rend ce produit particuli\u00e8rement adapt\u00e9 aux peaux sensibles, r\u00e9actives ou sujettes aux allergies de contact, ainsi qu&rsquo;aux personnes atteintes de pathologies cutan\u00e9es comme la rosac\u00e9e ou l&rsquo;ecz\u00e9ma. Convient \u00e0 l&rsquo;usage quotidien pour adultes et enfants d\u00e8s que la peau n\u00e9cessite une protection solaire haute sans tol\u00e9rance aux fragrances.<\/p>","protected":false},"excerpt":{"rendered":"<p>Analyze composition on the BeautyDecoded App<\/p>","protected":false},"featured_media":72218,"comment_status":"open","ping_status":"open","template":"","meta":{"_acf_changed":false,"_kad_blocks_custom_css":"","_kad_blocks_head_custom_js":"","_kad_blocks_body_custom_js":"","_kad_blocks_footer_custom_js":"","_kad_post_transparent":"","_kad_post_title":"","_kad_post_layout":"","_kad_post_sidebar_id":"","_kad_post_content_style":"","_kad_post_vertical_padding":"","_kad_post_feature":"","_kad_post_feature_position":"","_kad_post_header":false,"_kad_post_footer":false},"product_brand":[],"product_cat":[767],"product_tag":[],"class_list":{"0":"post-72217","1":"product","2":"type-product","3":"status-publish","4":"has-post-thumbnail","6":"product_cat-laboratoire-svr","7":"pa_actif-niacinamide","8":"pa_type-de-produit-solar","10":"first","11":"instock","12":"product-type-external","13":"entry","14":"content-bg","15":"loop-entry"},"acf":[],"taxonomy_info":{"product_cat":[{"value":767,"label":"Laboratoire SVR"}],"pa_actif":[{"value":541,"label":"niacinamide"}],"pa_type-de-produit":[{"value":937,"label":"solar"}]},"featured_image_src_large":["https:\/\/www.beautydecoded.com\/wp-content\/uploads\/2026\/04\/Photo-app-5-42.jpg",800,800,false],"author_info":[],"comment_info":9,"_links":{"self":[{"href":"https:\/\/www.beautydecoded.com\/en\/wp-json\/wp\/v2\/product\/72217","targetHints":{"allow":["GET"]}}],"collection":[{"href":"https:\/\/www.beautydecoded.com\/en\/wp-json\/wp\/v2\/product"}],"about":[{"href":"https:\/\/www.beautydecoded.com\/en\/wp-json\/wp\/v2\/types\/product"}],"replies":[{"embeddable":true,"href":"https:\/\/www.beautydecoded.com\/en\/wp-json\/wp\/v2\/comments?post=72217"}],"wp:featuredmedia":[{"embeddable":true,"href":"https:\/\/www.beautydecoded.com\/en\/wp-json\/wp\/v2\/media\/72218"}],"wp:attachment":[{"href":"https:\/\/www.beautydecoded.com\/en\/wp-json\/wp\/v2\/media?parent=72217"}],"wp:term":[{"taxonomy":"product_brand","embeddable":true,"href":"https:\/\/www.beautydecoded.com\/en\/wp-json\/wp\/v2\/product_brand?post=72217"},{"taxonomy":"product_cat","embeddable":true,"href":"https:\/\/www.beautydecoded.com\/en\/wp-json\/wp\/v2\/product_cat?post=72217"},{"taxonomy":"product_tag","embeddable":true,"href":"https:\/\/www.beautydecoded.com\/en\/wp-json\/wp\/v2\/product_tag?post=72217"}],"curies":[{"name":"wp","href":"https:\/\/api.w.org\/{rel}","templated":true}]}}