{"id":72251,"date":"2026-04-02T17:36:00","date_gmt":"2026-04-02T15:36:00","guid":{"rendered":"https:\/\/www.beautydecoded.com\/produits\/non class\u00e9\/sebiaclear-micro-peel\/"},"modified":"2026-04-02T19:56:49","modified_gmt":"2026-04-02T17:56:49","slug":"sebiaclear-micro-peel","status":"publish","type":"product","link":"https:\/\/www.beautydecoded.com\/en\/products\/svr-laboratory\/sebiaclear-micro-peel\/","title":{"rendered":"Sebiaclear Micro Peel"},"content":{"rendered":"<p><a href=\"https:\/\/www.beautydecoded.com\/en\/ingredients\/aqua\/\" class=\"inci-link\">AQUA<\/a>, <a href=\"https:\/\/www.beautydecoded.com\/en\/ingredients\/alcohol-denat\/\" class=\"inci-link\">ALCOHOL DENAT.<\/a> (Drying alcohol), <a href=\"https:\/\/www.beautydecoded.com\/en\/ingredients\/niacinamide\/\" class=\"inci-link\">NIACINAMIDE<\/a> (Vitamin B3), <a href=\"https:\/\/www.beautydecoded.com\/en\/ingredients\/lactobionic-acid\/\" class=\"inci-link\">LACTOBIONIC ACID<\/a> (PHA exfoliating acid), <a href=\"https:\/\/www.beautydecoded.com\/en\/ingredients\/zinc-gluconate\/\" class=\"inci-link\">ZINC GLUCONATE<\/a> (Zinc), <a href=\"https:\/\/www.beautydecoded.com\/en\/ingredients\/salicylic-acid\/\" class=\"inci-link\">SALICYLIC ACID<\/a> (Salicylic acid), <a href=\"https:\/\/www.beautydecoded.com\/en\/ingredients\/sodium-hydroxide\/\" class=\"inci-link\">SODIUM HYDROXIDE<\/a>, <a href=\"https:\/\/www.beautydecoded.com\/en\/ingredients\/fragrance\/\" class=\"inci-link\">PERFUM<\/a> (Perfume)<\/p>\n<p>La Sebiaclear Micro Peel de SVR est une lotion exfoliante et s\u00e9bor\u00e9gulatrice formul\u00e9e autour d&rsquo;une combinaison d&rsquo;actifs compl\u00e9mentaires. L&rsquo;acide lactobionique, un polyhydroxyacide (PHA), assure une exfoliation douce de surface en favorisant le renouvellement cellulaire sans alt\u00e9rer la barri\u00e8re cutan\u00e9e, ce qui le rend tol\u00e9rable m\u00eame sur les peaux sensibles. L&rsquo;acide salicylique (BHA), liposoluble, p\u00e9n\u00e8tre dans les pores pour dissoudre les bouchons s\u00e9bac\u00e9s et limiter la formation des com\u00e9dons. La niacinamide (vitamine B3) agit sur la r\u00e9gulation de la production de s\u00e9bum, r\u00e9duit l&rsquo;aspect des pores dilat\u00e9s et poss\u00e8de des propri\u00e9t\u00e9s anti-inflammatoires utiles en contexte acn\u00e9ique. Le gluconate de zinc compl\u00e8te cette action en exer\u00e7ant un effet antibact\u00e9rien et s\u00e9bor\u00e9gulateur. L&rsquo;alcool d\u00e9natur\u00e9, pr\u00e9sent en tant que solvant et agent astringent, contribue \u00e0 la texture l\u00e9g\u00e8re de la lotion. Ce produit s&rsquo;adresse principalement aux peaux mixtes \u00e0 grasses, sujettes aux imperfections, com\u00e9dons et pores dilat\u00e9s. Il est d\u00e9conseill\u00e9 aux femmes enceintes en raison de la pr\u00e9sence d&rsquo;acide salicylique, et une protection solaire est recommand\u00e9e lors de son utilisation.<\/p>","protected":false},"excerpt":{"rendered":"<p>Analyze composition on the BeautyDecoded App<\/p>","protected":false},"featured_media":72252,"comment_status":"open","ping_status":"open","template":"","meta":{"_acf_changed":false,"_kad_blocks_custom_css":"","_kad_blocks_head_custom_js":"","_kad_blocks_body_custom_js":"","_kad_blocks_footer_custom_js":"","_kad_post_transparent":"","_kad_post_title":"","_kad_post_layout":"","_kad_post_sidebar_id":"","_kad_post_content_style":"","_kad_post_vertical_padding":"","_kad_post_feature":"","_kad_post_feature_position":"","_kad_post_header":false,"_kad_post_footer":false},"product_brand":[],"product_cat":[767],"product_tag":[],"class_list":{"0":"post-72251","1":"product","2":"type-product","3":"status-publish","4":"has-post-thumbnail","6":"product_cat-laboratoire-svr","7":"pa_actif-niacinamide","8":"pa_actif-salicylicacid","9":"pa_type-de-produit-lotion","11":"first","12":"instock","13":"product-type-external","14":"entry","15":"content-bg","16":"loop-entry"},"acf":[],"taxonomy_info":{"product_cat":[{"value":767,"label":"Laboratoire SVR"}],"pa_actif":[{"value":541,"label":"niacinamide"},{"value":547,"label":"salicylicacid"}],"pa_type-de-produit":[{"value":543,"label":"lotion"}]},"featured_image_src_large":["https:\/\/www.beautydecoded.com\/wp-content\/uploads\/2026\/04\/3662361001590.jpg",900,900,false],"author_info":[],"comment_info":5,"_links":{"self":[{"href":"https:\/\/www.beautydecoded.com\/en\/wp-json\/wp\/v2\/product\/72251","targetHints":{"allow":["GET"]}}],"collection":[{"href":"https:\/\/www.beautydecoded.com\/en\/wp-json\/wp\/v2\/product"}],"about":[{"href":"https:\/\/www.beautydecoded.com\/en\/wp-json\/wp\/v2\/types\/product"}],"replies":[{"embeddable":true,"href":"https:\/\/www.beautydecoded.com\/en\/wp-json\/wp\/v2\/comments?post=72251"}],"wp:featuredmedia":[{"embeddable":true,"href":"https:\/\/www.beautydecoded.com\/en\/wp-json\/wp\/v2\/media\/72252"}],"wp:attachment":[{"href":"https:\/\/www.beautydecoded.com\/en\/wp-json\/wp\/v2\/media?parent=72251"}],"wp:term":[{"taxonomy":"product_brand","embeddable":true,"href":"https:\/\/www.beautydecoded.com\/en\/wp-json\/wp\/v2\/product_brand?post=72251"},{"taxonomy":"product_cat","embeddable":true,"href":"https:\/\/www.beautydecoded.com\/en\/wp-json\/wp\/v2\/product_cat?post=72251"},{"taxonomy":"product_tag","embeddable":true,"href":"https:\/\/www.beautydecoded.com\/en\/wp-json\/wp\/v2\/product_tag?post=72251"}],"curies":[{"name":"wp","href":"https:\/\/api.w.org\/{rel}","templated":true}]}}