{"id":72259,"date":"2026-04-02T17:36:00","date_gmt":"2026-04-02T15:36:00","guid":{"rendered":"https:\/\/www.beautydecoded.com\/produits\/non class\u00e9\/1025-dokdo-cleanser\/"},"modified":"2026-04-02T19:57:30","modified_gmt":"2026-04-02T17:57:30","slug":"1025-dokdo-cleanser","status":"publish","type":"product","link":"https:\/\/www.beautydecoded.com\/en\/products\/round-lab\/1025-dokdo-cleanser\/","title":{"rendered":"1025 Dokdo Cleanser"},"content":{"rendered":"<p><a href=\"https:\/\/www.beautydecoded.com\/en\/ingredients\/aqua\/\" class=\"inci-link\">AQUA<\/a>, <a href=\"https:\/\/www.beautydecoded.com\/en\/ingredients\/sodium-cocoyl-isethionate-sci\/\" class=\"inci-link\">Sodium Cocoyl Isethionate (SCI)<\/a> (Anionic surfactant), <a href=\"https:\/\/www.beautydecoded.com\/en\/ingredients\/glycerin\/\" class=\"inci-link\">GLYCERIN<\/a>, <a href=\"https:\/\/www.beautydecoded.com\/en\/ingredients\/sodium-methyl-cocoyl-taurate\/\" class=\"inci-link\">Sodium Methyl Cocoyl Taurate<\/a> (Anionic surfactant), <a href=\"https:\/\/www.beautydecoded.com\/en\/ingredients\/coco-betaine\/\" class=\"inci-link\">COCO-BETAINE<\/a> (Amphoteric surfactant), <a href=\"https:\/\/www.beautydecoded.com\/en\/ingredients\/potassium-cocoyl-glycinate\/\" class=\"inci-link\">Potassium Cocoyl Glycinate<\/a>, <a href=\"https:\/\/www.beautydecoded.com\/en\/ingredients\/potassium-benzoate\/\" class=\"inci-link\">Potassium benzoate<\/a>, <a href=\"https:\/\/www.beautydecoded.com\/en\/ingredients\/potassium-cocoate\/\" class=\"inci-link\">Potassium cocoate<\/a>, <a href=\"https:\/\/www.beautydecoded.com\/en\/ingredients\/citric-acid\/\" class=\"inci-link\">CITRIC ACID<\/a>, <a href=\"https:\/\/www.beautydecoded.com\/en\/ingredients\/polyquaternium-67\/\" class=\"inci-link\">POLYQUATERNIUM-67<\/a>, <a href=\"https:\/\/www.beautydecoded.com\/en\/ingredients\/disodium-edta\/\" class=\"inci-link\">DISODIUM EDTA<\/a>, <a href=\"https:\/\/www.beautydecoded.com\/en\/ingredients\/panthenol\/\" class=\"inci-link\">PANTHENOL<\/a> (Pro-vitamin B5), <a href=\"https:\/\/www.beautydecoded.com\/en\/ingredients\/allantoin\/\" class=\"inci-link\">ALLANTOIN<\/a> (Active ingredient derived from comfrey), <a href=\"https:\/\/www.beautydecoded.com\/en\/ingredients\/maris-aqua\/\" class=\"inci-link\">MARIS AQUA<\/a>, <a href=\"https:\/\/www.beautydecoded.com\/en\/ingredients\/butylene-glycol\/\" class=\"inci-link\">BUTYLENE GLYCOL<\/a>, <a href=\"https:\/\/www.beautydecoded.com\/en\/ingredients\/1-2-hexanediol\/\" class=\"inci-link\">1,2-HEXANEDIOL<\/a>, <a href=\"https:\/\/www.beautydecoded.com\/en\/ingredients\/fructooligosaccharides\/\" class=\"inci-link\">FRUCTOOLIGOSACCHARIDES<\/a> (Prebiotic), <a href=\"https:\/\/www.beautydecoded.com\/en\/ingredients\/saccharide-hydrolysate\/\" class=\"inci-link\">HYDROLYZED SACCHARIDE<\/a>, <a href=\"https:\/\/www.beautydecoded.com\/en\/ingredients\/pullulan\/\" class=\"inci-link\">PULLULAN<\/a>, <a href=\"https:\/\/www.beautydecoded.com\/en\/ingredients\/chamomilla-recutita-flower-oil\/\" class=\"inci-link\">Chamomilla Recutita Flower Oil<\/a> (Wild Chamomile (German) essential oil), <a href=\"https:\/\/www.beautydecoded.com\/en\/ingredients\/caprylic-capric-triglyceride\/\" class=\"inci-link\">CAPRYLIC\/CAPRIC TRIGLYCERIDE<\/a>, <a href=\"https:\/\/www.beautydecoded.com\/en\/ingredients\/beta-glucan\/\" class=\"inci-link\">BETA-GLUCAN<\/a> (Active ingredient derived from mushrooms), <a href=\"https:\/\/www.beautydecoded.com\/en\/ingredients\/phosphatidylcholine\/\" class=\"inci-link\">PHOSPHATIDYLCHOLINE<\/a>, <a href=\"https:\/\/www.beautydecoded.com\/en\/ingredients\/hyaluronic-acid\/\" class=\"inci-link\">HYALURONIC ACID<\/a> (Hyaluronic acid), <a href=\"https:\/\/www.beautydecoded.com\/en\/ingredients\/ethylhexylglycerin\/\" class=\"inci-link\">ETHYLHEXYLGLYCERIN<\/a>, <a href=\"https:\/\/www.beautydecoded.com\/en\/ingredients\/ceramide-np\/\" class=\"inci-link\">CERAMIDE NP<\/a> (Ceramide), <a href=\"https:\/\/www.beautydecoded.com\/en\/ingredients\/wisteria\/\" class=\"inci-link\">WISTERIA<\/a> (Amino acid), <a href=\"https:\/\/www.beautydecoded.com\/en\/ingredients\/hydrolyzed-hyaluronic-acid\/\" class=\"inci-link\">HYDROLYZED HYALURONIC ACID<\/a> (Hydrolyzed hyaluronic acid), <a href=\"https:\/\/www.beautydecoded.com\/en\/ingredients\/glutamic-acid\/\" class=\"inci-link\">GLUTAMIC ACID<\/a> (Amino acid), <a href=\"https:\/\/www.beautydecoded.com\/en\/ingredients\/serine\/\" class=\"inci-link\">SERINE<\/a> (Amino acid), <a href=\"https:\/\/www.beautydecoded.com\/en\/ingredients\/sodium-hyaluronate\/\" class=\"inci-link\">SODIUM HYALURONATE<\/a> (Hyaluronic acid), <a href=\"https:\/\/www.beautydecoded.com\/en\/ingredients\/alanine\/\" class=\"inci-link\">ALANINE<\/a> (Amino acid), <a href=\"https:\/\/www.beautydecoded.com\/en\/ingredients\/lysine\/\" class=\"inci-link\">LYSINE<\/a> (Amino acid), <a href=\"https:\/\/www.beautydecoded.com\/en\/ingredients\/arginine\/\" class=\"inci-link\">ARGININE<\/a> (Amino acid), <a href=\"https:\/\/www.beautydecoded.com\/en\/ingredients\/threonine\/\" class=\"inci-link\">THREONINE<\/a> (Amino acid), <a href=\"https:\/\/www.beautydecoded.com\/en\/ingredients\/proline\/\" class=\"inci-link\">PROLINE<\/a> (Amino acid)<\/p>\n<p>Le 1025 Dokdo Cleanser de Round Lab est un nettoyant formul\u00e9 autour d&rsquo;une base lavante douce combinant sodium cocoyl isethionate (SCI), sodium methyl cocoyl taurate et coco-b\u00e9ta\u00efne \u2014 des tensioactifs d&rsquo;origine v\u00e9g\u00e9tale reconnus pour leur faible potentiel irritant et leur capacit\u00e9 \u00e0 nettoyer efficacement sans alt\u00e9rer le film hydrolipidique. Le potassium cocoyl glycinate renforce ce profil doux tout en maintenant un pH physiologiquement compatible avec la peau. La formule int\u00e8gre plusieurs actifs hydratants et r\u00e9parateurs : l&rsquo;acide hyaluronique et son d\u00e9riv\u00e9 hydrolys\u00e9 (sodium hyaluronate, hydrolyzed hyaluronic acid) agissent \u00e0 diff\u00e9rentes profondeurs pour soutenir l&rsquo;hydratation cutan\u00e9e, tandis que le panth\u00e9nol et l&rsquo;allanto\u00efne exercent des effets apaisants et favorisent la cicatrisation superficielle. Le b\u00eata-glucane et les fructooligosaccharides soutiennent la barri\u00e8re cutan\u00e9e et le microbiome, et la c\u00e9ramide NP contribue \u00e0 la coh\u00e9sion lipidique intercellulaire. Un complexe d&rsquo;acides amin\u00e9s libres (glycine, s\u00e9rine, glutamic acid, lysine, arginine, thr\u00e9onine, proline, alanine) compl\u00e8te la formule en mimant les facteurs naturels d&rsquo;hydratation (NMF). L&rsquo;eau de mer de Dokdo (Maris Aqua) apporte des min\u00e9raux et oligo-\u00e9l\u00e9ments. Ce nettoyant convient particuli\u00e8rement aux peaux sensibles, d\u00e9shydrat\u00e9es ou \u00e0 tendance r\u00e9active, ainsi qu&rsquo;aux peaux normales souhaitant pr\u00e9server leur barri\u00e8re cutan\u00e9e au quotidien.<\/p>","protected":false},"excerpt":{"rendered":"<p>Analyze composition on the BeautyDecoded App<\/p>","protected":false},"featured_media":72260,"comment_status":"open","ping_status":"open","template":"","meta":{"_acf_changed":false,"_kad_blocks_custom_css":"","_kad_blocks_head_custom_js":"","_kad_blocks_body_custom_js":"","_kad_blocks_footer_custom_js":"","_kad_post_transparent":"","_kad_post_title":"","_kad_post_layout":"","_kad_post_sidebar_id":"","_kad_post_content_style":"","_kad_post_vertical_padding":"","_kad_post_feature":"","_kad_post_feature_position":"","_kad_post_header":false,"_kad_post_footer":false},"product_brand":[],"product_cat":[857],"product_tag":[],"class_list":{"0":"post-72259","1":"product","2":"type-product","3":"status-publish","4":"has-post-thumbnail","6":"product_cat-round-lab","7":"pa_type-de-produit-nettoyant","9":"first","10":"instock","11":"product-type-external","12":"entry","13":"content-bg","14":"loop-entry"},"acf":[],"taxonomy_info":{"product_cat":[{"value":857,"label":"Round Lab"}],"pa_type-de-produit":[{"value":549,"label":"nettoyant"}]},"featured_image_src_large":["https:\/\/www.beautydecoded.com\/wp-content\/uploads\/2026\/04\/8809738608364.jpeg",679,715,false],"author_info":[],"comment_info":5,"_links":{"self":[{"href":"https:\/\/www.beautydecoded.com\/en\/wp-json\/wp\/v2\/product\/72259","targetHints":{"allow":["GET"]}}],"collection":[{"href":"https:\/\/www.beautydecoded.com\/en\/wp-json\/wp\/v2\/product"}],"about":[{"href":"https:\/\/www.beautydecoded.com\/en\/wp-json\/wp\/v2\/types\/product"}],"replies":[{"embeddable":true,"href":"https:\/\/www.beautydecoded.com\/en\/wp-json\/wp\/v2\/comments?post=72259"}],"wp:featuredmedia":[{"embeddable":true,"href":"https:\/\/www.beautydecoded.com\/en\/wp-json\/wp\/v2\/media\/72260"}],"wp:attachment":[{"href":"https:\/\/www.beautydecoded.com\/en\/wp-json\/wp\/v2\/media?parent=72259"}],"wp:term":[{"taxonomy":"product_brand","embeddable":true,"href":"https:\/\/www.beautydecoded.com\/en\/wp-json\/wp\/v2\/product_brand?post=72259"},{"taxonomy":"product_cat","embeddable":true,"href":"https:\/\/www.beautydecoded.com\/en\/wp-json\/wp\/v2\/product_cat?post=72259"},{"taxonomy":"product_tag","embeddable":true,"href":"https:\/\/www.beautydecoded.com\/en\/wp-json\/wp\/v2\/product_tag?post=72259"}],"curies":[{"name":"wp","href":"https:\/\/api.w.org\/{rel}","templated":true}]}}