{"id":72261,"date":"2026-04-02T17:36:00","date_gmt":"2026-04-02T15:36:00","guid":{"rendered":"https:\/\/www.beautydecoded.com\/produits\/non class\u00e9\/your-skin-but-better-cc-cream-cc\/"},"modified":"2026-04-02T19:56:34","modified_gmt":"2026-04-02T17:56:34","slug":"your-skin-but-better-cc-cream-cc","status":"publish","type":"product","link":"https:\/\/www.beautydecoded.com\/en\/products\/it-cosmetics\/your-skin-but-better-cc-cream-cc\/","title":{"rendered":"Your Skin But Better CC+ Cream CC"},"content":{"rendered":"<p><a href=\"https:\/\/www.beautydecoded.com\/en\/ingredients\/aqua\/\" class=\"inci-link\">AQUA<\/a>, <a href=\"https:\/\/www.beautydecoded.com\/en\/ingredients\/titanium-dioxide\/\" class=\"inci-link\">TITANIUM DIOXIDE<\/a> (Mineral UVB filter, SHORT UVA, LONG UVA, Whitening effect), <a href=\"https:\/\/www.beautydecoded.com\/en\/ingredients\/phenyl-trimethicone\/\" class=\"inci-link\">PHENYL TRIMETHICONE<\/a> (Silicone), <a href=\"https:\/\/www.beautydecoded.com\/en\/ingredients\/dimethicone\/\" class=\"inci-link\">DIMETHICONE<\/a> (Silicone), <a href=\"https:\/\/www.beautydecoded.com\/en\/ingredients\/butylene-glycol\/\" class=\"inci-link\">BUTYLENE GLYCOL<\/a>, <a href=\"https:\/\/www.beautydecoded.com\/en\/ingredients\/zinc-oxide\/\" class=\"inci-link\">ZINC OXIDE<\/a> (Mineral UVB filter, SHORT UVA, LONG UVA, Whitening effect), <a href=\"https:\/\/www.beautydecoded.com\/en\/ingredients\/butylene-glycol-dicaprylate-dicaprate\/\" class=\"inci-link\">BUTYLENE GLYCOL DICAPRYLATE\/DICAPRATE<\/a>, <a href=\"https:\/\/www.beautydecoded.com\/en\/ingredients\/orbignya-oleifera-seed-oil\/\" class=\"inci-link\">ORBIGNYA OLEIFERA SEED OIL<\/a> (Babassu vegetable oil), <a href=\"https:\/\/www.beautydecoded.com\/en\/ingredients\/butyloctyl-salicylate\/\" class=\"inci-link\">BUTYLOCTYL SALICYLATE<\/a>, <a href=\"https:\/\/www.beautydecoded.com\/en\/ingredients\/cetyl-peg-ppg-10-1-dimethicone\/\" class=\"inci-link\">CETYL PEG\/PPG-10\/1 DIMETHICONE<\/a> (Silicone), <a href=\"https:\/\/www.beautydecoded.com\/en\/ingredients\/cyclopentasiloxane\/\" class=\"inci-link\">CYCLOPENTASILOXANE<\/a> (Silicone), <a href=\"https:\/\/www.beautydecoded.com\/en\/ingredients\/snail-secretion-filtrate\/\" class=\"inci-link\">Snail secretion filtrate<\/a> (Snail mucin), <a href=\"https:\/\/www.beautydecoded.com\/en\/ingredients\/aluminum-hydroxide\/\" class=\"inci-link\">ALUMINUM HYDROXIDE<\/a>, <a href=\"https:\/\/www.beautydecoded.com\/en\/ingredients\/stearic-acid\/\" class=\"inci-link\">STEARIC ACID<\/a> (Fatty acid), <a href=\"https:\/\/www.beautydecoded.com\/en\/ingredients\/magnesium-sulfate\/\" class=\"inci-link\">MAGNESIUM SULFATE<\/a>, <a href=\"https:\/\/www.beautydecoded.com\/en\/ingredients\/polyglyceryl-4-isostearate\/\" class=\"inci-link\">Polygyceryl-4 isostearate<\/a>, <a href=\"https:\/\/www.beautydecoded.com\/en\/ingredients\/cyclohexasiloxane\/\" class=\"inci-link\">CYCLOHEXASILOXANE<\/a> (Silicone), <a href=\"https:\/\/www.beautydecoded.com\/en\/ingredients\/dimethicone-vinyl-dimethicone-crosspolymer\/\" class=\"inci-link\">DIMETHICONE\/VINYL DIMETHICONE CROSSPOLYMER<\/a> (Silicone), <a href=\"https:\/\/www.beautydecoded.com\/en\/ingredients\/hexyl-laurate\/\" class=\"inci-link\">HEXYL LAURATE<\/a>, <a href=\"https:\/\/www.beautydecoded.com\/en\/ingredients\/calcium-stearate\/\" class=\"inci-link\">CALCIUM STEARATE<\/a>, <a href=\"https:\/\/www.beautydecoded.com\/en\/ingredients\/triethoxycaprylylsilane\/\" class=\"inci-link\">TRIETHOXYCAPRYLYLSILANE<\/a> (Silicone), <a href=\"https:\/\/www.beautydecoded.com\/en\/ingredients\/caprylyl-glycol\/\" class=\"inci-link\">CAPRYLYL GLYCOL<\/a>, <a href=\"https:\/\/www.beautydecoded.com\/en\/ingredients\/ethyl-hexanediol\/\" class=\"inci-link\">ETHYL HEXANEDIOL<\/a>, <a href=\"https:\/\/www.beautydecoded.com\/en\/ingredients\/ethylhexylglycerin\/\" class=\"inci-link\">ETHYLHEXYLGLYCERIN<\/a>, <a href=\"https:\/\/www.beautydecoded.com\/en\/ingredients\/limonene\/\" class=\"inci-link\">LIMONENE<\/a> (Regulated allergen), <a href=\"https:\/\/www.beautydecoded.com\/en\/ingredients\/lemon-peel-oil\/\" class=\"inci-link\">LEMON PEEL OIL<\/a> (Lemon essential oil (Allergen)), <a href=\"https:\/\/www.beautydecoded.com\/en\/ingredients\/sorbitan-isostearate\/\" class=\"inci-link\">SORBITAN ISOSTEARATE<\/a>, <a href=\"https:\/\/www.beautydecoded.com\/en\/ingredients\/tocopheryl-acetate\/\" class=\"inci-link\">TOCOPHERYL ACETATE<\/a> (Vitamin E derivative), <a href=\"https:\/\/www.beautydecoded.com\/en\/ingredients\/phenoxyethanol\/\" class=\"inci-link\">PHENOXYETHANOL<\/a>, <a href=\"https:\/\/www.beautydecoded.com\/en\/ingredients\/citrus-aurantium-bergamia-fruit-oil\/\" class=\"inci-link\">Citrus aurantium bergamia fruit oil<\/a> (Bergamot essential oil (allergen)), <a href=\"https:\/\/www.beautydecoded.com\/en\/ingredients\/1-2-hexanediol\/\" class=\"inci-link\">1,2-HEXANEDIOL<\/a>, <a href=\"https:\/\/www.beautydecoded.com\/en\/ingredients\/adenosine\/\" class=\"inci-link\">ADENOSINE<\/a> (Active), <a href=\"https:\/\/www.beautydecoded.com\/en\/ingredients\/sweet-orange-peel-oil\/\" class=\"inci-link\">Sweet Orange Peel Oil<\/a> (Essential oil), <a href=\"https:\/\/www.beautydecoded.com\/en\/ingredients\/citrus-aurantifolia-oil\/\" class=\"inci-link\">CITRUS AURANTIFOLIA OIL<\/a> (Lime essential oil), <a href=\"https:\/\/www.beautydecoded.com\/en\/ingredients\/pinus-sylvestris-leaf-oil\/\" class=\"inci-link\">PINUS SYLVESTRIS LEAF OIL<\/a> (Scots pine essential oil), <a href=\"https:\/\/www.beautydecoded.com\/en\/ingredients\/linalool\/\" class=\"inci-link\">LINALOOL<\/a> (Regulated allergen), <a href=\"https:\/\/www.beautydecoded.com\/en\/ingredients\/eucalyptus-globulus-leaf-oil\/\" class=\"inci-link\">Eucalyptus globulus leaf oil<\/a> (Eucalyptus essential oil (Allergen)), <a href=\"https:\/\/www.beautydecoded.com\/en\/ingredients\/glycerin\/\" class=\"inci-link\">GLYCERIN<\/a>, <a href=\"https:\/\/www.beautydecoded.com\/en\/ingredients\/citral\/\" class=\"inci-link\">CITRAL<\/a> (Regulated allergen), <a href=\"https:\/\/www.beautydecoded.com\/en\/ingredients\/niacinamide\/\" class=\"inci-link\">NIACINAMIDE<\/a> (Vitamin B3), <a href=\"https:\/\/www.beautydecoded.com\/en\/ingredients\/hyaluronic-acid\/\" class=\"inci-link\">HYALURONIC ACID<\/a> (Hyaluronic acid), <a href=\"https:\/\/www.beautydecoded.com\/en\/ingredients\/colloidal-oatmeal\/\" class=\"inci-link\">COLLOIDAL OATMEAL<\/a> (Oats), <a href=\"https:\/\/www.beautydecoded.com\/en\/ingredients\/hydrolyzed-collagen\/\" class=\"inci-link\">HYDROLYZED COLLAGEN<\/a> (Hydrolyzed collagen), <a href=\"https:\/\/www.beautydecoded.com\/en\/ingredients\/steareth-20\/\" class=\"inci-link\">STEARETH-20<\/a>, <a href=\"https:\/\/www.beautydecoded.com\/en\/ingredients\/pentaerythrityl-tetraisobutyl-hydroxyhydrocinnamate\/\" class=\"inci-link\">Pentaerythrityl Tetra-Di-T-Butyl Hydroxyhydrocinnamate<\/a> (Antioxidant), <a href=\"https:\/\/www.beautydecoded.com\/en\/ingredients\/camellia-sinensis-leaf-extract\/\" class=\"inci-link\">CAMELLIA SINENSIS LEAF EXTRACT<\/a> (Green tea), <a href=\"https:\/\/www.beautydecoded.com\/en\/ingredients\/olive-leaf-extract\/\" class=\"inci-link\">OLEA EUROPAEA LEAF EXTRACT<\/a> (Olive), <a href=\"https:\/\/www.beautydecoded.com\/en\/ingredients\/chlorhexidine-digluconate\/\" class=\"inci-link\">CHLORHEXIDINE DIGLUCONATE<\/a>, <a href=\"https:\/\/www.beautydecoded.com\/en\/ingredients\/n-hydroxy-succinimide\/\" class=\"inci-link\">N-HYDROXYSUCCINIMIDE<\/a>, <a href=\"https:\/\/www.beautydecoded.com\/en\/ingredients\/serica-extract\/\" class=\"inci-link\">SERICA EXTRACT<\/a>, <a href=\"https:\/\/www.beautydecoded.com\/en\/ingredients\/hydrolyzed-silk\/\" class=\"inci-link\">HYDROLYZED SILK<\/a>, <a href=\"https:\/\/www.beautydecoded.com\/en\/ingredients\/sodium-citrate\/\" class=\"inci-link\">SODIUM CITRATE<\/a>, <a href=\"https:\/\/www.beautydecoded.com\/en\/ingredients\/potassium-sorbate\/\" class=\"inci-link\">POTASSIUM SORBATE<\/a>, <a href=\"https:\/\/www.beautydecoded.com\/en\/ingredients\/palmitoyl-tripeptide-1\/\" class=\"inci-link\">PALMITOYL TRIPEPTIDE-1<\/a> (Peptide), <a href=\"https:\/\/www.beautydecoded.com\/en\/ingredients\/chrysin\/\" class=\"inci-link\">CHRYSIN<\/a>, <a href=\"https:\/\/www.beautydecoded.com\/en\/ingredients\/palmitoyl-tetrapeptide-7\/\" class=\"inci-link\">PALMITOYL TETRAPEPTIDE-7<\/a> (Peptide), <a href=\"https:\/\/www.beautydecoded.com\/en\/ingredients\/citric-acid\/\" class=\"inci-link\">CITRIC ACID<\/a>, <a href=\"https:\/\/www.beautydecoded.com\/en\/ingredients\/biotin\/\" class=\"inci-link\">BIOTIN<\/a> (Vitamin B8), <a href=\"https:\/\/www.beautydecoded.com\/en\/ingredients\/77891\/\" class=\"inci-link\">CI 77891<\/a> (White colorant: Titanium dioxide), <a href=\"https:\/\/www.beautydecoded.com\/en\/ingredients\/77491\/\" class=\"inci-link\">CI 77491<\/a> (Red dye, iron trioxide), <a href=\"https:\/\/www.beautydecoded.com\/en\/ingredients\/ci-77492\/\" class=\"inci-link\">CI 77492<\/a> (Yellow dye, Iron oxide), <a href=\"https:\/\/www.beautydecoded.com\/en\/ingredients\/ci-77499\/\" class=\"inci-link\">CI 77499<\/a> (Black dye \u2013 Iron tetraoxide)<\/p>\n<p>La CC+ Cream de It Cosmetics est une cr\u00e8me teint\u00e9e \u00e0 protection solaire combinant filtres min\u00e9raux et actifs skincare. Le dioxyde de titane (TiO\u2082) et l&rsquo;oxyde de zinc (ZnO) assurent une photoprotection par r\u00e9flexion physique des UV. La formule int\u00e8gre plusieurs actifs fonctionnels : la niacinamide agit sur l&rsquo;homog\u00e9n\u00e9isation du teint et le renforcement de la barri\u00e8re cutan\u00e9e ; l&rsquo;acide hyaluronique et la glyc\u00e9rine exercent une action hydratante par attraction et r\u00e9tention d&rsquo;eau ; le filtrat de s\u00e9cr\u00e9tions d&rsquo;escargot apporte des propri\u00e9t\u00e9s r\u00e9paratrices et hydratantes ; le collag\u00e8ne hydrolys\u00e9 et la soie hydrolys\u00e9e contribuent au lissage de surface ; les peptides (palmitoyl tripeptide-1 et palmitoyl t\u00e9trapeptide-7) stimulent la synth\u00e8se de collag\u00e8ne et modulent les m\u00e9diateurs de l&rsquo;inflammation cutan\u00e9e ; l&rsquo;ad\u00e9nosine poss\u00e8de des propri\u00e9t\u00e9s anti-rides reconnues. L&rsquo;extrait de Camellia sinensis et le tocoph\u00e9ryl ac\u00e9tate (vitamine E) compl\u00e8tent la formule par leur action antioxydante. \u00c0 noter, la pr\u00e9sence de plusieurs huiles essentielles citriques (bergamote, citron, lime) et de limon\u00e8ne, linalool et citral, allerg\u00e8nes potentiels \u00e0 surveiller pour les peaux sensibles ou r\u00e9actives. Ce produit convient aux peaux matures, ternes ou d\u00e9shydrat\u00e9es recherchant une couverture l\u00e9g\u00e8re \u00e0 moyenne avec b\u00e9n\u00e9fice soin int\u00e9gr\u00e9, mais est d\u00e9conseill\u00e9 aux peaux \u00e0 tendance allergique aux compos\u00e9s parfumants.<\/p>","protected":false},"excerpt":{"rendered":"<p>Analyze composition on the BeautyDecoded App<\/p>","protected":false},"featured_media":72262,"comment_status":"open","ping_status":"open","template":"","meta":{"_acf_changed":false,"_kad_blocks_custom_css":"","_kad_blocks_head_custom_js":"","_kad_blocks_body_custom_js":"","_kad_blocks_footer_custom_js":"","_kad_post_transparent":"","_kad_post_title":"","_kad_post_layout":"","_kad_post_sidebar_id":"","_kad_post_content_style":"","_kad_post_vertical_padding":"","_kad_post_feature":"","_kad_post_feature_position":"","_kad_post_header":false,"_kad_post_footer":false},"product_brand":[],"product_cat":[740],"product_tag":[],"class_list":{"0":"post-72261","1":"product","2":"type-product","3":"status-publish","4":"has-post-thumbnail","6":"product_cat-it-cosmetics","7":"pa_actif-avoine","8":"pa_actif-greentea","9":"pa_actif-niacinamide","10":"pa_type-de-produit-solar","12":"first","13":"instock","14":"product-type-external","15":"entry","16":"content-bg","17":"loop-entry"},"acf":[],"taxonomy_info":{"product_cat":[{"value":740,"label":"It Cosmetics"}],"pa_actif":[{"value":559,"label":"avoine"},{"value":551,"label":"greentea"},{"value":541,"label":"niacinamide"}],"pa_type-de-produit":[{"value":937,"label":"solar"}]},"featured_image_src_large":["https:\/\/www.beautydecoded.com\/wp-content\/uploads\/2026\/04\/itcosme.webp",600,600,false],"author_info":[],"comment_info":6,"_links":{"self":[{"href":"https:\/\/www.beautydecoded.com\/en\/wp-json\/wp\/v2\/product\/72261","targetHints":{"allow":["GET"]}}],"collection":[{"href":"https:\/\/www.beautydecoded.com\/en\/wp-json\/wp\/v2\/product"}],"about":[{"href":"https:\/\/www.beautydecoded.com\/en\/wp-json\/wp\/v2\/types\/product"}],"replies":[{"embeddable":true,"href":"https:\/\/www.beautydecoded.com\/en\/wp-json\/wp\/v2\/comments?post=72261"}],"wp:featuredmedia":[{"embeddable":true,"href":"https:\/\/www.beautydecoded.com\/en\/wp-json\/wp\/v2\/media\/72262"}],"wp:attachment":[{"href":"https:\/\/www.beautydecoded.com\/en\/wp-json\/wp\/v2\/media?parent=72261"}],"wp:term":[{"taxonomy":"product_brand","embeddable":true,"href":"https:\/\/www.beautydecoded.com\/en\/wp-json\/wp\/v2\/product_brand?post=72261"},{"taxonomy":"product_cat","embeddable":true,"href":"https:\/\/www.beautydecoded.com\/en\/wp-json\/wp\/v2\/product_cat?post=72261"},{"taxonomy":"product_tag","embeddable":true,"href":"https:\/\/www.beautydecoded.com\/en\/wp-json\/wp\/v2\/product_tag?post=72261"}],"curies":[{"name":"wp","href":"https:\/\/api.w.org\/{rel}","templated":true}]}}