{"id":72290,"date":"2026-04-02T17:36:26","date_gmt":"2026-04-02T15:36:26","guid":{"rendered":"https:\/\/www.beautydecoded.com\/produits\/non class\u00e9\/eye-cream-repair\/"},"modified":"2026-04-02T19:56:30","modified_gmt":"2026-04-02T17:56:30","slug":"eye-cream-repair","status":"publish","type":"product","link":"https:\/\/www.beautydecoded.com\/en\/products\/cerave\/eye-cream-repair\/","title":{"rendered":"Eye Cream Repair"},"content":{"rendered":"<p><a href=\"https:\/\/www.beautydecoded.com\/en\/ingredients\/aqua\/\" class=\"inci-link\">AQUA<\/a>, <a href=\"https:\/\/www.beautydecoded.com\/en\/ingredients\/niacinamide\/\" class=\"inci-link\">NIACINAMIDE<\/a> (Vitamin B3), <a href=\"https:\/\/www.beautydecoded.com\/en\/ingredients\/cetyl-alcohol\/\" class=\"inci-link\">CETYL ALCOHOL<\/a>, <a href=\"https:\/\/www.beautydecoded.com\/en\/ingredients\/caprylic-capric-triglyceride\/\" class=\"inci-link\">CAPRYLIC\/CAPRIC TRIGLYCERIDE<\/a>, <a href=\"https:\/\/www.beautydecoded.com\/en\/ingredients\/glycerin\/\" class=\"inci-link\">GLYCERIN<\/a>, <a href=\"https:\/\/www.beautydecoded.com\/en\/ingredients\/propanediol\/\" class=\"inci-link\">PROPANEDIOL<\/a>, <a href=\"https:\/\/www.beautydecoded.com\/en\/ingredients\/isononyl-isononanoate\/\" class=\"inci-link\">ISONONYL ISONONANOATE<\/a>, <a href=\"https:\/\/www.beautydecoded.com\/en\/ingredients\/jojoba-esters\/\" class=\"inci-link\">JOJOBA ESTERS<\/a>, <a href=\"https:\/\/www.beautydecoded.com\/en\/ingredients\/peg-20-methyl-glucose-sesquistearate\/\" class=\"inci-link\">PEG-20 METHYL GLUCOSE SESQUISTEARATE<\/a>, <a href=\"https:\/\/www.beautydecoded.com\/en\/ingredients\/cetearyl-alcohol\/\" class=\"inci-link\">CETEARYL ALCOHOL<\/a>, <a href=\"https:\/\/www.beautydecoded.com\/en\/ingredients\/dimethicone\/\" class=\"inci-link\">DIMETHICONE<\/a> (Silicone), <a href=\"https:\/\/www.beautydecoded.com\/en\/ingredients\/methyl-glucose-sesquistearate\/\" class=\"inci-link\">METHYL GLUCOSE SESQUISTEARATE<\/a>, <a href=\"https:\/\/www.beautydecoded.com\/en\/ingredients\/phenoxyethanol\/\" class=\"inci-link\">PHENOXYETHANOL<\/a>, <a href=\"https:\/\/www.beautydecoded.com\/en\/ingredients\/sorbitol\/\" class=\"inci-link\">SORBITOL<\/a>, <a href=\"https:\/\/www.beautydecoded.com\/en\/ingredients\/behentrimonium-methosulfate\/\" class=\"inci-link\">BEHENTRIMONIUM METHOSULFATE<\/a> (Cationic surfactant), <a href=\"https:\/\/www.beautydecoded.com\/en\/ingredients\/carbomer\/\" class=\"inci-link\">CARBOMER<\/a>, <a href=\"https:\/\/www.beautydecoded.com\/en\/ingredients\/laureth-4\/\" class=\"inci-link\">LAURETH-4<\/a>, <a href=\"https:\/\/www.beautydecoded.com\/en\/ingredients\/triethanolamine\/\" class=\"inci-link\">TRIETHANOLAMINE<\/a>, <a href=\"https:\/\/www.beautydecoded.com\/en\/ingredients\/tocopherol\/\" class=\"inci-link\">TOCOPHEROL<\/a> (Vitamin E), <a href=\"https:\/\/www.beautydecoded.com\/en\/ingredients\/butylene-glycol\/\" class=\"inci-link\">BUTYLENE GLYCOL<\/a>, <a href=\"https:\/\/www.beautydecoded.com\/en\/ingredients\/sweet-almond-oil\/\" class=\"inci-link\">Sweet Almond Oil<\/a> (Sweet almond vegetable oil), <a href=\"https:\/\/www.beautydecoded.com\/en\/ingredients\/hydrogenated-vegetable-oil\/\" class=\"inci-link\">HYDROGENATED VEGETABLE OIL<\/a> (Potentially comedogenic), <a href=\"https:\/\/www.beautydecoded.com\/en\/ingredients\/ethylhexylglycerin\/\" class=\"inci-link\">ETHYLHEXYLGLYCERIN<\/a>, <a href=\"https:\/\/www.beautydecoded.com\/en\/ingredients\/tetrasodium-edta\/\" class=\"inci-link\">Tetrasodium EDTA<\/a>, <a href=\"https:\/\/www.beautydecoded.com\/en\/ingredients\/sodium-lauroyl-lactylate\/\" class=\"inci-link\">Sodium lauroyl lactylate<\/a>, <a href=\"https:\/\/www.beautydecoded.com\/en\/ingredients\/sodium-hydroxide\/\" class=\"inci-link\">SODIUM HYDROXIDE<\/a>, <a href=\"https:\/\/www.beautydecoded.com\/en\/ingredients\/zinc-citrate\/\" class=\"inci-link\">ZINC CITRATE<\/a> (Zinc), <a href=\"https:\/\/www.beautydecoded.com\/en\/ingredients\/asparagopsis-armata-extract\/\" class=\"inci-link\">Asparagopsis armata extract<\/a> (Asparagopsis armata (Red Algae)), <a href=\"https:\/\/www.beautydecoded.com\/en\/ingredients\/field-horsetail-extract\/\" class=\"inci-link\">Horsetail Extract<\/a> (Field horsetail), <a href=\"https:\/\/www.beautydecoded.com\/en\/ingredients\/maltodextrin\/\" class=\"inci-link\">MALTODEXTRIN<\/a>, <a href=\"https:\/\/www.beautydecoded.com\/en\/ingredients\/aloe-barbadensis-leaf-extract\/\" class=\"inci-link\">ALOE BARBADENSIS LEAF EXTRACT<\/a> (Aloe vera), <a href=\"https:\/\/www.beautydecoded.com\/en\/ingredients\/knotted-wrack-extract\/\" class=\"inci-link\">ASCOPHYLLUM NODOSUM EXTRACT<\/a> (Black seaweed (Algae)), <a href=\"https:\/\/www.beautydecoded.com\/en\/ingredients\/chrysanthellum-indicum-extract\/\" class=\"inci-link\">CHRYSANTHELLUM INDICUM EXTRACT<\/a>, <a href=\"https:\/\/www.beautydecoded.com\/en\/ingredients\/ceramide-np\/\" class=\"inci-link\">CERAMIDE NP<\/a> (Ceramide), <a href=\"https:\/\/www.beautydecoded.com\/en\/ingredients\/ceramide-ap\/\" class=\"inci-link\">CERAMIDE AP<\/a> (Ceramide), <a href=\"https:\/\/www.beautydecoded.com\/en\/ingredients\/phytosphingosine\/\" class=\"inci-link\">PHYTOSPHINGOSINE<\/a> (Pre ceramide), <a href=\"https:\/\/www.beautydecoded.com\/en\/ingredients\/cholesterol\/\" class=\"inci-link\">CHOLESTEROL<\/a> (Cholesterol), <a href=\"https:\/\/www.beautydecoded.com\/en\/ingredients\/xanthan-gum\/\" class=\"inci-link\">XANTHAN GUM<\/a>, <a href=\"https:\/\/www.beautydecoded.com\/en\/ingredients\/potassium-sorbate\/\" class=\"inci-link\">POTASSIUM SORBATE<\/a>, <a href=\"https:\/\/www.beautydecoded.com\/en\/ingredients\/sodium-hyaluronate\/\" class=\"inci-link\">SODIUM HYALURONATE<\/a> (Hyaluronic acid), <a href=\"https:\/\/www.beautydecoded.com\/en\/ingredients\/ceramide-eop\/\" class=\"inci-link\">CERAMIDE EOP<\/a> (Ceramide)<\/p>\n<p>La CeraVe Eye Cream Repair est une cr\u00e8me contour des yeux formul\u00e9e autour d&rsquo;un complexe de trois c\u00e9ramides (NP, AP, EOP), de phytosphingosine et de cholest\u00e9rol, qui reconstituent la barri\u00e8re lipidique cutan\u00e9e et limitent la perte insensible en eau. Le hyaluronate de sodium et le glyc\u00e9rol assurent une hydratation par attraction et r\u00e9tention des mol\u00e9cules d&rsquo;eau dans les couches superficielles de l&rsquo;\u00e9piderme. La niacinamide (vitamine B3) agit sur l&rsquo;homog\u00e9n\u00e9isation du teint, la r\u00e9gulation de la production de s\u00e9bum et le renforcement de la barri\u00e8re cutan\u00e9e. Le tocoph\u00e9rol (vitamine E) et l&rsquo;extrait d&rsquo;Ascophyllum nodosum apportent une protection antioxydante contre le stress oxydatif. L&rsquo;extrait de Chrysanthellum indicum est reconnu pour ses propri\u00e9t\u00e9s vasculoprotectrices, utiles pour att\u00e9nuer les cernes d&rsquo;origine vasculaire. L&rsquo;huile d&rsquo;amande douce (Prunus Amygdalus Dulcis) et les esters de jojoba contribuent \u00e0 l&rsquo;\u00e9mollience et \u00e0 l&rsquo;assouplissement de la peau. Ce produit convient aux peaux s\u00e8ches \u00e0 tr\u00e8s s\u00e8ches, sensibles ou fragilis\u00e9es autour de l&rsquo;\u0153il, ainsi qu&rsquo;aux peaux pr\u00e9sentant des signes de d\u00e9shydratation, de cernes ou d&rsquo;inconfort cutan\u00e9. Il est adapt\u00e9 \u00e0 un usage quotidien, matin et\/ou soir.<\/p>","protected":false},"excerpt":{"rendered":"<p>Analyze composition on the BeautyDecoded App<\/p>","protected":false},"featured_media":72291,"comment_status":"open","ping_status":"open","template":"","meta":{"_acf_changed":false,"_kad_blocks_custom_css":"","_kad_blocks_head_custom_js":"","_kad_blocks_body_custom_js":"","_kad_blocks_footer_custom_js":"","_kad_post_transparent":"","_kad_post_title":"","_kad_post_layout":"","_kad_post_sidebar_id":"","_kad_post_content_style":"","_kad_post_vertical_padding":"","_kad_post_feature":"","_kad_post_feature_position":"","_kad_post_header":false,"_kad_post_footer":false},"product_brand":[],"product_cat":[249],"product_tag":[],"class_list":{"0":"post-72290","1":"product","2":"type-product","3":"status-publish","4":"has-post-thumbnail","6":"product_cat-cerave","7":"pa_actif-aloevera","8":"pa_actif-amandeoil","9":"pa_actif-niacinamide","10":"pa_type-de-produit-eyes","12":"first","13":"instock","14":"product-type-external","15":"entry","16":"content-bg","17":"loop-entry"},"acf":[],"taxonomy_info":{"product_cat":[{"value":249,"label":"Cerave"}],"pa_actif":[{"value":554,"label":"aloevera"},{"value":566,"label":"amandeoil"},{"value":541,"label":"niacinamide"}],"pa_type-de-produit":[{"value":552,"label":"eyes"}]},"featured_image_src_large":["https:\/\/www.beautydecoded.com\/wp-content\/uploads\/2026\/04\/3337875597272.jpg",700,875,false],"author_info":[],"comment_info":4,"_links":{"self":[{"href":"https:\/\/www.beautydecoded.com\/en\/wp-json\/wp\/v2\/product\/72290","targetHints":{"allow":["GET"]}}],"collection":[{"href":"https:\/\/www.beautydecoded.com\/en\/wp-json\/wp\/v2\/product"}],"about":[{"href":"https:\/\/www.beautydecoded.com\/en\/wp-json\/wp\/v2\/types\/product"}],"replies":[{"embeddable":true,"href":"https:\/\/www.beautydecoded.com\/en\/wp-json\/wp\/v2\/comments?post=72290"}],"wp:featuredmedia":[{"embeddable":true,"href":"https:\/\/www.beautydecoded.com\/en\/wp-json\/wp\/v2\/media\/72291"}],"wp:attachment":[{"href":"https:\/\/www.beautydecoded.com\/en\/wp-json\/wp\/v2\/media?parent=72290"}],"wp:term":[{"taxonomy":"product_brand","embeddable":true,"href":"https:\/\/www.beautydecoded.com\/en\/wp-json\/wp\/v2\/product_brand?post=72290"},{"taxonomy":"product_cat","embeddable":true,"href":"https:\/\/www.beautydecoded.com\/en\/wp-json\/wp\/v2\/product_cat?post=72290"},{"taxonomy":"product_tag","embeddable":true,"href":"https:\/\/www.beautydecoded.com\/en\/wp-json\/wp\/v2\/product_tag?post=72290"}],"curies":[{"name":"wp","href":"https:\/\/api.w.org\/{rel}","templated":true}]}}