{"id":72316,"date":"2026-04-02T17:36:51","date_gmt":"2026-04-02T15:36:51","guid":{"rendered":"https:\/\/www.beautydecoded.com\/produits\/non class\u00e9\/aloe-soothing-sun-cream-spf50\/"},"modified":"2026-04-02T19:56:32","modified_gmt":"2026-04-02T17:56:32","slug":"aloe-soothing-sun-cream-spf50","status":"publish","type":"product","link":"https:\/\/www.beautydecoded.com\/en\/products\/cosrx\/aloe-soothing-sun-cream-spf50\/","title":{"rendered":"Aloe Soothing Sun Cream SPF50+ for the skin"},"content":{"rendered":"<p><a href=\"https:\/\/www.beautydecoded.com\/en\/ingredients\/aqua\/\" class=\"inci-link\">AQUA<\/a>, <a href=\"https:\/\/www.beautydecoded.com\/en\/ingredients\/ethylhexyl-methoxycinnamate\/\" class=\"inci-link\">ETHYLHEXYL METHOXYCINNAMATE<\/a> (Octinoxate, UVB filter), <a href=\"https:\/\/www.beautydecoded.com\/en\/ingredients\/glycerin\/\" class=\"inci-link\">GLYCERIN<\/a>, <a href=\"https:\/\/www.beautydecoded.com\/en\/ingredients\/propylene-glycol\/\" class=\"inci-link\">PROPYLENE GLYCOL<\/a> (Glycol), <a href=\"https:\/\/www.beautydecoded.com\/en\/ingredients\/cyclopentasiloxane\/\" class=\"inci-link\">CYCLOPENTASILOXANE<\/a> (Silicone), <a href=\"https:\/\/www.beautydecoded.com\/en\/ingredients\/phenylbenzimidazole-sulfonic-acid\/\" class=\"inci-link\">PHENYLBENZIMIDAZOLE SULFONIC ACID<\/a> (Ensulizole, UVB filter), <a href=\"https:\/\/www.beautydecoded.com\/en\/ingredients\/bis-ethylhexyloxyphenol-methoxyphenyl-triazine\/\" class=\"inci-link\">BIS-ETHYLHEXYLOXYPHENOL METHOXYPHENYL TRIAZINE<\/a> (Tinosorb S, UVB filter, SHORT UVA, LONG UVA), <a href=\"https:\/\/www.beautydecoded.com\/en\/ingredients\/dicaprylyl-carbonate\/\" class=\"inci-link\">DICAPRYLYL CARBONATE<\/a>, <a href=\"https:\/\/www.beautydecoded.com\/en\/ingredients\/isoamyl-p-methoxycinnamate\/\" class=\"inci-link\">ISOAMYL P-METHOXYCINNAMATE<\/a> (Amiloxate, UVB filter), <a href=\"https:\/\/www.beautydecoded.com\/en\/ingredients\/potassium-cetyl-phosphate\/\" class=\"inci-link\">POTASSIUM CETYL PHOSPHATE<\/a>, <a href=\"https:\/\/www.beautydecoded.com\/en\/ingredients\/alcohol\/\" class=\"inci-link\">ALCOHOL<\/a> (Drying alcohol), <a href=\"https:\/\/www.beautydecoded.com\/en\/ingredients\/dimethicone\/\" class=\"inci-link\">DIMETHICONE<\/a> (Silicone), <a href=\"https:\/\/www.beautydecoded.com\/en\/ingredients\/butylene-glycol\/\" class=\"inci-link\">BUTYLENE GLYCOL<\/a>, <a href=\"https:\/\/www.beautydecoded.com\/en\/ingredients\/glyceryl-stearate\/\" class=\"inci-link\">GLYCERYL STEARATE<\/a>, <a href=\"https:\/\/www.beautydecoded.com\/en\/ingredients\/titanium-dioxide\/\" class=\"inci-link\">TITANIUM DIOXIDE<\/a> (Mineral UVB filter, SHORT UVA, LONG UVA, Whitening effect), <a href=\"https:\/\/www.beautydecoded.com\/en\/ingredients\/c14-22-alcohols\/\" class=\"inci-link\">C14-22 ALCOHOLS<\/a>, <a href=\"https:\/\/www.beautydecoded.com\/en\/ingredients\/polymethyl-methacrylate\/\" class=\"inci-link\">POLYMETHYL METHACRYLATE<\/a>, <a href=\"https:\/\/www.beautydecoded.com\/en\/ingredients\/cetearyl-alcohol\/\" class=\"inci-link\">CETEARYL ALCOHOL<\/a>, <a href=\"https:\/\/www.beautydecoded.com\/en\/ingredients\/peg-100-stearate\/\" class=\"inci-link\">PEG-100 STEARATE<\/a> (Nonionic surfactant), <a href=\"https:\/\/www.beautydecoded.com\/en\/ingredients\/triethanolamine\/\" class=\"inci-link\">TRIETHANOLAMINE<\/a>, <a href=\"https:\/\/www.beautydecoded.com\/en\/ingredients\/silica\/\" class=\"inci-link\">SILICA<\/a> (Silica), <a href=\"https:\/\/www.beautydecoded.com\/en\/ingredients\/sodium-hydroxide\/\" class=\"inci-link\">SODIUM HYDROXIDE<\/a>, <a href=\"https:\/\/www.beautydecoded.com\/en\/ingredients\/dimethicone-vinyl-dimethicone-crosspolymer\/\" class=\"inci-link\">DIMETHICONE\/VINYL DIMETHICONE CROSSPOLYMER<\/a> (Silicone), <a href=\"https:\/\/www.beautydecoded.com\/en\/ingredients\/c12-20-alkyl-glucoside\/\" class=\"inci-link\">C12-20 ALKYL GLUCOSIDE<\/a>, <a href=\"https:\/\/www.beautydecoded.com\/en\/ingredients\/aluminum-hydroxide\/\" class=\"inci-link\">ALUMINUM HYDROXIDE<\/a>, <a href=\"https:\/\/www.beautydecoded.com\/en\/ingredients\/stearic-acid\/\" class=\"inci-link\">STEARIC ACID<\/a> (Fatty acid), <a href=\"https:\/\/www.beautydecoded.com\/en\/ingredients\/fragrance\/\" class=\"inci-link\">PERFUM<\/a> (Perfume), <a href=\"https:\/\/www.beautydecoded.com\/en\/ingredients\/caprylyl-glycol\/\" class=\"inci-link\">CAPRYLYL GLYCOL<\/a>, <a href=\"https:\/\/www.beautydecoded.com\/en\/ingredients\/phenoxyethanol\/\" class=\"inci-link\">PHENOXYETHANOL<\/a>, <a href=\"https:\/\/www.beautydecoded.com\/en\/ingredients\/acrylates-c10-30-alkyl-acrylate-crosspolymer\/\" class=\"inci-link\">ACRYLATES\/C10-30 ALKYL ACRYLATE CROSSPOLYMER<\/a>, <a href=\"https:\/\/www.beautydecoded.com\/en\/ingredients\/aloe-arborescens-leaf-extract\/\" class=\"inci-link\">ALOE ARBORESCENS LEAF EXTRACT<\/a> (Aloe arborescent), <a href=\"https:\/\/www.beautydecoded.com\/en\/ingredients\/dipotassium-glycyrrhizate\/\" class=\"inci-link\">DIPOTASSIUM GLYCYRRHIZATE<\/a> (Active ingredient derived from licorice), <a href=\"https:\/\/www.beautydecoded.com\/en\/ingredients\/carbomer\/\" class=\"inci-link\">CARBOMER<\/a>, <a href=\"https:\/\/www.beautydecoded.com\/en\/ingredients\/xanthan-gum\/\" class=\"inci-link\">XANTHAN GUM<\/a>, <a href=\"https:\/\/www.beautydecoded.com\/en\/ingredients\/limonene\/\" class=\"inci-link\">LIMONENE<\/a> (Regulated allergen), <a href=\"https:\/\/www.beautydecoded.com\/en\/ingredients\/tocopheryl-acetate\/\" class=\"inci-link\">TOCOPHERYL ACETATE<\/a> (Vitamin E derivative), <a href=\"https:\/\/www.beautydecoded.com\/en\/ingredients\/disodium-edta\/\" class=\"inci-link\">DISODIUM EDTA<\/a>, <a href=\"https:\/\/www.beautydecoded.com\/en\/ingredients\/hexyl-cinnamal\/\" class=\"inci-link\">HEXYL CINNAMAL<\/a> (Regulated allergen), <a href=\"https:\/\/www.beautydecoded.com\/en\/ingredients\/linalool\/\" class=\"inci-link\">LINALOOL<\/a> (Regulated allergen), <a href=\"https:\/\/www.beautydecoded.com\/en\/ingredients\/benzyl-salicylate\/\" class=\"inci-link\">BENZYL SALICYLATE<\/a> (Regulated allergen), <a href=\"https:\/\/www.beautydecoded.com\/en\/ingredients\/geraniol\/\" class=\"inci-link\">GERANIOL<\/a> (Regulated allergen), <a href=\"https:\/\/www.beautydecoded.com\/en\/ingredients\/benzyl-alcohol\/\" class=\"inci-link\">BENZYL ALCOHOL<\/a> (Regulated allergen), <a href=\"https:\/\/www.beautydecoded.com\/en\/ingredients\/citronellol\/\" class=\"inci-link\">CITRONELLOL<\/a> (Regulated allergen), <a href=\"https:\/\/www.beautydecoded.com\/en\/ingredients\/benzyl-benzoate\/\" class=\"inci-link\">BENZYL BENZOATE<\/a> (Regulated allergen), <a href=\"https:\/\/www.beautydecoded.com\/en\/ingredients\/citral\/\" class=\"inci-link\">CITRAL<\/a> (Regulated allergen)<\/p>\n<p>La Cosrx Aloe Soothing Sun Cream SPF50+ est une cr\u00e8me solaire \u00e0 spectre large combinant des filtres UV organiques et min\u00e9raux. La protection repose sur un syst\u00e8me mixte : l&rsquo;\u00e9thylhexyl m\u00e9thoxycinnamate et l&rsquo;isoamyl p-m\u00e9thoxycinnamate (filtres UVB), la ph\u00e9nylbenzimidazole acide sulfonique (UVB), le bis-\u00e9thylhexyloxyph\u00e9nol m\u00e9thoxyph\u00e9nyl triazine (filtre UVA\/UVB \u00e0 large spectre) et le dioxyde de titane (filtre min\u00e9ral physique). Cette association assure une couverture \u00e9tendue contre les UVA et UVB. La formule int\u00e8gre un extrait d&rsquo;Aloe arborescens aux propri\u00e9t\u00e9s apaisantes et hydratantes, du dipotassium glycyrrhizate (d\u00e9riv\u00e9 de r\u00e9glisse) \u00e0 vis\u00e9e anti-inflammatoire, ainsi que du tocoph\u00e9ryl ac\u00e9tate (vitamine E) comme antioxydant. La texture est enrichie en silicones (cyclopentasiloxane, dim\u00e9thicone) pour un fini lissant et non collant. \u00c0 noter : la formule contient plusieurs allerg\u00e8nes parfumants d\u00e9clar\u00e9s (limon\u00e8ne, linalool, g\u00e9raniol, citronellol, etc.), ce qui la rend peu adapt\u00e9e aux peaux r\u00e9actives ou sujettes aux allergies de contact. Ce produit convient aux peaux normales \u00e0 mixtes recherchant une protection solaire quotidienne avec un effet apaisant, mais doit \u00eatre \u00e9vit\u00e9 en cas de sensibilit\u00e9 aux parfums.<\/p>","protected":false},"excerpt":{"rendered":"<p>Analyze composition on the BeautyDecoded App<\/p>","protected":false},"featured_media":72317,"comment_status":"open","ping_status":"open","template":"","meta":{"_acf_changed":false,"_kad_blocks_custom_css":"","_kad_blocks_head_custom_js":"","_kad_blocks_body_custom_js":"","_kad_blocks_footer_custom_js":"","_kad_post_transparent":"","_kad_post_title":"","_kad_post_layout":"","_kad_post_sidebar_id":"","_kad_post_content_style":"","_kad_post_vertical_padding":"","_kad_post_feature":"","_kad_post_feature_position":"","_kad_post_header":false,"_kad_post_footer":false},"product_brand":[],"product_cat":[227],"product_tag":[],"class_list":{"0":"post-72316","1":"product","2":"type-product","3":"status-publish","4":"has-post-thumbnail","6":"product_cat-cosrx","7":"pa_type-de-produit-solar","9":"first","10":"instock","11":"product-type-external","12":"entry","13":"content-bg","14":"loop-entry"},"acf":[],"taxonomy_info":{"product_cat":[{"value":227,"label":"Cosrx"}],"pa_type-de-produit":[{"value":937,"label":"solar"}]},"featured_image_src_large":["https:\/\/www.beautydecoded.com\/wp-content\/uploads\/2026\/04\/spf2.jpg",900,900,false],"author_info":[],"comment_info":4,"_links":{"self":[{"href":"https:\/\/www.beautydecoded.com\/en\/wp-json\/wp\/v2\/product\/72316","targetHints":{"allow":["GET"]}}],"collection":[{"href":"https:\/\/www.beautydecoded.com\/en\/wp-json\/wp\/v2\/product"}],"about":[{"href":"https:\/\/www.beautydecoded.com\/en\/wp-json\/wp\/v2\/types\/product"}],"replies":[{"embeddable":true,"href":"https:\/\/www.beautydecoded.com\/en\/wp-json\/wp\/v2\/comments?post=72316"}],"wp:featuredmedia":[{"embeddable":true,"href":"https:\/\/www.beautydecoded.com\/en\/wp-json\/wp\/v2\/media\/72317"}],"wp:attachment":[{"href":"https:\/\/www.beautydecoded.com\/en\/wp-json\/wp\/v2\/media?parent=72316"}],"wp:term":[{"taxonomy":"product_brand","embeddable":true,"href":"https:\/\/www.beautydecoded.com\/en\/wp-json\/wp\/v2\/product_brand?post=72316"},{"taxonomy":"product_cat","embeddable":true,"href":"https:\/\/www.beautydecoded.com\/en\/wp-json\/wp\/v2\/product_cat?post=72316"},{"taxonomy":"product_tag","embeddable":true,"href":"https:\/\/www.beautydecoded.com\/en\/wp-json\/wp\/v2\/product_tag?post=72316"}],"curies":[{"name":"wp","href":"https:\/\/api.w.org\/{rel}","templated":true}]}}