{"id":72392,"date":"2026-04-02T17:37:42","date_gmt":"2026-04-02T15:37:42","guid":{"rendered":"https:\/\/www.beautydecoded.com\/produits\/non class\u00e9\/contour-yeux-defroisseur\/"},"modified":"2026-04-02T19:57:28","modified_gmt":"2026-04-02T17:57:28","slug":"eye-contour-defroisseur","status":"publish","type":"product","link":"https:\/\/www.beautydecoded.com\/en\/products\/dr-pierre-ricaud\/eye-contour-defroisseur\/","title":{"rendered":"eye contour wrinkle remover"},"content":{"rendered":"<p><a href=\"https:\/\/www.beautydecoded.com\/en\/ingredients\/aqua\/\" class=\"inci-link\">AQUA<\/a>, <a href=\"https:\/\/www.beautydecoded.com\/en\/ingredients\/methylpropanediol\/\" class=\"inci-link\">METHYLPROPANEDIOL<\/a>, <a href=\"https:\/\/www.beautydecoded.com\/en\/ingredients\/caprylic-capric-triglyceride\/\" class=\"inci-link\">CAPRYLIC\/CAPRIC TRIGLYCERIDE<\/a>, <a href=\"https:\/\/www.beautydecoded.com\/en\/ingredients\/butyrospermum-parkii-butter\/\" class=\"inci-link\">BUTYROSPERMUM PARKII BUTTER<\/a> (Vegetable shea butter), <a href=\"https:\/\/www.beautydecoded.com\/en\/ingredients\/cetearyl-alcohol\/\" class=\"inci-link\">CETEARYL ALCOHOL<\/a>, <a href=\"https:\/\/www.beautydecoded.com\/en\/ingredients\/bis-diglyceryl-polyacyladipate-2\/\" class=\"inci-link\">BIS-DIGLYCERYL POLYACYLADIPATE-2<\/a>, <a href=\"https:\/\/www.beautydecoded.com\/en\/ingredients\/cocoglycerides\/\" class=\"inci-link\">COCOGLYCERIDES<\/a>, <a href=\"https:\/\/www.beautydecoded.com\/en\/ingredients\/glycerin\/\" class=\"inci-link\">GLYCERIN<\/a>, <a href=\"https:\/\/www.beautydecoded.com\/en\/ingredients\/castor-bean-seed-oil\/\" class=\"inci-link\">Castor Bean Seed Oil<\/a> (Castor vegetable oil), <a href=\"https:\/\/www.beautydecoded.com\/en\/ingredients\/tocopheryl-acetate\/\" class=\"inci-link\">TOCOPHERYL ACETATE<\/a> (Vitamin E derivative), <a href=\"https:\/\/www.beautydecoded.com\/en\/ingredients\/beeswax\/\" class=\"inci-link\">CERA ALBA<\/a>, <a href=\"https:\/\/www.beautydecoded.com\/en\/ingredients\/cetyl-alcohol\/\" class=\"inci-link\">CETYL ALCOHOL<\/a>, <a href=\"https:\/\/www.beautydecoded.com\/en\/ingredients\/stearic-acid\/\" class=\"inci-link\">STEARIC ACID<\/a> (Fatty acid), <a href=\"https:\/\/www.beautydecoded.com\/en\/ingredients\/cetearyl-glucoside\/\" class=\"inci-link\">CETEARYL GLUCOSIDE<\/a> (Nonionic surfactant), <a href=\"https:\/\/www.beautydecoded.com\/en\/ingredients\/benzyl-alcohol\/\" class=\"inci-link\">BENZYL ALCOHOL<\/a> (Regulated allergen), <a href=\"https:\/\/www.beautydecoded.com\/en\/ingredients\/bisabolol\/\" class=\"inci-link\">BISABOLOL<\/a> (Active ingredient derived from chamomile), <a href=\"https:\/\/www.beautydecoded.com\/en\/ingredients\/hydroxyacetophenone\/\" class=\"inci-link\">HYDROXYACETOPHENONE<\/a>, <a href=\"https:\/\/www.beautydecoded.com\/en\/ingredients\/ammonium-acryloyldimethyltaurate-vp-copolymer\/\" class=\"inci-link\">AMMONIUM ACRYLOYLDIMETHYLTAURATE\/VP COPOLYMER<\/a>, <a href=\"https:\/\/www.beautydecoded.com\/en\/ingredients\/escin\/\" class=\"inci-link\">ESCIN<\/a> (Active ingredient derived from horse chestnut), <a href=\"https:\/\/www.beautydecoded.com\/en\/ingredients\/sweet-almond-seed-extract\/\" class=\"inci-link\">Sweet Almond Seed Extract<\/a> (Sweet almond), <a href=\"https:\/\/www.beautydecoded.com\/en\/ingredients\/allantoin\/\" class=\"inci-link\">ALLANTOIN<\/a> (Active ingredient derived from comfrey), <a href=\"https:\/\/www.beautydecoded.com\/en\/ingredients\/caffeine\/\" class=\"inci-link\">CAFFEINE<\/a> (Active ingredient derived from the Arabian coffee tree), <a href=\"https:\/\/www.beautydecoded.com\/en\/ingredients\/acrylates-c10-30-alkyl-acrylate-crosspolymer\/\" class=\"inci-link\">ACRYLATES\/C10-30 ALKYL ACRYLATE CROSSPOLYMER<\/a>, <a href=\"https:\/\/www.beautydecoded.com\/en\/ingredients\/decarboxy-carnosine-hcl\/\" class=\"inci-link\">DECARBOXY CARNOSINE HCL<\/a> (Peptide), <a href=\"https:\/\/www.beautydecoded.com\/en\/ingredients\/sodium-hydroxide\/\" class=\"inci-link\">SODIUM HYDROXIDE<\/a>, <a href=\"https:\/\/www.beautydecoded.com\/en\/ingredients\/1-2-hexanediol\/\" class=\"inci-link\">1,2-HEXANEDIOL<\/a>, <a href=\"https:\/\/www.beautydecoded.com\/en\/ingredients\/caprylyl-glycol\/\" class=\"inci-link\">CAPRYLYL GLYCOL<\/a>, <a href=\"https:\/\/www.beautydecoded.com\/en\/ingredients\/butylene-glycol\/\" class=\"inci-link\">BUTYLENE GLYCOL<\/a>, <a href=\"https:\/\/www.beautydecoded.com\/en\/ingredients\/here-16035\/\" class=\"inci-link\">CI 16035<\/a> (Red dye), <a href=\"https:\/\/www.beautydecoded.com\/en\/ingredients\/ci-19140\/\" class=\"inci-link\">CI 19140<\/a> (Yellow dye)<\/p>\n<p>Ce soin contour des yeux de Dr Pierre Ricaud associe plusieurs actifs fonctionnels ciblant les principales probl\u00e9matiques de la zone p\u00e9ri-orbitaire. La **caf\u00e9ine** exerce une action vasoconstrictrice et drainante, contribuant \u00e0 r\u00e9duire l&rsquo;aspect des poches et des cernes vasculaires. L&rsquo;**escine**, saponoside extrait du marron d&rsquo;Inde, renforce la paroi capillaire et favorise le retour veineux, agissant en synergie avec la caf\u00e9ine sur la microcirculation locale. Le **d\u00e9carboxy carnosine HCL** est un dipeptide de synth\u00e8se qui intervient dans la lutte contre la glycation des prot\u00e9ines cutan\u00e9es, participant au maintien de la fermet\u00e9 et de l&rsquo;\u00e9lasticit\u00e9. L&rsquo;**allanto\u00efne** et le **bisabolol** apportent des propri\u00e9t\u00e9s apaisantes et r\u00e9paratrices sur une peau souvent fragilis\u00e9e par les frottements. La base \u00e9molliente, enrichie en **beurre de karit\u00e9** (Butyrospermum Parkii), **huile de ricin** et **triglyc\u00e9rides caprylique\/caprique**, assure une nutrition et un confort cutan\u00e9 sans occlusion excessive. L&rsquo;**extrait de graines d&rsquo;amande douce** compl\u00e8te l&rsquo;action adoucissante. Ce produit convient particuli\u00e8rement aux peaux pr\u00e9sentant des signes de fatigue (poches, cernes), ainsi qu&rsquo;aux peaux matures ou d\u00e9shydrat\u00e9es n\u00e9cessitant un soin nourrissant et raffermissant de la zone contour des yeux.<\/p>","protected":false},"excerpt":{"rendered":"<p>Analyze composition on the BeautyDecoded App<\/p>","protected":false},"featured_media":72393,"comment_status":"open","ping_status":"open","template":"","meta":{"_acf_changed":false,"_kad_blocks_custom_css":"","_kad_blocks_head_custom_js":"","_kad_blocks_body_custom_js":"","_kad_blocks_footer_custom_js":"","_kad_post_transparent":"","_kad_post_title":"","_kad_post_layout":"","_kad_post_sidebar_id":"","_kad_post_content_style":"","_kad_post_vertical_padding":"","_kad_post_feature":"","_kad_post_feature_position":"","_kad_post_header":false,"_kad_post_footer":false},"product_brand":[],"product_cat":[653],"product_tag":[],"class_list":{"0":"post-72392","1":"product","2":"type-product","3":"status-publish","4":"has-post-thumbnail","6":"product_cat-dr-pierre-ricaud","7":"pa_actif-karitebutter","8":"pa_actif-ricinoil","9":"pa_type-de-produit-eyes","11":"first","12":"instock","13":"product-type-external","14":"entry","15":"content-bg","16":"loop-entry"},"acf":[],"taxonomy_info":{"product_cat":[{"value":653,"label":"Dr Pierre Ricaud"}],"pa_actif":[{"value":550,"label":"karitebutter"},{"value":555,"label":"ricinoil"}],"pa_type-de-produit":[{"value":552,"label":"eyes"}]},"featured_image_src_large":["https:\/\/www.beautydecoded.com\/wp-content\/uploads\/2026\/04\/cdy-defroisseur.webp",760,760,false],"author_info":[],"comment_info":3,"_links":{"self":[{"href":"https:\/\/www.beautydecoded.com\/en\/wp-json\/wp\/v2\/product\/72392","targetHints":{"allow":["GET"]}}],"collection":[{"href":"https:\/\/www.beautydecoded.com\/en\/wp-json\/wp\/v2\/product"}],"about":[{"href":"https:\/\/www.beautydecoded.com\/en\/wp-json\/wp\/v2\/types\/product"}],"replies":[{"embeddable":true,"href":"https:\/\/www.beautydecoded.com\/en\/wp-json\/wp\/v2\/comments?post=72392"}],"wp:featuredmedia":[{"embeddable":true,"href":"https:\/\/www.beautydecoded.com\/en\/wp-json\/wp\/v2\/media\/72393"}],"wp:attachment":[{"href":"https:\/\/www.beautydecoded.com\/en\/wp-json\/wp\/v2\/media?parent=72392"}],"wp:term":[{"taxonomy":"product_brand","embeddable":true,"href":"https:\/\/www.beautydecoded.com\/en\/wp-json\/wp\/v2\/product_brand?post=72392"},{"taxonomy":"product_cat","embeddable":true,"href":"https:\/\/www.beautydecoded.com\/en\/wp-json\/wp\/v2\/product_cat?post=72392"},{"taxonomy":"product_tag","embeddable":true,"href":"https:\/\/www.beautydecoded.com\/en\/wp-json\/wp\/v2\/product_tag?post=72392"}],"curies":[{"name":"wp","href":"https:\/\/api.w.org\/{rel}","templated":true}]}}