{"id":72449,"date":"2026-04-02T17:38:08","date_gmt":"2026-04-02T15:38:08","guid":{"rendered":"https:\/\/www.beautydecoded.com\/produits\/non class\u00e9\/toleriane-dermallergo-creme-2\/"},"modified":"2026-04-02T19:57:01","modified_gmt":"2026-04-02T17:57:01","slug":"toleriane-dermallergo-creme-2","status":"publish","type":"product","link":"https:\/\/www.beautydecoded.com\/en\/products\/la-roche-posay\/toleriane-dermallergo-creme-2\/","title":{"rendered":"Toleriane Dermallergo cream"},"content":{"rendered":"<p><a href=\"https:\/\/www.beautydecoded.com\/en\/ingredients\/aqua\/\" class=\"inci-link\">AQUA<\/a>, <a href=\"https:\/\/www.beautydecoded.com\/en\/ingredients\/glycerin\/\" class=\"inci-link\">GLYCERIN<\/a>, <a href=\"https:\/\/www.beautydecoded.com\/en\/ingredients\/butylene-glycol\/\" class=\"inci-link\">BUTYLENE GLYCOL<\/a>, <a href=\"https:\/\/www.beautydecoded.com\/en\/ingredients\/propanediol\/\" class=\"inci-link\">PROPANEDIOL<\/a>, <a href=\"https:\/\/www.beautydecoded.com\/en\/ingredients\/squalane\/\" class=\"inci-link\">SQUALANE<\/a> (Squalane, Hydrogenated Oil), <a href=\"https:\/\/www.beautydecoded.com\/en\/ingredients\/butyrospermum-parkii-butter\/\" class=\"inci-link\">BUTYROSPERMUM PARKII BUTTER<\/a> (Vegetable shea butter), <a href=\"https:\/\/www.beautydecoded.com\/en\/ingredients\/pentylene-glycol\/\" class=\"inci-link\">PENTYLENE GLYCOL<\/a>, <a href=\"https:\/\/www.beautydecoded.com\/en\/ingredients\/niacinamide\/\" class=\"inci-link\">NIACINAMIDE<\/a> (Vitamin B3), <a href=\"https:\/\/www.beautydecoded.com\/en\/ingredients\/cellulose\/\" class=\"inci-link\">CELLULOSE<\/a>, <a href=\"https:\/\/www.beautydecoded.com\/en\/ingredients\/corn-starch\/\" class=\"inci-link\">ZEA MAYS STARCH<\/a>, <a href=\"https:\/\/www.beautydecoded.com\/en\/ingredients\/polysorbate-20\/\" class=\"inci-link\">POLYSORBATE 20<\/a> (Nonionic surfactant), <a href=\"https:\/\/www.beautydecoded.com\/en\/ingredients\/salvia-miltiorrhiza-root-extract\/\" class=\"inci-link\">Salvia miltiorrhiza root extract<\/a>, <a href=\"https:\/\/www.beautydecoded.com\/en\/ingredients\/glyceryl-acrylate-acrylic-acid-copolymer\/\" class=\"inci-link\">GLYCERYL ACRYLATE\/ACRYLIC ACID COPOLYMER<\/a>, <a href=\"https:\/\/www.beautydecoded.com\/en\/ingredients\/sphingomonas-ferment-extract\/\" class=\"inci-link\">SPHINGOMONAS FERMENT EXTRACT<\/a> (Ferments), <a href=\"https:\/\/www.beautydecoded.com\/en\/ingredients\/ammonium-polyacryloyldimethyl-taurate\/\" class=\"inci-link\">AMMONIUM POLYACRYLOYLDIMETHYL TAURATE<\/a>, <a href=\"https:\/\/www.beautydecoded.com\/en\/ingredients\/hydroxyacetophenone\/\" class=\"inci-link\">HYDROXYACETOPHENONE<\/a>, <a href=\"https:\/\/www.beautydecoded.com\/en\/ingredients\/citric-acid\/\" class=\"inci-link\">CITRIC ACID<\/a>, <a href=\"https:\/\/www.beautydecoded.com\/en\/ingredients\/trisodium-ethylenediamine-disuccinate\/\" class=\"inci-link\">TRISODIUM ETHYLENEDIAMINE DISUCCINATE<\/a>, <a href=\"https:\/\/www.beautydecoded.com\/en\/ingredients\/acetyl-dipeptide-1-cetyl-ester\/\" class=\"inci-link\">Acetyl Dipepetide-1 Cetyl Ester<\/a> (Peptide)<\/p>\n<p>La Toleriane Dermallergo Cr\u00e8me de La Roche-Posay est une cr\u00e8me contour des yeux formul\u00e9e pour les peaux sensibles et r\u00e9actives, y compris celles sujettes aux allergies cutan\u00e9es. Sa base apaisante repose sur la glyc\u00e9rine et le propanediol, deux humectants qui maintiennent l&rsquo;hydratation \u00e9pidermique, compl\u00e9t\u00e9s par le squalane et le beurre de karit\u00e9 (*Butyrospermum parkii*), qui renforcent la barri\u00e8re lipidique et limitent la perte insensible en eau. La niacinamide (vitamine B3) agit sur la r\u00e9gulation de la r\u00e9ponse inflammatoire locale et contribue \u00e0 uniformiser le teint de la zone p\u00e9ri-oculaire. L&rsquo;extrait de racine de *Salvia miltiorrhiza* apporte des propri\u00e9t\u00e9s antioxydantes document\u00e9es, tandis que le *Sphingomonas ferment extract*, d\u00e9riv\u00e9 d&rsquo;une bact\u00e9rie productrice de sphinganes, soutient l&rsquo;int\u00e9grit\u00e9 de la barri\u00e8re cutan\u00e9e en mimant l&rsquo;action des c\u00e9ramides. L&rsquo;ac\u00e9tyl dipeptide-1 c\u00e9tyl ester est un peptide neurocosm\u00e9tique qui cible la contraction musculaire r\u00e9p\u00e9titive \u00e0 l&rsquo;origine des rides d&rsquo;expression. La formule est d\u00e9pourvue de parfum et de conservateurs classiques potentiellement irritants, ce qui la rend adapt\u00e9e aux peaux atopiques, intol\u00e9rantes ou hypersensibles cherchant un soin contour des yeux tol\u00e9rable au quotidien.<\/p>","protected":false},"excerpt":{"rendered":"<p>Analyze composition on the BeautyDecoded App<\/p>","protected":false},"featured_media":62559,"comment_status":"open","ping_status":"open","template":"","meta":{"_acf_changed":false,"_kad_blocks_custom_css":"","_kad_blocks_head_custom_js":"","_kad_blocks_body_custom_js":"","_kad_blocks_footer_custom_js":"","_kad_post_transparent":"","_kad_post_title":"","_kad_post_layout":"","_kad_post_sidebar_id":"","_kad_post_content_style":"","_kad_post_vertical_padding":"","_kad_post_feature":"","_kad_post_feature_position":"","_kad_post_header":false,"_kad_post_footer":false},"product_brand":[],"product_cat":[205],"product_tag":[],"class_list":{"0":"post-72449","1":"product","2":"type-product","3":"status-publish","4":"has-post-thumbnail","6":"product_cat-la-roche-posay","7":"pa_actif-karitebutter","8":"pa_actif-niacinamide","9":"pa_type-de-produit-eyes","11":"first","12":"instock","13":"product-type-external","14":"entry","15":"content-bg","16":"loop-entry"},"acf":[],"taxonomy_info":{"product_cat":[{"value":205,"label":"La roche-Posay"}],"pa_actif":[{"value":550,"label":"karitebutter"},{"value":541,"label":"niacinamide"}],"pa_type-de-produit":[{"value":552,"label":"eyes"}]},"featured_image_src_large":["https:\/\/www.beautydecoded.com\/wp-content\/uploads\/2025\/12\/3337875757614.jpeg",930,930,false],"author_info":[],"comment_info":2,"_links":{"self":[{"href":"https:\/\/www.beautydecoded.com\/en\/wp-json\/wp\/v2\/product\/72449","targetHints":{"allow":["GET"]}}],"collection":[{"href":"https:\/\/www.beautydecoded.com\/en\/wp-json\/wp\/v2\/product"}],"about":[{"href":"https:\/\/www.beautydecoded.com\/en\/wp-json\/wp\/v2\/types\/product"}],"replies":[{"embeddable":true,"href":"https:\/\/www.beautydecoded.com\/en\/wp-json\/wp\/v2\/comments?post=72449"}],"wp:featuredmedia":[{"embeddable":true,"href":"https:\/\/www.beautydecoded.com\/en\/wp-json\/wp\/v2\/media\/62559"}],"wp:attachment":[{"href":"https:\/\/www.beautydecoded.com\/en\/wp-json\/wp\/v2\/media?parent=72449"}],"wp:term":[{"taxonomy":"product_brand","embeddable":true,"href":"https:\/\/www.beautydecoded.com\/en\/wp-json\/wp\/v2\/product_brand?post=72449"},{"taxonomy":"product_cat","embeddable":true,"href":"https:\/\/www.beautydecoded.com\/en\/wp-json\/wp\/v2\/product_cat?post=72449"},{"taxonomy":"product_tag","embeddable":true,"href":"https:\/\/www.beautydecoded.com\/en\/wp-json\/wp\/v2\/product_tag?post=72449"}],"curies":[{"name":"wp","href":"https:\/\/api.w.org\/{rel}","templated":true}]}}