{"id":72546,"date":"2026-04-02T17:39:33","date_gmt":"2026-04-02T15:39:33","guid":{"rendered":"https:\/\/www.beautydecoded.com\/produits\/non class\u00e9\/gommage-visage-nourrissant-huile-dargan\/"},"modified":"2026-04-02T19:57:13","modified_gmt":"2026-04-02T17:57:13","slug":"nourishing-face-scrub-dargan-oil","status":"publish","type":"product","link":"https:\/\/www.beautydecoded.com\/en\/products\/evoluderm\/nourishing-face-scrub-dargan-oil\/","title":{"rendered":"Nourishing Face Scrub Argan Oil"},"content":{"rendered":"<p><a href=\"https:\/\/www.beautydecoded.com\/en\/ingredients\/aqua\/\" class=\"inci-link\">AQUA<\/a>, <a href=\"https:\/\/www.beautydecoded.com\/en\/ingredients\/kaolin\/\" class=\"inci-link\">KAOLIN<\/a> (Clay), <a href=\"https:\/\/www.beautydecoded.com\/en\/ingredients\/glycerin\/\" class=\"inci-link\">GLYCERIN<\/a>, <a href=\"https:\/\/www.beautydecoded.com\/en\/ingredients\/cetearyl-alcohol\/\" class=\"inci-link\">CETEARYL ALCOHOL<\/a>, <a href=\"https:\/\/www.beautydecoded.com\/en\/ingredients\/pumice\/\" class=\"inci-link\">PUMICE<\/a>, <a href=\"https:\/\/www.beautydecoded.com\/en\/ingredients\/caprylic-capric-triglyceride\/\" class=\"inci-link\">CAPRYLIC\/CAPRIC TRIGLYCERIDE<\/a>, <a href=\"https:\/\/www.beautydecoded.com\/en\/ingredients\/ceteareth-33\/\" class=\"inci-link\">CETEARETH-33<\/a>, <a href=\"https:\/\/www.beautydecoded.com\/en\/ingredients\/argania-spinosa-kernel-oil\/\" class=\"inci-link\">ARGANIA SPINOSA KERNEL OIL<\/a> (Argan vegetable oil), <a href=\"https:\/\/www.beautydecoded.com\/en\/ingredients\/prunus-armeniaca-seed-powder\/\" class=\"inci-link\">Peach Seed Powder<\/a> (Apricot), <a href=\"https:\/\/www.beautydecoded.com\/en\/ingredients\/citric-acid\/\" class=\"inci-link\">CITRIC ACID<\/a>, <a href=\"https:\/\/www.beautydecoded.com\/en\/ingredients\/fragrance\/\" class=\"inci-link\">PERFUM<\/a> (Perfume), <a href=\"https:\/\/www.beautydecoded.com\/en\/ingredients\/pentylene-glycol\/\" class=\"inci-link\">PENTYLENE GLYCOL<\/a>, <a href=\"https:\/\/www.beautydecoded.com\/en\/ingredients\/sodium-benzoate\/\" class=\"inci-link\">SODIUM BENZOATE<\/a>, <a href=\"https:\/\/www.beautydecoded.com\/en\/ingredients\/chlorphenesin\/\" class=\"inci-link\">CHLORPHENESIN<\/a>, <a href=\"https:\/\/www.beautydecoded.com\/en\/ingredients\/ci-19140\/\" class=\"inci-link\">CI 19140<\/a> (Yellow dye), <a href=\"https:\/\/www.beautydecoded.com\/en\/ingredients\/here-14700\/\" class=\"inci-link\">CI 14700<\/a> (Red dye)<\/p>\n<p>Le Gommage Visage Nourrissant \u00e0 l&rsquo;Huile d&rsquo;Argan d&rsquo;Evoluderm associe deux agents exfoliants m\u00e9caniques compl\u00e9mentaires : la poudre de noyau d&rsquo;abricot (*Prunus armeniaca* seed powder) et la pierre ponce (pumice), qui permettent d&rsquo;\u00e9liminer m\u00e9caniquement les cellules mortes et d&rsquo;affiner le grain de peau. L&rsquo;huile d&rsquo;argan (*Argania spinosa* kernel oil), riche en acides gras insatur\u00e9s et en tocoph\u00e9rols, apporte un effet nourrissant et contribue \u00e0 restaurer le film lipidique cutan\u00e9 apr\u00e8s l&rsquo;exfoliation. La glyc\u00e9rine, humectant classique, aide \u00e0 maintenir l&rsquo;hydratation de la peau en attirant les mol\u00e9cules d&rsquo;eau vers les couches superficielles de l&rsquo;\u00e9piderme. L&rsquo;alcool c\u00e9t\u00e9arylique et le triglyc\u00e9ride caprylique\/caprique assurent une texture \u00e9molliente qui limite l&rsquo;effet dess\u00e9chant souvent associ\u00e9 aux gommages. La formule est conserv\u00e9e par un syst\u00e8me combinant sodium benzoate et chlorph\u00e9n\u00e9sine. Ce produit convient aux peaux normales \u00e0 s\u00e8ches n\u00e9cessitant une exfoliation douce associ\u00e9e \u00e0 un apport lipidique, mais est d\u00e9conseill\u00e9 aux peaux sensibles ou r\u00e9actives en raison de la pr\u00e9sence de parfum et de l&rsquo;action m\u00e9canique des abrasifs.<\/p>","protected":false},"excerpt":{"rendered":"<p>Analyze composition on the BeautyDecoded App<\/p>","protected":false},"featured_media":72547,"comment_status":"open","ping_status":"open","template":"","meta":{"_acf_changed":false,"_kad_blocks_custom_css":"","_kad_blocks_head_custom_js":"","_kad_blocks_body_custom_js":"","_kad_blocks_footer_custom_js":"","_kad_post_transparent":"","_kad_post_title":"","_kad_post_layout":"","_kad_post_sidebar_id":"","_kad_post_content_style":"","_kad_post_vertical_padding":"","_kad_post_feature":"","_kad_post_feature_position":"","_kad_post_header":false,"_kad_post_footer":false},"product_brand":[],"product_cat":[673],"product_tag":[],"class_list":{"0":"post-72546","1":"product","2":"type-product","3":"status-publish","4":"has-post-thumbnail","6":"product_cat-evoluderm","7":"pa_actif-arganoil","8":"pa_type-de-produit-lotion","10":"first","11":"instock","12":"product-type-external","13":"entry","14":"content-bg","15":"loop-entry"},"acf":[],"taxonomy_info":{"product_cat":[{"value":673,"label":"Evoluderm"}],"pa_actif":[{"value":560,"label":"arganoil"}],"pa_type-de-produit":[{"value":543,"label":"lotion"}]},"featured_image_src_large":["https:\/\/www.beautydecoded.com\/wp-content\/uploads\/2026\/04\/gommage-nourrissant-huile-dargan.jpg",800,800,false],"author_info":[],"comment_info":2,"_links":{"self":[{"href":"https:\/\/www.beautydecoded.com\/en\/wp-json\/wp\/v2\/product\/72546","targetHints":{"allow":["GET"]}}],"collection":[{"href":"https:\/\/www.beautydecoded.com\/en\/wp-json\/wp\/v2\/product"}],"about":[{"href":"https:\/\/www.beautydecoded.com\/en\/wp-json\/wp\/v2\/types\/product"}],"replies":[{"embeddable":true,"href":"https:\/\/www.beautydecoded.com\/en\/wp-json\/wp\/v2\/comments?post=72546"}],"wp:featuredmedia":[{"embeddable":true,"href":"https:\/\/www.beautydecoded.com\/en\/wp-json\/wp\/v2\/media\/72547"}],"wp:attachment":[{"href":"https:\/\/www.beautydecoded.com\/en\/wp-json\/wp\/v2\/media?parent=72546"}],"wp:term":[{"taxonomy":"product_brand","embeddable":true,"href":"https:\/\/www.beautydecoded.com\/en\/wp-json\/wp\/v2\/product_brand?post=72546"},{"taxonomy":"product_cat","embeddable":true,"href":"https:\/\/www.beautydecoded.com\/en\/wp-json\/wp\/v2\/product_cat?post=72546"},{"taxonomy":"product_tag","embeddable":true,"href":"https:\/\/www.beautydecoded.com\/en\/wp-json\/wp\/v2\/product_tag?post=72546"}],"curies":[{"name":"wp","href":"https:\/\/api.w.org\/{rel}","templated":true}]}}