{"id":72616,"date":"2026-04-02T17:40:10","date_gmt":"2026-04-02T15:40:10","guid":{"rendered":"https:\/\/www.beautydecoded.com\/produits\/non class\u00e9\/ceramide-enriched-moisturizer\/"},"modified":"2026-04-02T19:56:55","modified_gmt":"2026-04-02T17:56:55","slug":"ceramide-enriched-moisturizer","status":"publish","type":"product","link":"https:\/\/www.beautydecoded.com\/en\/products\/paulas-choice\/ceramide-enriched-moisturizer\/","title":{"rendered":"Ceramide-Enriched Moisturizer"},"content":{"rendered":"<p><a href=\"https:\/\/www.beautydecoded.com\/en\/ingredients\/aqua\/\" class=\"inci-link\">AQUA<\/a>, <a href=\"https:\/\/www.beautydecoded.com\/en\/ingredients\/neopentyl-glycol-diheptanoate\/\" class=\"inci-link\">NEOPENTYL GLYCOL DIHEPTANOATE<\/a>, <a href=\"https:\/\/www.beautydecoded.com\/en\/ingredients\/cetyl-alcohol\/\" class=\"inci-link\">CETYL ALCOHOL<\/a>, <a href=\"https:\/\/www.beautydecoded.com\/en\/ingredients\/butylene-glycol\/\" class=\"inci-link\">BUTYLENE GLYCOL<\/a>, <a href=\"https:\/\/www.beautydecoded.com\/en\/ingredients\/glycerin\/\" class=\"inci-link\">GLYCERIN<\/a>, <a href=\"https:\/\/www.beautydecoded.com\/en\/ingredients\/glyceryl-stearate\/\" class=\"inci-link\">GLYCERYL STEARATE<\/a>, <a href=\"https:\/\/www.beautydecoded.com\/en\/ingredients\/peg-100-stearate\/\" class=\"inci-link\">PEG-100 STEARATE<\/a> (Nonionic surfactant), <a href=\"https:\/\/www.beautydecoded.com\/en\/ingredients\/ammonium-acryloyldimethyltaurate-vp-copolymer\/\" class=\"inci-link\">AMMONIUM ACRYLOYLDIMETHYLTAURATE\/VP COPOLYMER<\/a>, <a href=\"https:\/\/www.beautydecoded.com\/en\/ingredients\/ascorbyl-glucoside\/\" class=\"inci-link\">ASCORBYL GLUCOSIDE<\/a> (Vitamin C derivative), <a href=\"https:\/\/www.beautydecoded.com\/en\/ingredients\/potassium-cetyl-phosphate\/\" class=\"inci-link\">POTASSIUM CETYL PHOSPHATE<\/a>, <a href=\"https:\/\/www.beautydecoded.com\/en\/ingredients\/sodium-ascorbyl-phosphate\/\" class=\"inci-link\">SODIUM ASCORBYL PHOSPHATE<\/a> (Vitamin C derivative), <a href=\"https:\/\/www.beautydecoded.com\/en\/ingredients\/bis-diglyceryl-polyacyladipate-2\/\" class=\"inci-link\">BIS-DIGLYCERYL POLYACYLADIPATE-2<\/a>, <a href=\"https:\/\/www.beautydecoded.com\/en\/ingredients\/polyglyceryl-10-dioleate\/\" class=\"inci-link\">Polygyceryl-10 dioleate<\/a>, <a href=\"https:\/\/www.beautydecoded.com\/en\/ingredients\/tetrahexyldecyl-ascorbate\/\" class=\"inci-link\">TETRAHEXYLDECYL ASCORBATE<\/a> (Vitamin C derivative), <a href=\"https:\/\/www.beautydecoded.com\/en\/ingredients\/ceramide-ns\/\" class=\"inci-link\">CERAMIDE NS<\/a> (Ceramide), <a href=\"https:\/\/www.beautydecoded.com\/en\/ingredients\/ceramide-eop\/\" class=\"inci-link\">CERAMIDE EOP<\/a> (Ceramide), <a href=\"https:\/\/www.beautydecoded.com\/en\/ingredients\/ceramide-ap\/\" class=\"inci-link\">CERAMIDE AP<\/a> (Ceramide), <a href=\"https:\/\/www.beautydecoded.com\/en\/ingredients\/ceramide-eos\/\" class=\"inci-link\">CERAMIDE EOS<\/a> (Ceramide), <a href=\"https:\/\/www.beautydecoded.com\/en\/ingredients\/ceramide-np\/\" class=\"inci-link\">CERAMIDE NP<\/a> (Ceramide), <a href=\"https:\/\/www.beautydecoded.com\/en\/ingredients\/palmitoyl-tripeptide-5\/\" class=\"inci-link\">PALMITOYL TRIPEPTIDE-5<\/a> (Peptide), <a href=\"https:\/\/www.beautydecoded.com\/en\/ingredients\/acetyl-tetrapeptide-5\/\" class=\"inci-link\">Acetyl Tetrapeptide-5<\/a> (Peptide), <a href=\"https:\/\/www.beautydecoded.com\/en\/ingredients\/sodium-hyaluronate\/\" class=\"inci-link\">SODIUM HYALURONATE<\/a> (Hyaluronic acid), <a href=\"https:\/\/www.beautydecoded.com\/en\/ingredients\/caprooyl-phytosphingosine\/\" class=\"inci-link\">CAPROOYL PHYTOSPHINGOSINE<\/a> (Pre ceramide), <a href=\"https:\/\/www.beautydecoded.com\/en\/ingredients\/caprooyl-sphingosine\/\" class=\"inci-link\">CAPROOYL SPHINGOSINE<\/a>, <a href=\"https:\/\/www.beautydecoded.com\/en\/ingredients\/cholesterol\/\" class=\"inci-link\">CHOLESTEROL<\/a> (Cholesterol), <a href=\"https:\/\/www.beautydecoded.com\/en\/ingredients\/squalane\/\" class=\"inci-link\">SQUALANE<\/a> (Squalane, Hydrogenated Oil), <a href=\"https:\/\/www.beautydecoded.com\/en\/ingredients\/retinol\/\" class=\"inci-link\">RETINOL<\/a> (Retinol), <a href=\"https:\/\/www.beautydecoded.com\/en\/ingredients\/vitis-vinifera-seed-extract\/\" class=\"inci-link\">VITIS VINIFERA SEED EXTRACT<\/a> (Vine), <a href=\"https:\/\/www.beautydecoded.com\/en\/ingredients\/licorice-root-extract\/\" class=\"inci-link\">Licorice Root Extract<\/a> (Licorice), <a href=\"https:\/\/www.beautydecoded.com\/en\/ingredients\/pomegranate-fruit-extract\/\" class=\"inci-link\">Pomegranate Fruit Extract<\/a> (Granada), <a href=\"https:\/\/www.beautydecoded.com\/en\/ingredients\/dunaliella-salina-extract\/\" class=\"inci-link\">DUNALIELLA SALINA EXTRACT<\/a> (Seaweed extracts), <a href=\"https:\/\/www.beautydecoded.com\/en\/ingredients\/pongamia-glabra-seed-oil\/\" class=\"inci-link\">PONGAMIA GLABRA SEED OIL<\/a> (Karanja vegetable oil), <a href=\"https:\/\/www.beautydecoded.com\/en\/ingredients\/tocopheryl-acetate\/\" class=\"inci-link\">TOCOPHERYL ACETATE<\/a> (Vitamin E derivative), <a href=\"https:\/\/www.beautydecoded.com\/en\/ingredients\/allantoin\/\" class=\"inci-link\">ALLANTOIN<\/a> (Active ingredient derived from comfrey), <a href=\"https:\/\/www.beautydecoded.com\/en\/ingredients\/bisabolol\/\" class=\"inci-link\">BISABOLOL<\/a> (Active ingredient derived from chamomile), <a href=\"https:\/\/www.beautydecoded.com\/en\/ingredients\/carnosine\/\" class=\"inci-link\">CARNOSINE<\/a> (Peptide), <a href=\"https:\/\/www.beautydecoded.com\/en\/ingredients\/panthenol\/\" class=\"inci-link\">PANTHENOL<\/a> (Pro-vitamin B5), <a href=\"https:\/\/www.beautydecoded.com\/en\/ingredients\/sodium-pca\/\" class=\"inci-link\">SODIUM PCA<\/a> (Natural moisturizing factor), <a href=\"https:\/\/www.beautydecoded.com\/en\/ingredients\/pullulan\/\" class=\"inci-link\">PULLULAN<\/a>, <a href=\"https:\/\/www.beautydecoded.com\/en\/ingredients\/glyceryl-ascorbate\/\" class=\"inci-link\">GLYCERYL ASCORBATE<\/a> (Vitamin C derivative), <a href=\"https:\/\/www.beautydecoded.com\/en\/ingredients\/behenic-acid\/\" class=\"inci-link\">BEHENIC ACID<\/a>, <a href=\"https:\/\/www.beautydecoded.com\/en\/ingredients\/dimethicone\/\" class=\"inci-link\">DIMETHICONE<\/a> (Silicone), <a href=\"https:\/\/www.beautydecoded.com\/en\/ingredients\/sodium-citrate\/\" class=\"inci-link\">SODIUM CITRATE<\/a>, <a href=\"https:\/\/www.beautydecoded.com\/en\/ingredients\/sodium-polyacrylate\/\" class=\"inci-link\">SODIUM POLYACRYLATE<\/a>, <a href=\"https:\/\/www.beautydecoded.com\/en\/ingredients\/caprylyl-glycol\/\" class=\"inci-link\">CAPRYLYL GLYCOL<\/a>, <a href=\"https:\/\/www.beautydecoded.com\/en\/ingredients\/ethylhexyl-stearate\/\" class=\"inci-link\">Ethylhexyl stearate<\/a>, <a href=\"https:\/\/www.beautydecoded.com\/en\/ingredients\/ceteareth-25\/\" class=\"inci-link\">CETEARETH-25<\/a>, <a href=\"https:\/\/www.beautydecoded.com\/en\/ingredients\/sodium-hydroxide\/\" class=\"inci-link\">SODIUM HYDROXIDE<\/a>, <a href=\"https:\/\/www.beautydecoded.com\/en\/ingredients\/trideceth-6\/\" class=\"inci-link\">TRIDECETH-6<\/a>, <a href=\"https:\/\/www.beautydecoded.com\/en\/ingredients\/propyl-gallate\/\" class=\"inci-link\">PROPYL GALLATE<\/a> (Antioxidant), <a href=\"https:\/\/www.beautydecoded.com\/en\/ingredients\/polysorbate-20\/\" class=\"inci-link\">POLYSORBATE 20<\/a> (Nonionic surfactant), <a href=\"https:\/\/www.beautydecoded.com\/en\/ingredients\/disodium-edta\/\" class=\"inci-link\">DISODIUM EDTA<\/a>, <a href=\"https:\/\/www.beautydecoded.com\/en\/ingredients\/mica\/\" class=\"inci-link\">MICA<\/a> (Pearlescent colorant), <a href=\"https:\/\/www.beautydecoded.com\/en\/ingredients\/phenoxyethanol\/\" class=\"inci-link\">PHENOXYETHANOL<\/a>, <a href=\"https:\/\/www.beautydecoded.com\/en\/ingredients\/chlorphenesin\/\" class=\"inci-link\">CHLORPHENESIN<\/a>, <a href=\"https:\/\/www.beautydecoded.com\/en\/ingredients\/sodium-benzoate\/\" class=\"inci-link\">SODIUM BENZOATE<\/a><\/p>\n<p>Ce soin contour des yeux de Paula&rsquo;s Choice repose sur une combinaison dense d&rsquo;actifs ciblant plusieurs m\u00e9canismes du vieillissement cutan\u00e9. Le complexe c\u00e9ramides (NS, EOP, AP, EOS, NP), associ\u00e9 au cholest\u00e9rol, \u00e0 la caprooyl phytosphingosine et \u00e0 la caprooyl sphingosine, reconstitue la barri\u00e8re lipidique de l&rsquo;\u00e9piderme, limitant la perte insensible en eau \u2014 particuli\u00e8rement utile dans la zone p\u00e9ri-orbitaire, dont la peau est fine et pauvre en glandes s\u00e9bac\u00e9es. L&rsquo;hydratation est renforc\u00e9e par le sodium hyaluronate, le glyc\u00e9rol, le sodium PCA et le panth\u00e9nol, qui agissent comme humectants \u00e0 diff\u00e9rents niveaux de la peau. Sur le plan anti-\u00e2ge, le r\u00e9tinol stimule le renouvellement cellulaire et la synth\u00e8se de collag\u00e8ne, tandis que le palmitoyl tripeptide-5 et l&rsquo;ac\u00e9tyl t\u00e9trapeptide-5 agissent respectivement sur la densit\u00e9 dermique et la r\u00e9duction des poches par action sur la microcirculation et le drainage lymphatique. Trois formes de vitamine C (ascorbyl glucoside, sodium ascorbyl phosphate, t\u00e9trahexyld\u00e9cyl ascorbate) apportent une action antioxydante et \u00e9claircissante \u00e0 diff\u00e9rentes profondeurs. Le squalane et l&rsquo;huile de Pongamia glabra assurent l&rsquo;occlusion et le confort. Ce produit convient aux peaux matures, d\u00e9shydrat\u00e9es ou pr\u00e9sentant des signes de rel\u00e2chement et de terne autour des yeux, ainsi qu&rsquo;aux peaux sensibles gr\u00e2ce \u00e0 la pr\u00e9sence d&rsquo;allantoin et de bisabolol \u00e0 vis\u00e9e apaisante.<\/p>","protected":false},"excerpt":{"rendered":"<p>Analyze composition on the BeautyDecoded App<\/p>","protected":false},"featured_media":72617,"comment_status":"open","ping_status":"open","template":"","meta":{"_acf_changed":false,"_kad_blocks_custom_css":"","_kad_blocks_head_custom_js":"","_kad_blocks_body_custom_js":"","_kad_blocks_footer_custom_js":"","_kad_post_transparent":"","_kad_post_title":"","_kad_post_layout":"","_kad_post_sidebar_id":"","_kad_post_content_style":"","_kad_post_vertical_padding":"","_kad_post_feature":"","_kad_post_feature_position":"","_kad_post_header":false,"_kad_post_footer":false},"product_brand":[],"product_cat":[209],"product_tag":[],"class_list":{"0":"post-72616","1":"product","2":"type-product","3":"status-publish","4":"has-post-thumbnail","6":"product_cat-paulas-choice","7":"pa_actif-ascorbicacidderivatives","8":"pa_actif-retinol","9":"pa_type-de-produit-eyes","11":"first","12":"instock","13":"product-type-external","14":"entry","15":"content-bg","16":"loop-entry"},"acf":[],"taxonomy_info":{"product_cat":[{"value":209,"label":"Paula's Choice"}],"pa_actif":[{"value":542,"label":"ascorbicacidderivatives"},{"value":557,"label":"retinol"}],"pa_type-de-produit":[{"value":552,"label":"eyes"}]},"featured_image_src_large":["https:\/\/www.beautydecoded.com\/wp-content\/uploads\/2026\/04\/Photo-app-5-26.jpg",800,800,false],"author_info":[],"comment_info":2,"_links":{"self":[{"href":"https:\/\/www.beautydecoded.com\/en\/wp-json\/wp\/v2\/product\/72616","targetHints":{"allow":["GET"]}}],"collection":[{"href":"https:\/\/www.beautydecoded.com\/en\/wp-json\/wp\/v2\/product"}],"about":[{"href":"https:\/\/www.beautydecoded.com\/en\/wp-json\/wp\/v2\/types\/product"}],"replies":[{"embeddable":true,"href":"https:\/\/www.beautydecoded.com\/en\/wp-json\/wp\/v2\/comments?post=72616"}],"wp:featuredmedia":[{"embeddable":true,"href":"https:\/\/www.beautydecoded.com\/en\/wp-json\/wp\/v2\/media\/72617"}],"wp:attachment":[{"href":"https:\/\/www.beautydecoded.com\/en\/wp-json\/wp\/v2\/media?parent=72616"}],"wp:term":[{"taxonomy":"product_brand","embeddable":true,"href":"https:\/\/www.beautydecoded.com\/en\/wp-json\/wp\/v2\/product_brand?post=72616"},{"taxonomy":"product_cat","embeddable":true,"href":"https:\/\/www.beautydecoded.com\/en\/wp-json\/wp\/v2\/product_cat?post=72616"},{"taxonomy":"product_tag","embeddable":true,"href":"https:\/\/www.beautydecoded.com\/en\/wp-json\/wp\/v2\/product_tag?post=72616"}],"curies":[{"name":"wp","href":"https:\/\/api.w.org\/{rel}","templated":true}]}}