{"id":72624,"date":"2026-04-02T17:40:34","date_gmt":"2026-04-02T15:40:34","guid":{"rendered":"https:\/\/www.beautydecoded.com\/produits\/non class\u00e9\/sun-secure-spray-spf50-200ml\/"},"modified":"2026-04-02T19:56:56","modified_gmt":"2026-04-02T17:56:56","slug":"sun-secure-spray-spf50-200ml","status":"publish","type":"product","link":"https:\/\/www.beautydecoded.com\/en\/products\/svr-laboratory\/sun-secure-spray-spf50-200ml\/","title":{"rendered":"Sun Secure Spray SPF50+ 200ml"},"content":{"rendered":"<p><a href=\"https:\/\/www.beautydecoded.com\/en\/ingredients\/aqua\/\" class=\"inci-link\">AQUA<\/a>, <a href=\"https:\/\/www.beautydecoded.com\/en\/ingredients\/dicaprylyl-ether\/\" class=\"inci-link\">DICAPRYLYL ETHER<\/a>, <a href=\"https:\/\/www.beautydecoded.com\/en\/ingredients\/diisopropyl-adipate\/\" class=\"inci-link\">DIISOPROPYL ADIPATE<\/a>, <a href=\"https:\/\/www.beautydecoded.com\/en\/ingredients\/diethylamino-hydroxybenzoyl-hexyl-benzoate\/\" class=\"inci-link\">DIETHYLAMINO HYDROXYBENZOYL HEXYL BENZOATE<\/a> (Uvinul A plus, SHORT UVA filter, LONG UVA filter), <a href=\"https:\/\/www.beautydecoded.com\/en\/ingredients\/ethylhexyl-triazone\/\" class=\"inci-link\">ETHYLHEXYL TRIAZONE<\/a> (Uvinul t150, UVB filter), <a href=\"https:\/\/www.beautydecoded.com\/en\/ingredients\/c12-15-alkyl-benzoate\/\" class=\"inci-link\">C12-15 ALKYL BENZOATE<\/a>, <a href=\"https:\/\/www.beautydecoded.com\/en\/ingredients\/beheneth-25\/\" class=\"inci-link\">BEHENETH-25<\/a>, <a href=\"https:\/\/www.beautydecoded.com\/en\/ingredients\/propanediol\/\" class=\"inci-link\">PROPANEDIOL<\/a>, <a href=\"https:\/\/www.beautydecoded.com\/en\/ingredients\/pentylene-glycol\/\" class=\"inci-link\">PENTYLENE GLYCOL<\/a>, <a href=\"https:\/\/www.beautydecoded.com\/en\/ingredients\/acrylates-c12-22-alkyl-methacrylate-copolymer\/\" class=\"inci-link\">ACRYLATES\/C12-22 ALKYL METHACRYLATE COPOLYMER<\/a>, <a href=\"https:\/\/www.beautydecoded.com\/en\/ingredients\/hydrogenated-vegetable-oil\/\" class=\"inci-link\">HYDROGENATED VEGETABLE OIL<\/a> (Potentially comedogenic), <a href=\"https:\/\/www.beautydecoded.com\/en\/ingredients\/niacinamide\/\" class=\"inci-link\">NIACINAMIDE<\/a> (Vitamin B3), <a href=\"https:\/\/www.beautydecoded.com\/en\/ingredients\/cetearyl-alcohol\/\" class=\"inci-link\">CETEARYL ALCOHOL<\/a>, <a href=\"https:\/\/www.beautydecoded.com\/en\/ingredients\/polyester-7\/\" class=\"inci-link\">POLYESTER-7<\/a>, <a href=\"https:\/\/www.beautydecoded.com\/en\/ingredients\/coconut-glucoside\/\" class=\"inci-link\">COCO-GLUCOSIDE<\/a> (Nonionic surfactant), <a href=\"https:\/\/www.beautydecoded.com\/en\/ingredients\/microcrystalline-cellulose\/\" class=\"inci-link\">MICROCRYSTALLINE CELLULOSE<\/a>, <a href=\"https:\/\/www.beautydecoded.com\/en\/ingredients\/neopentyl-glycol-diheptanoate\/\" class=\"inci-link\">NEOPENTYL GLYCOL DIHEPTANOATE<\/a>, <a href=\"https:\/\/www.beautydecoded.com\/en\/ingredients\/fragrance\/\" class=\"inci-link\">PERFUM<\/a> (Perfume), <a href=\"https:\/\/www.beautydecoded.com\/en\/ingredients\/1-2-hexanediol\/\" class=\"inci-link\">1,2-HEXANEDIOL<\/a>, <a href=\"https:\/\/www.beautydecoded.com\/en\/ingredients\/caprylyl-glycol\/\" class=\"inci-link\">CAPRYLYL GLYCOL<\/a>, <a href=\"https:\/\/www.beautydecoded.com\/en\/ingredients\/glycerin\/\" class=\"inci-link\">GLYCERIN<\/a>, <a href=\"https:\/\/www.beautydecoded.com\/en\/ingredients\/arginine\/\" class=\"inci-link\">ARGININE<\/a> (Amino acid), <a href=\"https:\/\/www.beautydecoded.com\/en\/ingredients\/citric-acid\/\" class=\"inci-link\">CITRIC ACID<\/a>, <a href=\"https:\/\/www.beautydecoded.com\/en\/ingredients\/tocopherol\/\" class=\"inci-link\">TOCOPHEROL<\/a> (Vitamin E), <a href=\"https:\/\/www.beautydecoded.com\/en\/ingredients\/cellulose-gum\/\" class=\"inci-link\">CELLULOSE GUM<\/a>, <a href=\"https:\/\/www.beautydecoded.com\/en\/ingredients\/hydroxyethyl-acrylate-sodium-acryloyldimethyl-taurate-copolymer\/\" class=\"inci-link\">HYDROXYETHYL ACRYLATE\/SODIUM ACRYLOYLDIMETHYL TAURATE COPOLYMER<\/a>, <a href=\"https:\/\/www.beautydecoded.com\/en\/ingredients\/disodium-lauryl-sulfosuccinate\/\" class=\"inci-link\">DISODIUM LAURYL SULFOSUCCINATE<\/a> (Anionic surfactant), <a href=\"https:\/\/www.beautydecoded.com\/en\/ingredients\/glycine-soja-oil\/\" class=\"inci-link\">GLYCINE SOJA OIL<\/a> (Soybean oil), <a href=\"https:\/\/www.beautydecoded.com\/en\/ingredients\/lecithin\/\" class=\"inci-link\">LECITHIN<\/a>, <a href=\"https:\/\/www.beautydecoded.com\/en\/ingredients\/polysorbate-60\/\" class=\"inci-link\">POLYSORBATE 60<\/a> (Nonionic surfactant), <a href=\"https:\/\/www.beautydecoded.com\/en\/ingredients\/sorbitan-isostearate\/\" class=\"inci-link\">SORBITAN ISOSTEARATE<\/a>, <a href=\"https:\/\/www.beautydecoded.com\/en\/ingredients\/garlic-sprout-extract\/\" class=\"inci-link\">LEPIDIUM SATIVUM SPROUT EXTRACT<\/a> (Garden cress)<\/p>\n<p>Le Sun Secure Spray SPF50+ de Laboratoire SVR est une protection solaire \u00e0 spectre large formul\u00e9e autour d&rsquo;une combinaison de filtres UV organiques : le Di\u00e9thylamino Hydroxybenzoyl Hexyl Benzoate (filtre UVA) et l&rsquo;Ethylhexyl Triazone (filtre UVB), assurant une photoprotection \u00e9lev\u00e9e conforme \u00e0 l&rsquo;indice SPF50+. La formule int\u00e8gre de la Niacinamide (vitamine B3), reconnue pour ses propri\u00e9t\u00e9s anti-inflammatoires et son r\u00f4le dans le renforcement de la barri\u00e8re cutan\u00e9e, ainsi que du Tocopherol (vitamine E), antioxydant lipophile qui neutralise les radicaux libres g\u00e9n\u00e9r\u00e9s par l&rsquo;exposition aux UV. L&rsquo;extrait de cresson al\u00e9nois (Lepidium Sativum Sprout Extract) apporte une activit\u00e9 antioxydante compl\u00e9mentaire et contribue \u00e0 la protection cellulaire. La pr\u00e9sence de Glycine Soja Oil et de L\u00e9cithine soutient l&rsquo;hydratation et l&rsquo;int\u00e9grit\u00e9 lipidique de l&rsquo;\u00e9piderme. La texture spray l\u00e9g\u00e8re, rendue possible par les \u00e9mollients Dicaprylyl Ether et Diisopropyl Adipate, facilite une application uniforme sur de grandes surfaces. Ce produit convient aux peaux normales \u00e0 mixtes expos\u00e9es au soleil au quotidien ou lors d&rsquo;activit\u00e9s ext\u00e9rieures, y compris les peaux sensibles ou r\u00e9actives aux formules solaires conventionnelles.<\/p>","protected":false},"excerpt":{"rendered":"<p>Analyze composition on the BeautyDecoded App<\/p>","protected":false},"featured_media":72625,"comment_status":"open","ping_status":"open","template":"","meta":{"_acf_changed":false,"_kad_blocks_custom_css":"","_kad_blocks_head_custom_js":"","_kad_blocks_body_custom_js":"","_kad_blocks_footer_custom_js":"","_kad_post_transparent":"","_kad_post_title":"","_kad_post_layout":"","_kad_post_sidebar_id":"","_kad_post_content_style":"","_kad_post_vertical_padding":"","_kad_post_feature":"","_kad_post_feature_position":"","_kad_post_header":false,"_kad_post_footer":false},"product_brand":[],"product_cat":[767],"product_tag":[],"class_list":{"0":"post-72624","1":"product","2":"type-product","3":"status-publish","4":"has-post-thumbnail","6":"product_cat-laboratoire-svr","7":"pa_actif-niacinamide","8":"pa_type-de-produit-solar","10":"first","11":"instock","12":"product-type-external","13":"entry","14":"content-bg","15":"loop-entry"},"acf":[],"taxonomy_info":{"product_cat":[{"value":767,"label":"Laboratoire SVR"}],"pa_actif":[{"value":541,"label":"niacinamide"}],"pa_type-de-produit":[{"value":937,"label":"solar"}]},"featured_image_src_large":["https:\/\/www.beautydecoded.com\/wp-content\/uploads\/2026\/04\/6TVKC_fr_FR_0.jpg",1000,1000,false],"author_info":[],"comment_info":2,"_links":{"self":[{"href":"https:\/\/www.beautydecoded.com\/en\/wp-json\/wp\/v2\/product\/72624","targetHints":{"allow":["GET"]}}],"collection":[{"href":"https:\/\/www.beautydecoded.com\/en\/wp-json\/wp\/v2\/product"}],"about":[{"href":"https:\/\/www.beautydecoded.com\/en\/wp-json\/wp\/v2\/types\/product"}],"replies":[{"embeddable":true,"href":"https:\/\/www.beautydecoded.com\/en\/wp-json\/wp\/v2\/comments?post=72624"}],"wp:featuredmedia":[{"embeddable":true,"href":"https:\/\/www.beautydecoded.com\/en\/wp-json\/wp\/v2\/media\/72625"}],"wp:attachment":[{"href":"https:\/\/www.beautydecoded.com\/en\/wp-json\/wp\/v2\/media?parent=72624"}],"wp:term":[{"taxonomy":"product_brand","embeddable":true,"href":"https:\/\/www.beautydecoded.com\/en\/wp-json\/wp\/v2\/product_brand?post=72624"},{"taxonomy":"product_cat","embeddable":true,"href":"https:\/\/www.beautydecoded.com\/en\/wp-json\/wp\/v2\/product_cat?post=72624"},{"taxonomy":"product_tag","embeddable":true,"href":"https:\/\/www.beautydecoded.com\/en\/wp-json\/wp\/v2\/product_tag?post=72624"}],"curies":[{"name":"wp","href":"https:\/\/api.w.org\/{rel}","templated":true}]}}