{"id":72632,"date":"2026-04-02T17:40:34","date_gmt":"2026-04-02T15:40:34","guid":{"rendered":"https:\/\/www.beautydecoded.com\/produits\/non class\u00e9\/epitheliale-a-h-ultra-spf50creme-reparatrice-protectrice\/"},"modified":"2026-04-02T19:56:58","modified_gmt":"2026-04-02T17:56:58","slug":"epitheliale-a-h-ultra-spf50creme-reparatrice-protectrice","status":"publish","type":"product","link":"https:\/\/www.beautydecoded.com\/en\/products\/a-derma\/epitheliale-a-h-ultra-spf50creme-reparatrice-protectrice\/","title":{"rendered":"EPITHELIALE A.H ULTRA SPF50+\nProtective repair cream"},"content":{"rendered":"<p><a href=\"https:\/\/www.beautydecoded.com\/en\/ingredients\/aqua\/\" class=\"inci-link\">AQUA<\/a>, <a href=\"https:\/\/www.beautydecoded.com\/en\/ingredients\/c12-15-alkyl-benzoate\/\" class=\"inci-link\">C12-15 ALKYL BENZOATE<\/a>, <a href=\"https:\/\/www.beautydecoded.com\/en\/ingredients\/methylene-bis-benzotriazolyl-tetramethylbutylphenol\/\" class=\"inci-link\">METHYLENE BIS-BENZOTRIAZOLYL TETRAMETHYLBUTYLPHENOL<\/a> (Tinosorb M, UVB filter, SHORT UVA, LONG UVA, slight whitening effect), <a href=\"https:\/\/www.beautydecoded.com\/en\/ingredients\/cetearyl-isononanoate\/\" class=\"inci-link\">CETEARYL ISONONANOATE<\/a>, <a href=\"https:\/\/www.beautydecoded.com\/en\/ingredients\/diisopropyl-adipate\/\" class=\"inci-link\">DIISOPROPYL ADIPATE<\/a>, <a href=\"https:\/\/www.beautydecoded.com\/en\/ingredients\/glycerin\/\" class=\"inci-link\">GLYCERIN<\/a>, <a href=\"https:\/\/www.beautydecoded.com\/en\/ingredients\/isodecyl-neopentanoate\/\" class=\"inci-link\">ISODECYL NEOPENTANOATE<\/a>, <a href=\"https:\/\/www.beautydecoded.com\/en\/ingredients\/bis-ethylhexyloxyphenol-methoxyphenyl-triazine\/\" class=\"inci-link\">BIS-ETHYLHEXYLOXYPHENOL METHOXYPHENYL TRIAZINE<\/a> (Tinosorb S, UVB filter, SHORT UVA, LONG UVA), <a href=\"https:\/\/www.beautydecoded.com\/en\/ingredients\/diethylhexyl-butamido-triazone\/\" class=\"inci-link\">DIETHYLHEXYL BUTAMIDO TRIAZONE<\/a> (Uvasorb HEB, UVB filter, SHORT UVA), <a href=\"https:\/\/www.beautydecoded.com\/en\/ingredients\/panthenol\/\" class=\"inci-link\">PANTHENOL<\/a> (Pro-vitamin B5), <a href=\"https:\/\/www.beautydecoded.com\/en\/ingredients\/aluminum-starch-octenylsuccinate\/\" class=\"inci-link\">ALUMINUM STARCH OCTENYLSUCCINATE<\/a>, <a href=\"https:\/\/www.beautydecoded.com\/en\/ingredients\/butyl-methoxydibenzoylmethane\/\" class=\"inci-link\">BUTYL METHOXYDIBENZOYLMETHANE<\/a> (Avobenzone, SHORT UVA Filter, LONG UVA Filter), <a href=\"https:\/\/www.beautydecoded.com\/en\/ingredients\/potassium-cetyl-phosphate\/\" class=\"inci-link\">POTASSIUM CETYL PHOSPHATE<\/a>, <a href=\"https:\/\/www.beautydecoded.com\/en\/ingredients\/methyl-gluceth-20\/\" class=\"inci-link\">METHYL GLUCETH-20<\/a>, <a href=\"https:\/\/www.beautydecoded.com\/en\/ingredients\/decyl-glucoside\/\" class=\"inci-link\">DECYL GLUCOSIDE<\/a> (Nonionic surfactant), <a href=\"https:\/\/www.beautydecoded.com\/en\/ingredients\/hydrogenated-starch-hydrolysate\/\" class=\"inci-link\">Hydrogenated Starch Hydrolysate<\/a>, <a href=\"https:\/\/www.beautydecoded.com\/en\/ingredients\/c10-18-triglycerides\/\" class=\"inci-link\">C10-18 TRIGLYCERIDES<\/a>, <a href=\"https:\/\/www.beautydecoded.com\/en\/ingredients\/sodium-hyaluronate\/\" class=\"inci-link\">SODIUM HYALURONATE<\/a> (Hyaluronic acid), <a href=\"https:\/\/www.beautydecoded.com\/en\/ingredients\/oat-leaf-stem-extract\/\" class=\"inci-link\">OAT LEAF\/STEM EXTRACT<\/a> (Oats), <a href=\"https:\/\/www.beautydecoded.com\/en\/ingredients\/alanyl-glutamine\/\" class=\"inci-link\">ALANYL GLUTAMINE<\/a>, <a href=\"https:\/\/www.beautydecoded.com\/en\/ingredients\/uncaria-tomentosa-extract\/\" class=\"inci-link\">Uncaria tomentosa extract<\/a> (Vine), <a href=\"https:\/\/www.beautydecoded.com\/en\/ingredients\/acrylates-c10-30-alkyl-acrylate-crosspolymer\/\" class=\"inci-link\">ACRYLATES\/C10-30 ALKYL ACRYLATE CROSSPOLYMER<\/a>, <a href=\"https:\/\/www.beautydecoded.com\/en\/ingredients\/benzoic-acid\/\" class=\"inci-link\">BENZOIC ACID<\/a>, <a href=\"https:\/\/www.beautydecoded.com\/en\/ingredients\/caprylyl-glycol\/\" class=\"inci-link\">CAPRYLYL GLYCOL<\/a>, <a href=\"https:\/\/www.beautydecoded.com\/en\/ingredients\/disodium-edta\/\" class=\"inci-link\">DISODIUM EDTA<\/a>, <a href=\"https:\/\/www.beautydecoded.com\/en\/ingredients\/glyceryl-behenate\/\" class=\"inci-link\">GLYCERYL BEHENATE<\/a>, <a href=\"https:\/\/www.beautydecoded.com\/en\/ingredients\/glyceryl-dibehenate\/\" class=\"inci-link\">GLYCERYL DIBEHENATE<\/a>, <a href=\"https:\/\/www.beautydecoded.com\/en\/ingredients\/pantolactone\/\" class=\"inci-link\">PANTOLACTONE<\/a>, <a href=\"https:\/\/www.beautydecoded.com\/en\/ingredients\/propylene-glycol\/\" class=\"inci-link\">PROPYLENE GLYCOL<\/a> (Glycol), <a href=\"https:\/\/www.beautydecoded.com\/en\/ingredients\/sodium-hydroxide\/\" class=\"inci-link\">SODIUM HYDROXIDE<\/a>, <a href=\"https:\/\/www.beautydecoded.com\/en\/ingredients\/tribehenin\/\" class=\"inci-link\">TRIBEHENIN<\/a>, <a href=\"https:\/\/www.beautydecoded.com\/en\/ingredients\/xanthan-gum\/\" class=\"inci-link\">XANTHAN GUM<\/a><\/p>\n<p>L&rsquo;\u00c9pith\u00e9liale A.H Ultra SPF50+ d&rsquo;A-Derma est une cr\u00e8me solaire r\u00e9paratrice formul\u00e9e pour les peaux fragilis\u00e9es, ab\u00eem\u00e9es ou en cours de cicatrisation, notamment apr\u00e8s des actes dermatologiques ou esth\u00e9tiques. Sa protection solaire repose sur une combinaison de filtres organiques et hybrides : le M\u00e9thyl\u00e8ne Bis-Benzotriazolyl T\u00e9tram\u00e9thylbutylph\u00e9nol (Tinosorb M) et le Bis-Ethylhexyloxyph\u00e9nol M\u00e9thoxyph\u00e9nyl Triazine (Tinosorb S) assurent une couverture large spectre UVA\/UVB, compl\u00e9t\u00e9s par le Butyl M\u00e9thoxydibenzoylm\u00e9thane (Avobenzone) et le Di\u00e9thylhexyl Butamido Triazone. Sur le plan r\u00e9parateur, le panthenol (provitamine B5) favorise la r\u00e9g\u00e9n\u00e9ration cutan\u00e9e et apaise l&rsquo;\u00e9piderme, tandis que l&rsquo;hyaluronate de sodium assure une hydratation en profondeur par effet hygroscopique. L&rsquo;extrait d&rsquo;avoine (*Avena sativa*) contribue \u00e0 l&rsquo;apaisement des peaux r\u00e9actives, et l&rsquo;alanyl-glutamine, dipeptide d&rsquo;acides amin\u00e9s, soutient le renouvellement cellulaire. L&rsquo;extrait d&rsquo;*Uncaria tomentosa* (griffe du chat) apporte des propri\u00e9t\u00e9s antioxydantes. La texture est stabilis\u00e9e par des \u00e9mollients doux (C10-18 triglyc\u00e9rides, c\u00e9tearyls) adapt\u00e9s aux peaux sensibles. Ce produit convient particuli\u00e8rement aux peaux sensibles, r\u00e9actives, post-op\u00e9ratoires ou expos\u00e9es \u00e0 des traitements dermatologiques agressifs, ainsi qu&rsquo;aux peaux n\u00e9cessitant une protection solaire quotidienne avec un soutien actif de la barri\u00e8re cutan\u00e9e.<\/p>","protected":false},"excerpt":{"rendered":"<p>Analyze composition on the BeautyDecoded App<\/p>","protected":false},"featured_media":72633,"comment_status":"open","ping_status":"open","template":"","meta":{"_acf_changed":false,"_kad_blocks_custom_css":"","_kad_blocks_head_custom_js":"","_kad_blocks_body_custom_js":"","_kad_blocks_footer_custom_js":"","_kad_post_transparent":"","_kad_post_title":"","_kad_post_layout":"","_kad_post_sidebar_id":"","_kad_post_content_style":"","_kad_post_vertical_padding":"","_kad_post_feature":"","_kad_post_feature_position":"","_kad_post_header":false,"_kad_post_footer":false},"product_brand":[],"product_cat":[444],"product_tag":[],"class_list":{"0":"post-72632","1":"product","2":"type-product","3":"status-publish","4":"has-post-thumbnail","6":"product_cat-a-derma","7":"pa_actif-avoine","8":"pa_type-de-produit-solar","10":"first","11":"instock","12":"product-type-external","13":"entry","14":"content-bg","15":"loop-entry"},"acf":[],"taxonomy_info":{"product_cat":[{"value":444,"label":"A-Derma"}],"pa_actif":[{"value":559,"label":"avoine"}],"pa_type-de-produit":[{"value":937,"label":"solar"}]},"featured_image_src_large":["https:\/\/www.beautydecoded.com\/wp-content\/uploads\/2026\/04\/epitheliale-ah-creme-reparatrice-protectrice-ultra-repair-spf50-40-ml.jpg",500,500,false],"author_info":[],"comment_info":2,"_links":{"self":[{"href":"https:\/\/www.beautydecoded.com\/en\/wp-json\/wp\/v2\/product\/72632","targetHints":{"allow":["GET"]}}],"collection":[{"href":"https:\/\/www.beautydecoded.com\/en\/wp-json\/wp\/v2\/product"}],"about":[{"href":"https:\/\/www.beautydecoded.com\/en\/wp-json\/wp\/v2\/types\/product"}],"replies":[{"embeddable":true,"href":"https:\/\/www.beautydecoded.com\/en\/wp-json\/wp\/v2\/comments?post=72632"}],"wp:featuredmedia":[{"embeddable":true,"href":"https:\/\/www.beautydecoded.com\/en\/wp-json\/wp\/v2\/media\/72633"}],"wp:attachment":[{"href":"https:\/\/www.beautydecoded.com\/en\/wp-json\/wp\/v2\/media?parent=72632"}],"wp:term":[{"taxonomy":"product_brand","embeddable":true,"href":"https:\/\/www.beautydecoded.com\/en\/wp-json\/wp\/v2\/product_brand?post=72632"},{"taxonomy":"product_cat","embeddable":true,"href":"https:\/\/www.beautydecoded.com\/en\/wp-json\/wp\/v2\/product_cat?post=72632"},{"taxonomy":"product_tag","embeddable":true,"href":"https:\/\/www.beautydecoded.com\/en\/wp-json\/wp\/v2\/product_tag?post=72632"}],"curies":[{"name":"wp","href":"https:\/\/api.w.org\/{rel}","templated":true}]}}