{"id":72711,"date":"2026-04-02T17:41:23","date_gmt":"2026-04-02T15:41:23","guid":{"rendered":"https:\/\/www.beautydecoded.com\/produits\/non class\u00e9\/toleriane-soin-lavant\/"},"modified":"2026-04-02T19:56:26","modified_gmt":"2026-04-02T17:56:26","slug":"toleriane-cleansing-care","status":"publish","type":"product","link":"https:\/\/www.beautydecoded.com\/en\/products\/la-roche-posay\/toleriane-cleansing-care\/","title":{"rendered":"TOLERIANE - Cleansing care"},"content":{"rendered":"<p><a href=\"https:\/\/www.beautydecoded.com\/en\/ingredients\/aqua\/\" class=\"inci-link\">AQUA<\/a>, <a href=\"https:\/\/www.beautydecoded.com\/en\/ingredients\/glycerin\/\" class=\"inci-link\">GLYCERIN<\/a>, <a href=\"https:\/\/www.beautydecoded.com\/en\/ingredients\/pentaerythrityl-tetraethylhexanoate\/\" class=\"inci-link\">Pentaerythrityl tetraethylhexanoate<\/a>, <a href=\"https:\/\/www.beautydecoded.com\/en\/ingredients\/propanediol\/\" class=\"inci-link\">PROPANEDIOL<\/a>, <a href=\"https:\/\/www.beautydecoded.com\/en\/ingredients\/ammonium-polyacryloyldimethyl-taurate\/\" class=\"inci-link\">AMMONIUM POLYACRYLOYLDIMETHYL TAURATE<\/a>, <a href=\"https:\/\/www.beautydecoded.com\/en\/ingredients\/polysorbate-60\/\" class=\"inci-link\">POLYSORBATE 60<\/a> (Nonionic surfactant), <a href=\"https:\/\/www.beautydecoded.com\/en\/ingredients\/ceramide-np\/\" class=\"inci-link\">CERAMIDE NP<\/a> (Ceramide), <a href=\"https:\/\/www.beautydecoded.com\/en\/ingredients\/niacinamide\/\" class=\"inci-link\">NIACINAMIDE<\/a> (Vitamin B3), <a href=\"https:\/\/www.beautydecoded.com\/en\/ingredients\/sodium-chloride\/\" class=\"inci-link\">SODIUM CHLORIDE<\/a>, <a href=\"https:\/\/www.beautydecoded.com\/en\/ingredients\/coco-betaine\/\" class=\"inci-link\">COCO-BETAINE<\/a> (Amphoteric surfactant), <a href=\"https:\/\/www.beautydecoded.com\/en\/ingredients\/disodium-edta\/\" class=\"inci-link\">DISODIUM EDTA<\/a>, <a href=\"https:\/\/www.beautydecoded.com\/en\/ingredients\/caprylyl-glycol\/\" class=\"inci-link\">CAPRYLYL GLYCOL<\/a>, <a href=\"https:\/\/www.beautydecoded.com\/en\/ingredients\/panthenol\/\" class=\"inci-link\">PANTHENOL<\/a> (Pro-vitamin B5), <a href=\"https:\/\/www.beautydecoded.com\/en\/ingredients\/tocopherol\/\" class=\"inci-link\">TOCOPHEROL<\/a> (Vitamin E)<\/p>\n<p>Le Toleriane Soin Lavant de La Roche-Posay est un nettoyant formul\u00e9 pour les peaux sensibles et intol\u00e9rantes. Sa base lavante repose sur la **coco-b\u00e9ta\u00efne**, un tensioactif doux d&rsquo;origine v\u00e9g\u00e9tale qui nettoie sans alt\u00e9rer le film hydrolipidique. Le **c\u00e9ramide NP** contribue au renforcement de la barri\u00e8re cutan\u00e9e en reconstituant les lipides intercellulaires de l&rsquo;\u00e9piderme. La **niacinamide** (vitamine B3) agit sur la r\u00e9gulation de la fonction barri\u00e8re et poss\u00e8de des propri\u00e9t\u00e9s apaisantes et anti-inflammatoires l\u00e9g\u00e8res. Le **panth\u00e9nol** (provitamine B5) favorise l&rsquo;hydratation et la cicatrisation superficielle, tandis que le **tocoph\u00e9rol** (vitamine E) apporte une protection antioxydante. La **glyc\u00e9rine** et le **propanediol** assurent un effet humectant imm\u00e9diat, limitant la sensation de tiraillement post-nettoyage. L&rsquo;**ammonium polyacryloyldimethyl taurate** conf\u00e8re une texture gel l\u00e9g\u00e8re sans n\u00e9cessiter de rin\u00e7age abondant. Ce produit convient particuli\u00e8rement aux peaux sensibles, r\u00e9actives, sujettes aux rougeurs ou fragilis\u00e9es par des traitements dermatologiques (corticoth\u00e9rapie, r\u00e9tino\u00efdes), ainsi qu&rsquo;aux peaux atopiques en phase de r\u00e9mission.<\/p>","protected":false},"excerpt":{"rendered":"<p>Analyze composition on the BeautyDecoded App<\/p>","protected":false},"featured_media":72712,"comment_status":"open","ping_status":"open","template":"","meta":{"_acf_changed":false,"_kad_blocks_custom_css":"","_kad_blocks_head_custom_js":"","_kad_blocks_body_custom_js":"","_kad_blocks_footer_custom_js":"","_kad_post_transparent":"","_kad_post_title":"","_kad_post_layout":"","_kad_post_sidebar_id":"","_kad_post_content_style":"","_kad_post_vertical_padding":"","_kad_post_feature":"","_kad_post_feature_position":"","_kad_post_header":false,"_kad_post_footer":false},"product_brand":[],"product_cat":[205],"product_tag":[],"class_list":{"0":"post-72711","1":"product","2":"type-product","3":"status-publish","4":"has-post-thumbnail","6":"product_cat-la-roche-posay","7":"pa_actif-niacinamide","8":"pa_type-de-produit-nettoyant","10":"first","11":"instock","12":"product-type-external","13":"entry","14":"content-bg","15":"loop-entry"},"acf":[],"taxonomy_info":{"product_cat":[{"value":205,"label":"La roche-Posay"}],"pa_actif":[{"value":541,"label":"niacinamide"}],"pa_type-de-produit":[{"value":549,"label":"nettoyant"}]},"featured_image_src_large":["https:\/\/www.beautydecoded.com\/wp-content\/uploads\/2026\/04\/125162.jpg",1000,1000,false],"author_info":[],"comment_info":1,"_links":{"self":[{"href":"https:\/\/www.beautydecoded.com\/en\/wp-json\/wp\/v2\/product\/72711","targetHints":{"allow":["GET"]}}],"collection":[{"href":"https:\/\/www.beautydecoded.com\/en\/wp-json\/wp\/v2\/product"}],"about":[{"href":"https:\/\/www.beautydecoded.com\/en\/wp-json\/wp\/v2\/types\/product"}],"replies":[{"embeddable":true,"href":"https:\/\/www.beautydecoded.com\/en\/wp-json\/wp\/v2\/comments?post=72711"}],"wp:featuredmedia":[{"embeddable":true,"href":"https:\/\/www.beautydecoded.com\/en\/wp-json\/wp\/v2\/media\/72712"}],"wp:attachment":[{"href":"https:\/\/www.beautydecoded.com\/en\/wp-json\/wp\/v2\/media?parent=72711"}],"wp:term":[{"taxonomy":"product_brand","embeddable":true,"href":"https:\/\/www.beautydecoded.com\/en\/wp-json\/wp\/v2\/product_brand?post=72711"},{"taxonomy":"product_cat","embeddable":true,"href":"https:\/\/www.beautydecoded.com\/en\/wp-json\/wp\/v2\/product_cat?post=72711"},{"taxonomy":"product_tag","embeddable":true,"href":"https:\/\/www.beautydecoded.com\/en\/wp-json\/wp\/v2\/product_tag?post=72711"}],"curies":[{"name":"wp","href":"https:\/\/api.w.org\/{rel}","templated":true}]}}