{"id":72785,"date":"2026-04-02T17:42:16","date_gmt":"2026-04-02T15:42:16","guid":{"rendered":"https:\/\/www.beautydecoded.com\/produits\/non class\u00e9\/revitalift-peeling-toner-a-lacide-glycolique-5-180ml\/"},"modified":"2026-04-02T19:57:06","modified_gmt":"2026-04-02T17:57:06","slug":"revitalift-glycolic-acid-peeling-toner-5-180ml","status":"publish","type":"product","link":"https:\/\/www.beautydecoded.com\/en\/products\/loreal\/revitalift-glycolic-acid-peeling-toner-5-180ml\/","title":{"rendered":"Revitalift Glycolic Acid Peeling Toner 5% 180ml"},"content":{"rendered":"<p><a href=\"https:\/\/www.beautydecoded.com\/en\/ingredients\/aqua\/\" class=\"inci-link\">AQUA<\/a>, <a href=\"https:\/\/www.beautydecoded.com\/en\/ingredients\/glycolic-acid\/\" class=\"inci-link\">GLYCOLIC ACID<\/a> (AHA exfoliating acid), <a href=\"https:\/\/www.beautydecoded.com\/en\/ingredients\/hydroxyethylpiperazine-ethane-sulfonic-acid\/\" class=\"inci-link\">Hydroxyethylpiperazine ethane sulfonic acid<\/a> (Hepes), <a href=\"https:\/\/www.beautydecoded.com\/en\/ingredients\/glycerin\/\" class=\"inci-link\">GLYCERIN<\/a>, <a href=\"https:\/\/www.beautydecoded.com\/en\/ingredients\/sodium-hydroxide\/\" class=\"inci-link\">SODIUM HYDROXIDE<\/a>, <a href=\"https:\/\/www.beautydecoded.com\/en\/ingredients\/citric-acid\/\" class=\"inci-link\">CITRIC ACID<\/a>, <a href=\"https:\/\/www.beautydecoded.com\/en\/ingredients\/pentylene-glycol\/\" class=\"inci-link\">PENTYLENE GLYCOL<\/a>, <a href=\"https:\/\/www.beautydecoded.com\/en\/ingredients\/aloe-barbadensis-leaf-juice\/\" class=\"inci-link\">ALOE BARBADENSIS LEAF JUICE<\/a> (Aloe vera), <a href=\"https:\/\/www.beautydecoded.com\/en\/ingredients\/watermelon-fruit-extract\/\" class=\"inci-link\">Citrullus lanatus fruit extract<\/a> (Watermelon), <a href=\"https:\/\/www.beautydecoded.com\/en\/ingredients\/ascorbyl-glucoside\/\" class=\"inci-link\">ASCORBYL GLUCOSIDE<\/a> (Vitamin C derivative), <a href=\"https:\/\/www.beautydecoded.com\/en\/ingredients\/panthenol\/\" class=\"inci-link\">PANTHENOL<\/a> (Pro-vitamin B5), <a href=\"https:\/\/www.beautydecoded.com\/en\/ingredients\/peg-40-hydrogenated-castor-oil\/\" class=\"inci-link\">PEG-40 HYDROGENATED CASTOR OIL<\/a> (Nonionic surfactant), <a href=\"https:\/\/www.beautydecoded.com\/en\/ingredients\/ppg-26-buteth-26\/\" class=\"inci-link\">PPG-26-BUTETH-26<\/a>, <a href=\"https:\/\/www.beautydecoded.com\/en\/ingredients\/tocopherol\/\" class=\"inci-link\">TOCOPHEROL<\/a> (Vitamin E), <a href=\"https:\/\/www.beautydecoded.com\/en\/ingredients\/bis-peg-18-methyl-ether-dimethyl-silane\/\" class=\"inci-link\">BIS-PEG-18 METHYL ETHER DIMETHYL SILANE<\/a>, <a href=\"https:\/\/www.beautydecoded.com\/en\/ingredients\/linalool\/\" class=\"inci-link\">LINALOOL<\/a> (Regulated allergen), <a href=\"https:\/\/www.beautydecoded.com\/en\/ingredients\/here-14700\/\" class=\"inci-link\">CI 14700<\/a> (Red dye), <a href=\"https:\/\/www.beautydecoded.com\/en\/ingredients\/ci-19140\/\" class=\"inci-link\">CI 19140<\/a> (Yellow dye), <a href=\"https:\/\/www.beautydecoded.com\/en\/ingredients\/potassium-sorbate\/\" class=\"inci-link\">POTASSIUM SORBATE<\/a>, <a href=\"https:\/\/www.beautydecoded.com\/en\/ingredients\/salicylic-acid\/\" class=\"inci-link\">SALICYLIC ACID<\/a> (Salicylic acid), <a href=\"https:\/\/www.beautydecoded.com\/en\/ingredients\/sodium-benzoate\/\" class=\"inci-link\">SODIUM BENZOATE<\/a>, <a href=\"https:\/\/www.beautydecoded.com\/en\/ingredients\/fragrance\/\" class=\"inci-link\">PERFUM<\/a> (Perfume)<\/p>\n<p>Le Revitalift Peeling Toner de L&rsquo;Or\u00e9al est une lotion exfoliante formul\u00e9e autour d&rsquo;un complexe d&rsquo;acides. L&rsquo;acide glycolique \u00e0 5 %, un AHA de petite taille mol\u00e9culaire, constitue l&rsquo;actif principal : il agit en dissolvant les liaisons entre les corn\u00e9ocytes pour acc\u00e9l\u00e9rer le renouvellement cellulaire, affiner le grain de peau et am\u00e9liorer progressivement l&rsquo;\u00e9clat et l&rsquo;uniformit\u00e9 du teint. L&rsquo;acide salicylique, un BHA liposoluble pr\u00e9sent en concentration d&rsquo;appoint, compl\u00e8te cette action en p\u00e9n\u00e9trant dans les pores pour limiter leur obstruction. La glyc\u00e9rine et le panth\u00e9nol assurent une hydratation compensatoire, tandis que l&rsquo;extrait d&rsquo;Aloe barbadensis et l&rsquo;extrait de past\u00e8que (*Citrullus lanatus*) apportent des propri\u00e9t\u00e9s apaisantes et antioxydantes l\u00e9g\u00e8res. L&rsquo;ascorbyl glucoside, forme stable de vitamine C, et le tocoph\u00e9rol (vitamine E) contribuent \u00e0 la protection contre le stress oxydatif et participent \u00e0 l&rsquo;action anti-taches. Ce produit convient aux peaux ternes, irr\u00e9guli\u00e8res ou \u00e0 tendance acn\u00e9ique souhaitant int\u00e9grer une exfoliation chimique douce dans leur routine. Il est d\u00e9conseill\u00e9 aux peaux tr\u00e8s sensibles ou r\u00e9actives, et une protection solaire quotidienne est indispensable lors de son utilisation en raison de la photosensibilisation induite par les AHA.<\/p>","protected":false},"excerpt":{"rendered":"<p>Analyze composition on the BeautyDecoded App<\/p>","protected":false},"featured_media":72786,"comment_status":"open","ping_status":"open","template":"","meta":{"_acf_changed":false,"_kad_blocks_custom_css":"","_kad_blocks_head_custom_js":"","_kad_blocks_body_custom_js":"","_kad_blocks_footer_custom_js":"","_kad_post_transparent":"","_kad_post_title":"","_kad_post_layout":"","_kad_post_sidebar_id":"","_kad_post_content_style":"","_kad_post_vertical_padding":"","_kad_post_feature":"","_kad_post_feature_position":"","_kad_post_header":false,"_kad_post_footer":false},"product_brand":[],"product_cat":[757],"product_tag":[],"class_list":{"0":"post-72785","1":"product","2":"type-product","3":"status-publish","4":"has-post-thumbnail","6":"product_cat-loreal","7":"pa_actif-aloevera","8":"pa_actif-ascorbicacidderivatives","9":"pa_actif-glycolicacid","10":"pa_actif-salicylicacid","11":"pa_type-de-produit-lotion","13":"first","14":"instock","15":"product-type-external","16":"entry","17":"content-bg","18":"loop-entry"},"acf":[],"taxonomy_info":{"product_cat":[{"value":757,"label":"L'Or\u00e9al"}],"pa_actif":[{"value":554,"label":"aloevera"},{"value":542,"label":"ascorbicacidderivatives"},{"value":545,"label":"glycolicacid"},{"value":547,"label":"salicylicacid"}],"pa_type-de-produit":[{"value":543,"label":"lotion"}]},"featured_image_src_large":["https:\/\/www.beautydecoded.com\/wp-content\/uploads\/2026\/04\/3600524019648.jpg",900,900,false],"author_info":[],"comment_info":1,"_links":{"self":[{"href":"https:\/\/www.beautydecoded.com\/en\/wp-json\/wp\/v2\/product\/72785","targetHints":{"allow":["GET"]}}],"collection":[{"href":"https:\/\/www.beautydecoded.com\/en\/wp-json\/wp\/v2\/product"}],"about":[{"href":"https:\/\/www.beautydecoded.com\/en\/wp-json\/wp\/v2\/types\/product"}],"replies":[{"embeddable":true,"href":"https:\/\/www.beautydecoded.com\/en\/wp-json\/wp\/v2\/comments?post=72785"}],"wp:featuredmedia":[{"embeddable":true,"href":"https:\/\/www.beautydecoded.com\/en\/wp-json\/wp\/v2\/media\/72786"}],"wp:attachment":[{"href":"https:\/\/www.beautydecoded.com\/en\/wp-json\/wp\/v2\/media?parent=72785"}],"wp:term":[{"taxonomy":"product_brand","embeddable":true,"href":"https:\/\/www.beautydecoded.com\/en\/wp-json\/wp\/v2\/product_brand?post=72785"},{"taxonomy":"product_cat","embeddable":true,"href":"https:\/\/www.beautydecoded.com\/en\/wp-json\/wp\/v2\/product_cat?post=72785"},{"taxonomy":"product_tag","embeddable":true,"href":"https:\/\/www.beautydecoded.com\/en\/wp-json\/wp\/v2\/product_tag?post=72785"}],"curies":[{"name":"wp","href":"https:\/\/api.w.org\/{rel}","templated":true}]}}