{"id":72787,"date":"2026-04-02T17:42:16","date_gmt":"2026-04-02T15:42:16","guid":{"rendered":"https:\/\/www.beautydecoded.com\/produits\/non class\u00e9\/serum-invisible-super-uv-fps50-30-ml\/"},"modified":"2026-04-02T19:57:20","modified_gmt":"2026-04-02T17:57:20","slug":"serum-invisible-super-uv-fps50-30-ml","status":"publish","type":"product","link":"https:\/\/www.beautydecoded.com\/en\/products\/garnier-amber-sunscreen\/serum-invisible-super-uv-fps50-30-ml\/","title":{"rendered":"Super UV Invisible Serum SPF50+ - 30 ml"},"content":{"rendered":"<p><a href=\"https:\/\/www.beautydecoded.com\/en\/ingredients\/aqua\/\" class=\"inci-link\">AQUA<\/a>, <a href=\"https:\/\/www.beautydecoded.com\/en\/ingredients\/alcohol-denat\/\" class=\"inci-link\">ALCOHOL DENAT.<\/a> (Drying alcohol), <a href=\"https:\/\/www.beautydecoded.com\/en\/ingredients\/diisopropyl-sebacate\/\" class=\"inci-link\">DIISOPROPYL SEBACATE<\/a>, <a href=\"https:\/\/www.beautydecoded.com\/en\/ingredients\/silica\/\" class=\"inci-link\">SILICA<\/a> (Silica), <a href=\"https:\/\/www.beautydecoded.com\/en\/ingredients\/isopropyl-myristate\/\" class=\"inci-link\">ISOPROPYL MYRISTATE<\/a> (Potentially comedogenic), <a href=\"https:\/\/www.beautydecoded.com\/en\/ingredients\/ethylhexyl-salicylate\/\" class=\"inci-link\">ETHYLHEXYL SALICYLATE<\/a> (Octisalate, UVB filter), <a href=\"https:\/\/www.beautydecoded.com\/en\/ingredients\/bis-ethylhexyloxyphenol-methoxyphenyl-triazine\/\" class=\"inci-link\">BIS-ETHYLHEXYLOXYPHENOL METHOXYPHENYL TRIAZINE<\/a> (Tinosorb S, UVB filter, SHORT UVA, LONG UVA), <a href=\"https:\/\/www.beautydecoded.com\/en\/ingredients\/ethylhexyl-triazone\/\" class=\"inci-link\">ETHYLHEXYL TRIAZONE<\/a> (Uvinul t150, UVB filter), <a href=\"https:\/\/www.beautydecoded.com\/en\/ingredients\/butyl-methoxydibenzoylmethane\/\" class=\"inci-link\">BUTYL METHOXYDIBENZOYLMETHANE<\/a> (Avobenzone, SHORT UVA Filter, LONG UVA Filter), <a href=\"https:\/\/www.beautydecoded.com\/en\/ingredients\/glycerin\/\" class=\"inci-link\">GLYCERIN<\/a>, <a href=\"https:\/\/www.beautydecoded.com\/en\/ingredients\/phenylbenzimidazole-sulfonic-acid\/\" class=\"inci-link\">PHENYLBENZIMIDAZOLE SULFONIC ACID<\/a> (Ensulizole, UVB filter), <a href=\"https:\/\/www.beautydecoded.com\/en\/ingredients\/propanediol\/\" class=\"inci-link\">PROPANEDIOL<\/a>, <a href=\"https:\/\/www.beautydecoded.com\/en\/ingredients\/c12-22-alkyl-acrylate-hydroxyethyl-acrylate-copolymer\/\" class=\"inci-link\">C12-22 ALKYL ACRYLATE\/HYDROXYETHYL ACRYLATE COPOLYMER<\/a> (Netlock), <a href=\"https:\/\/www.beautydecoded.com\/en\/ingredients\/triethanolamine\/\" class=\"inci-link\">TRIETHANOLAMINE<\/a>, <a href=\"https:\/\/www.beautydecoded.com\/en\/ingredients\/drometrizole-trisiloxane\/\" class=\"inci-link\">DROMETRIZOLE TRISILOXANE<\/a> (Mexoryl XL, UVB filter, SHORT UVA, LONG UVA), <a href=\"https:\/\/www.beautydecoded.com\/en\/ingredients\/caprylic-capric-triglyceride\/\" class=\"inci-link\">CAPRYLIC\/CAPRIC TRIGLYCERIDE<\/a>, <a href=\"https:\/\/www.beautydecoded.com\/en\/ingredients\/tocopherol\/\" class=\"inci-link\">TOCOPHEROL<\/a> (Vitamin E), <a href=\"https:\/\/www.beautydecoded.com\/en\/ingredients\/hydroxyacetophenone\/\" class=\"inci-link\">HYDROXYACETOPHENONE<\/a>, <a href=\"https:\/\/www.beautydecoded.com\/en\/ingredients\/hydroxyethylcellulose\/\" class=\"inci-link\">HYDROXYETHYLCELLULOSE<\/a>, <a href=\"https:\/\/www.beautydecoded.com\/en\/ingredients\/sodium-benzoate\/\" class=\"inci-link\">SODIUM BENZOATE<\/a>, <a href=\"https:\/\/www.beautydecoded.com\/en\/ingredients\/trisodium-ethylenediamine-disuccinate\/\" class=\"inci-link\">TRISODIUM ETHYLENEDIAMINE DISUCCINATE<\/a>, <a href=\"https:\/\/www.beautydecoded.com\/en\/ingredients\/silica-silylate\/\" class=\"inci-link\">SILICA SILYLATE<\/a> (Silica), <a href=\"https:\/\/www.beautydecoded.com\/en\/ingredients\/cellulose\/\" class=\"inci-link\">CELLULOSE<\/a>, <a href=\"https:\/\/www.beautydecoded.com\/en\/ingredients\/aloe-barbadensis-leaf-juice\/\" class=\"inci-link\">ALOE BARBADENSIS LEAF JUICE<\/a> (Aloe vera), <a href=\"https:\/\/www.beautydecoded.com\/en\/ingredients\/caprylyl-glycol\/\" class=\"inci-link\">CAPRYLYL GLYCOL<\/a>, <a href=\"https:\/\/www.beautydecoded.com\/en\/ingredients\/acrylates-c10-30-alkyl-acrylate-crosspolymer\/\" class=\"inci-link\">ACRYLATES\/C10-30 ALKYL ACRYLATE CROSSPOLYMER<\/a>, <a href=\"https:\/\/www.beautydecoded.com\/en\/ingredients\/ceramide-np\/\" class=\"inci-link\">CERAMIDE NP<\/a> (Ceramide), <a href=\"https:\/\/www.beautydecoded.com\/en\/ingredients\/citric-acid\/\" class=\"inci-link\">CITRIC ACID<\/a>, <a href=\"https:\/\/www.beautydecoded.com\/en\/ingredients\/potassium-sorbate\/\" class=\"inci-link\">POTASSIUM SORBATE<\/a><\/p>\n<p>Ce s\u00e9rum solaire \u00e0 texture l\u00e9g\u00e8re et invisible d\u00e9velopp\u00e9 par Garnier Ambre Solaire associe un syst\u00e8me filtrant mixte (chimique et organique) pour une protection SPF50+ \u00e0 large spectre. Les filtres UV incluent l&rsquo;Ethylhexyl Salicylate et la Ph\u00e9nylbenzimidazole Acide Sulfonique (filtres UVB), le Butyl M\u00e9thoxydibenzoylm\u00e9thane (filtre UVA), ainsi que le Bis-Ethylhexyloxyph\u00e9nol M\u00e9thoxyph\u00e9nyl Triazine, l&rsquo;Ethylhexyl Triazone et le Drom\u00e9trizole Trisiloxane, qui offrent une couverture \u00e9tendue sur l&rsquo;ensemble du spectre UV. Le Tocoph\u00e9rol (vitamine E) apporte une activit\u00e9 antioxydante compl\u00e9mentaire contre le stress oxydatif induit par les UV. La formule int\u00e8gre \u00e9galement du C\u00e9ramide NP, qui contribue au renforcement de la barri\u00e8re cutan\u00e9e, de l&rsquo;Aloe Barbadensis (alo\u00e9 vera) pour ses propri\u00e9t\u00e9s apaisantes et hydratantes, ainsi que de la Glyc\u00e9rine comme agent humectant. La texture s\u00e9rum est obtenue gr\u00e2ce \u00e0 des agents de texture comme la Silice et des copolym\u00e8res acrylates, ce qui conf\u00e8re un fini mat et non gras, adapt\u00e9 au port sous le maquillage. Ce produit convient particuli\u00e8rement aux peaux mixtes \u00e0 grasses, aux personnes souhaitant une protection solaire quotidienne discr\u00e8te sur le visage, et \u00e0 celles qui recherchent un soin combinant photoprotection et maintien de l&rsquo;hydratation cutan\u00e9e.<\/p>","protected":false},"excerpt":{"rendered":"<p>Analyze composition on the BeautyDecoded App<\/p>","protected":false},"featured_media":72788,"comment_status":"open","ping_status":"open","template":"","meta":{"_acf_changed":false,"_kad_blocks_custom_css":"","_kad_blocks_head_custom_js":"","_kad_blocks_body_custom_js":"","_kad_blocks_footer_custom_js":"","_kad_post_transparent":"","_kad_post_title":"","_kad_post_layout":"","_kad_post_sidebar_id":"","_kad_post_content_style":"","_kad_post_vertical_padding":"","_kad_post_feature":"","_kad_post_feature_position":"","_kad_post_header":false,"_kad_post_footer":false},"product_brand":[],"product_cat":[691],"product_tag":[],"class_list":{"0":"post-72787","1":"product","2":"type-product","3":"status-publish","4":"has-post-thumbnail","6":"product_cat-garnier-ambre-solaire","7":"pa_actif-aloevera","8":"pa_type-de-produit-solar","10":"first","11":"instock","12":"product-type-external","13":"entry","14":"content-bg","15":"loop-entry"},"acf":[],"taxonomy_info":{"product_cat":[{"value":691,"label":"Garnier Ambre Solaire"}],"pa_actif":[{"value":554,"label":"aloevera"}],"pa_type-de-produit":[{"value":937,"label":"solar"}]},"featured_image_src_large":["https:\/\/www.beautydecoded.com\/wp-content\/uploads\/2026\/04\/3600542518352.jpg",900,900,false],"author_info":[],"comment_info":1,"_links":{"self":[{"href":"https:\/\/www.beautydecoded.com\/en\/wp-json\/wp\/v2\/product\/72787","targetHints":{"allow":["GET"]}}],"collection":[{"href":"https:\/\/www.beautydecoded.com\/en\/wp-json\/wp\/v2\/product"}],"about":[{"href":"https:\/\/www.beautydecoded.com\/en\/wp-json\/wp\/v2\/types\/product"}],"replies":[{"embeddable":true,"href":"https:\/\/www.beautydecoded.com\/en\/wp-json\/wp\/v2\/comments?post=72787"}],"wp:featuredmedia":[{"embeddable":true,"href":"https:\/\/www.beautydecoded.com\/en\/wp-json\/wp\/v2\/media\/72788"}],"wp:attachment":[{"href":"https:\/\/www.beautydecoded.com\/en\/wp-json\/wp\/v2\/media?parent=72787"}],"wp:term":[{"taxonomy":"product_brand","embeddable":true,"href":"https:\/\/www.beautydecoded.com\/en\/wp-json\/wp\/v2\/product_brand?post=72787"},{"taxonomy":"product_cat","embeddable":true,"href":"https:\/\/www.beautydecoded.com\/en\/wp-json\/wp\/v2\/product_cat?post=72787"},{"taxonomy":"product_tag","embeddable":true,"href":"https:\/\/www.beautydecoded.com\/en\/wp-json\/wp\/v2\/product_tag?post=72787"}],"curies":[{"name":"wp","href":"https:\/\/api.w.org\/{rel}","templated":true}]}}