{"id":72897,"date":"2026-04-02T17:43:45","date_gmt":"2026-04-02T15:43:45","guid":{"rendered":"https:\/\/www.beautydecoded.com\/produits\/non class\u00e9\/soin-contour-des-yeux-creme-fraiche-de-beaute-bio\/"},"modified":"2026-04-02T19:57:28","modified_gmt":"2026-04-02T17:57:28","slug":"eye-contour-care-creme-fraiche-de-beaute-bio","status":"publish","type":"product","link":"https:\/\/www.beautydecoded.com\/en\/products\/nuxe\/eye-contour-care-creme-fraiche-de-beaute-bio\/","title":{"rendered":"Cr\u00e8me Fra\u00eeche de Beaut\u00e9 Bio Eye Contour Care"},"content":{"rendered":"<p><a href=\"https:\/\/www.beautydecoded.com\/en\/ingredients\/aqua\/\" class=\"inci-link\">AQUA<\/a>, <a href=\"https:\/\/www.beautydecoded.com\/en\/ingredients\/caprylic-capric-triglyceride\/\" class=\"inci-link\">CAPRYLIC\/CAPRIC TRIGLYCERIDE<\/a>, <a href=\"https:\/\/www.beautydecoded.com\/en\/ingredients\/prunus-armeniaca-kernel-oil\/\" class=\"inci-link\">PRUNUS ARMENIACA KERNEL OIL<\/a> (Apricot vegetable oil), <a href=\"https:\/\/www.beautydecoded.com\/en\/ingredients\/squalane\/\" class=\"inci-link\">SQUALANE<\/a> (Squalane, Hydrogenated Oil), <a href=\"https:\/\/www.beautydecoded.com\/en\/ingredients\/c10-18-triglycerides\/\" class=\"inci-link\">C10-18 TRIGLYCERIDES<\/a>, <a href=\"https:\/\/www.beautydecoded.com\/en\/ingredients\/glyceryl-stearate-citrate\/\" class=\"inci-link\">glyceryl stearate citrate<\/a>, <a href=\"https:\/\/www.beautydecoded.com\/en\/ingredients\/glycerin\/\" class=\"inci-link\">GLYCERIN<\/a>, <a href=\"https:\/\/www.beautydecoded.com\/en\/ingredients\/pentylene-glycol\/\" class=\"inci-link\">PENTYLENE GLYCOL<\/a>, <a href=\"https:\/\/www.beautydecoded.com\/en\/ingredients\/behenyl-alcohol\/\" class=\"inci-link\">BEHENYL ALCOHOL<\/a>, <a href=\"https:\/\/www.beautydecoded.com\/en\/ingredients\/ribose\/\" class=\"inci-link\">RIBOSE<\/a>, <a href=\"https:\/\/www.beautydecoded.com\/en\/ingredients\/sodium-stearoyl-glutamate\/\" class=\"inci-link\">SODIUM STEAROYL GLUTAMATE<\/a>, <a href=\"https:\/\/www.beautydecoded.com\/en\/ingredients\/tocopherol\/\" class=\"inci-link\">TOCOPHEROL<\/a> (Vitamin E), <a href=\"https:\/\/www.beautydecoded.com\/en\/ingredients\/carrageen\/\" class=\"inci-link\">CHONDRUS CRISPUS<\/a>, <a href=\"https:\/\/www.beautydecoded.com\/en\/ingredients\/xanthan-gum\/\" class=\"inci-link\">XANTHAN GUM<\/a>, <a href=\"https:\/\/www.beautydecoded.com\/en\/ingredients\/citric-acid\/\" class=\"inci-link\">CITRIC ACID<\/a>, <a href=\"https:\/\/www.beautydecoded.com\/en\/ingredients\/helianthus-annuus-seed-oil\/\" class=\"inci-link\">HELIANTHUS ANNUUS SEED OIL<\/a> (Sunflower vegetable oil), <a href=\"https:\/\/www.beautydecoded.com\/en\/ingredients\/caffeine\/\" class=\"inci-link\">CAFFEINE<\/a> (Active ingredient derived from the Arabian coffee tree), <a href=\"https:\/\/www.beautydecoded.com\/en\/ingredients\/p-anisic-acid\/\" class=\"inci-link\">P-ANISIC ACID<\/a>, <a href=\"https:\/\/www.beautydecoded.com\/en\/ingredients\/sodium-dehydroacetate\/\" class=\"inci-link\">SODIUM DEHYDROACETATE<\/a>, <a href=\"https:\/\/www.beautydecoded.com\/en\/ingredients\/hydrogenated-vegetable-oil\/\" class=\"inci-link\">HYDROGENATED VEGETABLE OIL<\/a> (Potentially comedogenic), <a href=\"https:\/\/www.beautydecoded.com\/en\/ingredients\/aloe-barbadensis-leaf-juice-powder\/\" class=\"inci-link\">Aloe Barbadensis Leaf Juice Powder<\/a> (Aloe vera), <a href=\"https:\/\/www.beautydecoded.com\/en\/ingredients\/sodium-hydroxide\/\" class=\"inci-link\">SODIUM HYDROXIDE<\/a>, <a href=\"https:\/\/www.beautydecoded.com\/en\/ingredients\/buckwheat-seed-extract\/\" class=\"inci-link\">Polygonum Fagopyrum Seed Extract<\/a><\/p>\n<p>Soin Contour des Yeux Cr\u00e8me Fra\u00eeche de Beaut\u00e9 Bio by Nuxe is a certified organic formula designed for the particularly fine, sensitive periorbital area. It combines several functional active ingredients: **caffeine**, a recognized vasoconstrictor, helps reduce the appearance of dark circles and puffiness by stimulating local microcirculation; **ribose**, a natural sugar involved in the synthesis of cellular ATP, supports the energy of skin cells and helps reduce signs of fatigue; **buckwheat extract** (*Polygonum fagopyrum*) provides flavonoids with antioxidant and vascular protective properties. The emollient base is based on a combination of **Apricot oil** (*Prunus armeniaca*), rich in unsaturated fatty acids, **Squalane** and **Vegetable triglycerides**, which ensure hydration without excessive occlusion, adapted to the fragility of this area. Chondrus crispus **gel** (natural carrageenan) and **xanthan gum** structure the texture while providing an immediate tightening effect. Aloe vera** powder completes the formula with its soothing and moisturizing properties. Suitable for normal to dry skin showing signs of fatigue, dark circles, light puffiness or dehydration around the eye area, including sensitive skin looking for predominantly natural, certified organic formulas.<\/p>","protected":false},"excerpt":{"rendered":"<p>Analyze composition on the BeautyDecoded App<\/p>","protected":false},"featured_media":72898,"comment_status":"open","ping_status":"open","template":"","meta":{"_acf_changed":false,"_kad_blocks_custom_css":"","_kad_blocks_head_custom_js":"","_kad_blocks_body_custom_js":"","_kad_blocks_footer_custom_js":"","_kad_post_transparent":"","_kad_post_title":"","_kad_post_layout":"","_kad_post_sidebar_id":"","_kad_post_content_style":"","_kad_post_vertical_padding":"","_kad_post_feature":"","_kad_post_feature_position":"","_kad_post_header":false,"_kad_post_footer":false},"product_brand":[],"product_cat":[456],"product_tag":[],"class_list":{"0":"post-72897","1":"product","2":"type-product","3":"status-publish","4":"has-post-thumbnail","6":"product_cat-nuxe","7":"pa_actif-aloevera","8":"pa_type-de-produit-eyes","10":"first","11":"instock","12":"product-type-external","13":"entry","14":"content-bg","15":"loop-entry"},"acf":[],"taxonomy_info":{"product_cat":[{"value":456,"label":"NUXE"}],"pa_actif":[{"value":554,"label":"aloevera"}],"pa_type-de-produit":[{"value":552,"label":"eyes"}]},"featured_image_src_large":["https:\/\/www.beautydecoded.com\/wp-content\/uploads\/2026\/04\/700403_swatch-1024x1024.jpg",1024,1024,true],"author_info":[],"comment_info":1,"_links":{"self":[{"href":"https:\/\/www.beautydecoded.com\/en\/wp-json\/wp\/v2\/product\/72897","targetHints":{"allow":["GET"]}}],"collection":[{"href":"https:\/\/www.beautydecoded.com\/en\/wp-json\/wp\/v2\/product"}],"about":[{"href":"https:\/\/www.beautydecoded.com\/en\/wp-json\/wp\/v2\/types\/product"}],"replies":[{"embeddable":true,"href":"https:\/\/www.beautydecoded.com\/en\/wp-json\/wp\/v2\/comments?post=72897"}],"wp:featuredmedia":[{"embeddable":true,"href":"https:\/\/www.beautydecoded.com\/en\/wp-json\/wp\/v2\/media\/72898"}],"wp:attachment":[{"href":"https:\/\/www.beautydecoded.com\/en\/wp-json\/wp\/v2\/media?parent=72897"}],"wp:term":[{"taxonomy":"product_brand","embeddable":true,"href":"https:\/\/www.beautydecoded.com\/en\/wp-json\/wp\/v2\/product_brand?post=72897"},{"taxonomy":"product_cat","embeddable":true,"href":"https:\/\/www.beautydecoded.com\/en\/wp-json\/wp\/v2\/product_cat?post=72897"},{"taxonomy":"product_tag","embeddable":true,"href":"https:\/\/www.beautydecoded.com\/en\/wp-json\/wp\/v2\/product_tag?post=72897"}],"curies":[{"name":"wp","href":"https:\/\/api.w.org\/{rel}","templated":true}]}}