{"id":72904,"date":"2026-04-02T17:43:45","date_gmt":"2026-04-02T15:43:45","guid":{"rendered":"https:\/\/www.beautydecoded.com\/produits\/non class\u00e9\/air-fit-uv-defense-sun-cream-spf-50-pa-1-69-fl-oz-50-ml\/"},"modified":"2026-04-02T19:57:06","modified_gmt":"2026-04-02T17:57:06","slug":"air-fit-uv-defense-sun-cream-spf-50-pa-1-69-fl-oz-50-ml","status":"publish","type":"product","link":"https:\/\/www.beautydecoded.com\/en\/products\/benton\/air-fit-uv-defense-sun-cream-spf-50-pa-1-69-fl-oz-50-ml\/","title":{"rendered":"Air Fit UV Defense Sun Cream, SPF 50+ \/PA++++ - 1.69 fl oz \/ 50 ml"},"content":{"rendered":"<p><a href=\"https:\/\/www.beautydecoded.com\/en\/ingredients\/aqua\/\" class=\"inci-link\">AQUA<\/a>, <a href=\"https:\/\/www.beautydecoded.com\/en\/ingredients\/dibutyl-adipate\/\" class=\"inci-link\">DIBUTYL ADIPATE<\/a>, <a href=\"https:\/\/www.beautydecoded.com\/en\/ingredients\/propanediol\/\" class=\"inci-link\">PROPANEDIOL<\/a>, <a href=\"https:\/\/www.beautydecoded.com\/en\/ingredients\/diethylamino-hydroxybenzoyl-hexyl-benzoate\/\" class=\"inci-link\">DIETHYLAMINO HYDROXYBENZOYL HEXYL BENZOATE<\/a> (Uvinul A plus, SHORT UVA filter, LONG UVA filter), <a href=\"https:\/\/www.beautydecoded.com\/en\/ingredients\/polymethylsilsesquioxane\/\" class=\"inci-link\">POLYMETHYLSILSESQUIOXANE<\/a> (Silicone), <a href=\"https:\/\/www.beautydecoded.com\/en\/ingredients\/ethylhexyl-triazone\/\" class=\"inci-link\">ETHYLHEXYL TRIAZONE<\/a> (Uvinul t150, UVB filter), <a href=\"https:\/\/www.beautydecoded.com\/en\/ingredients\/niacinamide\/\" class=\"inci-link\">NIACINAMIDE<\/a> (Vitamin B3), <a href=\"https:\/\/www.beautydecoded.com\/en\/ingredients\/methylene-bis-benzotriazolyl-tetramethylbutylphenol\/\" class=\"inci-link\">METHYLENE BIS-BENZOTRIAZOLYL TETRAMETHYLBUTYLPHENOL<\/a> (Tinosorb M, UVB filter, SHORT UVA, LONG UVA, slight whitening effect), <a href=\"https:\/\/www.beautydecoded.com\/en\/ingredients\/coco-caprylate-caprate\/\" class=\"inci-link\">COCO-CAPRYLATE\/CAPRATE<\/a>, <a href=\"https:\/\/www.beautydecoded.com\/en\/ingredients\/caprylyl-methicone\/\" class=\"inci-link\">CAPRYLYL METHICONE<\/a> (Silicone), <a href=\"https:\/\/www.beautydecoded.com\/en\/ingredients\/diethylhexyl-butamido-triazone\/\" class=\"inci-link\">DIETHYLHEXYL BUTAMIDO TRIAZONE<\/a> (Uvasorb HEB, UVB filter, SHORT UVA), <a href=\"https:\/\/www.beautydecoded.com\/en\/ingredients\/glycerin\/\" class=\"inci-link\">GLYCERIN<\/a>, <a href=\"https:\/\/www.beautydecoded.com\/en\/ingredients\/1-2-hexanediol\/\" class=\"inci-link\">1,2-HEXANEDIOL<\/a>, <a href=\"https:\/\/www.beautydecoded.com\/en\/ingredients\/butylene-glycol\/\" class=\"inci-link\">BUTYLENE GLYCOL<\/a>, <a href=\"https:\/\/www.beautydecoded.com\/en\/ingredients\/pentylene-glycol\/\" class=\"inci-link\">PENTYLENE GLYCOL<\/a>, <a href=\"https:\/\/www.beautydecoded.com\/en\/ingredients\/centella-asiatica-extract\/\" class=\"inci-link\">CENTELLA ASIATICA EXTRACT<\/a> (Centella asiatica), <a href=\"https:\/\/www.beautydecoded.com\/en\/ingredients\/behenyl-alcohol\/\" class=\"inci-link\">BEHENYL ALCOHOL<\/a>, <a href=\"https:\/\/www.beautydecoded.com\/en\/ingredients\/poly-c10-30-alkyl-acrylate\/\" class=\"inci-link\">POLY C10-30 ALKYL ACRYLATE<\/a>, <a href=\"https:\/\/www.beautydecoded.com\/en\/ingredients\/polyglyceryl-3-methylglucose-distearate\/\" class=\"inci-link\">POLYGLYCERYL-3 METHYLGLUCOSE DISTEARATE<\/a>, <a href=\"https:\/\/www.beautydecoded.com\/en\/ingredients\/decyl-glucoside\/\" class=\"inci-link\">DECYL GLUCOSIDE<\/a> (Nonionic surfactant), <a href=\"https:\/\/www.beautydecoded.com\/en\/ingredients\/neem-leaf-extract\/\" class=\"inci-link\">Melia azadirachta leaf extract<\/a> (Persian lilac), <a href=\"https:\/\/www.beautydecoded.com\/en\/ingredients\/neem-flower-extract\/\" class=\"inci-link\">Melia azadirachta flower extract<\/a> (Persian lilac), <a href=\"https:\/\/www.beautydecoded.com\/en\/ingredients\/acrylates-c10-30-alkyl-acrylate-crosspolymer\/\" class=\"inci-link\">ACRYLATES\/C10-30 ALKYL ACRYLATE CROSSPOLYMER<\/a>, <a href=\"https:\/\/www.beautydecoded.com\/en\/ingredients\/panthenol\/\" class=\"inci-link\">PANTHENOL<\/a> (Pro-vitamin B5), <a href=\"https:\/\/www.beautydecoded.com\/en\/ingredients\/tocopherol\/\" class=\"inci-link\">TOCOPHEROL<\/a> (Vitamin E), <a href=\"https:\/\/www.beautydecoded.com\/en\/ingredients\/dipotassium-glycyrrhizate\/\" class=\"inci-link\">DIPOTASSIUM GLYCYRRHIZATE<\/a> (Active ingredient derived from licorice), <a href=\"https:\/\/www.beautydecoded.com\/en\/ingredients\/madecassoside\/\" class=\"inci-link\">MADECASSOSIDE<\/a> (Active ingredient derived from Centella asiatica), <a href=\"https:\/\/www.beautydecoded.com\/en\/ingredients\/madecassic-acid\/\" class=\"inci-link\">MADECASSIC ACID<\/a> (Active ingredient derived from Centella asiatica), <a href=\"https:\/\/www.beautydecoded.com\/en\/ingredients\/asiaticoside\/\" class=\"inci-link\">ASIATICOSIDE<\/a> (Active ingredient derived from Centella asiatica), <a href=\"https:\/\/www.beautydecoded.com\/en\/ingredients\/asiatic-acid\/\" class=\"inci-link\">ASIATIC ACID<\/a> (Active ingredient derived from Centella asiatica), <a href=\"https:\/\/www.beautydecoded.com\/en\/ingredients\/tromethamine\/\" class=\"inci-link\">TROMETHAMINE<\/a>, <a href=\"https:\/\/www.beautydecoded.com\/en\/ingredients\/carbomer\/\" class=\"inci-link\">CARBOMER<\/a>, <a href=\"https:\/\/www.beautydecoded.com\/en\/ingredients\/sodium-stearoyl-glutamate\/\" class=\"inci-link\">SODIUM STEAROYL GLUTAMATE<\/a>, <a href=\"https:\/\/www.beautydecoded.com\/en\/ingredients\/polyacrylate-crosspolymer-6\/\" class=\"inci-link\">POLYACRYLATE CROSSPOLYMER-6<\/a>, <a href=\"https:\/\/www.beautydecoded.com\/en\/ingredients\/ethylhexylglycerin\/\" class=\"inci-link\">ETHYLHEXYLGLYCERIN<\/a>, <a href=\"https:\/\/www.beautydecoded.com\/en\/ingredients\/adenosine\/\" class=\"inci-link\">ADENOSINE<\/a> (Active), <a href=\"https:\/\/www.beautydecoded.com\/en\/ingredients\/rosmarinus-officinalis-leaf-oil\/\" class=\"inci-link\">ROSMARINUS OFFICINALIS LEAF OIL<\/a> (Rosemary essential oil), <a href=\"https:\/\/www.beautydecoded.com\/en\/ingredients\/xanthan-gum\/\" class=\"inci-link\">XANTHAN GUM<\/a>, <a href=\"https:\/\/www.beautydecoded.com\/en\/ingredients\/t-butyl-alcohol\/\" class=\"inci-link\">T-BUTYL ALCOHOL<\/a> (Drying alcohol)<\/p>\n<p>Le Benton Air Fit UV Defense Sun Cream SPF 50+\/PA++++ est une cr\u00e8me solaire \u00e0 spectre large combinant trois filtres UV organiques de nouvelle g\u00e9n\u00e9ration : le di\u00e9thylamino hydroxybenzoyl hexyl benzoate (Uvinul A Plus) et le m\u00e9thyl\u00e8ne bis-benzotriazolyl t\u00e9tram\u00e9thylbutylph\u00e9nol (Tinosorb M) pour la protection UVA, l&rsquo;\u00e9thylhexyl triazone et le di\u00e9thylhexyl butamido triazone (Uvasorb HEB) pour les UVB. Cette association assure une photoprotection \u00e9lev\u00e9e et photostable sans filtres min\u00e9raux. La formule int\u00e8gre plusieurs actifs apaisants et r\u00e9parateurs : l&rsquo;extrait de Centella asiatica et ses fractions purifi\u00e9es (madecassoside, acide mad\u00e9cassique, asiaticoside, acide asiatique) agissent en synergie pour calmer les irritations et soutenir la barri\u00e8re cutan\u00e9e ; la niacinamide contribue \u00e0 l&rsquo;uniformisation du teint et au renforcement de la fonction barri\u00e8re ; le panthenol et la glyc\u00e9rine assurent une hydratation de surface. Le dipotassium glycyrrhizate et le tocoph\u00e9rol compl\u00e8tent le profil anti-inflammatoire et antioxydant. La texture l\u00e9g\u00e8re est obtenue gr\u00e2ce \u00e0 une base silicone (caprylyl m\u00e9thicone, polym\u00e9thylsilsesquioxane) et des esters d&rsquo;origine v\u00e9g\u00e9tale (coco-caprylate\/caprate, dibutyl adipate), conf\u00e9rant un fini sec et non occlusif. Ce produit convient particuli\u00e8rement aux peaux sensibles, r\u00e9actives ou sujettes aux rougeurs, ainsi qu&rsquo;aux peaux mixtes \u00e0 grasses recherchant une protection solaire quotidienne \u00e0 port confortable.<\/p>","protected":false},"excerpt":{"rendered":"<p>Analyze composition on the BeautyDecoded App<\/p>","protected":false},"featured_media":72905,"comment_status":"open","ping_status":"open","template":"","meta":{"_acf_changed":false,"_kad_blocks_custom_css":"","_kad_blocks_head_custom_js":"","_kad_blocks_body_custom_js":"","_kad_blocks_footer_custom_js":"","_kad_post_transparent":"","_kad_post_title":"","_kad_post_layout":"","_kad_post_sidebar_id":"","_kad_post_content_style":"","_kad_post_vertical_padding":"","_kad_post_feature":"","_kad_post_feature_position":"","_kad_post_header":false,"_kad_post_footer":false},"product_brand":[],"product_cat":[394],"product_tag":[],"class_list":{"0":"post-72904","1":"product","2":"type-product","3":"status-publish","4":"has-post-thumbnail","6":"product_cat-benton","7":"pa_actif-centellaasiatica","8":"pa_actif-niacinamide","9":"pa_type-de-produit-solar","11":"first","12":"instock","13":"product-type-external","14":"entry","15":"content-bg","16":"loop-entry"},"acf":[],"taxonomy_info":{"product_cat":[{"value":394,"label":"Benton"}],"pa_actif":[{"value":553,"label":"centellaasiatica"},{"value":541,"label":"niacinamide"}],"pa_type-de-produit":[{"value":937,"label":"solar"}]},"featured_image_src_large":["https:\/\/www.beautydecoded.com\/wp-content\/uploads\/2026\/04\/8809566991553.jpg",900,900,false],"author_info":[],"comment_info":1,"_links":{"self":[{"href":"https:\/\/www.beautydecoded.com\/en\/wp-json\/wp\/v2\/product\/72904","targetHints":{"allow":["GET"]}}],"collection":[{"href":"https:\/\/www.beautydecoded.com\/en\/wp-json\/wp\/v2\/product"}],"about":[{"href":"https:\/\/www.beautydecoded.com\/en\/wp-json\/wp\/v2\/types\/product"}],"replies":[{"embeddable":true,"href":"https:\/\/www.beautydecoded.com\/en\/wp-json\/wp\/v2\/comments?post=72904"}],"wp:featuredmedia":[{"embeddable":true,"href":"https:\/\/www.beautydecoded.com\/en\/wp-json\/wp\/v2\/media\/72905"}],"wp:attachment":[{"href":"https:\/\/www.beautydecoded.com\/en\/wp-json\/wp\/v2\/media?parent=72904"}],"wp:term":[{"taxonomy":"product_brand","embeddable":true,"href":"https:\/\/www.beautydecoded.com\/en\/wp-json\/wp\/v2\/product_brand?post=72904"},{"taxonomy":"product_cat","embeddable":true,"href":"https:\/\/www.beautydecoded.com\/en\/wp-json\/wp\/v2\/product_cat?post=72904"},{"taxonomy":"product_tag","embeddable":true,"href":"https:\/\/www.beautydecoded.com\/en\/wp-json\/wp\/v2\/product_tag?post=72904"}],"curies":[{"name":"wp","href":"https:\/\/api.w.org\/{rel}","templated":true}]}}