{"id":73002,"date":"2026-04-02T17:44:49","date_gmt":"2026-04-02T15:44:49","guid":{"rendered":"https:\/\/www.beautydecoded.com\/produits\/non class\u00e9\/fluide-anti-uv-anti-taches-quotidien-invisible-spf-50\/"},"modified":"2026-04-02T19:57:32","modified_gmt":"2026-04-02T17:57:32","slug":"fluide-anti-uv-anti-taches-quotidien-invisible-spf-50","status":"publish","type":"product","link":"https:\/\/www.beautydecoded.com\/en\/products\/garnier-skinactive\/fluide-anti-uv-anti-taches-quotidien-invisible-spf-50\/","title":{"rendered":"Daily Invisible Anti-UV &amp; Anti-Spot Fluid - SPF 50+"},"content":{"rendered":"<p><a href=\"https:\/\/www.beautydecoded.com\/en\/ingredients\/aqua\/\" class=\"inci-link\">AQUA<\/a>, <a href=\"https:\/\/www.beautydecoded.com\/en\/ingredients\/isopropyl-palmitate\/\" class=\"inci-link\">ISOPROPYL PALMITATE<\/a> (Potentially comedogenic), <a href=\"https:\/\/www.beautydecoded.com\/en\/ingredients\/alcohol-denat\/\" class=\"inci-link\">ALCOHOL DENAT.<\/a> (Drying alcohol), <a href=\"https:\/\/www.beautydecoded.com\/en\/ingredients\/ethylhexyl-salicylate\/\" class=\"inci-link\">ETHYLHEXYL SALICYLATE<\/a> (Octisalate, UVB filter), <a href=\"https:\/\/www.beautydecoded.com\/en\/ingredients\/ethylhexyl-triazone\/\" class=\"inci-link\">ETHYLHEXYL TRIAZONE<\/a> (Uvinul t150, UVB filter), <a href=\"https:\/\/www.beautydecoded.com\/en\/ingredients\/butyl-methoxydibenzoylmethane\/\" class=\"inci-link\">BUTYL METHOXYDIBENZOYLMETHANE<\/a> (Avobenzone, SHORT UVA Filter, LONG UVA Filter), <a href=\"https:\/\/www.beautydecoded.com\/en\/ingredients\/bis-ethylhexyloxyphenol-methoxyphenyl-triazine\/\" class=\"inci-link\">BIS-ETHYLHEXYLOXYPHENOL METHOXYPHENYL TRIAZINE<\/a> (Tinosorb S, UVB filter, SHORT UVA, LONG UVA), <a href=\"https:\/\/www.beautydecoded.com\/en\/ingredients\/glycerin\/\" class=\"inci-link\">GLYCERIN<\/a>, <a href=\"https:\/\/www.beautydecoded.com\/en\/ingredients\/propanediol\/\" class=\"inci-link\">PROPANEDIOL<\/a>, <a href=\"https:\/\/www.beautydecoded.com\/en\/ingredients\/dicaprylyl-ether\/\" class=\"inci-link\">DICAPRYLYL ETHER<\/a>, <a href=\"https:\/\/www.beautydecoded.com\/en\/ingredients\/niacinamide\/\" class=\"inci-link\">NIACINAMIDE<\/a> (Vitamin B3), <a href=\"https:\/\/www.beautydecoded.com\/en\/ingredients\/77891\/\" class=\"inci-link\">CI 77891<\/a> (White colorant: Titanium dioxide), <a href=\"https:\/\/www.beautydecoded.com\/en\/ingredients\/sodium-oxidized-starch-acetate-succinate\/\" class=\"inci-link\">SODIUM OXIDIZED STARCH ACETATE\/SUCCINATE<\/a>, <a href=\"https:\/\/www.beautydecoded.com\/en\/ingredients\/copernicia-cerifera-wax\/\" class=\"inci-link\">COPERNICIA CERIFERA WAX<\/a>, <a href=\"https:\/\/www.beautydecoded.com\/en\/ingredients\/c12-22-alkyl-acrylate-hydroxyethyl-acrylate-copolymer\/\" class=\"inci-link\">C12-22 ALKYL ACRYLATE\/HYDROXYETHYL ACRYLATE COPOLYMER<\/a> (Netlock), <a href=\"https:\/\/www.beautydecoded.com\/en\/ingredients\/lemon-fruit-extract\/\" class=\"inci-link\">LEMON FRUIT EXTRACT<\/a> (Lemon), <a href=\"https:\/\/www.beautydecoded.com\/en\/ingredients\/tin-oxide\/\" class=\"inci-link\">TIN OXIDE<\/a>, <a href=\"https:\/\/www.beautydecoded.com\/en\/ingredients\/triethanolamine\/\" class=\"inci-link\">TRIETHANOLAMINE<\/a>, <a href=\"https:\/\/www.beautydecoded.com\/en\/ingredients\/drometrizole-trisiloxane\/\" class=\"inci-link\">DROMETRIZOLE TRISILOXANE<\/a> (Mexoryl XL, UVB filter, SHORT UVA, LONG UVA), <a href=\"https:\/\/www.beautydecoded.com\/en\/ingredients\/ascorbyl-glucoside\/\" class=\"inci-link\">ASCORBYL GLUCOSIDE<\/a> (Vitamin C derivative), <a href=\"https:\/\/www.beautydecoded.com\/en\/ingredients\/hydroxyacetophenone\/\" class=\"inci-link\">HYDROXYACETOPHENONE<\/a>, <a href=\"https:\/\/www.beautydecoded.com\/en\/ingredients\/caprylyl-glycol\/\" class=\"inci-link\">CAPRYLYL GLYCOL<\/a>, <a href=\"https:\/\/www.beautydecoded.com\/en\/ingredients\/trisodium-ethylenediamine-disuccinate\/\" class=\"inci-link\">TRISODIUM ETHYLENEDIAMINE DISUCCINATE<\/a>, <a href=\"https:\/\/www.beautydecoded.com\/en\/ingredients\/xanthan-gum\/\" class=\"inci-link\">XANTHAN GUM<\/a>, <a href=\"https:\/\/www.beautydecoded.com\/en\/ingredients\/acrylates-copolymer\/\" class=\"inci-link\">ACRYLATES COPOLYMER<\/a>, <a href=\"https:\/\/www.beautydecoded.com\/en\/ingredients\/acrylates-c10-30-alkyl-acrylate-crosspolymer\/\" class=\"inci-link\">ACRYLATES\/C10-30 ALKYL ACRYLATE CROSSPOLYMER<\/a>, <a href=\"https:\/\/www.beautydecoded.com\/en\/ingredients\/tocopherol\/\" class=\"inci-link\">TOCOPHEROL<\/a> (Vitamin E), <a href=\"https:\/\/www.beautydecoded.com\/en\/ingredients\/chlorphenesin\/\" class=\"inci-link\">CHLORPHENESIN<\/a>, <a href=\"https:\/\/www.beautydecoded.com\/en\/ingredients\/mica\/\" class=\"inci-link\">MICA<\/a> (Pearlescent colorant), <a href=\"https:\/\/www.beautydecoded.com\/en\/ingredients\/77491\/\" class=\"inci-link\">CI 77491<\/a> (Red dye, iron trioxide), <a href=\"https:\/\/www.beautydecoded.com\/en\/ingredients\/ci-77492\/\" class=\"inci-link\">CI 77492<\/a> (Yellow dye, Iron oxide), <a href=\"https:\/\/www.beautydecoded.com\/en\/ingredients\/ci-77499\/\" class=\"inci-link\">CI 77499<\/a> (Black dye \u2013 Iron tetraoxide), <a href=\"https:\/\/www.beautydecoded.com\/en\/ingredients\/linalool\/\" class=\"inci-link\">LINALOOL<\/a> (Regulated allergen), <a href=\"https:\/\/www.beautydecoded.com\/en\/ingredients\/geraniol\/\" class=\"inci-link\">GERANIOL<\/a> (Regulated allergen), <a href=\"https:\/\/www.beautydecoded.com\/en\/ingredients\/limonene\/\" class=\"inci-link\">LIMONENE<\/a> (Regulated allergen), <a href=\"https:\/\/www.beautydecoded.com\/en\/ingredients\/citral\/\" class=\"inci-link\">CITRAL<\/a> (Regulated allergen), <a href=\"https:\/\/www.beautydecoded.com\/en\/ingredients\/fragrance\/\" class=\"inci-link\">PERFUM<\/a> (Perfume)<\/p>\n<p>Ce fluide solaire quotidien \u00e0 SPF 50+ associe plusieurs filtres UV chimiques compl\u00e9mentaires : l&rsquo;\u00e9thylhexyl salicylate, l&rsquo;\u00e9thylhexyl triazone, le butyl m\u00e9thoxydibenzoylm\u00e9thane (avobenzone) et le bis-\u00e9thylhexyloxyph\u00e9nol m\u00e9thoxyph\u00e9nyl triazine (Tinosorb S), auxquels s&rsquo;ajoute le drom\u00e9trizole trisiloxane, assurant une protection large spectre UVA\/UVB. Sur le plan des actifs anti-taches, la niacinamide (vitamine B3) inhibe le transfert des m\u00e9lanosomes vers les k\u00e9ratinocytes, r\u00e9duisant ainsi l&rsquo;hyperpigmentation existante, tandis que l&rsquo;ascorbyl glucoside, forme stable de vitamine C, exerce une action antioxydante et d\u00e9pigmentante en inhibant la tyrosinase. Le tocoph\u00e9rol (vitamine E) renforce la protection contre le stress oxydatif induit par les UV. L&rsquo;extrait de citron (*Citrus limon*) apporte des polyph\u00e9nols \u00e0 action antioxydante compl\u00e9mentaire. La texture fluide, all\u00e9g\u00e9e par le dicaprylyl \u00e9ther et la cire de carnauba (*Copernicia cerifera*), est formul\u00e9e pour un fini invisible sur la peau. Ce produit convient aux peaux sujettes aux taches pigmentaires, au m\u00e9lasma ou aux s\u00e9quelles post-inflammatoires, ainsi qu&rsquo;\u00e0 toute personne souhaitant int\u00e9grer une protection solaire quotidienne \u00e0 son soin anti-\u00e2ge. \u00c0 noter : la pr\u00e9sence de parfum et d&rsquo;alcool d\u00e9natur\u00e9 peut \u00eatre mal tol\u00e9r\u00e9e par les peaux r\u00e9actives ou sensibles.<\/p>","protected":false},"excerpt":{"rendered":"<p>Analyze composition on the BeautyDecoded App<\/p>","protected":false},"featured_media":73003,"comment_status":"open","ping_status":"open","template":"","meta":{"_acf_changed":false,"_kad_blocks_custom_css":"","_kad_blocks_head_custom_js":"","_kad_blocks_body_custom_js":"","_kad_blocks_footer_custom_js":"","_kad_post_transparent":"","_kad_post_title":"","_kad_post_layout":"","_kad_post_sidebar_id":"","_kad_post_content_style":"","_kad_post_vertical_padding":"","_kad_post_feature":"","_kad_post_feature_position":"","_kad_post_header":false,"_kad_post_footer":false},"product_brand":[],"product_cat":[694],"product_tag":[],"class_list":{"0":"post-73002","1":"product","2":"type-product","3":"status-publish","4":"has-post-thumbnail","6":"product_cat-garnier-skinactive","7":"pa_actif-ascorbicacidderivatives","8":"pa_actif-niacinamide","9":"pa_type-de-produit-solar","11":"first","12":"instock","13":"product-type-external","14":"entry","15":"content-bg","16":"loop-entry"},"acf":[],"taxonomy_info":{"product_cat":[{"value":694,"label":"Garnier SkinActive"}],"pa_actif":[{"value":542,"label":"ascorbicacidderivatives"},{"value":541,"label":"niacinamide"}],"pa_type-de-produit":[{"value":937,"label":"solar"}]},"featured_image_src_large":["https:\/\/www.beautydecoded.com\/wp-content\/uploads\/2026\/04\/16-6.jpeg",640,640,false],"author_info":[],"comment_info":1,"_links":{"self":[{"href":"https:\/\/www.beautydecoded.com\/en\/wp-json\/wp\/v2\/product\/73002","targetHints":{"allow":["GET"]}}],"collection":[{"href":"https:\/\/www.beautydecoded.com\/en\/wp-json\/wp\/v2\/product"}],"about":[{"href":"https:\/\/www.beautydecoded.com\/en\/wp-json\/wp\/v2\/types\/product"}],"replies":[{"embeddable":true,"href":"https:\/\/www.beautydecoded.com\/en\/wp-json\/wp\/v2\/comments?post=73002"}],"wp:featuredmedia":[{"embeddable":true,"href":"https:\/\/www.beautydecoded.com\/en\/wp-json\/wp\/v2\/media\/73003"}],"wp:attachment":[{"href":"https:\/\/www.beautydecoded.com\/en\/wp-json\/wp\/v2\/media?parent=73002"}],"wp:term":[{"taxonomy":"product_brand","embeddable":true,"href":"https:\/\/www.beautydecoded.com\/en\/wp-json\/wp\/v2\/product_brand?post=73002"},{"taxonomy":"product_cat","embeddable":true,"href":"https:\/\/www.beautydecoded.com\/en\/wp-json\/wp\/v2\/product_cat?post=73002"},{"taxonomy":"product_tag","embeddable":true,"href":"https:\/\/www.beautydecoded.com\/en\/wp-json\/wp\/v2\/product_tag?post=73002"}],"curies":[{"name":"wp","href":"https:\/\/api.w.org\/{rel}","templated":true}]}}