{"id":73016,"date":"2026-04-02T17:45:15","date_gmt":"2026-04-02T15:45:15","guid":{"rendered":"https:\/\/www.beautydecoded.com\/produits\/non class\u00e9\/mini-oat-cleansing-balm-50-ml\/"},"modified":"2026-04-02T19:57:03","modified_gmt":"2026-04-02T17:57:03","slug":"mini-oat-cleansing-balm-50-ml","status":"publish","type":"product","link":"https:\/\/www.beautydecoded.com\/en\/products\/the-inkey-list\/mini-oat-cleansing-balm-50-ml\/","title":{"rendered":"Mini Oat Cleansing Balm - 50 ml"},"content":{"rendered":"<p><a href=\"https:\/\/www.beautydecoded.com\/en\/ingredients\/sweet-almond-oil\/\" class=\"inci-link\">Sweet Almond Oil<\/a> (Sweet almond vegetable oil), <a href=\"https:\/\/www.beautydecoded.com\/en\/ingredients\/cetearyl-alcohol\/\" class=\"inci-link\">CETEARYL ALCOHOL<\/a>, <a href=\"https:\/\/www.beautydecoded.com\/en\/ingredients\/peg-6-caprylic-capric-glycerides\/\" class=\"inci-link\">PEG-6 CAPRYLIC\/CAPRIC GLYCERIDES<\/a> (Nonionic surfactant), <a href=\"https:\/\/www.beautydecoded.com\/en\/ingredients\/oat-kernel-oil\/\" class=\"inci-link\">Oat Kernel Oil<\/a> (Oat vegetable oil), <a href=\"https:\/\/www.beautydecoded.com\/en\/ingredients\/candelilla-wax\/\" class=\"inci-link\">CANDELILLA WAX<\/a>, <a href=\"https:\/\/www.beautydecoded.com\/en\/ingredients\/silica\/\" class=\"inci-link\">SILICA<\/a> (Silica), <a href=\"https:\/\/www.beautydecoded.com\/en\/ingredients\/sorbitan-stearate\/\" class=\"inci-link\">SORBITAN STEARATE<\/a> (Nonionic surfactant), <a href=\"https:\/\/www.beautydecoded.com\/en\/ingredients\/tribehenin\/\" class=\"inci-link\">TRIBEHENIN<\/a>, <a href=\"https:\/\/www.beautydecoded.com\/en\/ingredients\/peg-60-almond-glycerides\/\" class=\"inci-link\">PEG-60 ALMOND GLYCERIDES<\/a>, <a href=\"https:\/\/www.beautydecoded.com\/en\/ingredients\/oat-kernel-flour\/\" class=\"inci-link\">OAT KERNEL FLOUR<\/a> (Oats), <a href=\"https:\/\/www.beautydecoded.com\/en\/ingredients\/aqua\/\" class=\"inci-link\">AQUA<\/a>, <a href=\"https:\/\/www.beautydecoded.com\/en\/ingredients\/benzyl-alcohol\/\" class=\"inci-link\">BENZYL ALCOHOL<\/a> (Regulated allergen), <a href=\"https:\/\/www.beautydecoded.com\/en\/ingredients\/phenoxyethanol\/\" class=\"inci-link\">PHENOXYETHANOL<\/a>, <a href=\"https:\/\/www.beautydecoded.com\/en\/ingredients\/lecithin\/\" class=\"inci-link\">LECITHIN<\/a>, <a href=\"https:\/\/www.beautydecoded.com\/en\/ingredients\/1-2-hexanediol\/\" class=\"inci-link\">1,2-HEXANEDIOL<\/a>, <a href=\"https:\/\/www.beautydecoded.com\/en\/ingredients\/ascorbyl-palmitate\/\" class=\"inci-link\">ASCORBYL PALMITATE<\/a> (Vitamin C derivative), <a href=\"https:\/\/www.beautydecoded.com\/en\/ingredients\/tocopherol\/\" class=\"inci-link\">TOCOPHEROL<\/a> (Vitamin E), <a href=\"https:\/\/www.beautydecoded.com\/en\/ingredients\/biosaccharide-gum-4\/\" class=\"inci-link\">BIOSACCHARIDE GUM-4<\/a>, <a href=\"https:\/\/www.beautydecoded.com\/en\/ingredients\/helianthus-annuus-seed-oil\/\" class=\"inci-link\">HELIANTHUS ANNUUS SEED OIL<\/a> (Sunflower vegetable oil)<\/p>\n<p>Ce baume d\u00e9maquillant de The Inkey List repose principalement sur une base lipidique constitu\u00e9e d&rsquo;huile d&rsquo;amande douce (*Prunus amygdalus dulcis oil*) et d&rsquo;huile d&rsquo;avoine (*Avena sativa kernel oil*), deux \u00e9mollients riches en acides gras insatur\u00e9s qui dissolvent efficacement les r\u00e9sidus gras (maquillage, s\u00e9bum, SPF) par affinit\u00e9 lipophile. La cire de candelilla et l&rsquo;alcool c\u00e9t\u00e9arylique assurent la texture solide du baume et facilitent son \u00e9mulsification au contact de l&rsquo;eau, permettant un rin\u00e7age sans r\u00e9sidu gras. La farine d&rsquo;avoine collo\u00efdale (*Avena sativa kernel flour*) apporte des propri\u00e9t\u00e9s apaisantes et anti-irritantes, gr\u00e2ce \u00e0 ses b\u00eata-glucanes et avenanthramides. Le complexe antioxydant \u2014 tocoph\u00e9rol, ascorbyl palmitate et huile de tournesol \u2014 prot\u00e8ge la formule de l&rsquo;oxydation et limite le stress oxydatif cutan\u00e9 lors du d\u00e9maquillage. Le biosaccharide gum-4 contribue \u00e0 l&rsquo;effet apaisant et filmog\u00e8ne post-rin\u00e7age. Ce produit convient particuli\u00e8rement aux peaux s\u00e8ches, sensibles ou r\u00e9actives, ainsi qu&rsquo;aux peaux normales souhaitant un d\u00e9maquillage doux sans alt\u00e9ration de la barri\u00e8re cutan\u00e9e. Il est adapt\u00e9 \u00e0 une utilisation en premi\u00e8re \u00e9tape d&rsquo;un double nettoyage.<\/p>","protected":false},"excerpt":{"rendered":"<p>Analyze composition on the BeautyDecoded App<\/p>","protected":false},"featured_media":73017,"comment_status":"open","ping_status":"open","template":"","meta":{"_acf_changed":false,"_kad_blocks_custom_css":"","_kad_blocks_head_custom_js":"","_kad_blocks_body_custom_js":"","_kad_blocks_footer_custom_js":"","_kad_post_transparent":"","_kad_post_title":"","_kad_post_layout":"","_kad_post_sidebar_id":"","_kad_post_content_style":"","_kad_post_vertical_padding":"","_kad_post_feature":"","_kad_post_feature_position":"","_kad_post_header":false,"_kad_post_footer":false},"product_brand":[],"product_cat":[247],"product_tag":[],"class_list":{"0":"post-73016","1":"product","2":"type-product","3":"status-publish","4":"has-post-thumbnail","6":"product_cat-the-inkey-list","7":"pa_actif-amandeoil","8":"pa_actif-ascorbicacidderivatives","9":"pa_actif-avoine","10":"pa_type-de-produit-demaquillant","12":"first","13":"instock","14":"product-type-external","15":"entry","16":"content-bg","17":"loop-entry"},"acf":[],"taxonomy_info":{"product_cat":[{"value":247,"label":"The Inkey List"}],"pa_actif":[{"value":566,"label":"amandeoil"},{"value":542,"label":"ascorbicacidderivatives"},{"value":559,"label":"avoine"}],"pa_type-de-produit":[{"value":938,"label":"demaquillant"}]},"featured_image_src_large":["https:\/\/www.beautydecoded.com\/wp-content\/uploads\/2026\/04\/584175_swatch-copie.jpg",600,600,false],"author_info":[],"comment_info":1,"_links":{"self":[{"href":"https:\/\/www.beautydecoded.com\/en\/wp-json\/wp\/v2\/product\/73016","targetHints":{"allow":["GET"]}}],"collection":[{"href":"https:\/\/www.beautydecoded.com\/en\/wp-json\/wp\/v2\/product"}],"about":[{"href":"https:\/\/www.beautydecoded.com\/en\/wp-json\/wp\/v2\/types\/product"}],"replies":[{"embeddable":true,"href":"https:\/\/www.beautydecoded.com\/en\/wp-json\/wp\/v2\/comments?post=73016"}],"wp:featuredmedia":[{"embeddable":true,"href":"https:\/\/www.beautydecoded.com\/en\/wp-json\/wp\/v2\/media\/73017"}],"wp:attachment":[{"href":"https:\/\/www.beautydecoded.com\/en\/wp-json\/wp\/v2\/media?parent=73016"}],"wp:term":[{"taxonomy":"product_brand","embeddable":true,"href":"https:\/\/www.beautydecoded.com\/en\/wp-json\/wp\/v2\/product_brand?post=73016"},{"taxonomy":"product_cat","embeddable":true,"href":"https:\/\/www.beautydecoded.com\/en\/wp-json\/wp\/v2\/product_cat?post=73016"},{"taxonomy":"product_tag","embeddable":true,"href":"https:\/\/www.beautydecoded.com\/en\/wp-json\/wp\/v2\/product_tag?post=73016"}],"curies":[{"name":"wp","href":"https:\/\/api.w.org\/{rel}","templated":true}]}}