{"id":73020,"date":"2026-04-02T17:45:15","date_gmt":"2026-04-02T15:45:15","guid":{"rendered":"https:\/\/www.beautydecoded.com\/produits\/non class\u00e9\/egf-eye-serum-age-defying-eye-serum\/"},"modified":"2026-04-02T19:56:50","modified_gmt":"2026-04-02T17:56:50","slug":"egf-eye-serum-age-defying-eye-serum","status":"publish","type":"product","link":"https:\/\/www.beautydecoded.com\/en\/products\/bioeffect\/egf-eye-serum-age-defying-eye-serum\/","title":{"rendered":"EGF Eye Serum - Age-Defying Eye Serum"},"content":{"rendered":"<p><a href=\"https:\/\/www.beautydecoded.com\/en\/ingredients\/aqua\/\" class=\"inci-link\">AQUA<\/a>, <a href=\"https:\/\/www.beautydecoded.com\/en\/ingredients\/glycerin\/\" class=\"inci-link\">GLYCERIN<\/a>, <a href=\"https:\/\/www.beautydecoded.com\/en\/ingredients\/butylene-glycol\/\" class=\"inci-link\">BUTYLENE GLYCOL<\/a>, <a href=\"https:\/\/www.beautydecoded.com\/en\/ingredients\/carbomer\/\" class=\"inci-link\">CARBOMER<\/a>, <a href=\"https:\/\/www.beautydecoded.com\/en\/ingredients\/sodium-chloride\/\" class=\"inci-link\">SODIUM CHLORIDE<\/a>, <a href=\"https:\/\/www.beautydecoded.com\/en\/ingredients\/phenoxyethanol\/\" class=\"inci-link\">PHENOXYETHANOL<\/a>, <a href=\"https:\/\/www.beautydecoded.com\/en\/ingredients\/sodium-citrate\/\" class=\"inci-link\">SODIUM CITRATE<\/a>, <a href=\"https:\/\/www.beautydecoded.com\/en\/ingredients\/sodium-dehydroacetate\/\" class=\"inci-link\">SODIUM DEHYDROACETATE<\/a>, <a href=\"https:\/\/www.beautydecoded.com\/en\/ingredients\/sodium-hyaluronate\/\" class=\"inci-link\">SODIUM HYALURONATE<\/a> (Hyaluronic acid), <a href=\"https:\/\/www.beautydecoded.com\/en\/ingredients\/barley-seed-extract\/\" class=\"inci-link\">Barley Seed Extract<\/a> (Barley), <a href=\"https:\/\/www.beautydecoded.com\/en\/ingredients\/barley-sh-oligopeptide-1\/\" class=\"inci-link\">BARLEY SH-OLIGOPEPTIDE-1<\/a> (Epidermal growth factor)<\/p>\n<p>Le **BioEffect EGF Eye Serum** est un s\u00e9rum contrepour le contour des yeux formul\u00e9 autour de deux actifs principaux : le **Barley SH-Oligopeptide-1** (EGF d&rsquo;origine v\u00e9g\u00e9tale, d\u00e9riv\u00e9 de l&rsquo;orge) et l&rsquo;**hyaluronate de sodium**. L&rsquo;EGF (Epidermal Growth Factor) est un peptide de signalisation cellulaire qui stimule la prolif\u00e9ration et la diff\u00e9renciation des k\u00e9ratinocytes, contribuant au renouvellement cutan\u00e9 et \u00e0 l&rsquo;am\u00e9lioration de la texture de la peau. L&rsquo;extrait de graines d&rsquo;orge (*Hordeum vulgare*) apporte des propri\u00e9t\u00e9s apaisantes et antioxydantes compl\u00e9mentaires. L&rsquo;hyaluronate de sodium, agent humectant hygroscopique, attire et retient l&rsquo;eau dans les couches superficielles de l&rsquo;\u00e9piderme, r\u00e9duisant l&rsquo;apparence des ridules de d\u00e9shydratation. La base formulaire inclut du glyc\u00e9rol et du butyl\u00e8ne glycol comme co-humectants, assurant une texture fluide et une bonne p\u00e9n\u00e9tration. Ce s\u00e9rum convient aux peaux pr\u00e9sentant des signes de vieillissement cutan\u00e9 au niveau du contour des yeux \u2014 ridules, perte de fermet\u00e9, teint terne \u2014 et s&rsquo;adresse particuli\u00e8rement aux peaux matures ou \u00e0 celles souhaitant agir pr\u00e9ventivement sur le vieillissement de cette zone fragile. Sa formule minimaliste (peu d&rsquo;ingr\u00e9dients, sans parfum) le rend \u00e9galement adapt\u00e9 aux peaux sensibles.<\/p>","protected":false},"excerpt":{"rendered":"<p>Analyze composition on the BeautyDecoded App<\/p>","protected":false},"featured_media":73021,"comment_status":"open","ping_status":"open","template":"","meta":{"_acf_changed":false,"_kad_blocks_custom_css":"","_kad_blocks_head_custom_js":"","_kad_blocks_body_custom_js":"","_kad_blocks_footer_custom_js":"","_kad_post_transparent":"","_kad_post_title":"","_kad_post_layout":"","_kad_post_sidebar_id":"","_kad_post_content_style":"","_kad_post_vertical_padding":"","_kad_post_feature":"","_kad_post_feature_position":"","_kad_post_header":false,"_kad_post_footer":false},"product_brand":[],"product_cat":[439],"product_tag":[],"class_list":{"0":"post-73020","1":"product","2":"type-product","3":"status-publish","4":"has-post-thumbnail","6":"product_cat-bioeffect","7":"pa_type-de-produit-eyes","9":"first","10":"instock","11":"product-type-external","12":"entry","13":"content-bg","14":"loop-entry"},"acf":[],"taxonomy_info":{"product_cat":[{"value":439,"label":"BIOEFFECT"}],"pa_type-de-produit":[{"value":552,"label":"eyes"}]},"featured_image_src_large":["https:\/\/www.beautydecoded.com\/wp-content\/uploads\/2026\/04\/BIIO_EGF-Eye-Serum_PP_Thumbnail-1_Bestseller_d1c76c37-7da5-48ad-a421-7c42c17e260c_1080x.jpg-1024x1024.webp",1024,1024,true],"author_info":[],"comment_info":1,"_links":{"self":[{"href":"https:\/\/www.beautydecoded.com\/en\/wp-json\/wp\/v2\/product\/73020","targetHints":{"allow":["GET"]}}],"collection":[{"href":"https:\/\/www.beautydecoded.com\/en\/wp-json\/wp\/v2\/product"}],"about":[{"href":"https:\/\/www.beautydecoded.com\/en\/wp-json\/wp\/v2\/types\/product"}],"replies":[{"embeddable":true,"href":"https:\/\/www.beautydecoded.com\/en\/wp-json\/wp\/v2\/comments?post=73020"}],"wp:featuredmedia":[{"embeddable":true,"href":"https:\/\/www.beautydecoded.com\/en\/wp-json\/wp\/v2\/media\/73021"}],"wp:attachment":[{"href":"https:\/\/www.beautydecoded.com\/en\/wp-json\/wp\/v2\/media?parent=73020"}],"wp:term":[{"taxonomy":"product_brand","embeddable":true,"href":"https:\/\/www.beautydecoded.com\/en\/wp-json\/wp\/v2\/product_brand?post=73020"},{"taxonomy":"product_cat","embeddable":true,"href":"https:\/\/www.beautydecoded.com\/en\/wp-json\/wp\/v2\/product_cat?post=73020"},{"taxonomy":"product_tag","embeddable":true,"href":"https:\/\/www.beautydecoded.com\/en\/wp-json\/wp\/v2\/product_tag?post=73020"}],"curies":[{"name":"wp","href":"https:\/\/api.w.org\/{rel}","templated":true}]}}