{"id":73070,"date":"2026-04-02T17:45:41","date_gmt":"2026-04-02T15:45:41","guid":{"rendered":"https:\/\/www.beautydecoded.com\/produits\/non class\u00e9\/shiseido-mousse-nettoyante-clarifiante\/"},"modified":"2026-04-02T19:56:52","modified_gmt":"2026-04-02T17:56:52","slug":"shiseido-clarifying-cleansing-foam","status":"publish","type":"product","link":"https:\/\/www.beautydecoded.com\/en\/products\/shiseido\/shiseido-clarifying-cleansing-foam\/","title":{"rendered":"SHISEIDO Clarifying Cleansing Foam"},"content":{"rendered":"<p><a href=\"https:\/\/www.beautydecoded.com\/en\/ingredients\/aqua\/\" class=\"inci-link\">AQUA<\/a>, <a href=\"https:\/\/www.beautydecoded.com\/en\/ingredients\/stearic-acid\/\" class=\"inci-link\">STEARIC ACID<\/a> (Fatty acid), <a href=\"https:\/\/www.beautydecoded.com\/en\/ingredients\/peg-8\/\" class=\"inci-link\">PEG-8<\/a>, <a href=\"https:\/\/www.beautydecoded.com\/en\/ingredients\/myristic-acid\/\" class=\"inci-link\">MYRISTIC ACID<\/a> (Fatty acid, Potentially comedogenic), <a href=\"https:\/\/www.beautydecoded.com\/en\/ingredients\/glycerin\/\" class=\"inci-link\">GLYCERIN<\/a>, <a href=\"https:\/\/www.beautydecoded.com\/en\/ingredients\/potassium-hydroxide\/\" class=\"inci-link\">POTASSIUM HYDROXIDE<\/a>, <a href=\"https:\/\/www.beautydecoded.com\/en\/ingredients\/dipropylene-glycol\/\" class=\"inci-link\">DIPROPYLENE GLYCOL<\/a>, <a href=\"https:\/\/www.beautydecoded.com\/en\/ingredients\/lauric-acid\/\" class=\"inci-link\">LAURIC ACID<\/a> (Fatty acid, Potentially comedogenic), <a href=\"https:\/\/www.beautydecoded.com\/en\/ingredients\/glyceryl-stearate-se\/\" class=\"inci-link\">GLYCERYL STEARATE SE<\/a> (Potentially comedogenic), <a href=\"https:\/\/www.beautydecoded.com\/en\/ingredients\/sorbitol\/\" class=\"inci-link\">SORBITOL<\/a>, <a href=\"https:\/\/www.beautydecoded.com\/en\/ingredients\/cocamidopropyl-betaine\/\" class=\"inci-link\">COCAMIDOPROPYL BETAINE<\/a> (Amphoteric surfactant), <a href=\"https:\/\/www.beautydecoded.com\/en\/ingredients\/peg-60-glyceryl-isostearate\/\" class=\"inci-link\">PEG-60 GLYCERYL ISOSTEARATE<\/a>, <a href=\"https:\/\/www.beautydecoded.com\/en\/ingredients\/sodium-methyl-cocoyl-taurate\/\" class=\"inci-link\">Sodium Methyl Cocoyl Taurate<\/a> (Anionic surfactant), <a href=\"https:\/\/www.beautydecoded.com\/en\/ingredients\/phytosteryl-macadamiate\/\" class=\"inci-link\">PHYTOSTERYL MACADAMIATE<\/a>, <a href=\"https:\/\/www.beautydecoded.com\/en\/ingredients\/fragrance\/\" class=\"inci-link\">PERFUM<\/a> (Perfume), <a href=\"https:\/\/www.beautydecoded.com\/en\/ingredients\/polyquaternium-39\/\" class=\"inci-link\">POLYQUATERNIUM-39<\/a>, <a href=\"https:\/\/www.beautydecoded.com\/en\/ingredients\/disodium-edta\/\" class=\"inci-link\">DISODIUM EDTA<\/a>, <a href=\"https:\/\/www.beautydecoded.com\/en\/ingredients\/aqua\/\" class=\"inci-link\">AQUA<\/a>, <a href=\"https:\/\/www.beautydecoded.com\/en\/ingredients\/rice-germ-oil\/\" class=\"inci-link\">RICE GERM OIL<\/a> (Rice vegetable oil), <a href=\"https:\/\/www.beautydecoded.com\/en\/ingredients\/linalool\/\" class=\"inci-link\">LINALOOL<\/a> (Regulated allergen), <a href=\"https:\/\/www.beautydecoded.com\/en\/ingredients\/geraniol\/\" class=\"inci-link\">GERANIOL<\/a> (Regulated allergen), <a href=\"https:\/\/www.beautydecoded.com\/en\/ingredients\/citronellol\/\" class=\"inci-link\">CITRONELLOL<\/a> (Regulated allergen), <a href=\"https:\/\/www.beautydecoded.com\/en\/ingredients\/kaolin\/\" class=\"inci-link\">KAOLIN<\/a> (Clay), <a href=\"https:\/\/www.beautydecoded.com\/en\/ingredients\/sodium-benzoate\/\" class=\"inci-link\">SODIUM BENZOATE<\/a>, <a href=\"https:\/\/www.beautydecoded.com\/en\/ingredients\/butylene-glycol\/\" class=\"inci-link\">BUTYLENE GLYCOL<\/a>, <a href=\"https:\/\/www.beautydecoded.com\/en\/ingredients\/acrylates-copolymer\/\" class=\"inci-link\">ACRYLATES COPOLYMER<\/a>, <a href=\"https:\/\/www.beautydecoded.com\/en\/ingredients\/betaine\/\" class=\"inci-link\">BETAINE<\/a> (Sugar), <a href=\"https:\/\/www.beautydecoded.com\/en\/ingredients\/serica\/\" class=\"inci-link\">SERICA<\/a> (Silk), <a href=\"https:\/\/www.beautydecoded.com\/en\/ingredients\/tocopherol\/\" class=\"inci-link\">TOCOPHEROL<\/a> (Vitamin E), <a href=\"https:\/\/www.beautydecoded.com\/en\/ingredients\/sodium-acetylated-hyaluronate\/\" class=\"inci-link\">Sodium Acetylated Hyaluronate<\/a> (Hyaluronic acid), <a href=\"https:\/\/www.beautydecoded.com\/en\/ingredients\/artemisia-princeps-leaf-extract\/\" class=\"inci-link\">Artemisia princeps leaf extract<\/a> (Artemisia princeps), <a href=\"https:\/\/www.beautydecoded.com\/en\/ingredients\/sodium-lauryl-sulfate\/\" class=\"inci-link\">SODIUM LAURYL SULFATE<\/a> (Anionic surfactant)<\/p>\n<p>La Mousse Nettoyante Clarifiante de Shiseido est un nettoyant formul\u00e9 autour d&rsquo;un syst\u00e8me moussant combinant des acides gras saponifi\u00e9s (acide st\u00e9arique, myristique, laurique neutralis\u00e9s par l&rsquo;hydroxyde de potassium) et des tensioactifs doux comme le cocamidopropyl b\u00e9ta\u00efne et le sodium m\u00e9thyl cocoyl taurate, qui assurent une \u00e9limination efficace des impuret\u00e9s et du s\u00e9bum sans agresser le film hydrolipidique. Le kaolin, argile absorbante, contribue \u00e0 la clarification des pores en captant les r\u00e9sidus et l&rsquo;exc\u00e8s de s\u00e9bum. La formule int\u00e8gre \u00e9galement des actifs hydratants et apaisants : le sodium acetylated hyaluronate (forme ac\u00e9tyl\u00e9e de l&rsquo;acide hyaluronique, \u00e0 bonne affinit\u00e9 cutan\u00e9e), la b\u00e9ta\u00efne et le sorbitol soutiennent l&rsquo;hydratation, tandis que l&rsquo;extrait de feuilles d&rsquo;Artemisia princeps (yomogi) apporte des propri\u00e9t\u00e9s apaisantes reconnues dans la cosm\u00e9tologie japonaise. L&rsquo;huile de germe de riz (Oryza sativa germ oil), riche en tocoph\u00e9rols et en phytost\u00e9rols, et le phytosteryl macadamiate participent \u00e0 la protection et au maintien du confort cutan\u00e9 post-nettoyage. Ce produit convient particuli\u00e8rement aux peaux mixtes \u00e0 grasses souhaitant un nettoyage en profondeur, ainsi qu&rsquo;aux peaux ternes n\u00e9cessitant une action clarifiante r\u00e9guli\u00e8re. Les peaux tr\u00e8s sensibles devront noter la pr\u00e9sence de parfum et de quelques compos\u00e9s allerg\u00e8nes (linalool, g\u00e9raniol, citronellol).<\/p>","protected":false},"excerpt":{"rendered":"<p>Analyze composition on the BeautyDecoded App<\/p>","protected":false},"featured_media":73071,"comment_status":"open","ping_status":"open","template":"","meta":{"_acf_changed":false,"_kad_blocks_custom_css":"","_kad_blocks_head_custom_js":"","_kad_blocks_body_custom_js":"","_kad_blocks_footer_custom_js":"","_kad_post_transparent":"","_kad_post_title":"","_kad_post_layout":"","_kad_post_sidebar_id":"","_kad_post_content_style":"","_kad_post_vertical_padding":"","_kad_post_feature":"","_kad_post_feature_position":"","_kad_post_header":false,"_kad_post_footer":false},"product_brand":[],"product_cat":[428],"product_tag":[],"class_list":{"0":"post-73070","1":"product","2":"type-product","3":"status-publish","4":"has-post-thumbnail","6":"product_cat-shiseido","7":"pa_actif-rice","8":"pa_type-de-produit-nettoyant","10":"first","11":"instock","12":"product-type-external","13":"entry","14":"content-bg","15":"loop-entry"},"acf":[],"taxonomy_info":{"product_cat":[{"value":428,"label":"Shiseido"}],"pa_actif":[{"value":556,"label":"rice"}],"pa_type-de-produit":[{"value":549,"label":"nettoyant"}]},"featured_image_src_large":["https:\/\/www.beautydecoded.com\/wp-content\/uploads\/2026\/04\/32-1024x1024.jpeg",1024,1024,true],"author_info":[],"comment_info":1,"_links":{"self":[{"href":"https:\/\/www.beautydecoded.com\/en\/wp-json\/wp\/v2\/product\/73070","targetHints":{"allow":["GET"]}}],"collection":[{"href":"https:\/\/www.beautydecoded.com\/en\/wp-json\/wp\/v2\/product"}],"about":[{"href":"https:\/\/www.beautydecoded.com\/en\/wp-json\/wp\/v2\/types\/product"}],"replies":[{"embeddable":true,"href":"https:\/\/www.beautydecoded.com\/en\/wp-json\/wp\/v2\/comments?post=73070"}],"wp:featuredmedia":[{"embeddable":true,"href":"https:\/\/www.beautydecoded.com\/en\/wp-json\/wp\/v2\/media\/73071"}],"wp:attachment":[{"href":"https:\/\/www.beautydecoded.com\/en\/wp-json\/wp\/v2\/media?parent=73070"}],"wp:term":[{"taxonomy":"product_brand","embeddable":true,"href":"https:\/\/www.beautydecoded.com\/en\/wp-json\/wp\/v2\/product_brand?post=73070"},{"taxonomy":"product_cat","embeddable":true,"href":"https:\/\/www.beautydecoded.com\/en\/wp-json\/wp\/v2\/product_cat?post=73070"},{"taxonomy":"product_tag","embeddable":true,"href":"https:\/\/www.beautydecoded.com\/en\/wp-json\/wp\/v2\/product_tag?post=73070"}],"curies":[{"name":"wp","href":"https:\/\/api.w.org\/{rel}","templated":true}]}}