{"id":73072,"date":"2026-04-02T17:45:41","date_gmt":"2026-04-02T15:45:41","guid":{"rendered":"https:\/\/www.beautydecoded.com\/produits\/non class\u00e9\/silky-passion-cleansing-oil\/"},"modified":"2026-04-02T19:56:51","modified_gmt":"2026-04-02T17:56:51","slug":"silky-passion-cleansing-oil","status":"publish","type":"product","link":"https:\/\/www.beautydecoded.com\/en\/products\/freshly-cosmetics\/silky-passion-cleansing-oil\/","title":{"rendered":"Silky Passion Cleansing Oil"},"content":{"rendered":"<p><a href=\"https:\/\/www.beautydecoded.com\/en\/ingredients\/helianthus-annuus-seed-oil\/\" class=\"inci-link\">HELIANTHUS ANNUUS SEED OIL<\/a> (Sunflower vegetable oil), <a href=\"https:\/\/www.beautydecoded.com\/en\/ingredients\/sesame-seed-oil\/\" class=\"inci-link\">SESAMUM INDICUM SEED OIL<\/a> (Sesame vegetable oil), <a href=\"https:\/\/www.beautydecoded.com\/en\/ingredients\/coco-caprylate-caprate\/\" class=\"inci-link\">COCO-CAPRYLATE\/CAPRATE<\/a>, <a href=\"https:\/\/www.beautydecoded.com\/en\/ingredients\/grape-seed-oil\/\" class=\"inci-link\">VITIS VINIFERA SEED OIL<\/a> (Vine vegetable oil), <a href=\"https:\/\/www.beautydecoded.com\/en\/ingredients\/passiflora-incarnata-seed-oil\/\" class=\"inci-link\">PASSIFLORA INCARNATA SEED OIL<\/a> (Passionflower vegetable oil), <a href=\"https:\/\/www.beautydecoded.com\/en\/ingredients\/fragrance\/\" class=\"inci-link\">PERFUM<\/a> (Perfume), <a href=\"https:\/\/www.beautydecoded.com\/en\/ingredients\/simmondsia-chinensis-seed-oil\/\" class=\"inci-link\">Simmondsia chinensis seed oil<\/a> (Jojoba vegetable oil), <a href=\"https:\/\/www.beautydecoded.com\/en\/ingredients\/sweet-almond-oil\/\" class=\"inci-link\">Sweet Almond Oil<\/a> (Sweet almond vegetable oil), <a href=\"https:\/\/www.beautydecoded.com\/en\/ingredients\/alkanna-tinctoria-root-extract\/\" class=\"inci-link\">Alkanet Root Extract<\/a> (Dyer's gentians), <a href=\"https:\/\/www.beautydecoded.com\/en\/ingredients\/glycine-soja-oil\/\" class=\"inci-link\">GLYCINE SOJA OIL<\/a> (Soybean oil), <a href=\"https:\/\/www.beautydecoded.com\/en\/ingredients\/tocopherol\/\" class=\"inci-link\">TOCOPHEROL<\/a> (Vitamin E), <a href=\"https:\/\/www.beautydecoded.com\/en\/ingredients\/beta-sitosterol\/\" class=\"inci-link\">BETA-SITOSTEROL<\/a>, <a href=\"https:\/\/www.beautydecoded.com\/en\/ingredients\/squalene\/\" class=\"inci-link\">SQUALENE<\/a> (Squalene), <a href=\"https:\/\/www.beautydecoded.com\/en\/ingredients\/linalool\/\" class=\"inci-link\">LINALOOL<\/a> (Regulated allergen)<\/p>\n<p>Le **Silky Passion Cleansing Oil** de Freshly Cosmetics est une huile d\u00e9maquillante formul\u00e9e \u00e0 base d&rsquo;huiles v\u00e9g\u00e9tales aux profils lipidiques compl\u00e9mentaires. L&rsquo;huile de tournesol (*Helianthus annuus*) et l&rsquo;huile de s\u00e9same (*Sesamum indicum*) constituent la base \u00e9molliente, riches en acides gras insatur\u00e9s (linol\u00e9ique, ol\u00e9ique) qui soutiennent la barri\u00e8re cutan\u00e9e. Le Coco-Caprylate\/Caprate, ester d&rsquo;origine v\u00e9g\u00e9tale, conf\u00e8re \u00e0 la texture sa l\u00e9g\u00e8ret\u00e9 et facilite la dissolution des r\u00e9sidus cosm\u00e9tiques et du s\u00e9bum par affinit\u00e9 lipophile. L&rsquo;huile de p\u00e9pins de raisin (*Vitis vinifera*) et l&rsquo;huile de passiflore (*Passiflora incarnata*) apportent des acides gras polyinsatur\u00e9s \u00e0 action antioxydante, compl\u00e9t\u00e9s par le tocoph\u00e9rol (vitamine E) et le squal\u00e8ne, qui limitent l&rsquo;oxydation et soutiennent l&rsquo;hydratation. L&rsquo;huile de jojoba (*Simmondsia chinensis*), techniquement une cire liquide, r\u00e9gule le film hydrolipidique sans occlusion excessive. L&rsquo;extrait de racine d&rsquo;alkanna (*Alkanna tinctoria*) est principalement utilis\u00e9 ici comme colorant naturel. La pr\u00e9sence de linalool (composant aromatique) est \u00e0 noter pour les peaux sensibles ou sujettes aux r\u00e9actions allergiques. Ce produit convient aux peaux s\u00e8ches \u00e0 normales cherchant un d\u00e9maquillage doux et nourrissant ; les peaux tr\u00e8s r\u00e9actives aux parfums devront l&rsquo;utiliser avec pr\u00e9caution.<\/p>","protected":false},"excerpt":{"rendered":"<p>Analyze composition on the BeautyDecoded App<\/p>","protected":false},"featured_media":73073,"comment_status":"open","ping_status":"open","template":"","meta":{"_acf_changed":false,"_kad_blocks_custom_css":"","_kad_blocks_head_custom_js":"","_kad_blocks_body_custom_js":"","_kad_blocks_footer_custom_js":"","_kad_post_transparent":"","_kad_post_title":"","_kad_post_layout":"","_kad_post_sidebar_id":"","_kad_post_content_style":"","_kad_post_vertical_padding":"","_kad_post_feature":"","_kad_post_feature_position":"","_kad_post_header":false,"_kad_post_footer":false},"product_brand":[],"product_cat":[686],"product_tag":[],"class_list":{"0":"post-73072","1":"product","2":"type-product","3":"status-publish","4":"has-post-thumbnail","6":"product_cat-freshly-cosmetics","7":"pa_actif-amandeoil","8":"pa_actif-jojobaoil","9":"pa_type-de-produit-demaquillant","11":"first","12":"instock","13":"product-type-external","14":"entry","15":"content-bg","16":"loop-entry"},"acf":[],"taxonomy_info":{"product_cat":[{"value":686,"label":"Freshly Cosmetics"}],"pa_actif":[{"value":566,"label":"amandeoil"},{"value":561,"label":"jojobaoil"}],"pa_type-de-produit":[{"value":938,"label":"demaquillant"}]},"featured_image_src_large":["https:\/\/www.beautydecoded.com\/wp-content\/uploads\/2026\/04\/4-13.jpeg",800,800,false],"author_info":[],"comment_info":1,"_links":{"self":[{"href":"https:\/\/www.beautydecoded.com\/en\/wp-json\/wp\/v2\/product\/73072","targetHints":{"allow":["GET"]}}],"collection":[{"href":"https:\/\/www.beautydecoded.com\/en\/wp-json\/wp\/v2\/product"}],"about":[{"href":"https:\/\/www.beautydecoded.com\/en\/wp-json\/wp\/v2\/types\/product"}],"replies":[{"embeddable":true,"href":"https:\/\/www.beautydecoded.com\/en\/wp-json\/wp\/v2\/comments?post=73072"}],"wp:featuredmedia":[{"embeddable":true,"href":"https:\/\/www.beautydecoded.com\/en\/wp-json\/wp\/v2\/media\/73073"}],"wp:attachment":[{"href":"https:\/\/www.beautydecoded.com\/en\/wp-json\/wp\/v2\/media?parent=73072"}],"wp:term":[{"taxonomy":"product_brand","embeddable":true,"href":"https:\/\/www.beautydecoded.com\/en\/wp-json\/wp\/v2\/product_brand?post=73072"},{"taxonomy":"product_cat","embeddable":true,"href":"https:\/\/www.beautydecoded.com\/en\/wp-json\/wp\/v2\/product_cat?post=73072"},{"taxonomy":"product_tag","embeddable":true,"href":"https:\/\/www.beautydecoded.com\/en\/wp-json\/wp\/v2\/product_tag?post=73072"}],"curies":[{"name":"wp","href":"https:\/\/api.w.org\/{rel}","templated":true}]}}