{"id":73074,"date":"2026-04-02T17:45:41","date_gmt":"2026-04-02T15:45:41","guid":{"rendered":"https:\/\/www.beautydecoded.com\/produits\/non class\u00e9\/abeille-royale-soin-lifteur-yeux-15-ml\/"},"modified":"2026-04-02T19:57:44","modified_gmt":"2026-04-02T17:57:44","slug":"abeille-royale-lifting-eye-care-15-ml","status":"publish","type":"product","link":"https:\/\/www.beautydecoded.com\/en\/products\/guerlain\/abeille-royale-lifting-eye-care-15-ml\/","title":{"rendered":"Abeille Royale - Lifting Eye Care 15 Ml"},"content":{"rendered":"<p><a href=\"https:\/\/www.beautydecoded.com\/en\/ingredients\/aqua\/\" class=\"inci-link\">AQUA<\/a>, <a href=\"https:\/\/www.beautydecoded.com\/en\/ingredients\/propylene-glycol-dicaprylate-dicaprate\/\" class=\"inci-link\">PROPYLENE GLYCOL DICAPRYLATE\/DICAPRATE<\/a>, <a href=\"https:\/\/www.beautydecoded.com\/en\/ingredients\/caprylic-capric-triglyceride\/\" class=\"inci-link\">CAPRYLIC\/CAPRIC TRIGLYCERIDE<\/a>, <a href=\"https:\/\/www.beautydecoded.com\/en\/ingredients\/glycerin\/\" class=\"inci-link\">GLYCERIN<\/a>, <a href=\"https:\/\/www.beautydecoded.com\/en\/ingredients\/pentylene-glycol\/\" class=\"inci-link\">PENTYLENE GLYCOL<\/a>, <a href=\"https:\/\/www.beautydecoded.com\/en\/ingredients\/mel\/\" class=\"inci-link\">MEL<\/a> (Honey), <a href=\"https:\/\/www.beautydecoded.com\/en\/ingredients\/aluminum-starch-octenylsuccinate\/\" class=\"inci-link\">ALUMINUM STARCH OCTENYLSUCCINATE<\/a>, <a href=\"https:\/\/www.beautydecoded.com\/en\/ingredients\/steareth-21\/\" class=\"inci-link\">STEARETH-21<\/a>, <a href=\"https:\/\/www.beautydecoded.com\/en\/ingredients\/bis-behenyl-isostearyl-phytosteryl-dimer-dilinoleyl-dimer-dilinoleate\/\" class=\"inci-link\">BIS-BEHENYL\/ISOSTEARYL\/PHYTOSTERYL DIMER DILINOLEYL DIMER DILINOLEATE<\/a>, <a href=\"https:\/\/www.beautydecoded.com\/en\/ingredients\/butylene-glycol\/\" class=\"inci-link\">BUTYLENE GLYCOL<\/a>, <a href=\"https:\/\/www.beautydecoded.com\/en\/ingredients\/cetearyl-isononanoate\/\" class=\"inci-link\">CETEARYL ISONONANOATE<\/a>, <a href=\"https:\/\/www.beautydecoded.com\/en\/ingredients\/glyceryl-stearate\/\" class=\"inci-link\">GLYCERYL STEARATE<\/a>, <a href=\"https:\/\/www.beautydecoded.com\/en\/ingredients\/cetyl-alcohol\/\" class=\"inci-link\">CETYL ALCOHOL<\/a>, <a href=\"https:\/\/www.beautydecoded.com\/en\/ingredients\/stearyl-alcohol\/\" class=\"inci-link\">STEARYL ALCOHOL<\/a>, <a href=\"https:\/\/www.beautydecoded.com\/en\/ingredients\/royal-jelly\/\" class=\"inci-link\">ROYAL JELLY<\/a> (Royal jelly), <a href=\"https:\/\/www.beautydecoded.com\/en\/ingredients\/stearalkonium-hectorite\/\" class=\"inci-link\">STEARALKONIUM HECTORITE<\/a>, <a href=\"https:\/\/www.beautydecoded.com\/en\/ingredients\/steareth-2\/\" class=\"inci-link\">STEARETH-2<\/a>, <a href=\"https:\/\/www.beautydecoded.com\/en\/ingredients\/phenoxyethanol\/\" class=\"inci-link\">PHENOXYETHANOL<\/a>, <a href=\"https:\/\/www.beautydecoded.com\/en\/ingredients\/ethylene-acrylic-acid-copolymer\/\" class=\"inci-link\">Ethylene\/acrylic acid copolymer<\/a>, <a href=\"https:\/\/www.beautydecoded.com\/en\/ingredients\/glyceryl-polymethacrylate\/\" class=\"inci-link\">GLYCERYL POLYMETHACRYLATE<\/a>, <a href=\"https:\/\/www.beautydecoded.com\/en\/ingredients\/oat-kernel-extract\/\" class=\"inci-link\">OAT KERNEL EXTRACT<\/a> (Oats), <a href=\"https:\/\/www.beautydecoded.com\/en\/ingredients\/dimethicone\/\" class=\"inci-link\">DIMETHICONE<\/a> (Silicone), <a href=\"https:\/\/www.beautydecoded.com\/en\/ingredients\/polyglyceryl-3-beeswax\/\" class=\"inci-link\">Polygyceryl-3 Beeswax<\/a>, <a href=\"https:\/\/www.beautydecoded.com\/en\/ingredients\/fragrance\/\" class=\"inci-link\">PERFUM<\/a> (Perfume), <a href=\"https:\/\/www.beautydecoded.com\/en\/ingredients\/palmitic-acid\/\" class=\"inci-link\">PALMITIC ACID<\/a> (Fatty acid), <a href=\"https:\/\/www.beautydecoded.com\/en\/ingredients\/stearic-acid\/\" class=\"inci-link\">STEARIC ACID<\/a> (Fatty acid), <a href=\"https:\/\/www.beautydecoded.com\/en\/ingredients\/acrylates-c10-30-alkyl-acrylate-crosspolymer\/\" class=\"inci-link\">ACRYLATES\/C10-30 ALKYL ACRYLATE CROSSPOLYMER<\/a>, <a href=\"https:\/\/www.beautydecoded.com\/en\/ingredients\/polyacrylamide\/\" class=\"inci-link\">POLYACRYLAMIDE<\/a>, <a href=\"https:\/\/www.beautydecoded.com\/en\/ingredients\/propylene-carbonate\/\" class=\"inci-link\">PROPYLENE CARBONATE<\/a>, <a href=\"https:\/\/www.beautydecoded.com\/en\/ingredients\/tocopheryl-acetate\/\" class=\"inci-link\">TOCOPHERYL ACETATE<\/a> (Vitamin E derivative), <a href=\"https:\/\/www.beautydecoded.com\/en\/ingredients\/xanthan-gum\/\" class=\"inci-link\">XANTHAN GUM<\/a>, <a href=\"https:\/\/www.beautydecoded.com\/en\/ingredients\/sodium-citrate\/\" class=\"inci-link\">SODIUM CITRATE<\/a>, <a href=\"https:\/\/www.beautydecoded.com\/en\/ingredients\/tromethamine\/\" class=\"inci-link\">TROMETHAMINE<\/a>, <a href=\"https:\/\/www.beautydecoded.com\/en\/ingredients\/c13-14-isoparaffin\/\" class=\"inci-link\">C13-14 ISOPARAFFIN<\/a> (Mineral Oil), <a href=\"https:\/\/www.beautydecoded.com\/en\/ingredients\/peg-8\/\" class=\"inci-link\">PEG-8<\/a>, <a href=\"https:\/\/www.beautydecoded.com\/en\/ingredients\/terminalia-sericea-bark-root-extract\/\" class=\"inci-link\">Terminalia sericea bark\/root extract<\/a>, <a href=\"https:\/\/www.beautydecoded.com\/en\/ingredients\/tetrasodium-edta\/\" class=\"inci-link\">Tetrasodium EDTA<\/a>, <a href=\"https:\/\/www.beautydecoded.com\/en\/ingredients\/gotu-kola-leaf-extract\/\" class=\"inci-link\">CENTELLA ASIATICA LEAF EXTRACT<\/a> (Centella asiatica), <a href=\"https:\/\/www.beautydecoded.com\/en\/ingredients\/adenosine\/\" class=\"inci-link\">ADENOSINE<\/a> (Active), <a href=\"https:\/\/www.beautydecoded.com\/en\/ingredients\/biosaccharide-gum-2\/\" class=\"inci-link\">BIOSACCHARIDE GUM-2<\/a>, <a href=\"https:\/\/www.beautydecoded.com\/en\/ingredients\/laureth-7\/\" class=\"inci-link\">LAURETH-7<\/a>, <a href=\"https:\/\/www.beautydecoded.com\/en\/ingredients\/sodium-hyaluronate\/\" class=\"inci-link\">SODIUM HYALURONATE<\/a> (Hyaluronic acid), <a href=\"https:\/\/www.beautydecoded.com\/en\/ingredients\/citric-acid\/\" class=\"inci-link\">CITRIC ACID<\/a>, <a href=\"https:\/\/www.beautydecoded.com\/en\/ingredients\/limonene\/\" class=\"inci-link\">LIMONENE<\/a> (Regulated allergen), <a href=\"https:\/\/www.beautydecoded.com\/en\/ingredients\/benzyl-salicylate\/\" class=\"inci-link\">BENZYL SALICYLATE<\/a> (Regulated allergen), <a href=\"https:\/\/www.beautydecoded.com\/en\/ingredients\/bht\/\" class=\"inci-link\">BHT<\/a>, <a href=\"https:\/\/www.beautydecoded.com\/en\/ingredients\/licorice-root-extract\/\" class=\"inci-link\">Licorice Root Extract<\/a> (Licorice), <a href=\"https:\/\/www.beautydecoded.com\/en\/ingredients\/sodium-metabisulfite\/\" class=\"inci-link\">SODIUM METABISULFITE<\/a>, <a href=\"https:\/\/www.beautydecoded.com\/en\/ingredients\/sodium-lactate\/\" class=\"inci-link\">SODIUM LACTATE<\/a>, <a href=\"https:\/\/www.beautydecoded.com\/en\/ingredients\/geraniol\/\" class=\"inci-link\">GERANIOL<\/a> (Regulated allergen), <a href=\"https:\/\/www.beautydecoded.com\/en\/ingredients\/hydroxycitronellal\/\" class=\"inci-link\">HYDROXYCITRONELLAL<\/a> (Regulated allergen), <a href=\"https:\/\/www.beautydecoded.com\/en\/ingredients\/acetyl-tetrapeptide-5\/\" class=\"inci-link\">Acetyl Tetrapeptide-5<\/a> (Peptide), <a href=\"https:\/\/www.beautydecoded.com\/en\/ingredients\/alpha-isomethyl-ionone\/\" class=\"inci-link\">ALPHA-ISOMETHYL IONONE<\/a> (Regulated allergen), <a href=\"https:\/\/www.beautydecoded.com\/en\/ingredients\/cyathea-medullaris-leaf-extract\/\" class=\"inci-link\">Cyatheum medullare leaf extract<\/a>, <a href=\"https:\/\/www.beautydecoded.com\/en\/ingredients\/citronellol\/\" class=\"inci-link\">CITRONELLOL<\/a> (Regulated allergen), <a href=\"https:\/\/www.beautydecoded.com\/en\/ingredients\/linalool\/\" class=\"inci-link\">LINALOOL<\/a> (Regulated allergen), <a href=\"https:\/\/www.beautydecoded.com\/en\/ingredients\/benzyl-benzoate\/\" class=\"inci-link\">BENZYL BENZOATE<\/a> (Regulated allergen), <a href=\"https:\/\/www.beautydecoded.com\/en\/ingredients\/tocopherol\/\" class=\"inci-link\">TOCOPHEROL<\/a> (Vitamin E), <a href=\"https:\/\/www.beautydecoded.com\/en\/ingredients\/citral\/\" class=\"inci-link\">CITRAL<\/a> (Regulated allergen), <a href=\"https:\/\/www.beautydecoded.com\/en\/ingredients\/palmitoyl-oligopeptide\/\" class=\"inci-link\">PALMITOYL OLIGOPEPTIDE<\/a> (Peptide)<\/p>\n<p>Ce soin contour des yeux associe plusieurs actifs fonctionnels ciblant les signes de vieillissement sp\u00e9cifiques \u00e0 la zone p\u00e9ri-oculaire. La gel\u00e9e royale (Royal Jelly) et le miel (Mel) apportent des acides amin\u00e9s, des vitamines et des compos\u00e9s bioactifs soutenant le renouvellement cellulaire et le maintien de l&rsquo;hydratation. L&rsquo;Acetyl T\u00e9trapeptide-5 et le Palmitoyl Oligopeptide sont deux peptides de synth\u00e8se dont l&rsquo;action est orient\u00e9e vers la r\u00e9duction de l&rsquo;aspect des poches, la fermet\u00e9 et la stimulation de la synth\u00e8se de collag\u00e8ne. L&rsquo;ad\u00e9nosine contribue \u00e0 l&rsquo;effet lissant et \u00e0 la r\u00e9duction des rides d&rsquo;expression. Le hyaluronate de sodium assure une hydratation de surface, tandis que le Biosaccharide Gum-2 renforce l&rsquo;effet filmog\u00e8ne et apaisant. L&rsquo;extrait de Centella Asiatica soutient la microcirculation et la cicatrisation tissulaire, et l&rsquo;extrait de Terminalia Sericea apporte des propri\u00e9t\u00e9s antioxydantes et raffermissantes. Le tocoph\u00e9ryl ac\u00e9tate (vitamine E) et le BHT compl\u00e8tent la protection antioxydante. La texture \u00e9molliente, stabilis\u00e9e par des alcools gras et des silicones, facilite l&rsquo;application sans tirer sur la peau. Ce produit convient aux peaux pr\u00e9sentant des signes de rel\u00e2chement, de d\u00e9shydratation et de fatigue au niveau du contour des yeux, \u00e0 partir de la trentaine environ.<\/p>","protected":false},"excerpt":{"rendered":"<p>Analyze composition on the BeautyDecoded App<\/p>","protected":false},"featured_media":73075,"comment_status":"open","ping_status":"open","template":"","meta":{"_acf_changed":false,"_kad_blocks_custom_css":"","_kad_blocks_head_custom_js":"","_kad_blocks_body_custom_js":"","_kad_blocks_footer_custom_js":"","_kad_post_transparent":"","_kad_post_title":"","_kad_post_layout":"","_kad_post_sidebar_id":"","_kad_post_content_style":"","_kad_post_vertical_padding":"","_kad_post_feature":"","_kad_post_feature_position":"","_kad_post_header":false,"_kad_post_footer":false},"product_brand":[],"product_cat":[705],"product_tag":[],"class_list":{"0":"post-73074","1":"product","2":"type-product","3":"status-publish","4":"has-post-thumbnail","6":"product_cat-guerlain","7":"pa_actif-avoine","8":"pa_actif-centellaasiatica","9":"pa_type-de-produit-eyes","11":"first","12":"instock","13":"product-type-external","14":"entry","15":"content-bg","16":"loop-entry"},"acf":[],"taxonomy_info":{"product_cat":[{"value":705,"label":"Guerlain"}],"pa_actif":[{"value":559,"label":"avoine"},{"value":553,"label":"centellaasiatica"}],"pa_type-de-produit":[{"value":552,"label":"eyes"}]},"featured_image_src_large":["https:\/\/www.beautydecoded.com\/wp-content\/uploads\/2026\/04\/4-41.jpeg",512,512,false],"author_info":[],"comment_info":1,"_links":{"self":[{"href":"https:\/\/www.beautydecoded.com\/en\/wp-json\/wp\/v2\/product\/73074","targetHints":{"allow":["GET"]}}],"collection":[{"href":"https:\/\/www.beautydecoded.com\/en\/wp-json\/wp\/v2\/product"}],"about":[{"href":"https:\/\/www.beautydecoded.com\/en\/wp-json\/wp\/v2\/types\/product"}],"replies":[{"embeddable":true,"href":"https:\/\/www.beautydecoded.com\/en\/wp-json\/wp\/v2\/comments?post=73074"}],"wp:featuredmedia":[{"embeddable":true,"href":"https:\/\/www.beautydecoded.com\/en\/wp-json\/wp\/v2\/media\/73075"}],"wp:attachment":[{"href":"https:\/\/www.beautydecoded.com\/en\/wp-json\/wp\/v2\/media?parent=73074"}],"wp:term":[{"taxonomy":"product_brand","embeddable":true,"href":"https:\/\/www.beautydecoded.com\/en\/wp-json\/wp\/v2\/product_brand?post=73074"},{"taxonomy":"product_cat","embeddable":true,"href":"https:\/\/www.beautydecoded.com\/en\/wp-json\/wp\/v2\/product_cat?post=73074"},{"taxonomy":"product_tag","embeddable":true,"href":"https:\/\/www.beautydecoded.com\/en\/wp-json\/wp\/v2\/product_tag?post=73074"}],"curies":[{"name":"wp","href":"https:\/\/api.w.org\/{rel}","templated":true}]}}