{"id":73116,"date":"2026-04-02T17:46:23","date_gmt":"2026-04-02T15:46:23","guid":{"rendered":"https:\/\/www.beautydecoded.com\/produits\/non class\u00e9\/orchidee-imperiale-creme-yeux-et-levres\/"},"modified":"2026-04-02T19:57:46","modified_gmt":"2026-04-02T17:57:46","slug":"orchidee-imperiale-eye-and-lip-cream","status":"publish","type":"product","link":"https:\/\/www.beautydecoded.com\/en\/products\/guerlain\/orchidee-imperiale-eye-and-lip-cream\/","title":{"rendered":"Orchid\u00e9e Imp\u00e9riale - Eye and lip cream"},"content":{"rendered":"<p><a href=\"https:\/\/www.beautydecoded.com\/en\/ingredients\/aqua\/\" class=\"inci-link\">AQUA<\/a>, <a href=\"https:\/\/www.beautydecoded.com\/en\/ingredients\/glycerin\/\" class=\"inci-link\">GLYCERIN<\/a>, <a href=\"https:\/\/www.beautydecoded.com\/en\/ingredients\/squalane\/\" class=\"inci-link\">SQUALANE<\/a> (Squalane, Hydrogenated Oil), <a href=\"https:\/\/www.beautydecoded.com\/en\/ingredients\/ethylene-acrylic-acid-copolymer\/\" class=\"inci-link\">Ethylene\/acrylic acid copolymer<\/a>, <a href=\"https:\/\/www.beautydecoded.com\/en\/ingredients\/propylene-glycol-dicaprylate-dicaprate\/\" class=\"inci-link\">PROPYLENE GLYCOL DICAPRYLATE\/DICAPRATE<\/a>, <a href=\"https:\/\/www.beautydecoded.com\/en\/ingredients\/butylene-glycol\/\" class=\"inci-link\">BUTYLENE GLYCOL<\/a>, <a href=\"https:\/\/www.beautydecoded.com\/en\/ingredients\/caprylic-capric-triglyceride\/\" class=\"inci-link\">CAPRYLIC\/CAPRIC TRIGLYCERIDE<\/a>, <a href=\"https:\/\/www.beautydecoded.com\/en\/ingredients\/pentylene-glycol\/\" class=\"inci-link\">PENTYLENE GLYCOL<\/a>, <a href=\"https:\/\/www.beautydecoded.com\/en\/ingredients\/steareth-21\/\" class=\"inci-link\">STEARETH-21<\/a>, <a href=\"https:\/\/www.beautydecoded.com\/en\/ingredients\/orchid-root-extract\/\" class=\"inci-link\">ORCHID ROOT EXTRACT<\/a>, <a href=\"https:\/\/www.beautydecoded.com\/en\/ingredients\/diglycerin\/\" class=\"inci-link\">DIGLYCERIN<\/a>, <a href=\"https:\/\/www.beautydecoded.com\/en\/ingredients\/hydrogenated-palm-kernel-glycerides\/\" class=\"inci-link\">Hydrogenated palm kernel glycerides<\/a>, <a href=\"https:\/\/www.beautydecoded.com\/en\/ingredients\/cetyl-alcohol\/\" class=\"inci-link\">CETYL ALCOHOL<\/a>, <a href=\"https:\/\/www.beautydecoded.com\/en\/ingredients\/stearyl-alcohol\/\" class=\"inci-link\">STEARYL ALCOHOL<\/a>, <a href=\"https:\/\/www.beautydecoded.com\/en\/ingredients\/glyceryl-hydroxystearate\/\" class=\"inci-link\">GLYCERYL HYDROXYSTEARATE<\/a>, <a href=\"https:\/\/www.beautydecoded.com\/en\/ingredients\/phenoxyethanol\/\" class=\"inci-link\">PHENOXYETHANOL<\/a>, <a href=\"https:\/\/www.beautydecoded.com\/en\/ingredients\/bis-diglyceryl-polyacyladipate-2\/\" class=\"inci-link\">BIS-DIGLYCERYL POLYACYLADIPATE-2<\/a>, <a href=\"https:\/\/www.beautydecoded.com\/en\/ingredients\/steareth-2\/\" class=\"inci-link\">STEARETH-2<\/a>, <a href=\"https:\/\/www.beautydecoded.com\/en\/ingredients\/stearalkonium-hectorite\/\" class=\"inci-link\">STEARALKONIUM HECTORITE<\/a>, <a href=\"https:\/\/www.beautydecoded.com\/en\/ingredients\/sodium-polyacrylate\/\" class=\"inci-link\">SODIUM POLYACRYLATE<\/a>, <a href=\"https:\/\/www.beautydecoded.com\/en\/ingredients\/dimethicone\/\" class=\"inci-link\">DIMETHICONE<\/a> (Silicone), <a href=\"https:\/\/www.beautydecoded.com\/en\/ingredients\/77891\/\" class=\"inci-link\">CI 77891<\/a> (White colorant: Titanium dioxide), <a href=\"https:\/\/www.beautydecoded.com\/en\/ingredients\/tocopheryl-acetate\/\" class=\"inci-link\">TOCOPHERYL ACETATE<\/a> (Vitamin E derivative), <a href=\"https:\/\/www.beautydecoded.com\/en\/ingredients\/saccharomyces-cerevisiae-extract\/\" class=\"inci-link\">Saccharomyces cerevisiae extract<\/a> (Baker's yeast (fungus)), <a href=\"https:\/\/www.beautydecoded.com\/en\/ingredients\/propylene-carbonate\/\" class=\"inci-link\">PROPYLENE CARBONATE<\/a>, <a href=\"https:\/\/www.beautydecoded.com\/en\/ingredients\/synthetic-fluorophlogopite\/\" class=\"inci-link\">SYNTHETIC FLUOROPHLOGOPITE<\/a>, <a href=\"https:\/\/www.beautydecoded.com\/en\/ingredients\/acrylates-c10-30-alkyl-acrylate-crosspolymer\/\" class=\"inci-link\">ACRYLATES\/C10-30 ALKYL ACRYLATE CROSSPOLYMER<\/a>, <a href=\"https:\/\/www.beautydecoded.com\/en\/ingredients\/disodium-edta\/\" class=\"inci-link\">DISODIUM EDTA<\/a>, <a href=\"https:\/\/www.beautydecoded.com\/en\/ingredients\/butchers-broom-root-extract\/\" class=\"inci-link\">Butcher's broom root extract<\/a> (Fake holly), <a href=\"https:\/\/www.beautydecoded.com\/en\/ingredients\/tromethamine\/\" class=\"inci-link\">TROMETHAMINE<\/a>, <a href=\"https:\/\/www.beautydecoded.com\/en\/ingredients\/maltodextrin\/\" class=\"inci-link\">MALTODEXTRIN<\/a>, <a href=\"https:\/\/www.beautydecoded.com\/en\/ingredients\/hydrogenated-palm-glycerides\/\" class=\"inci-link\">HYDROGENATED PALM GLYCERIDES<\/a>, <a href=\"https:\/\/www.beautydecoded.com\/en\/ingredients\/adenosine\/\" class=\"inci-link\">ADENOSINE<\/a> (Active), <a href=\"https:\/\/www.beautydecoded.com\/en\/ingredients\/raffinose\/\" class=\"inci-link\">RAFFINOSE<\/a>, <a href=\"https:\/\/www.beautydecoded.com\/en\/ingredients\/sodium-hyaluronate\/\" class=\"inci-link\">SODIUM HYALURONATE<\/a> (Hyaluronic acid), <a href=\"https:\/\/www.beautydecoded.com\/en\/ingredients\/licorice-root-extract\/\" class=\"inci-link\">Licorice Root Extract<\/a> (Licorice), <a href=\"https:\/\/www.beautydecoded.com\/en\/ingredients\/bht\/\" class=\"inci-link\">BHT<\/a>, <a href=\"https:\/\/www.beautydecoded.com\/en\/ingredients\/gotu-kola-leaf-extract\/\" class=\"inci-link\">CENTELLA ASIATICA LEAF EXTRACT<\/a> (Centella asiatica), <a href=\"https:\/\/www.beautydecoded.com\/en\/ingredients\/ethylhexylglycerin\/\" class=\"inci-link\">ETHYLHEXYLGLYCERIN<\/a>, <a href=\"https:\/\/www.beautydecoded.com\/en\/ingredients\/rubus-fruticosus-leaf-extract\/\" class=\"inci-link\">RUBUS FRUTICOSUS LEAF EXTRACT<\/a> (Ronce commune)<\/p>\n<p>La cr\u00e8me yeux et l\u00e8vres Orchid\u00e9e Imp\u00e9riale de Guerlain est une \u00e9mulsion riche formul\u00e9e pour les zones p\u00e9rioculaires et p\u00e9ribuccales, deux r\u00e9gions anatomiquement plus fines et plus sollicit\u00e9es m\u00e9caniquement que le reste du visage. Son actif signature, l&rsquo;extrait de racine d&rsquo;orchid\u00e9e (*Orchid Root Extract*), est associ\u00e9 \u00e0 des propri\u00e9t\u00e9s de soutien de la r\u00e9g\u00e9n\u00e9ration cellulaire cutan\u00e9e. L&rsquo;ad\u00e9nosine, mol\u00e9cule bien document\u00e9e en cosm\u00e9tologie, agit sur la relaxation des microcontractions musculaires et contribue \u00e0 att\u00e9nuer l&rsquo;apparence des rides d&rsquo;expression. Le hyaluronate de sodium assure une hydratation par effet hygroscopique dans les couches superficielles de l&rsquo;\u00e9piderme, tandis que la glyc\u00e9rine et le diglyc\u00e9rine renforcent ce pouvoir humectant. Le squalane et les triglyc\u00e9rides caprylique\/caprique apportent une phase lipidique occlusive l\u00e9g\u00e8re, restaurant le film hydrolipidique sans surcharger la peau. L&rsquo;extrait de *Ruscus aculeatus* soutient le tonus vasculaire local, utile pour les cernes d&rsquo;origine circulatoire. Le *Centella asiatica* et l&rsquo;extrait de *Glycyrrhiza glabra* compl\u00e8tent la formule avec des propri\u00e9t\u00e9s apaisantes et antioxydantes, aux c\u00f4t\u00e9s du tocoph\u00e9ryl ac\u00e9tate (vitamine E). Ce produit convient aux peaux matures ou pr\u00e9sentant des signes de rel\u00e2chement, de d\u00e9shydratation et de rides install\u00e9es autour des yeux et de la bouche.<\/p>","protected":false},"excerpt":{"rendered":"<p>Analyze composition on the BeautyDecoded App<\/p>","protected":false},"featured_media":73117,"comment_status":"open","ping_status":"open","template":"","meta":{"_acf_changed":false,"_kad_blocks_custom_css":"","_kad_blocks_head_custom_js":"","_kad_blocks_body_custom_js":"","_kad_blocks_footer_custom_js":"","_kad_post_transparent":"","_kad_post_title":"","_kad_post_layout":"","_kad_post_sidebar_id":"","_kad_post_content_style":"","_kad_post_vertical_padding":"","_kad_post_feature":"","_kad_post_feature_position":"","_kad_post_header":false,"_kad_post_footer":false},"product_brand":[],"product_cat":[705],"product_tag":[],"class_list":{"0":"post-73116","1":"product","2":"type-product","3":"status-publish","4":"has-post-thumbnail","6":"product_cat-guerlain","7":"pa_actif-centellaasiatica","8":"pa_type-de-produit-eyes","10":"first","11":"instock","12":"product-type-external","13":"entry","14":"content-bg","15":"loop-entry"},"acf":[],"taxonomy_info":{"product_cat":[{"value":705,"label":"Guerlain"}],"pa_actif":[{"value":553,"label":"centellaasiatica"}],"pa_type-de-produit":[{"value":552,"label":"eyes"}]},"featured_image_src_large":["https:\/\/www.beautydecoded.com\/wp-content\/uploads\/2026\/04\/17-39.jpeg",547,422,false],"author_info":[],"comment_info":1,"_links":{"self":[{"href":"https:\/\/www.beautydecoded.com\/en\/wp-json\/wp\/v2\/product\/73116","targetHints":{"allow":["GET"]}}],"collection":[{"href":"https:\/\/www.beautydecoded.com\/en\/wp-json\/wp\/v2\/product"}],"about":[{"href":"https:\/\/www.beautydecoded.com\/en\/wp-json\/wp\/v2\/types\/product"}],"replies":[{"embeddable":true,"href":"https:\/\/www.beautydecoded.com\/en\/wp-json\/wp\/v2\/comments?post=73116"}],"wp:featuredmedia":[{"embeddable":true,"href":"https:\/\/www.beautydecoded.com\/en\/wp-json\/wp\/v2\/media\/73117"}],"wp:attachment":[{"href":"https:\/\/www.beautydecoded.com\/en\/wp-json\/wp\/v2\/media?parent=73116"}],"wp:term":[{"taxonomy":"product_brand","embeddable":true,"href":"https:\/\/www.beautydecoded.com\/en\/wp-json\/wp\/v2\/product_brand?post=73116"},{"taxonomy":"product_cat","embeddable":true,"href":"https:\/\/www.beautydecoded.com\/en\/wp-json\/wp\/v2\/product_cat?post=73116"},{"taxonomy":"product_tag","embeddable":true,"href":"https:\/\/www.beautydecoded.com\/en\/wp-json\/wp\/v2\/product_tag?post=73116"}],"curies":[{"name":"wp","href":"https:\/\/api.w.org\/{rel}","templated":true}]}}