{"id":73208,"date":"2026-04-02T17:47:21","date_gmt":"2026-04-02T15:47:21","guid":{"rendered":"https:\/\/www.beautydecoded.com\/produits\/non class\u00e9\/sun-oil-control-creme-gel-solaire-spf-50\/"},"modified":"2026-04-02T19:56:47","modified_gmt":"2026-04-02T17:56:47","slug":"sun-oil-control-creme-solar-gel-spf-50","status":"publish","type":"product","link":"https:\/\/www.beautydecoded.com\/en\/products\/eucerin\/sun-oil-control-creme-solar-gel-spf-50\/","title":{"rendered":"Sun Oil Control Cream Sun Care Gel - SPF 50+ - France"},"content":{"rendered":"<p><a href=\"https:\/\/www.beautydecoded.com\/en\/ingredients\/aqua\/\" class=\"inci-link\">AQUA<\/a>, <a href=\"https:\/\/www.beautydecoded.com\/en\/ingredients\/alcohol-denat\/\" class=\"inci-link\">ALCOHOL DENAT.<\/a> (Drying alcohol), <a href=\"https:\/\/www.beautydecoded.com\/en\/ingredients\/butylene-glycol-dicaprylate-dicaprate\/\" class=\"inci-link\">BUTYLENE GLYCOL DICAPRYLATE\/DICAPRATE<\/a>, <a href=\"https:\/\/www.beautydecoded.com\/en\/ingredients\/butyl-methoxydibenzoylmethane\/\" class=\"inci-link\">BUTYL METHOXYDIBENZOYLMETHANE<\/a> (Avobenzone, SHORT UVA Filter, LONG UVA Filter), <a href=\"https:\/\/www.beautydecoded.com\/en\/ingredients\/c12-15-alkyl-benzoate\/\" class=\"inci-link\">C12-15 ALKYL BENZOATE<\/a>, <a href=\"https:\/\/www.beautydecoded.com\/en\/ingredients\/bis-ethylhexyloxyphenol-methoxyphenyl-triazine\/\" class=\"inci-link\">BIS-ETHYLHEXYLOXYPHENOL METHOXYPHENYL TRIAZINE<\/a> (Tinosorb S, UVB filter, SHORT UVA, LONG UVA), <a href=\"https:\/\/www.beautydecoded.com\/en\/ingredients\/distarch-phosphate\/\" class=\"inci-link\">DISTARCH PHOSPHATE<\/a>, <a href=\"https:\/\/www.beautydecoded.com\/en\/ingredients\/dibutyl-adipate\/\" class=\"inci-link\">DIBUTYL ADIPATE<\/a>, <a href=\"https:\/\/www.beautydecoded.com\/en\/ingredients\/ethylhexyl-triazone\/\" class=\"inci-link\">ETHYLHEXYL TRIAZONE<\/a> (Uvinul t150, UVB filter), <a href=\"https:\/\/www.beautydecoded.com\/en\/ingredients\/dicaprylyl-carbonate\/\" class=\"inci-link\">DICAPRYLYL CARBONATE<\/a>, <a href=\"https:\/\/www.beautydecoded.com\/en\/ingredients\/diethylamino-hydroxybenzoyl-hexyl-benzoate\/\" class=\"inci-link\">DIETHYLAMINO HYDROXYBENZOYL HEXYL BENZOATE<\/a> (Uvinul A plus, SHORT UVA filter, LONG UVA filter), <a href=\"https:\/\/www.beautydecoded.com\/en\/ingredients\/phenylbenzimidazole-sulfonic-acid\/\" class=\"inci-link\">PHENYLBENZIMIDAZOLE SULFONIC ACID<\/a> (Ensulizole, UVB filter), <a href=\"https:\/\/www.beautydecoded.com\/en\/ingredients\/diethylhexyl-butamido-triazone\/\" class=\"inci-link\">DIETHYLHEXYL BUTAMIDO TRIAZONE<\/a> (Uvasorb HEB, UVB filter, SHORT UVA), <a href=\"https:\/\/www.beautydecoded.com\/en\/ingredients\/behenyl-alcohol\/\" class=\"inci-link\">BEHENYL ALCOHOL<\/a>, <a href=\"https:\/\/www.beautydecoded.com\/en\/ingredients\/cetearyl-alcohol\/\" class=\"inci-link\">CETEARYL ALCOHOL<\/a>, <a href=\"https:\/\/www.beautydecoded.com\/en\/ingredients\/glyceryl-stearate\/\" class=\"inci-link\">GLYCERYL STEARATE<\/a>, <a href=\"https:\/\/www.beautydecoded.com\/en\/ingredients\/glycerin\/\" class=\"inci-link\">GLYCERIN<\/a>, <a href=\"https:\/\/www.beautydecoded.com\/en\/ingredients\/licorice-root-extract-3\/\" class=\"inci-link\">Licorice Root Extract<\/a> (Licorice), <a href=\"https:\/\/www.beautydecoded.com\/en\/ingredients\/glycyrrhetinic-acid\/\" class=\"inci-link\">GLYCYRRHETINIC ACID<\/a> (Active ingredient derived from licorice), <a href=\"https:\/\/www.beautydecoded.com\/en\/ingredients\/tocopherol\/\" class=\"inci-link\">TOCOPHEROL<\/a> (Vitamin E), <a href=\"https:\/\/www.beautydecoded.com\/en\/ingredients\/copernicia-cerifera-wax\/\" class=\"inci-link\">COPERNICIA CERIFERA WAX<\/a>, <a href=\"https:\/\/www.beautydecoded.com\/en\/ingredients\/hydrogenated-canola-oil\/\" class=\"inci-link\">HYDROGENATED CANOLA OIL<\/a>, <a href=\"https:\/\/www.beautydecoded.com\/en\/ingredients\/cetyl-palmitate\/\" class=\"inci-link\">CETYL PALMITATE<\/a>, <a href=\"https:\/\/www.beautydecoded.com\/en\/ingredients\/xanthan-gum\/\" class=\"inci-link\">XANTHAN GUM<\/a>, <a href=\"https:\/\/www.beautydecoded.com\/en\/ingredients\/sodium-stearoyl-glutamate\/\" class=\"inci-link\">SODIUM STEAROYL GLUTAMATE<\/a>, <a href=\"https:\/\/www.beautydecoded.com\/en\/ingredients\/silica-dimethyl-silylate\/\" class=\"inci-link\">SILICA DIMETHYL SILYLATE<\/a>, <a href=\"https:\/\/www.beautydecoded.com\/en\/ingredients\/phenoxyethanol\/\" class=\"inci-link\">PHENOXYETHANOL<\/a>, <a href=\"https:\/\/www.beautydecoded.com\/en\/ingredients\/hydroxyacetophenone\/\" class=\"inci-link\">HYDROXYACETOPHENONE<\/a>, <a href=\"https:\/\/www.beautydecoded.com\/en\/ingredients\/caprylyl-glycol\/\" class=\"inci-link\">CAPRYLYL GLYCOL<\/a>, <a href=\"https:\/\/www.beautydecoded.com\/en\/ingredients\/trisodium-edta\/\" class=\"inci-link\">TRISODIUM EDTA<\/a>, <a href=\"https:\/\/www.beautydecoded.com\/en\/ingredients\/sodium-hydroxide\/\" class=\"inci-link\">SODIUM HYDROXIDE<\/a>, <a href=\"https:\/\/www.beautydecoded.com\/en\/ingredients\/sodium-chloride\/\" class=\"inci-link\">SODIUM CHLORIDE<\/a>, <a href=\"https:\/\/www.beautydecoded.com\/en\/ingredients\/fragrance\/\" class=\"inci-link\">PERFUM<\/a> (Perfume)<\/p>\n<p>L&rsquo;Eucerin Sun Oil Control Cr\u00e8me Gel SPF 50+ est une protection solaire \u00e0 spectre large formul\u00e9e pour les peaux \u00e0 tendance grasse et mixte. Son syst\u00e8me filtrant combine plusieurs mol\u00e9cules compl\u00e9mentaires : le Butyl Methoxydibenzoylmethane (Avobenzone) et la Phenylbenzimidazole Sulfonic Acid assurent la protection UVA\/UVB, tandis que le Bis-Ethylhexyloxyphenol Methoxyphenyl Triazine (Tinosorb S), l&rsquo;Ethylhexyl Triazone, le Diethylamino Hydroxybenzoyl Hexyl Benzoate (Uvinul A Plus) et le Diethylhexyl Butamido Triazone (Uvinul T 150) renforcent la couverture et la photostabilit\u00e9 de l&rsquo;ensemble du syst\u00e8me. La texture gel-cr\u00e8me l\u00e9g\u00e8re, structur\u00e9e par le Distarch Phosphate et la Xanthan Gum, absorbe rapidement sans laisser de film gras. L&rsquo;extrait de racine de Glycyrrhiza Inflata et l&rsquo;acide Glycyrrh\u00e9tinique exercent une action apaisante et anti-inflammatoire l\u00e9g\u00e8re, utile en cas de peau r\u00e9active ou sujette aux rougeurs. Le Tocopherol (vitamine E) apporte une protection antioxydante compl\u00e9mentaire contre le stress oxydatif induit par les UV. Ce produit convient particuli\u00e8rement aux peaux grasses, mixtes ou acn\u00e9iques recherchant une protection solaire quotidienne \u00e0 haut indice avec un fini mat, utilisable sous maquillage.<\/p>","protected":false},"excerpt":{"rendered":"<p>Analyze composition on the BeautyDecoded App<\/p>","protected":false},"featured_media":73209,"comment_status":"open","ping_status":"open","template":"","meta":{"_acf_changed":false,"_kad_blocks_custom_css":"","_kad_blocks_head_custom_js":"","_kad_blocks_body_custom_js":"","_kad_blocks_footer_custom_js":"","_kad_post_transparent":"","_kad_post_title":"","_kad_post_layout":"","_kad_post_sidebar_id":"","_kad_post_content_style":"","_kad_post_vertical_padding":"","_kad_post_feature":"","_kad_post_feature_position":"","_kad_post_header":false,"_kad_post_footer":false},"product_brand":[],"product_cat":[465],"product_tag":[],"class_list":{"0":"post-73208","1":"product","2":"type-product","3":"status-publish","4":"has-post-thumbnail","6":"product_cat-eucerin","7":"pa_type-de-produit-solar","9":"first","10":"instock","11":"product-type-external","12":"entry","13":"content-bg","14":"loop-entry"},"acf":[],"taxonomy_info":{"product_cat":[{"value":465,"label":"Eucerin"}],"pa_type-de-produit":[{"value":937,"label":"solar"}]},"featured_image_src_large":["https:\/\/www.beautydecoded.com\/wp-content\/uploads\/2026\/04\/oil-control-50.webp",690,688,false],"author_info":[],"comment_info":1,"_links":{"self":[{"href":"https:\/\/www.beautydecoded.com\/en\/wp-json\/wp\/v2\/product\/73208","targetHints":{"allow":["GET"]}}],"collection":[{"href":"https:\/\/www.beautydecoded.com\/en\/wp-json\/wp\/v2\/product"}],"about":[{"href":"https:\/\/www.beautydecoded.com\/en\/wp-json\/wp\/v2\/types\/product"}],"replies":[{"embeddable":true,"href":"https:\/\/www.beautydecoded.com\/en\/wp-json\/wp\/v2\/comments?post=73208"}],"wp:featuredmedia":[{"embeddable":true,"href":"https:\/\/www.beautydecoded.com\/en\/wp-json\/wp\/v2\/media\/73209"}],"wp:attachment":[{"href":"https:\/\/www.beautydecoded.com\/en\/wp-json\/wp\/v2\/media?parent=73208"}],"wp:term":[{"taxonomy":"product_brand","embeddable":true,"href":"https:\/\/www.beautydecoded.com\/en\/wp-json\/wp\/v2\/product_brand?post=73208"},{"taxonomy":"product_cat","embeddable":true,"href":"https:\/\/www.beautydecoded.com\/en\/wp-json\/wp\/v2\/product_cat?post=73208"},{"taxonomy":"product_tag","embeddable":true,"href":"https:\/\/www.beautydecoded.com\/en\/wp-json\/wp\/v2\/product_tag?post=73208"}],"curies":[{"name":"wp","href":"https:\/\/api.w.org\/{rel}","templated":true}]}}