{"id":73214,"date":"2026-04-02T17:47:21","date_gmt":"2026-04-02T15:47:21","guid":{"rendered":"https:\/\/www.beautydecoded.com\/produits\/non class\u00e9\/fusion-water-magic-spf50\/"},"modified":"2026-04-02T19:56:31","modified_gmt":"2026-04-02T17:56:31","slug":"fusion-water-magic-spf50","status":"publish","type":"product","link":"https:\/\/www.beautydecoded.com\/en\/products\/isdin\/fusion-water-magic-spf50\/","title":{"rendered":"Fusion Water Magic SPF50"},"content":{"rendered":"<p><a href=\"https:\/\/www.beautydecoded.com\/en\/ingredients\/aqua\/\" class=\"inci-link\">AQUA<\/a>, <a href=\"https:\/\/www.beautydecoded.com\/en\/ingredients\/dibutyl-adipate\/\" class=\"inci-link\">DIBUTYL ADIPATE<\/a>, <a href=\"https:\/\/www.beautydecoded.com\/en\/ingredients\/propanediol\/\" class=\"inci-link\">PROPANEDIOL<\/a>, <a href=\"https:\/\/www.beautydecoded.com\/en\/ingredients\/ethylhexyl-salicylate\/\" class=\"inci-link\">ETHYLHEXYL SALICYLATE<\/a> (Octisalate, UVB filter), <a href=\"https:\/\/www.beautydecoded.com\/en\/ingredients\/ethylhexyl-triazone\/\" class=\"inci-link\">ETHYLHEXYL TRIAZONE<\/a> (Uvinul t150, UVB filter), <a href=\"https:\/\/www.beautydecoded.com\/en\/ingredients\/bis-ethylhexyloxyphenol-methoxyphenyl-triazine\/\" class=\"inci-link\">BIS-ETHYLHEXYLOXYPHENOL METHOXYPHENYL TRIAZINE<\/a> (Tinosorb S, UVB filter, SHORT UVA, LONG UVA), <a href=\"https:\/\/www.beautydecoded.com\/en\/ingredients\/dimethicone\/\" class=\"inci-link\">DIMETHICONE<\/a> (Silicone), <a href=\"https:\/\/www.beautydecoded.com\/en\/ingredients\/butyl-methoxydibenzoylmethane\/\" class=\"inci-link\">BUTYL METHOXYDIBENZOYLMETHANE<\/a> (Avobenzone, SHORT UVA Filter, LONG UVA Filter), <a href=\"https:\/\/www.beautydecoded.com\/en\/ingredients\/phenylbenzimidazole-sulfonic-acid\/\" class=\"inci-link\">PHENYLBENZIMIDAZOLE SULFONIC ACID<\/a> (Ensulizole, UVB filter), <a href=\"https:\/\/www.beautydecoded.com\/en\/ingredients\/silica\/\" class=\"inci-link\">SILICA<\/a> (Silica), <a href=\"https:\/\/www.beautydecoded.com\/en\/ingredients\/diisopropyl-sebacate\/\" class=\"inci-link\">DIISOPROPYL SEBACATE<\/a>, <a href=\"https:\/\/www.beautydecoded.com\/en\/ingredients\/arginine\/\" class=\"inci-link\">ARGININE<\/a> (Amino acid), <a href=\"https:\/\/www.beautydecoded.com\/en\/ingredients\/pentylene-glycol\/\" class=\"inci-link\">PENTYLENE GLYCOL<\/a>, <a href=\"https:\/\/www.beautydecoded.com\/en\/ingredients\/hydroxyacetophenone\/\" class=\"inci-link\">HYDROXYACETOPHENONE<\/a>, <a href=\"https:\/\/www.beautydecoded.com\/en\/ingredients\/lauryl-peg-ppg-18-18-methicone\/\" class=\"inci-link\">LAURYL PEG\/PPG-18\/18 METHICONE<\/a> (Silicone), <a href=\"https:\/\/www.beautydecoded.com\/en\/ingredients\/vp-eicosene-copolymer\/\" class=\"inci-link\">VP\/EICOSENE COPOLYMER<\/a>, <a href=\"https:\/\/www.beautydecoded.com\/en\/ingredients\/polysorbate-60\/\" class=\"inci-link\">POLYSORBATE 60<\/a> (Nonionic surfactant), <a href=\"https:\/\/www.beautydecoded.com\/en\/ingredients\/dimethicone-vinyl-dimethicone-crosspolymer\/\" class=\"inci-link\">DIMETHICONE\/VINYL DIMETHICONE CROSSPOLYMER<\/a> (Silicone), <a href=\"https:\/\/www.beautydecoded.com\/en\/ingredients\/glycerin\/\" class=\"inci-link\">GLYCERIN<\/a>, <a href=\"https:\/\/www.beautydecoded.com\/en\/ingredients\/caprylyl-glycol\/\" class=\"inci-link\">CAPRYLYL GLYCOL<\/a>, <a href=\"https:\/\/www.beautydecoded.com\/en\/ingredients\/hydrated-silica\/\" class=\"inci-link\">HYDRATED SILICA<\/a>, <a href=\"https:\/\/www.beautydecoded.com\/en\/ingredients\/tocopheryl-acetate\/\" class=\"inci-link\">TOCOPHERYL ACETATE<\/a> (Vitamin E derivative), <a href=\"https:\/\/www.beautydecoded.com\/en\/ingredients\/peg-10-dimethicone\/\" class=\"inci-link\">PEG-10 DIMETHICONE<\/a> (Silicone), <a href=\"https:\/\/www.beautydecoded.com\/en\/ingredients\/tetrasodium-glutamate-diacetate\/\" class=\"inci-link\">Tetrasodium glutamate diacetate<\/a>, <a href=\"https:\/\/www.beautydecoded.com\/en\/ingredients\/fragrance\/\" class=\"inci-link\">PERFUM<\/a> (Perfume), <a href=\"https:\/\/www.beautydecoded.com\/en\/ingredients\/sclerotium-gum\/\" class=\"inci-link\">SCLEROTIUM GUM<\/a>, <a href=\"https:\/\/www.beautydecoded.com\/en\/ingredients\/sodium-hyaluronate\/\" class=\"inci-link\">SODIUM HYALURONATE<\/a> (Hyaluronic acid), <a href=\"https:\/\/www.beautydecoded.com\/en\/ingredients\/porphyridium-cruentum-extract\/\" class=\"inci-link\">PORPHYRIDIUM CRUENTUM EXTRACT<\/a>, <a href=\"https:\/\/www.beautydecoded.com\/en\/ingredients\/xanthan-gum\/\" class=\"inci-link\">XANTHAN GUM<\/a>, <a href=\"https:\/\/www.beautydecoded.com\/en\/ingredients\/citric-acid\/\" class=\"inci-link\">CITRIC ACID<\/a><\/p>\n<p>Le **Fusion Water Magic SPF50** d&rsquo;Isdin est une protection solaire \u00e0 texture aqueuse formul\u00e9e avec une combinaison de filtres UV chimiques \u00e0 large spectre : l&rsquo;\u00e9thylhexyl salicylate et la ph\u00e9nylbenzimidazole acide sulfonique assurent la protection UVB, tandis que le butyl m\u00e9thoxydibenzoylm\u00e9thane (avobenzone) couvre les UVA longs. Le bis-\u00e9thylhexyloxyph\u00e9nol m\u00e9thoxyph\u00e9nyl triazine (Tinosorb S) et l&rsquo;\u00e9thylhexyl triazine (Uvinul T 150) compl\u00e8tent ce bouclier en stabilisant l&rsquo;ensemble du syst\u00e8me filtrant et en \u00e9largissant la couverture spectrale. L&rsquo;ac\u00e9tate de tocoph\u00e9ryle (vitamine E) apporte une activit\u00e9 antioxydante compl\u00e9mentaire contre le stress oxydatif induit par les UV. Sur le plan hydratant, le hyaluronate de sodium et la glyc\u00e9rine agissent comme humectants, tandis que l&rsquo;extrait de *Porphyridium cruentum* (microalgue rouge) contribue \u00e0 renforcer la barri\u00e8re cutan\u00e9e. La dim\u00e9thicone conf\u00e8re le glissant caract\u00e9ristique de la texture et limite la sensation de film. Ce produit convient particuli\u00e8rement aux peaux normales \u00e0 mixtes recherchant une protection solaire quotidienne l\u00e9g\u00e8re, non grasse, compatible avec le port de maquillage. Il est adapt\u00e9 \u00e0 une utilisation en conditions urbaines comme en exposition mod\u00e9r\u00e9e.<\/p>","protected":false},"excerpt":{"rendered":"<p>Analyze composition on the BeautyDecoded App<\/p>","protected":false},"featured_media":73215,"comment_status":"open","ping_status":"open","template":"","meta":{"_acf_changed":false,"_kad_blocks_custom_css":"","_kad_blocks_head_custom_js":"","_kad_blocks_body_custom_js":"","_kad_blocks_footer_custom_js":"","_kad_post_transparent":"","_kad_post_title":"","_kad_post_layout":"","_kad_post_sidebar_id":"","_kad_post_content_style":"","_kad_post_vertical_padding":"","_kad_post_feature":"","_kad_post_feature_position":"","_kad_post_header":false,"_kad_post_footer":false},"product_brand":[],"product_cat":[464],"product_tag":[],"class_list":{"0":"post-73214","1":"product","2":"type-product","3":"status-publish","4":"has-post-thumbnail","6":"product_cat-isdin","7":"pa_type-de-produit-solar","9":"first","10":"instock","11":"product-type-external","12":"entry","13":"content-bg","14":"loop-entry"},"acf":[],"taxonomy_info":{"product_cat":[{"value":464,"label":"Isdin"}],"pa_type-de-produit":[{"value":937,"label":"solar"}]},"featured_image_src_large":["https:\/\/www.beautydecoded.com\/wp-content\/uploads\/2026\/04\/water-fusion.jpg",822,821,false],"author_info":[],"comment_info":1,"_links":{"self":[{"href":"https:\/\/www.beautydecoded.com\/en\/wp-json\/wp\/v2\/product\/73214","targetHints":{"allow":["GET"]}}],"collection":[{"href":"https:\/\/www.beautydecoded.com\/en\/wp-json\/wp\/v2\/product"}],"about":[{"href":"https:\/\/www.beautydecoded.com\/en\/wp-json\/wp\/v2\/types\/product"}],"replies":[{"embeddable":true,"href":"https:\/\/www.beautydecoded.com\/en\/wp-json\/wp\/v2\/comments?post=73214"}],"wp:featuredmedia":[{"embeddable":true,"href":"https:\/\/www.beautydecoded.com\/en\/wp-json\/wp\/v2\/media\/73215"}],"wp:attachment":[{"href":"https:\/\/www.beautydecoded.com\/en\/wp-json\/wp\/v2\/media?parent=73214"}],"wp:term":[{"taxonomy":"product_brand","embeddable":true,"href":"https:\/\/www.beautydecoded.com\/en\/wp-json\/wp\/v2\/product_brand?post=73214"},{"taxonomy":"product_cat","embeddable":true,"href":"https:\/\/www.beautydecoded.com\/en\/wp-json\/wp\/v2\/product_cat?post=73214"},{"taxonomy":"product_tag","embeddable":true,"href":"https:\/\/www.beautydecoded.com\/en\/wp-json\/wp\/v2\/product_tag?post=73214"}],"curies":[{"name":"wp","href":"https:\/\/api.w.org\/{rel}","templated":true}]}}