{"id":73216,"date":"2026-04-02T17:47:48","date_gmt":"2026-04-02T15:47:48","guid":{"rendered":"https:\/\/www.beautydecoded.com\/produits\/non class\u00e9\/fotoprotector-fusion-water-pediatrics-spf-50\/"},"modified":"2026-04-02T19:56:30","modified_gmt":"2026-04-02T17:56:30","slug":"fotoprotector-fusion-water-pediatrics-spf-50","status":"publish","type":"product","link":"https:\/\/www.beautydecoded.com\/en\/products\/isdin\/fotoprotector-fusion-water-pediatrics-spf-50\/","title":{"rendered":"Fotoprotector Fusion Water Pediatrics - SPF 50"},"content":{"rendered":"<p><a href=\"https:\/\/www.beautydecoded.com\/en\/ingredients\/aqua\/\" class=\"inci-link\">AQUA<\/a>, <a href=\"https:\/\/www.beautydecoded.com\/en\/ingredients\/octocrylene\/\" class=\"inci-link\">OCTOCRYLENE<\/a> (Octocrylene, UVB filter), <a href=\"https:\/\/www.beautydecoded.com\/en\/ingredients\/ethylhexyl-salicylate\/\" class=\"inci-link\">ETHYLHEXYL SALICYLATE<\/a> (Octisalate, UVB filter), <a href=\"https:\/\/www.beautydecoded.com\/en\/ingredients\/propanediol\/\" class=\"inci-link\">PROPANEDIOL<\/a>, <a href=\"https:\/\/www.beautydecoded.com\/en\/ingredients\/butyl-methoxydibenzoylmethane\/\" class=\"inci-link\">BUTYL METHOXYDIBENZOYLMETHANE<\/a> (Avobenzone, SHORT UVA Filter, LONG UVA Filter), <a href=\"https:\/\/www.beautydecoded.com\/en\/ingredients\/polymethyl-methacrylate\/\" class=\"inci-link\">POLYMETHYL METHACRYLATE<\/a>, <a href=\"https:\/\/www.beautydecoded.com\/en\/ingredients\/dimethicone\/\" class=\"inci-link\">DIMETHICONE<\/a> (Silicone), <a href=\"https:\/\/www.beautydecoded.com\/en\/ingredients\/phenylbenzimidazole-sulfonic-acid\/\" class=\"inci-link\">PHENYLBENZIMIDAZOLE SULFONIC ACID<\/a> (Ensulizole, UVB filter), <a href=\"https:\/\/www.beautydecoded.com\/en\/ingredients\/polysilicon-15\/\" class=\"inci-link\">POLYSILICONE-15<\/a> (Parsol SLX, UVB filter), <a href=\"https:\/\/www.beautydecoded.com\/en\/ingredients\/propylene-glycol-dicaprylate-dicaprate\/\" class=\"inci-link\">PROPYLENE GLYCOL DICAPRYLATE\/DICAPRATE<\/a>, <a href=\"https:\/\/www.beautydecoded.com\/en\/ingredients\/tromethamine\/\" class=\"inci-link\">TROMETHAMINE<\/a>, <a href=\"https:\/\/www.beautydecoded.com\/en\/ingredients\/bis-ethylhexyloxyphenol-methoxyphenyl-triazine\/\" class=\"inci-link\">BIS-ETHYLHEXYLOXYPHENOL METHOXYPHENYL TRIAZINE<\/a> (Tinosorb S, UVB filter, SHORT UVA, LONG UVA), <a href=\"https:\/\/www.beautydecoded.com\/en\/ingredients\/silica\/\" class=\"inci-link\">SILICA<\/a> (Silica), <a href=\"https:\/\/www.beautydecoded.com\/en\/ingredients\/dimethicone-vinyl-dimethicone-crosspolymer\/\" class=\"inci-link\">DIMETHICONE\/VINYL DIMETHICONE CROSSPOLYMER<\/a> (Silicone), <a href=\"https:\/\/www.beautydecoded.com\/en\/ingredients\/1-2-hexanediol\/\" class=\"inci-link\">1,2-HEXANEDIOL<\/a>, <a href=\"https:\/\/www.beautydecoded.com\/en\/ingredients\/polysorbate-60\/\" class=\"inci-link\">POLYSORBATE 60<\/a> (Nonionic surfactant), <a href=\"https:\/\/www.beautydecoded.com\/en\/ingredients\/peg-10-dimethicone\/\" class=\"inci-link\">PEG-10 DIMETHICONE<\/a> (Silicone), <a href=\"https:\/\/www.beautydecoded.com\/en\/ingredients\/sodium-hyaluronate\/\" class=\"inci-link\">SODIUM HYALURONATE<\/a> (Hyaluronic acid), <a href=\"https:\/\/www.beautydecoded.com\/en\/ingredients\/tocopheryl-acetate\/\" class=\"inci-link\">TOCOPHERYL ACETATE<\/a> (Vitamin E derivative), <a href=\"https:\/\/www.beautydecoded.com\/en\/ingredients\/xanthan-gum\/\" class=\"inci-link\">XANTHAN GUM<\/a>, <a href=\"https:\/\/www.beautydecoded.com\/en\/ingredients\/caprylyl-glycol\/\" class=\"inci-link\">CAPRYLYL GLYCOL<\/a>, <a href=\"https:\/\/www.beautydecoded.com\/en\/ingredients\/disodium-edta\/\" class=\"inci-link\">DISODIUM EDTA<\/a>, <a href=\"https:\/\/www.beautydecoded.com\/en\/ingredients\/peg-8\/\" class=\"inci-link\">PEG-8<\/a>, <a href=\"https:\/\/www.beautydecoded.com\/en\/ingredients\/tocopherol\/\" class=\"inci-link\">TOCOPHEROL<\/a> (Vitamin E), <a href=\"https:\/\/www.beautydecoded.com\/en\/ingredients\/tropolone\/\" class=\"inci-link\">TROPOLONE<\/a>, <a href=\"https:\/\/www.beautydecoded.com\/en\/ingredients\/ascorbyl-palmitate\/\" class=\"inci-link\">ASCORBYL PALMITATE<\/a> (Vitamin C derivative), <a href=\"https:\/\/www.beautydecoded.com\/en\/ingredients\/ascorbic-acid\/\" class=\"inci-link\">ASCORBIC ACID<\/a> (Pure vitamin C), <a href=\"https:\/\/www.beautydecoded.com\/en\/ingredients\/citric-acid\/\" class=\"inci-link\">CITRIC ACID<\/a><\/p>\n<p>Le Fotoprotector Fusion Water Pediatrics SPF 50 d&rsquo;Isdin est une \u00e9mulsion solaire \u00e0 texture aqueuse l\u00e9g\u00e8re, formul\u00e9e sp\u00e9cifiquement pour la peau des enfants, particuli\u00e8rement sensible aux rayonnements UV. Sa protection repose sur une combinaison de filtres organiques \u00e0 large spectre : l&rsquo;octocryl\u00e8ne et le salicylate d&rsquo;\u00e9thylhexyle (filtres UVB), le butyl m\u00e9thoxydibenzoylm\u00e9thane (Avobenzone, filtre UVA), la ph\u00e9nylbenzimidazole sulfonique (UVB), le polysilicone-15 et le bis-\u00e9thylhexyloxyph\u00e9nol m\u00e9thoxyph\u00e9nyl triazine (Tinosorb S, filtre UVA\/UVB \u00e0 large spectre), assurant ensemble une couverture compl\u00e8te contre les UVA et UVB. La formule int\u00e8gre \u00e9galement des actifs antioxydants \u2014 tocoph\u00e9rol (vitamine E), ac\u00e9tate de tocoph\u00e9ryle, acide ascorbique et palmitate d&rsquo;ascorbyle (vitamine C) \u2014 qui neutralisent les radicaux libres g\u00e9n\u00e9r\u00e9s par l&rsquo;exposition solaire. L&rsquo;hyaluronate de sodium apporte une action hydratante de surface. La texture \u00ab\u00a0fusion water\u00a0\u00bb, obtenue notamment gr\u00e2ce aux silicones r\u00e9ticul\u00e9s et au PEG-10 dim\u00e9thicone, conf\u00e8re un fini non gras et une bonne \u00e9talement. Ce produit convient aux peaux jeunes et sensibles, ainsi qu&rsquo;aux adultes \u00e0 peau r\u00e9active recherchant une texture l\u00e9g\u00e8re pour un usage quotidien en conditions d&rsquo;exposition solaire mod\u00e9r\u00e9e \u00e0 intense.<\/p>","protected":false},"excerpt":{"rendered":"<p>Analyze composition on the BeautyDecoded App<\/p>","protected":false},"featured_media":73217,"comment_status":"open","ping_status":"open","template":"","meta":{"_acf_changed":false,"_kad_blocks_custom_css":"","_kad_blocks_head_custom_js":"","_kad_blocks_body_custom_js":"","_kad_blocks_footer_custom_js":"","_kad_post_transparent":"","_kad_post_title":"","_kad_post_layout":"","_kad_post_sidebar_id":"","_kad_post_content_style":"","_kad_post_vertical_padding":"","_kad_post_feature":"","_kad_post_feature_position":"","_kad_post_header":false,"_kad_post_footer":false},"product_brand":[],"product_cat":[464],"product_tag":[],"class_list":{"0":"post-73216","1":"product","2":"type-product","3":"status-publish","4":"has-post-thumbnail","6":"product_cat-isdin","7":"pa_actif-ascorbicacidderivatives","8":"pa_actif-purevitaminc","9":"pa_type-de-produit-solar","11":"first","12":"instock","13":"product-type-external","14":"entry","15":"content-bg","16":"loop-entry"},"acf":[],"taxonomy_info":{"product_cat":[{"value":464,"label":"Isdin"}],"pa_actif":[{"value":542,"label":"ascorbicacidderivatives"},{"value":570,"label":"purevitaminc"}],"pa_type-de-produit":[{"value":937,"label":"solar"}]},"featured_image_src_large":["https:\/\/www.beautydecoded.com\/wp-content\/uploads\/2026\/04\/water-pediatrics.jpg",820,821,false],"author_info":[],"comment_info":1,"_links":{"self":[{"href":"https:\/\/www.beautydecoded.com\/en\/wp-json\/wp\/v2\/product\/73216","targetHints":{"allow":["GET"]}}],"collection":[{"href":"https:\/\/www.beautydecoded.com\/en\/wp-json\/wp\/v2\/product"}],"about":[{"href":"https:\/\/www.beautydecoded.com\/en\/wp-json\/wp\/v2\/types\/product"}],"replies":[{"embeddable":true,"href":"https:\/\/www.beautydecoded.com\/en\/wp-json\/wp\/v2\/comments?post=73216"}],"wp:featuredmedia":[{"embeddable":true,"href":"https:\/\/www.beautydecoded.com\/en\/wp-json\/wp\/v2\/media\/73217"}],"wp:attachment":[{"href":"https:\/\/www.beautydecoded.com\/en\/wp-json\/wp\/v2\/media?parent=73216"}],"wp:term":[{"taxonomy":"product_brand","embeddable":true,"href":"https:\/\/www.beautydecoded.com\/en\/wp-json\/wp\/v2\/product_brand?post=73216"},{"taxonomy":"product_cat","embeddable":true,"href":"https:\/\/www.beautydecoded.com\/en\/wp-json\/wp\/v2\/product_cat?post=73216"},{"taxonomy":"product_tag","embeddable":true,"href":"https:\/\/www.beautydecoded.com\/en\/wp-json\/wp\/v2\/product_tag?post=73216"}],"curies":[{"name":"wp","href":"https:\/\/api.w.org\/{rel}","templated":true}]}}