{"id":73284,"date":"2026-04-02T17:48:16","date_gmt":"2026-04-02T15:48:16","guid":{"rendered":"https:\/\/www.beautydecoded.com\/produits\/non class\u00e9\/milk-skin-toner\/"},"modified":"2026-04-02T19:57:37","modified_gmt":"2026-04-02T17:57:37","slug":"milk-skin-toner","status":"publish","type":"product","link":"https:\/\/www.beautydecoded.com\/en\/products\/shoot\/milk-skin-toner\/","title":{"rendered":"Milk Skin Toner"},"content":{"rendered":"<p><a href=\"https:\/\/www.beautydecoded.com\/en\/ingredients\/aqua\/\" class=\"inci-link\">AQUA<\/a>, <a href=\"https:\/\/www.beautydecoded.com\/en\/ingredients\/glycerin\/\" class=\"inci-link\">GLYCERIN<\/a>, <a href=\"https:\/\/www.beautydecoded.com\/en\/ingredients\/butylene-glycol\/\" class=\"inci-link\">BUTYLENE GLYCOL<\/a>, <a href=\"https:\/\/www.beautydecoded.com\/en\/ingredients\/niacinamide\/\" class=\"inci-link\">NIACINAMIDE<\/a> (Vitamin B3), <a href=\"https:\/\/www.beautydecoded.com\/en\/ingredients\/roman-chamomile-flower-extract\/\" class=\"inci-link\">Roman chamomile flower extract<\/a> (Roman chamomile), <a href=\"https:\/\/www.beautydecoded.com\/en\/ingredients\/styrene-vp-copolymer\/\" class=\"inci-link\">Styrene\/vinyl polymer copolymer<\/a>, <a href=\"https:\/\/www.beautydecoded.com\/en\/ingredients\/1-2-hexanediol\/\" class=\"inci-link\">1,2-HEXANEDIOL<\/a>, <a href=\"https:\/\/www.beautydecoded.com\/en\/ingredients\/caprylyl-glycol\/\" class=\"inci-link\">CAPRYLYL GLYCOL<\/a>, <a href=\"https:\/\/www.beautydecoded.com\/en\/ingredients\/oryza-sativa-bran-extract\/\" class=\"inci-link\">ORYZA SATIVA BRAN EXTRACT<\/a> (Rice), <a href=\"https:\/\/www.beautydecoded.com\/en\/ingredients\/licorice-root-extract\/\" class=\"inci-link\">Licorice Root Extract<\/a> (Licorice), <a href=\"https:\/\/www.beautydecoded.com\/en\/ingredients\/camellia-sinensis-leaf-extract\/\" class=\"inci-link\">CAMELLIA SINENSIS LEAF EXTRACT<\/a> (Green tea), <a href=\"https:\/\/www.beautydecoded.com\/en\/ingredients\/rosmarinus-officinalis-leaf-extract\/\" class=\"inci-link\">ROSMARINUS OFFICINALIS LEAF EXTRACT<\/a> (Rosemary), <a href=\"https:\/\/www.beautydecoded.com\/en\/ingredients\/centella-asiatica-extract\/\" class=\"inci-link\">CENTELLA ASIATICA EXTRACT<\/a> (Centella asiatica), <a href=\"https:\/\/www.beautydecoded.com\/en\/ingredients\/chamomilla-recutita-flower-extract\/\" class=\"inci-link\">Chamomilla recutita flower extract<\/a> (Wild chamomile (German)), <a href=\"https:\/\/www.beautydecoded.com\/en\/ingredients\/witch-hazel-extract\/\" class=\"inci-link\">Witch Hazel Extract<\/a> (Witch hazel), <a href=\"https:\/\/www.beautydecoded.com\/en\/ingredients\/polygonum-cuspidatum-root-extract\/\" class=\"inci-link\">POLYGONUM CUSPIDATUM ROOT EXTRACT<\/a> (Japanese knotweed), <a href=\"https:\/\/www.beautydecoded.com\/en\/ingredients\/skullcap-root-extract\/\" class=\"inci-link\">Baical skullcap root extract<\/a> (Scutellaria baicalensis), <a href=\"https:\/\/www.beautydecoded.com\/en\/ingredients\/betaine\/\" class=\"inci-link\">BETAINE<\/a> (Sugar), <a href=\"https:\/\/www.beautydecoded.com\/en\/ingredients\/panthenol\/\" class=\"inci-link\">PANTHENOL<\/a> (Pro-vitamin B5), <a href=\"https:\/\/www.beautydecoded.com\/en\/ingredients\/allantoin\/\" class=\"inci-link\">ALLANTOIN<\/a> (Active ingredient derived from comfrey), <a href=\"https:\/\/www.beautydecoded.com\/en\/ingredients\/sodium-pca\/\" class=\"inci-link\">SODIUM PCA<\/a> (Natural moisturizing factor), <a href=\"https:\/\/www.beautydecoded.com\/en\/ingredients\/adenosine\/\" class=\"inci-link\">ADENOSINE<\/a> (Active), <a href=\"https:\/\/www.beautydecoded.com\/en\/ingredients\/disodium-edta\/\" class=\"inci-link\">DISODIUM EDTA<\/a>, <a href=\"https:\/\/www.beautydecoded.com\/en\/ingredients\/sodium-hyaluronate\/\" class=\"inci-link\">SODIUM HYALURONATE<\/a> (Hyaluronic acid), <a href=\"https:\/\/www.beautydecoded.com\/en\/ingredients\/carbomer\/\" class=\"inci-link\">CARBOMER<\/a>, <a href=\"https:\/\/www.beautydecoded.com\/en\/ingredients\/arginine\/\" class=\"inci-link\">ARGININE<\/a> (Amino acid), <a href=\"https:\/\/www.beautydecoded.com\/en\/ingredients\/illicium-verum-fruit-extract\/\" class=\"inci-link\">ILLICIUM VERUM FRUIT EXTRACT<\/a> (Star anise), <a href=\"https:\/\/www.beautydecoded.com\/en\/ingredients\/alchemilla-vulgaris-extract\/\" class=\"inci-link\">Alchemilla vulgaris extract<\/a> (Common alchemilla), <a href=\"https:\/\/www.beautydecoded.com\/en\/ingredients\/amaranthus-caudatus-extract\/\" class=\"inci-link\">AMARANTHUS CAUDATUS EXTRACT<\/a> (Foxtail amaranth), <a href=\"https:\/\/www.beautydecoded.com\/en\/ingredients\/olive-leaf-extract\/\" class=\"inci-link\">OLEA EUROPAEA LEAF EXTRACT<\/a> (Olive), <a href=\"https:\/\/www.beautydecoded.com\/en\/ingredients\/veronica-officinalis-extract\/\" class=\"inci-link\">VERONICA OFFICINALIS EXTRACT<\/a> (Common speedwell), <a href=\"https:\/\/www.beautydecoded.com\/en\/ingredients\/peppermint-leaf-extract\/\" class=\"inci-link\">Peppermint Leaf Extract<\/a> (Peppermint), <a href=\"https:\/\/www.beautydecoded.com\/en\/ingredients\/chinese-elm-root-extract\/\" class=\"inci-link\">Chinese Elm Root Extract<\/a>, <a href=\"https:\/\/www.beautydecoded.com\/en\/ingredients\/chicory-leaf-extract-2\/\" class=\"inci-link\">CYNARA SCOLYMUS LEAF EXTRACT<\/a> (Artichoke), <a href=\"https:\/\/www.beautydecoded.com\/en\/ingredients\/oat-kernel-extract\/\" class=\"inci-link\">OAT KERNEL EXTRACT<\/a> (Oats), <a href=\"https:\/\/www.beautydecoded.com\/en\/ingredients\/black-elderberry-flower-extract\/\" class=\"inci-link\">Black Elderberry Flower Extract<\/a> (Black elderberry), <a href=\"https:\/\/www.beautydecoded.com\/en\/ingredients\/beta-glucan\/\" class=\"inci-link\">BETA-GLUCAN<\/a> (Active ingredient derived from mushrooms), <a href=\"https:\/\/www.beautydecoded.com\/en\/ingredients\/ceramide-np\/\" class=\"inci-link\">CERAMIDE NP<\/a> (Ceramide), <a href=\"https:\/\/www.beautydecoded.com\/en\/ingredients\/chamaecyparis-obtusa-leaf-extract\/\" class=\"inci-link\">Chamaecyparis obtusa leaf extract<\/a> (Japanese cypress), <a href=\"https:\/\/www.beautydecoded.com\/en\/ingredients\/kelp-extract-3\/\" class=\"inci-link\">LAMINARIA JAPONICA EXTRACT<\/a>, <a href=\"https:\/\/www.beautydecoded.com\/en\/ingredients\/copper-tripeptide-1\/\" class=\"inci-link\">COPPER TRIPEPTIDE-1<\/a> (Copper peptide), <a href=\"https:\/\/www.beautydecoded.com\/en\/ingredients\/acetyl-hexapeptide-8\/\" class=\"inci-link\">ACETYL HEXAPEPTIDE-8<\/a> (Peptide)<\/p>\n<p>Le **Milk Skin Toner** de Tirtir est une lotion tonique \u00e0 texture laiteuse formul\u00e9e autour d&rsquo;un complexe d&rsquo;actifs hydratants, apaisants et anti-\u00e2ge. La **niacinamide** agit sur l&rsquo;homog\u00e9n\u00e9isation du teint et le resserrement des pores en r\u00e9gulant la production de s\u00e9bum et en inhibant le transfert de m\u00e9lanosomes. L&rsquo;hydratation est assur\u00e9e par une combinaison de **sodium hyaluronate** (agent hygroscopique), **glyc\u00e9rine**, **b\u00e9ta\u00efne**, **sodium PCA** et **panthenol**, qui maintiennent le niveau d&rsquo;eau dans les couches superficielles de l&rsquo;\u00e9piderme. Le **ceramide NP** contribue \u00e0 renforcer la barri\u00e8re cutan\u00e9e en s&rsquo;int\u00e9grant dans la structure lipidique intercellulaire. Le **beta-glucane** et l&rsquo;**allanto\u00efne** exercent des effets apaisants et favorisent la cicatrisation l\u00e9g\u00e8re. La formule int\u00e8gre \u00e9galement des actifs anti-\u00e2ge cibl\u00e9s : le **copper tripeptide-1** stimule la synth\u00e8se de collag\u00e8ne et acc\u00e9l\u00e8re le renouvellement cellulaire, tandis que l&rsquo;**acetyl hexapeptide-8** agit comme relaxant musculaire topique et l&rsquo;**ad\u00e9nosine** soutient la r\u00e9g\u00e9n\u00e9ration cellulaire. Un large spectre d&rsquo;extraits botaniques (centella asiatica, r\u00e9glisse, th\u00e9 vert, camomille, hamam\u00e9lis, avoine) apporte des propri\u00e9t\u00e9s antioxydantes et anti-inflammatoires compl\u00e9mentaires. Ce produit convient particuli\u00e8rement aux peaux d\u00e9shydrat\u00e9es, ternes ou pr\u00e9sentant des premiers signes de vieillissement, ainsi qu&rsquo;aux peaux sensibles n\u00e9cessitant un soutien de la barri\u00e8re cutan\u00e9e.<\/p>","protected":false},"excerpt":{"rendered":"<p>Analyze composition on the BeautyDecoded App<\/p>","protected":false},"featured_media":73285,"comment_status":"open","ping_status":"open","template":"","meta":{"_acf_changed":false,"_kad_blocks_custom_css":"","_kad_blocks_head_custom_js":"","_kad_blocks_body_custom_js":"","_kad_blocks_footer_custom_js":"","_kad_post_transparent":"","_kad_post_title":"","_kad_post_layout":"","_kad_post_sidebar_id":"","_kad_post_content_style":"","_kad_post_vertical_padding":"","_kad_post_feature":"","_kad_post_feature_position":"","_kad_post_header":false,"_kad_post_footer":false},"product_brand":[],"product_cat":[967],"product_tag":[],"class_list":{"0":"post-73284","1":"product","2":"type-product","3":"status-publish","4":"has-post-thumbnail","6":"product_cat-tirtir","7":"pa_actif-avoine","8":"pa_actif-centellaasiatica","9":"pa_actif-greentea","10":"pa_actif-niacinamide","11":"pa_actif-rice","12":"pa_type-de-produit-lotion","14":"first","15":"instock","16":"product-type-external","17":"entry","18":"content-bg","19":"loop-entry"},"acf":[],"taxonomy_info":{"product_cat":[{"value":967,"label":"Tirtir"}],"pa_actif":[{"value":559,"label":"avoine"},{"value":553,"label":"centellaasiatica"},{"value":551,"label":"greentea"},{"value":541,"label":"niacinamide"},{"value":556,"label":"rice"}],"pa_type-de-produit":[{"value":543,"label":"lotion"}]},"featured_image_src_large":["https:\/\/www.beautydecoded.com\/wp-content\/uploads\/2026\/04\/milk-skin-toner.webp",716,713,false],"author_info":[],"comment_info":1,"_links":{"self":[{"href":"https:\/\/www.beautydecoded.com\/en\/wp-json\/wp\/v2\/product\/73284","targetHints":{"allow":["GET"]}}],"collection":[{"href":"https:\/\/www.beautydecoded.com\/en\/wp-json\/wp\/v2\/product"}],"about":[{"href":"https:\/\/www.beautydecoded.com\/en\/wp-json\/wp\/v2\/types\/product"}],"replies":[{"embeddable":true,"href":"https:\/\/www.beautydecoded.com\/en\/wp-json\/wp\/v2\/comments?post=73284"}],"wp:featuredmedia":[{"embeddable":true,"href":"https:\/\/www.beautydecoded.com\/en\/wp-json\/wp\/v2\/media\/73285"}],"wp:attachment":[{"href":"https:\/\/www.beautydecoded.com\/en\/wp-json\/wp\/v2\/media?parent=73284"}],"wp:term":[{"taxonomy":"product_brand","embeddable":true,"href":"https:\/\/www.beautydecoded.com\/en\/wp-json\/wp\/v2\/product_brand?post=73284"},{"taxonomy":"product_cat","embeddable":true,"href":"https:\/\/www.beautydecoded.com\/en\/wp-json\/wp\/v2\/product_cat?post=73284"},{"taxonomy":"product_tag","embeddable":true,"href":"https:\/\/www.beautydecoded.com\/en\/wp-json\/wp\/v2\/product_tag?post=73284"}],"curies":[{"name":"wp","href":"https:\/\/api.w.org\/{rel}","templated":true}]}}