{"id":73288,"date":"2026-04-02T17:48:16","date_gmt":"2026-04-02T15:48:16","guid":{"rendered":"https:\/\/www.beautydecoded.com\/produits\/non class\u00e9\/masque-yeux-defatigant-a-lacide-hyaluronic-15-ml\/"},"modified":"2026-04-02T19:57:31","modified_gmt":"2026-04-02T17:57:31","slug":"defatigant-eye-mask-with-hyaluronic-acid-15-ml","status":"publish","type":"product","link":"https:\/\/www.beautydecoded.com\/en\/products\/noon-chi\/defatigant-eye-mask-with-hyaluronic-acid-15-ml\/","title":{"rendered":"Anti-Fatigue Eye Mask with Hyaluronic Acid - 15 ml"},"content":{"rendered":"<p><a href=\"https:\/\/www.beautydecoded.com\/en\/ingredients\/aqua\/\" class=\"inci-link\">AQUA<\/a>, <a href=\"https:\/\/www.beautydecoded.com\/en\/ingredients\/glycerin\/\" class=\"inci-link\">GLYCERIN<\/a>, <a href=\"https:\/\/www.beautydecoded.com\/en\/ingredients\/dicaprylyl-ether\/\" class=\"inci-link\">DICAPRYLYL ETHER<\/a>, <a href=\"https:\/\/www.beautydecoded.com\/en\/ingredients\/pentylene-glycol\/\" class=\"inci-link\">PENTYLENE GLYCOL<\/a>, <a href=\"https:\/\/www.beautydecoded.com\/en\/ingredients\/decyl-oleate\/\" class=\"inci-link\">DECYL OLEATE<\/a> (Potentially comedogenic), <a href=\"https:\/\/www.beautydecoded.com\/en\/ingredients\/centaurea-cyanus-flower-water\/\" class=\"inci-link\">CENTAUREA CYANUS FLOWER WATER<\/a> (Cornflower), <a href=\"https:\/\/www.beautydecoded.com\/en\/ingredients\/hydroxyethyl-acrylate-sodium-acryloyldimethyl-taurate-copolymer\/\" class=\"inci-link\">HYDROXYETHYL ACRYLATE\/SODIUM ACRYLOYLDIMETHYL TAURATE COPOLYMER<\/a>, <a href=\"https:\/\/www.beautydecoded.com\/en\/ingredients\/acrylates-c10-30-alkyl-acrylate-crosspolymer\/\" class=\"inci-link\">ACRYLATES\/C10-30 ALKYL ACRYLATE CROSSPOLYMER<\/a>, <a href=\"https:\/\/www.beautydecoded.com\/en\/ingredients\/squalane\/\" class=\"inci-link\">SQUALANE<\/a> (Squalane, Hydrogenated Oil), <a href=\"https:\/\/www.beautydecoded.com\/en\/ingredients\/capryloyl-glycine\/\" class=\"inci-link\">CAPRYLOYL GLYCINE<\/a>, <a href=\"https:\/\/www.beautydecoded.com\/en\/ingredients\/ethylhexylglycerin\/\" class=\"inci-link\">ETHYLHEXYLGLYCERIN<\/a>, <a href=\"https:\/\/www.beautydecoded.com\/en\/ingredients\/sodium-gluconate\/\" class=\"inci-link\">SODIUM GLUCONATE<\/a>, <a href=\"https:\/\/www.beautydecoded.com\/en\/ingredients\/sodium-hydroxide\/\" class=\"inci-link\">SODIUM HYDROXIDE<\/a>, <a href=\"https:\/\/www.beautydecoded.com\/en\/ingredients\/polysorbate-60\/\" class=\"inci-link\">POLYSORBATE 60<\/a> (Nonionic surfactant), <a href=\"https:\/\/www.beautydecoded.com\/en\/ingredients\/sorbitan-isostearate\/\" class=\"inci-link\">SORBITAN ISOSTEARATE<\/a>, <a href=\"https:\/\/www.beautydecoded.com\/en\/ingredients\/sodium-hyaluronate\/\" class=\"inci-link\">SODIUM HYALURONATE<\/a> (Hyaluronic acid), <a href=\"https:\/\/www.beautydecoded.com\/en\/ingredients\/citric-acid\/\" class=\"inci-link\">CITRIC ACID<\/a>, <a href=\"https:\/\/www.beautydecoded.com\/en\/ingredients\/potassium-sorbate\/\" class=\"inci-link\">POTASSIUM SORBATE<\/a>, <a href=\"https:\/\/www.beautydecoded.com\/en\/ingredients\/sodium-benzoate\/\" class=\"inci-link\">SODIUM BENZOATE<\/a>, <a href=\"https:\/\/www.beautydecoded.com\/en\/ingredients\/tocopherol\/\" class=\"inci-link\">TOCOPHEROL<\/a> (Vitamin E), <a href=\"https:\/\/www.beautydecoded.com\/en\/ingredients\/ci-42090\/\" class=\"inci-link\">CI 42090<\/a> (Blue dye), <a href=\"https:\/\/www.beautydecoded.com\/en\/ingredients\/hydrogenated-palm-glycerides-citrate\/\" class=\"inci-link\">HYDROGENATED PALM GLYCERIDES CITRATE<\/a>, <a href=\"https:\/\/www.beautydecoded.com\/en\/ingredients\/here-17200\/\" class=\"inci-link\">CI 17200<\/a> (Red dye)<\/p>\n<p>Ce masque contreplis yeux de Noon-chi associe plusieurs actifs hydratants et apaisants ciblant la fragilit\u00e9 de la zone p\u00e9riorbitaire. Le **sodium hyaluronate** (forme saline de l&rsquo;acide hyaluronique) agit comme humectant en captant les mol\u00e9cules d&rsquo;eau dans les couches superficielles de l&rsquo;\u00e9piderme, contribuant \u00e0 att\u00e9nuer l&rsquo;aspect des ridules de d\u00e9shydratation. La **glyc\u00e9rine**, \u00e9galement humectante, renforce cet effet r\u00e9servoir d&rsquo;eau. L&rsquo;**eau florale de bleuet** (*Centaurea cyanus*) apporte des propri\u00e9t\u00e9s apaisantes et d\u00e9congestionnantes traditionnellement reconnues pour la zone des yeux, utiles en cas de rougeurs ou de fatigue visuelle. Le **squalane** et le **d\u00e9cyl ol\u00e9ate** constituent la phase lipidique du produit : ils forment un film occlusif l\u00e9ger qui limite la perte insensible en eau sans alourdir la texture. La **capryloyl glycine** joue un r\u00f4le r\u00e9gulateur et apaisant sur la peau. Le **tocoph\u00e9rol** (vitamine E) compl\u00e8te la formule par son action antioxydante. Ce masque convient particuli\u00e8rement aux peaux d\u00e9shydrat\u00e9es, sensibles ou fatigu\u00e9es pr\u00e9sentant des signes de tiraillement et de manque d&rsquo;\u00e9clat autour des yeux. Son format 15 ml est adapt\u00e9 \u00e0 une utilisation cibl\u00e9e en soin intensif ponctuel.<\/p>","protected":false},"excerpt":{"rendered":"<p>Analyze composition on the BeautyDecoded App<\/p>","protected":false},"featured_media":73289,"comment_status":"open","ping_status":"open","template":"","meta":{"_acf_changed":false,"_kad_blocks_custom_css":"","_kad_blocks_head_custom_js":"","_kad_blocks_body_custom_js":"","_kad_blocks_footer_custom_js":"","_kad_post_transparent":"","_kad_post_title":"","_kad_post_layout":"","_kad_post_sidebar_id":"","_kad_post_content_style":"","_kad_post_vertical_padding":"","_kad_post_feature":"","_kad_post_feature_position":"","_kad_post_header":false,"_kad_post_footer":false},"product_brand":[],"product_cat":[968],"product_tag":[],"class_list":{"0":"post-73288","1":"product","2":"type-product","3":"status-publish","4":"has-post-thumbnail","6":"product_cat-noon-chi","7":"pa_type-de-produit-eyes","9":"first","10":"instock","11":"product-type-external","12":"entry","13":"content-bg","14":"loop-entry"},"acf":[],"taxonomy_info":{"product_cat":[{"value":968,"label":"Noon-chi"}],"pa_type-de-produit":[{"value":552,"label":"eyes"}]},"featured_image_src_large":["https:\/\/www.beautydecoded.com\/wp-content\/uploads\/2026\/04\/noonchi.avif",900,900,false],"author_info":[],"comment_info":1,"_links":{"self":[{"href":"https:\/\/www.beautydecoded.com\/en\/wp-json\/wp\/v2\/product\/73288","targetHints":{"allow":["GET"]}}],"collection":[{"href":"https:\/\/www.beautydecoded.com\/en\/wp-json\/wp\/v2\/product"}],"about":[{"href":"https:\/\/www.beautydecoded.com\/en\/wp-json\/wp\/v2\/types\/product"}],"replies":[{"embeddable":true,"href":"https:\/\/www.beautydecoded.com\/en\/wp-json\/wp\/v2\/comments?post=73288"}],"wp:featuredmedia":[{"embeddable":true,"href":"https:\/\/www.beautydecoded.com\/en\/wp-json\/wp\/v2\/media\/73289"}],"wp:attachment":[{"href":"https:\/\/www.beautydecoded.com\/en\/wp-json\/wp\/v2\/media?parent=73288"}],"wp:term":[{"taxonomy":"product_brand","embeddable":true,"href":"https:\/\/www.beautydecoded.com\/en\/wp-json\/wp\/v2\/product_brand?post=73288"},{"taxonomy":"product_cat","embeddable":true,"href":"https:\/\/www.beautydecoded.com\/en\/wp-json\/wp\/v2\/product_cat?post=73288"},{"taxonomy":"product_tag","embeddable":true,"href":"https:\/\/www.beautydecoded.com\/en\/wp-json\/wp\/v2\/product_tag?post=73288"}],"curies":[{"name":"wp","href":"https:\/\/api.w.org\/{rel}","templated":true}]}}