{"id":73300,"date":"2026-04-02T17:48:41","date_gmt":"2026-04-02T15:48:41","guid":{"rendered":"https:\/\/www.beautydecoded.com\/produits\/non class\u00e9\/pionniere-creme-perfection-jeunesse-50-ml\/"},"modified":"2026-04-02T19:57:54","modified_gmt":"2026-04-02T17:57:54","slug":"pionniere-creme-perfection-jeunesse-50-ml","status":"publish","type":"product","link":"https:\/\/www.beautydecoded.com\/en\/products\/phytomer\/pionniere-creme-perfection-jeunesse-50-ml\/","title":{"rendered":"Pionniere - Youthful Perfection Cream - 50 ml"},"content":{"rendered":"<p><a href=\"https:\/\/www.beautydecoded.com\/en\/ingredients\/aqua\/\" class=\"inci-link\">AQUA<\/a>, <a href=\"https:\/\/www.beautydecoded.com\/en\/ingredients\/caprylic-capric-triglyceride\/\" class=\"inci-link\">CAPRYLIC\/CAPRIC TRIGLYCERIDE<\/a>, <a href=\"https:\/\/www.beautydecoded.com\/en\/ingredients\/butylene-glycol\/\" class=\"inci-link\">BUTYLENE GLYCOL<\/a>, <a href=\"https:\/\/www.beautydecoded.com\/en\/ingredients\/glycerin\/\" class=\"inci-link\">GLYCERIN<\/a>, <a href=\"https:\/\/www.beautydecoded.com\/en\/ingredients\/octyldodecanol\/\" class=\"inci-link\">OCTYLDODECANOL<\/a>, <a href=\"https:\/\/www.beautydecoded.com\/en\/ingredients\/c10-18-triglycerides\/\" class=\"inci-link\">C10-18 TRIGLYCERIDES<\/a>, <a href=\"https:\/\/www.beautydecoded.com\/en\/ingredients\/butyrospermum-parkii-butter\/\" class=\"inci-link\">BUTYROSPERMUM PARKII BUTTER<\/a> (Vegetable shea butter), <a href=\"https:\/\/www.beautydecoded.com\/en\/ingredients\/cetearyl-alcohol\/\" class=\"inci-link\">CETEARYL ALCOHOL<\/a>, <a href=\"https:\/\/www.beautydecoded.com\/en\/ingredients\/mannitol\/\" class=\"inci-link\">MANNITOL<\/a> (Sugar), <a href=\"https:\/\/www.beautydecoded.com\/en\/ingredients\/pentaerythrityl-tetraisostearate\/\" class=\"inci-link\">Pentaerythrityl Tetraisostearate<\/a>, <a href=\"https:\/\/www.beautydecoded.com\/en\/ingredients\/methyl-methacrylate-crosspolymer\/\" class=\"inci-link\">METHYL METHACRYLATE CROSSPOLYMER<\/a>, <a href=\"https:\/\/www.beautydecoded.com\/en\/ingredients\/olive-oil-decyl-esters\/\" class=\"inci-link\">OLIVE OIL DECYL ESTERS<\/a>, <a href=\"https:\/\/www.beautydecoded.com\/en\/ingredients\/corn-oil\/\" class=\"inci-link\">ZEA MAYS OIL<\/a> (Corn vegetable oil), <a href=\"https:\/\/www.beautydecoded.com\/en\/ingredients\/dimethicone\/\" class=\"inci-link\">DIMETHICONE<\/a> (Silicone), <a href=\"https:\/\/www.beautydecoded.com\/en\/ingredients\/hydrogenated-coconut-glycerides\/\" class=\"inci-link\">HYDROGENATED COCO-GLYCERIDES<\/a>, <a href=\"https:\/\/www.beautydecoded.com\/en\/ingredients\/hydrogenated-vegetable-oil\/\" class=\"inci-link\">HYDROGENATED VEGETABLE OIL<\/a> (Potentially comedogenic), <a href=\"https:\/\/www.beautydecoded.com\/en\/ingredients\/sodium-stearoyl-glutamate\/\" class=\"inci-link\">SODIUM STEAROYL GLUTAMATE<\/a>, <a href=\"https:\/\/www.beautydecoded.com\/en\/ingredients\/ammonium-acryloyldimethyltaurate-vp-copolymer\/\" class=\"inci-link\">AMMONIUM ACRYLOYLDIMETHYLTAURATE\/VP COPOLYMER<\/a>, <a href=\"https:\/\/www.beautydecoded.com\/en\/ingredients\/phenoxyethanol\/\" class=\"inci-link\">PHENOXYETHANOL<\/a>, <a href=\"https:\/\/www.beautydecoded.com\/en\/ingredients\/propylene-glycol-dicaprate\/\" class=\"inci-link\">PROPYLENE GLYCOL DICAPRATE<\/a>, <a href=\"https:\/\/www.beautydecoded.com\/en\/ingredients\/hydroxypropyl-starch-phosphate\/\" class=\"inci-link\">HYDROXYPROPYL STARCH PHOSPHATE<\/a>, <a href=\"https:\/\/www.beautydecoded.com\/en\/ingredients\/sunflower-seed-cake\/\" class=\"inci-link\">HELIANTHUS ANNUUS SEEDCAKE<\/a>, <a href=\"https:\/\/www.beautydecoded.com\/en\/ingredients\/fragrance\/\" class=\"inci-link\">PERFUM<\/a> (Perfume), <a href=\"https:\/\/www.beautydecoded.com\/en\/ingredients\/chlorphenesin\/\" class=\"inci-link\">CHLORPHENESIN<\/a>, <a href=\"https:\/\/www.beautydecoded.com\/en\/ingredients\/squalene\/\" class=\"inci-link\">SQUALENE<\/a> (Squalene), <a href=\"https:\/\/www.beautydecoded.com\/en\/ingredients\/glycine-soja-oil\/\" class=\"inci-link\">GLYCINE SOJA OIL<\/a> (Soybean oil), <a href=\"https:\/\/www.beautydecoded.com\/en\/ingredients\/caprylyl-glycol\/\" class=\"inci-link\">CAPRYLYL GLYCOL<\/a>, <a href=\"https:\/\/www.beautydecoded.com\/en\/ingredients\/disodium-edta\/\" class=\"inci-link\">DISODIUM EDTA<\/a>, <a href=\"https:\/\/www.beautydecoded.com\/en\/ingredients\/husbands-salt\/\" class=\"inci-link\">MARIS SAL<\/a> (Sea salt), <a href=\"https:\/\/www.beautydecoded.com\/en\/ingredients\/silica\/\" class=\"inci-link\">SILICA<\/a> (Silica), <a href=\"https:\/\/www.beautydecoded.com\/en\/ingredients\/citric-acid\/\" class=\"inci-link\">CITRIC ACID<\/a>, <a href=\"https:\/\/www.beautydecoded.com\/en\/ingredients\/kelp-extract-2\/\" class=\"inci-link\">LAMINARIA DIGITATA EXTRACT<\/a> (Digitata laminaria (seaweed)), <a href=\"https:\/\/www.beautydecoded.com\/en\/ingredients\/tocopherol\/\" class=\"inci-link\">TOCOPHEROL<\/a> (Vitamin E), <a href=\"https:\/\/www.beautydecoded.com\/en\/ingredients\/hydrolyzed-algin\/\" class=\"inci-link\">HYDROLYZED ALGIN<\/a> (Seaweed extracts), <a href=\"https:\/\/www.beautydecoded.com\/en\/ingredients\/crithmum-maritimum-extract\/\" class=\"inci-link\">Sea Buckthorn Extract<\/a> (Sea fennel), <a href=\"https:\/\/www.beautydecoded.com\/en\/ingredients\/barley-extract-2\/\" class=\"inci-link\">COMMON BARLEY EXTRACT<\/a> (Barley), <a href=\"https:\/\/www.beautydecoded.com\/en\/ingredients\/plankton-extract\/\" class=\"inci-link\">PLANKTON EXTRACT<\/a> (Plankton), <a href=\"https:\/\/www.beautydecoded.com\/en\/ingredients\/helianthus-annuus-seed-oil\/\" class=\"inci-link\">HELIANTHUS ANNUUS SEED OIL<\/a> (Sunflower vegetable oil), <a href=\"https:\/\/www.beautydecoded.com\/en\/ingredients\/maris-aqua\/\" class=\"inci-link\">MARIS AQUA<\/a>, <a href=\"https:\/\/www.beautydecoded.com\/en\/ingredients\/blessed-eyes-leaf-extract\/\" class=\"inci-link\">Menyanthes trifoliata leaf extract<\/a> (Water clover), <a href=\"https:\/\/www.beautydecoded.com\/en\/ingredients\/chlorella-vulgaris-extract\/\" class=\"inci-link\">CHLORELLA VULGARIS EXTRACT<\/a> (Chlorella vulgaris (green algae)), <a href=\"https:\/\/www.beautydecoded.com\/en\/ingredients\/cucumis-sativus-fruit-extract\/\" class=\"inci-link\">CUCUMIS SATIVUS FRUIT EXTRACT<\/a> (Cucumber), <a href=\"https:\/\/www.beautydecoded.com\/en\/ingredients\/orchid-extract\/\" class=\"inci-link\">ORCHID EXTRACT<\/a>, <a href=\"https:\/\/www.beautydecoded.com\/en\/ingredients\/hydrogenated-lecithin\/\" class=\"inci-link\">HYDROGENATED LECITHIN<\/a>, <a href=\"https:\/\/www.beautydecoded.com\/en\/ingredients\/ci-77492\/\" class=\"inci-link\">CI 77492<\/a> (Yellow dye, Iron oxide), <a href=\"https:\/\/www.beautydecoded.com\/en\/ingredients\/77491\/\" class=\"inci-link\">CI 77491<\/a> (Red dye, iron trioxide)<\/p>\n<p>La **Pionni\u00e8re Cr\u00e8me Perfection Jeunesse** de Phytomer est une cr\u00e8me de soin anti-\u00e2ge \u00e0 base d&rsquo;actifs marins et v\u00e9g\u00e9taux, formul\u00e9e pour agir sur les principaux signes du vieillissement cutan\u00e9. Elle associe un extrait de *Laminaria digitata* (algue brune riche en polysaccharides et min\u00e9raux) et de l&rsquo;algine hydrolys\u00e9e, qui contribuent \u00e0 soutenir la structure du derme et \u00e0 am\u00e9liorer l&rsquo;hydratation profonde. L&rsquo;extrait de plancton apporte des acides amin\u00e9s et des oligo\u00e9l\u00e9ments favorisant le renouvellement cellulaire, tandis que l&rsquo;extrait de *Crithmum maritimum* (fenouil marin) est reconnu pour ses propri\u00e9t\u00e9s antioxydantes et protectrices face au stress environnemental. La *Chlorella vulgaris*, microalgue riche en chlorophylle et en prot\u00e9ines, participe \u00e0 la revitalisation et \u00e0 l&rsquo;\u00e9clat du teint. Le squal\u00e8ne et le beurre de karit\u00e9 (*Butyrospermum parkii*) assurent une restauration du film lipidique cutan\u00e9, renfor\u00e7ant la barri\u00e8re hydrique. L&rsquo;extrait d&rsquo;orge (*Hordeum vulgare*) compl\u00e8te la formule par ses propri\u00e9t\u00e9s apaisantes et hydratantes. Ce produit convient particuli\u00e8rement aux peaux matures ou pr\u00e9sentant des signes visibles de vieillissement (rides, perte de fermet\u00e9, teint terne), ainsi qu&rsquo;aux peaux expos\u00e9es \u00e0 des facteurs environnementaux agressifs.<\/p>","protected":false},"excerpt":{"rendered":"<p>Analyze composition on the BeautyDecoded App<\/p>","protected":false},"featured_media":73301,"comment_status":"open","ping_status":"open","template":"","meta":{"_acf_changed":false,"_kad_blocks_custom_css":"","_kad_blocks_head_custom_js":"","_kad_blocks_body_custom_js":"","_kad_blocks_footer_custom_js":"","_kad_post_transparent":"","_kad_post_title":"","_kad_post_layout":"","_kad_post_sidebar_id":"","_kad_post_content_style":"","_kad_post_vertical_padding":"","_kad_post_feature":"","_kad_post_feature_position":"","_kad_post_header":false,"_kad_post_footer":false},"product_brand":[],"product_cat":[970],"product_tag":[],"class_list":{"0":"post-73300","1":"product","2":"type-product","3":"status-publish","4":"has-post-thumbnail","6":"product_cat-phytomer","7":"pa_actif-karitebutter","8":"pa_type-de-produit-creme","10":"first","11":"instock","12":"product-type-external","13":"entry","14":"content-bg","15":"loop-entry"},"acf":[],"taxonomy_info":{"product_cat":[{"value":970,"label":"Phytomer"}],"pa_actif":[{"value":550,"label":"karitebutter"}],"pa_type-de-produit":[{"value":540,"label":"creme"}]},"featured_image_src_large":["https:\/\/www.beautydecoded.com\/wp-content\/uploads\/2026\/04\/phyto-1.jpg",361,361,false],"author_info":[],"comment_info":1,"_links":{"self":[{"href":"https:\/\/www.beautydecoded.com\/en\/wp-json\/wp\/v2\/product\/73300","targetHints":{"allow":["GET"]}}],"collection":[{"href":"https:\/\/www.beautydecoded.com\/en\/wp-json\/wp\/v2\/product"}],"about":[{"href":"https:\/\/www.beautydecoded.com\/en\/wp-json\/wp\/v2\/types\/product"}],"replies":[{"embeddable":true,"href":"https:\/\/www.beautydecoded.com\/en\/wp-json\/wp\/v2\/comments?post=73300"}],"wp:featuredmedia":[{"embeddable":true,"href":"https:\/\/www.beautydecoded.com\/en\/wp-json\/wp\/v2\/media\/73301"}],"wp:attachment":[{"href":"https:\/\/www.beautydecoded.com\/en\/wp-json\/wp\/v2\/media?parent=73300"}],"wp:term":[{"taxonomy":"product_brand","embeddable":true,"href":"https:\/\/www.beautydecoded.com\/en\/wp-json\/wp\/v2\/product_brand?post=73300"},{"taxonomy":"product_cat","embeddable":true,"href":"https:\/\/www.beautydecoded.com\/en\/wp-json\/wp\/v2\/product_cat?post=73300"},{"taxonomy":"product_tag","embeddable":true,"href":"https:\/\/www.beautydecoded.com\/en\/wp-json\/wp\/v2\/product_tag?post=73300"}],"curies":[{"name":"wp","href":"https:\/\/api.w.org\/{rel}","templated":true}]}}