{"id":73364,"date":"2026-04-02T17:49:06","date_gmt":"2026-04-02T15:49:06","guid":{"rendered":"https:\/\/www.beautydecoded.com\/produits\/non class\u00e9\/global-repair-eyes-lips-soin-multi-revitalisant-contour-yeux-et-levres-15-ml\/"},"modified":"2026-04-02T19:56:55","modified_gmt":"2026-04-02T17:56:55","slug":"global-repair-eyes-lips-soin-multi-revitalisant-contour-yeux-et-levres-15-ml","status":"publish","type":"product","link":"https:\/\/www.beautydecoded.com\/en\/products\/filorga\/global-repair-eyes-lips-soin-multi-revitalisant-contour-yeux-et-levres-15-ml\/","title":{"rendered":"GLOBAL-REPAIR EYES &amp; LIPS [Multi-revitalizing eye and lip contour care] - 15 ml"},"content":{"rendered":"<p><a href=\"https:\/\/www.beautydecoded.com\/en\/ingredients\/aqua\/\" class=\"inci-link\">AQUA<\/a>, <a href=\"https:\/\/www.beautydecoded.com\/en\/ingredients\/isopentyldiol\/\" class=\"inci-link\">ISOPENTYL DIOL<\/a>, <a href=\"https:\/\/www.beautydecoded.com\/en\/ingredients\/propylene-glycol\/\" class=\"inci-link\">PROPYLENE GLYCOL<\/a> (Glycol), <a href=\"https:\/\/www.beautydecoded.com\/en\/ingredients\/propylene-glycol-dicaprylate-dicaprate\/\" class=\"inci-link\">PROPYLENE GLYCOL DICAPRYLATE\/DICAPRATE<\/a>, <a href=\"https:\/\/www.beautydecoded.com\/en\/ingredients\/caprylic-capric-triglyceride\/\" class=\"inci-link\">CAPRYLIC\/CAPRIC TRIGLYCERIDE<\/a>, <a href=\"https:\/\/www.beautydecoded.com\/en\/ingredients\/octyldodecanol\/\" class=\"inci-link\">OCTYLDODECANOL<\/a>, <a href=\"https:\/\/www.beautydecoded.com\/en\/ingredients\/glyceryl-stearate-citrate\/\" class=\"inci-link\">glyceryl stearate citrate<\/a>, <a href=\"https:\/\/www.beautydecoded.com\/en\/ingredients\/propanediol\/\" class=\"inci-link\">PROPANEDIOL<\/a>, <a href=\"https:\/\/www.beautydecoded.com\/en\/ingredients\/ethylhexyl-palmitate\/\" class=\"inci-link\">ETHYLHEXYL PALMITATE<\/a> (Esterified oil, potentially comedogenic), <a href=\"https:\/\/www.beautydecoded.com\/en\/ingredients\/maltodextrin\/\" class=\"inci-link\">MALTODEXTRIN<\/a>, <a href=\"https:\/\/www.beautydecoded.com\/en\/ingredients\/polymethyl-methacrylate\/\" class=\"inci-link\">POLYMETHYL METHACRYLATE<\/a>, <a href=\"https:\/\/www.beautydecoded.com\/en\/ingredients\/butyrospermum-parkii-butter\/\" class=\"inci-link\">BUTYROSPERMUM PARKII BUTTER<\/a> (Vegetable shea butter), <a href=\"https:\/\/www.beautydecoded.com\/en\/ingredients\/mannitol\/\" class=\"inci-link\">MANNITOL<\/a> (Sugar), <a href=\"https:\/\/www.beautydecoded.com\/en\/ingredients\/cetyl-alcohol\/\" class=\"inci-link\">CETYL ALCOHOL<\/a>, <a href=\"https:\/\/www.beautydecoded.com\/en\/ingredients\/phenoxyethanol\/\" class=\"inci-link\">PHENOXYETHANOL<\/a>, <a href=\"https:\/\/www.beautydecoded.com\/en\/ingredients\/dimethyl-isosorbide\/\" class=\"inci-link\">DIMETHYL ISOSORBIDE<\/a>, <a href=\"https:\/\/www.beautydecoded.com\/en\/ingredients\/mauritia-flexuosa-fruit-oil\/\" class=\"inci-link\">MAURITIA FLEXUOSA FRUIT OIL<\/a> (Palm kernel oil), <a href=\"https:\/\/www.beautydecoded.com\/en\/ingredients\/sucrose-dilaurate\/\" class=\"inci-link\">SUCROSE DILAURATE<\/a>, <a href=\"https:\/\/www.beautydecoded.com\/en\/ingredients\/polyacrylate-crosspolymer-6\/\" class=\"inci-link\">POLYACRYLATE CROSSPOLYMER-6<\/a>, <a href=\"https:\/\/www.beautydecoded.com\/en\/ingredients\/glycerin\/\" class=\"inci-link\">GLYCERIN<\/a>, <a href=\"https:\/\/www.beautydecoded.com\/en\/ingredients\/sodium-polyacrylate-starch\/\" class=\"inci-link\">Sodium polyacrylate starch<\/a>, <a href=\"https:\/\/www.beautydecoded.com\/en\/ingredients\/palmitic-acid-sucrose-ester\/\" class=\"inci-link\">SUCROSE PALMITATE<\/a>, <a href=\"https:\/\/www.beautydecoded.com\/en\/ingredients\/fragrance\/\" class=\"inci-link\">PERFUM<\/a> (Perfume), <a href=\"https:\/\/www.beautydecoded.com\/en\/ingredients\/xanthan-gum\/\" class=\"inci-link\">XANTHAN GUM<\/a>, <a href=\"https:\/\/www.beautydecoded.com\/en\/ingredients\/polyacrylamide\/\" class=\"inci-link\">POLYACRYLAMIDE<\/a>, <a href=\"https:\/\/www.beautydecoded.com\/en\/ingredients\/sodium-cocoyl-glutamate\/\" class=\"inci-link\">Sodium Cocoyl Glutamate<\/a> (Anionic surfactant), <a href=\"https:\/\/www.beautydecoded.com\/en\/ingredients\/lecithin\/\" class=\"inci-link\">LECITHIN<\/a>, <a href=\"https:\/\/www.beautydecoded.com\/en\/ingredients\/c13-14-isoparaffin\/\" class=\"inci-link\">C13-14 ISOPARAFFIN<\/a> (Mineral Oil), <a href=\"https:\/\/www.beautydecoded.com\/en\/ingredients\/lysolecithin\/\" class=\"inci-link\">LYSOLECITHIN<\/a>, <a href=\"https:\/\/www.beautydecoded.com\/en\/ingredients\/borago-officinalis-seed-oil\/\" class=\"inci-link\">BORAGO OFFICINALIS SEED OIL<\/a> (Borage vegetable oil), <a href=\"https:\/\/www.beautydecoded.com\/en\/ingredients\/evening-primrose-oil\/\" class=\"inci-link\">Evening Primrose Oil<\/a> (Evening primrose vegetable oil), <a href=\"https:\/\/www.beautydecoded.com\/en\/ingredients\/tuberose-extract\/\" class=\"inci-link\">POLIANTHES TUBEROSA EXTRACT<\/a> (Tuberose), <a href=\"https:\/\/www.beautydecoded.com\/en\/ingredients\/simmondsia-chinensis-seed-oil\/\" class=\"inci-link\">Simmondsia chinensis seed oil<\/a> (Jojoba vegetable oil), <a href=\"https:\/\/www.beautydecoded.com\/en\/ingredients\/camellia-oleifera-seed-oil\/\" class=\"inci-link\">Camellia oleifera seed oil<\/a> (Camellia oil), <a href=\"https:\/\/www.beautydecoded.com\/en\/ingredients\/o-cymen-5-ol\/\" class=\"inci-link\">O-CYMEN-5-OL<\/a>, <a href=\"https:\/\/www.beautydecoded.com\/en\/ingredients\/glyceryl-linoleate\/\" class=\"inci-link\">GLYCERYL LINOLEATE<\/a>, <a href=\"https:\/\/www.beautydecoded.com\/en\/ingredients\/white-peony-root-extract\/\" class=\"inci-link\">Peony Root Extract<\/a>, <a href=\"https:\/\/www.beautydecoded.com\/en\/ingredients\/sesame-seed-extract\/\" class=\"inci-link\">Sesamum indicum seed extract<\/a> (Sesame), <a href=\"https:\/\/www.beautydecoded.com\/en\/ingredients\/sweet-almond-oil\/\" class=\"inci-link\">Sweet Almond Oil<\/a> (Sweet almond vegetable oil), <a href=\"https:\/\/www.beautydecoded.com\/en\/ingredients\/niacinamide\/\" class=\"inci-link\">NIACINAMIDE<\/a> (Vitamin B3), <a href=\"https:\/\/www.beautydecoded.com\/en\/ingredients\/pea-extract\/\" class=\"inci-link\">PISUM SATIVUM EXTRACT<\/a> (Green pea), <a href=\"https:\/\/www.beautydecoded.com\/en\/ingredients\/sodium-chloride\/\" class=\"inci-link\">SODIUM CHLORIDE<\/a>, <a href=\"https:\/\/www.beautydecoded.com\/en\/ingredients\/disodium-edta\/\" class=\"inci-link\">DISODIUM EDTA<\/a>, <a href=\"https:\/\/www.beautydecoded.com\/en\/ingredients\/trihydroxystearin\/\" class=\"inci-link\">TRIHYDROXY STEARIN<\/a>, <a href=\"https:\/\/www.beautydecoded.com\/en\/ingredients\/3-o-ethyl-ascorbic-acid\/\" class=\"inci-link\">3-O-ETHYL ASCORBIC ACID<\/a> (Vitamin C derivative), <a href=\"https:\/\/www.beautydecoded.com\/en\/ingredients\/lactobacillus-ferment\/\" class=\"inci-link\">Lactobacillus ferment<\/a>, <a href=\"https:\/\/www.beautydecoded.com\/en\/ingredients\/laureth-7\/\" class=\"inci-link\">LAURETH-7<\/a>, <a href=\"https:\/\/www.beautydecoded.com\/en\/ingredients\/ceramide-np\/\" class=\"inci-link\">CERAMIDE NP<\/a> (Ceramide), <a href=\"https:\/\/www.beautydecoded.com\/en\/ingredients\/sodium-hyaluronate\/\" class=\"inci-link\">SODIUM HYALURONATE<\/a> (Hyaluronic acid), <a href=\"https:\/\/www.beautydecoded.com\/en\/ingredients\/1-2-hexanediol\/\" class=\"inci-link\">1,2-HEXANEDIOL<\/a>, <a href=\"https:\/\/www.beautydecoded.com\/en\/ingredients\/caprylyl-glycol\/\" class=\"inci-link\">CAPRYLYL GLYCOL<\/a>, <a href=\"https:\/\/www.beautydecoded.com\/en\/ingredients\/glucose\/\" class=\"inci-link\">GLUCOSE<\/a> (Sugar), <a href=\"https:\/\/www.beautydecoded.com\/en\/ingredients\/tocopherol\/\" class=\"inci-link\">TOCOPHEROL<\/a> (Vitamin E), <a href=\"https:\/\/www.beautydecoded.com\/en\/ingredients\/bisabolol\/\" class=\"inci-link\">BISABOLOL<\/a> (Active ingredient derived from chamomile), <a href=\"https:\/\/www.beautydecoded.com\/en\/ingredients\/77491\/\" class=\"inci-link\">CI 77491<\/a> (Red dye, iron trioxide), <a href=\"https:\/\/www.beautydecoded.com\/en\/ingredients\/citric-acid\/\" class=\"inci-link\">CITRIC ACID<\/a>, <a href=\"https:\/\/www.beautydecoded.com\/en\/ingredients\/potassium-chloride\/\" class=\"inci-link\">POTASSIUM CHLORIDE<\/a>, <a href=\"https:\/\/www.beautydecoded.com\/en\/ingredients\/beta-sitosterol\/\" class=\"inci-link\">BETA-SITOSTEROL<\/a>, <a href=\"https:\/\/www.beautydecoded.com\/en\/ingredients\/phytic-acid\/\" class=\"inci-link\">PHYTIC ACID<\/a> (AHA exfoliating acid), <a href=\"https:\/\/www.beautydecoded.com\/en\/ingredients\/squalene\/\" class=\"inci-link\">SQUALENE<\/a> (Squalene), <a href=\"https:\/\/www.beautydecoded.com\/en\/ingredients\/potassium-sorbate\/\" class=\"inci-link\">POTASSIUM SORBATE<\/a>, <a href=\"https:\/\/www.beautydecoded.com\/en\/ingredients\/calcium-chloride\/\" class=\"inci-link\">CALCIUM CHLORIDE<\/a>, <a href=\"https:\/\/www.beautydecoded.com\/en\/ingredients\/acetyl-tetrapeptide-11\/\" class=\"inci-link\">Acetyl Tetrapeptide-11<\/a> (Peptide), <a href=\"https:\/\/www.beautydecoded.com\/en\/ingredients\/magnesium-sulfate\/\" class=\"inci-link\">MAGNESIUM SULFATE<\/a>, <a href=\"https:\/\/www.beautydecoded.com\/en\/ingredients\/glutamine\/\" class=\"inci-link\">GLUTAMINE<\/a> (Amino acid), <a href=\"https:\/\/www.beautydecoded.com\/en\/ingredients\/acetyl-tetrapeptide-9\/\" class=\"inci-link\">Acetyl Tetrapeptide-9<\/a> (Peptide), <a href=\"https:\/\/www.beautydecoded.com\/en\/ingredients\/sodium-phosphate\/\" class=\"inci-link\">SODIUM PHOSPHATE<\/a>, <a href=\"https:\/\/www.beautydecoded.com\/en\/ingredients\/ascorbic-acid\/\" class=\"inci-link\">ASCORBIC ACID<\/a> (Pure vitamin C), <a href=\"https:\/\/www.beautydecoded.com\/en\/ingredients\/sodium-anisate\/\" class=\"inci-link\">SODIUM ANISATE<\/a>, <a href=\"https:\/\/www.beautydecoded.com\/en\/ingredients\/lysine-hydrochloride-2\/\" class=\"inci-link\">LYSINE HCL<\/a> (Amino acid), <a href=\"https:\/\/www.beautydecoded.com\/en\/ingredients\/arginine-hcl\/\" class=\"inci-link\">ARGININE HCL<\/a>, <a href=\"https:\/\/www.beautydecoded.com\/en\/ingredients\/ci-19140\/\" class=\"inci-link\">CI 19140<\/a> (Yellow dye), <a href=\"https:\/\/www.beautydecoded.com\/en\/ingredients\/alanine\/\" class=\"inci-link\">ALANINE<\/a> (Amino acid), <a href=\"https:\/\/www.beautydecoded.com\/en\/ingredients\/histidine-hydrochloride\/\" class=\"inci-link\">HISTIDINE HCL<\/a>, <a href=\"https:\/\/www.beautydecoded.com\/en\/ingredients\/valine\/\" class=\"inci-link\">VALINE<\/a> (Amino acid), <a href=\"https:\/\/www.beautydecoded.com\/en\/ingredients\/leucine\/\" class=\"inci-link\">LEUCINE<\/a> (Amino acid), <a href=\"https:\/\/www.beautydecoded.com\/en\/ingredients\/threonine\/\" class=\"inci-link\">THREONINE<\/a> (Amino acid), <a href=\"https:\/\/www.beautydecoded.com\/en\/ingredients\/isoleucine\/\" class=\"inci-link\">ISOLEUCINE<\/a> (Amino acid), <a href=\"https:\/\/www.beautydecoded.com\/en\/ingredients\/tryptophan\/\" class=\"inci-link\">TRYPTOPHAN<\/a>, <a href=\"https:\/\/www.beautydecoded.com\/en\/ingredients\/phenylalanine\/\" class=\"inci-link\">PHENYLALANINE<\/a> (Amino acid), <a href=\"https:\/\/www.beautydecoded.com\/en\/ingredients\/tyrosine\/\" class=\"inci-link\">TYROSINE<\/a> (Amino acid), <a href=\"https:\/\/www.beautydecoded.com\/en\/ingredients\/wisteria\/\" class=\"inci-link\">WISTERIA<\/a> (Amino acid), <a href=\"https:\/\/www.beautydecoded.com\/en\/ingredients\/polysorbate-80\/\" class=\"inci-link\">POLYSORBATE 80<\/a> (Nonionic surfactant), <a href=\"https:\/\/www.beautydecoded.com\/en\/ingredients\/glucomannan\/\" class=\"inci-link\">GLUCOMANNAN<\/a>, <a href=\"https:\/\/www.beautydecoded.com\/en\/ingredients\/serine\/\" class=\"inci-link\">SERINE<\/a> (Amino acid), <a href=\"https:\/\/www.beautydecoded.com\/en\/ingredients\/cystine\/\" class=\"inci-link\">CYSTINE<\/a>, <a href=\"https:\/\/www.beautydecoded.com\/en\/ingredients\/cyanocobalamin\/\" class=\"inci-link\">CYANOCOBALAMIN<\/a>, <a href=\"https:\/\/www.beautydecoded.com\/en\/ingredients\/glutathione\/\" class=\"inci-link\">GLUTATHIONE<\/a> (Antioxidant), <a href=\"https:\/\/www.beautydecoded.com\/en\/ingredients\/asparagine\/\" class=\"inci-link\">ASPARAGINE<\/a>, <a href=\"https:\/\/www.beautydecoded.com\/en\/ingredients\/aspartic-acid\/\" class=\"inci-link\">ASPARTIC ACID<\/a> (Amino acid), <a href=\"https:\/\/www.beautydecoded.com\/en\/ingredients\/ornithine-hydrochloride\/\" class=\"inci-link\">ORNITHINE HCL<\/a>, <a href=\"https:\/\/www.beautydecoded.com\/en\/ingredients\/glutamic-acid\/\" class=\"inci-link\">GLUTAMIC ACID<\/a> (Amino acid), <a href=\"https:\/\/www.beautydecoded.com\/en\/ingredients\/nicotinamide-adenine-dinucleotide\/\" class=\"inci-link\">NICOTINAMIDE ADENINE DINUCLEOTIDE<\/a>, <a href=\"https:\/\/www.beautydecoded.com\/en\/ingredients\/proline\/\" class=\"inci-link\">PROLINE<\/a> (Amino acid), <a href=\"https:\/\/www.beautydecoded.com\/en\/ingredients\/sodium-citrate\/\" class=\"inci-link\">SODIUM CITRATE<\/a>, <a href=\"https:\/\/www.beautydecoded.com\/en\/ingredients\/methionine\/\" class=\"inci-link\">METHIONINE<\/a> (Amino acid), <a href=\"https:\/\/www.beautydecoded.com\/en\/ingredients\/taurine\/\" class=\"inci-link\">TAURINE<\/a> (Amino acid), <a href=\"https:\/\/www.beautydecoded.com\/en\/ingredients\/hydroxyproline\/\" class=\"inci-link\">HYDROXYPROLINE<\/a>, <a href=\"https:\/\/www.beautydecoded.com\/en\/ingredients\/glucosamine-hcl\/\" class=\"inci-link\">GLUCOSAMINE HCL<\/a>, <a href=\"https:\/\/www.beautydecoded.com\/en\/ingredients\/coenzyme-a\/\" class=\"inci-link\">COENZYME A<\/a>, <a href=\"https:\/\/www.beautydecoded.com\/en\/ingredients\/sodium-glucuronate\/\" class=\"inci-link\">SODIUM GLUCURONATE<\/a>, <a href=\"https:\/\/www.beautydecoded.com\/en\/ingredients\/thiamine-diphosphate\/\" class=\"inci-link\">THIAMINE DIPHOSPHATE<\/a>, <a href=\"https:\/\/www.beautydecoded.com\/en\/ingredients\/retinyl-acetate\/\" class=\"inci-link\">RETINYL ACETATE<\/a> (retinol ester), <a href=\"https:\/\/www.beautydecoded.com\/en\/ingredients\/inositol\/\" class=\"inci-link\">INOSITOL<\/a> (Active ingredient derived from the carob tree), <a href=\"https:\/\/www.beautydecoded.com\/en\/ingredients\/niacin\/\" class=\"inci-link\">NIACIN<\/a> (Vitamin B3), <a href=\"https:\/\/www.beautydecoded.com\/en\/ingredients\/pyridoxine-hydrochloride\/\" class=\"inci-link\">PYRIDOXINE HCL<\/a>, <a href=\"https:\/\/www.beautydecoded.com\/en\/ingredients\/biotin\/\" class=\"inci-link\">BIOTIN<\/a> (Vitamin B8), <a href=\"https:\/\/www.beautydecoded.com\/en\/ingredients\/calcium-pantothenate\/\" class=\"inci-link\">CALCIUM PANTOTHENATE<\/a>, <a href=\"https:\/\/www.beautydecoded.com\/en\/ingredients\/riboflavin\/\" class=\"inci-link\">RIBOFLAVIN<\/a>, <a href=\"https:\/\/www.beautydecoded.com\/en\/ingredients\/sodium-tocopheryl-phosphate\/\" class=\"inci-link\">Sodium Tocopheryl Phosphate<\/a>, <a href=\"https:\/\/www.beautydecoded.com\/en\/ingredients\/thiamine-hydrochloride\/\" class=\"inci-link\">THIAMINE HCL<\/a>, <a href=\"https:\/\/www.beautydecoded.com\/en\/ingredients\/folic-acid\/\" class=\"inci-link\">FOLIC ACID<\/a> (Vitamin B9)<\/p>\n<p>Le **Filorga Global-Repair Eyes &#038; Lips** est un soin multi-revitalisant formul\u00e9 pour les zones de contour des yeux et des l\u00e8vres, particuli\u00e8rement fines et sujettes aux signes de vieillissement pr\u00e9coce. Sa composition repose sur un complexe nutritif dense associant des huiles v\u00e9g\u00e9tales riches en acides gras essentiels \u2014 huile de bourrache (*Borago officinalis*) et d&rsquo;onagre (*Oenothera biennis*), sources d&rsquo;acide gamma-linol\u00e9nique, huile de jojoba, de cam\u00e9lia, d&rsquo;amande douce et de buriti (*Mauritia flexuosa*) \u2014 qui soutiennent la fonction barri\u00e8re et limitent la perte en eau trans\u00e9pidermique. Le beurre de karit\u00e9 renforce cet effet occlusif et adoucissant. Sur le plan fonctionnel, deux peptides de synth\u00e8se, l&rsquo;**ac\u00e9tyl t\u00e9trapeptide-9** et l&rsquo;**ac\u00e9tyl t\u00e9trapeptide-11**, stimulent respectivement la synth\u00e8se du collag\u00e8ne de type I et le renouvellement de la jonction dermo-\u00e9pidermique. La **niacinamide** agit sur l&rsquo;homog\u00e9n\u00e9it\u00e9 du teint et le renforcement de la barri\u00e8re cutan\u00e9e, tandis que la **3-O-\u00e9thyl ascorbate** (d\u00e9riv\u00e9 stable de la vitamine C) et le **glutathion** contribuent \u00e0 la protection antioxydante. Le **c\u00e9ramide NP** et l&rsquo;**hyaluronate de sodium** compl\u00e8tent l&rsquo;action hydratante et restructurante. La formule int\u00e8gre \u00e9galement un pool d&rsquo;acides amin\u00e9s, de coenzymes (CoA, NAD) et de vitamines du groupe B (B1, B2, B3, B5, B6, B7, B9, B12) caract\u00e9ristique de l&rsquo;approche NCTF de Filorga, visant \u00e0 soutenir le m\u00e9tabolisme cellulaire cutan\u00e9. Ce produit convient aux peaux matures ou pr\u00e9sentant des signes de rel\u00e2chement, de d\u00e9shydratation et de perte de densit\u00e9 au niveau du contour des yeux et des l\u00e8vres.<\/p>","protected":false},"excerpt":{"rendered":"<p>Analyze composition on the BeautyDecoded App<\/p>","protected":false},"featured_media":73365,"comment_status":"open","ping_status":"open","template":"","meta":{"_acf_changed":false,"_kad_blocks_custom_css":"","_kad_blocks_head_custom_js":"","_kad_blocks_body_custom_js":"","_kad_blocks_footer_custom_js":"","_kad_post_transparent":"","_kad_post_title":"","_kad_post_layout":"","_kad_post_sidebar_id":"","_kad_post_content_style":"","_kad_post_vertical_padding":"","_kad_post_feature":"","_kad_post_feature_position":"","_kad_post_header":false,"_kad_post_footer":false},"product_brand":[],"product_cat":[451],"product_tag":[],"class_list":{"0":"post-73364","1":"product","2":"type-product","3":"status-publish","4":"has-post-thumbnail","6":"product_cat-filorga","7":"pa_actif-amandeoil","8":"pa_actif-ascorbicacidderivatives","9":"pa_actif-bourracheoil","10":"pa_actif-jojobaoil","11":"pa_actif-karitebutter","12":"pa_actif-niacinamide","13":"pa_actif-purevitaminc","14":"pa_type-de-produit-eyes","16":"first","17":"instock","18":"product-type-external","19":"entry","20":"content-bg","21":"loop-entry"},"acf":[],"taxonomy_info":{"product_cat":[{"value":451,"label":"Filorga"}],"pa_actif":[{"value":566,"label":"amandeoil"},{"value":542,"label":"ascorbicacidderivatives"},{"value":585,"label":"bourracheoil"},{"value":561,"label":"jojobaoil"},{"value":550,"label":"karitebutter"},{"value":541,"label":"niacinamide"},{"value":570,"label":"purevitaminc"}],"pa_type-de-produit":[{"value":552,"label":"eyes"}]},"featured_image_src_large":["https:\/\/www.beautydecoded.com\/wp-content\/uploads\/2026\/04\/3540550009469.jpg",411,444,false],"author_info":[],"comment_info":1,"_links":{"self":[{"href":"https:\/\/www.beautydecoded.com\/en\/wp-json\/wp\/v2\/product\/73364","targetHints":{"allow":["GET"]}}],"collection":[{"href":"https:\/\/www.beautydecoded.com\/en\/wp-json\/wp\/v2\/product"}],"about":[{"href":"https:\/\/www.beautydecoded.com\/en\/wp-json\/wp\/v2\/types\/product"}],"replies":[{"embeddable":true,"href":"https:\/\/www.beautydecoded.com\/en\/wp-json\/wp\/v2\/comments?post=73364"}],"wp:featuredmedia":[{"embeddable":true,"href":"https:\/\/www.beautydecoded.com\/en\/wp-json\/wp\/v2\/media\/73365"}],"wp:attachment":[{"href":"https:\/\/www.beautydecoded.com\/en\/wp-json\/wp\/v2\/media?parent=73364"}],"wp:term":[{"taxonomy":"product_brand","embeddable":true,"href":"https:\/\/www.beautydecoded.com\/en\/wp-json\/wp\/v2\/product_brand?post=73364"},{"taxonomy":"product_cat","embeddable":true,"href":"https:\/\/www.beautydecoded.com\/en\/wp-json\/wp\/v2\/product_cat?post=73364"},{"taxonomy":"product_tag","embeddable":true,"href":"https:\/\/www.beautydecoded.com\/en\/wp-json\/wp\/v2\/product_tag?post=73364"}],"curies":[{"name":"wp","href":"https:\/\/api.w.org\/{rel}","templated":true}]}}