{"id":73422,"date":"2026-04-02T17:50:03","date_gmt":"2026-04-02T15:50:03","guid":{"rendered":"https:\/\/www.beautydecoded.com\/produits\/non class\u00e9\/reedle-shot-300\/"},"modified":"2026-04-02T19:57:49","modified_gmt":"2026-04-02T17:57:49","slug":"reedle-shot-300","status":"publish","type":"product","link":"https:\/\/www.beautydecoded.com\/en\/products\/vt-cosmetics\/reedle-shot-300\/","title":{"rendered":"Reedle Shot 300"},"content":{"rendered":"<p><a href=\"https:\/\/www.beautydecoded.com\/en\/ingredients\/aqua\/\" class=\"inci-link\">AQUA<\/a>, <a href=\"https:\/\/www.beautydecoded.com\/en\/ingredients\/dipropylene-glycol\/\" class=\"inci-link\">DIPROPYLENE GLYCOL<\/a>, <a href=\"https:\/\/www.beautydecoded.com\/en\/ingredients\/glycerin\/\" class=\"inci-link\">GLYCERIN<\/a>, <a href=\"https:\/\/www.beautydecoded.com\/en\/ingredients\/niacinamide\/\" class=\"inci-link\">NIACINAMIDE<\/a> (Vitamin B3), <a href=\"https:\/\/www.beautydecoded.com\/en\/ingredients\/butylene-glycol\/\" class=\"inci-link\">BUTYLENE GLYCOL<\/a>, <a href=\"https:\/\/www.beautydecoded.com\/en\/ingredients\/macadamia-ternifolia-seed-oil\/\" class=\"inci-link\">MACADAMIA TERNIFOLIA SEED OIL<\/a> (Macadamia vegetable oil), <a href=\"https:\/\/www.beautydecoded.com\/en\/ingredients\/1-2-hexanediol\/\" class=\"inci-link\">1,2-HEXANEDIOL<\/a>, <a href=\"https:\/\/www.beautydecoded.com\/en\/ingredients\/ethylhexyl-palmitate\/\" class=\"inci-link\">ETHYLHEXYL PALMITATE<\/a> (Esterified oil, potentially comedogenic), <a href=\"https:\/\/www.beautydecoded.com\/en\/ingredients\/silica\/\" class=\"inci-link\">SILICA<\/a> (Silica), <a href=\"https:\/\/www.beautydecoded.com\/en\/ingredients\/sodium-acrylate-sodium-acryloyldimethyl-taurate-copolymer\/\" class=\"inci-link\">Sodium acrylate\/sodium acryloildimethyl taurate copolymer<\/a>, <a href=\"https:\/\/www.beautydecoded.com\/en\/ingredients\/polyisobutene\/\" class=\"inci-link\">POLYISOBUTENE<\/a> (Mineral Oil), <a href=\"https:\/\/www.beautydecoded.com\/en\/ingredients\/glycereth-26\/\" class=\"inci-link\">GLYCERETH-26<\/a>, <a href=\"https:\/\/www.beautydecoded.com\/en\/ingredients\/ethylhexylglycerin\/\" class=\"inci-link\">ETHYLHEXYLGLYCERIN<\/a>, <a href=\"https:\/\/www.beautydecoded.com\/en\/ingredients\/caprylyl-glycol\/\" class=\"inci-link\">CAPRYLYL GLYCOL<\/a>, <a href=\"https:\/\/www.beautydecoded.com\/en\/ingredients\/adenosine\/\" class=\"inci-link\">ADENOSINE<\/a> (Active), <a href=\"https:\/\/www.beautydecoded.com\/en\/ingredients\/sodium-polyacrylate\/\" class=\"inci-link\">SODIUM POLYACRYLATE<\/a>, <a href=\"https:\/\/www.beautydecoded.com\/en\/ingredients\/centella-asiatica-extract\/\" class=\"inci-link\">CENTELLA ASIATICA EXTRACT<\/a> (Centella asiatica), <a href=\"https:\/\/www.beautydecoded.com\/en\/ingredients\/sodium-hyaluronate\/\" class=\"inci-link\">SODIUM HYALURONATE<\/a> (Hyaluronic acid), <a href=\"https:\/\/www.beautydecoded.com\/en\/ingredients\/caprylyl-capryl-glucoside\/\" class=\"inci-link\">CAPRYLYL\/CAPRYL GLUCOSIDE<\/a> (Nonionic surfactant), <a href=\"https:\/\/www.beautydecoded.com\/en\/ingredients\/sorbitan-oleate\/\" class=\"inci-link\">SORBITAN OLEATE<\/a>, <a href=\"https:\/\/www.beautydecoded.com\/en\/ingredients\/xanthan-gum\/\" class=\"inci-link\">XANTHAN GUM<\/a>, <a href=\"https:\/\/www.beautydecoded.com\/en\/ingredients\/propolis-extract\/\" class=\"inci-link\">PROPOLIS EXTRACT<\/a> (Propolis), <a href=\"https:\/\/www.beautydecoded.com\/en\/ingredients\/asiaticoside\/\" class=\"inci-link\">ASIATICOSIDE<\/a> (Active ingredient derived from Centella asiatica), <a href=\"https:\/\/www.beautydecoded.com\/en\/ingredients\/madecassoside\/\" class=\"inci-link\">MADECASSOSIDE<\/a> (Active ingredient derived from Centella asiatica), <a href=\"https:\/\/www.beautydecoded.com\/en\/ingredients\/madecassic-acid\/\" class=\"inci-link\">MADECASSIC ACID<\/a> (Active ingredient derived from Centella asiatica), <a href=\"https:\/\/www.beautydecoded.com\/en\/ingredients\/asiatic-acid\/\" class=\"inci-link\">ASIATIC ACID<\/a> (Active ingredient derived from Centella asiatica), <a href=\"https:\/\/www.beautydecoded.com\/en\/ingredients\/wisteria\/\" class=\"inci-link\">WISTERIA<\/a> (Amino acid), <a href=\"https:\/\/www.beautydecoded.com\/en\/ingredients\/serine\/\" class=\"inci-link\">SERINE<\/a> (Amino acid), <a href=\"https:\/\/www.beautydecoded.com\/en\/ingredients\/glutamic-acid\/\" class=\"inci-link\">GLUTAMIC ACID<\/a> (Amino acid), <a href=\"https:\/\/www.beautydecoded.com\/en\/ingredients\/aspartic-acid\/\" class=\"inci-link\">ASPARTIC ACID<\/a> (Amino acid), <a href=\"https:\/\/www.beautydecoded.com\/en\/ingredients\/leucine\/\" class=\"inci-link\">LEUCINE<\/a> (Amino acid), <a href=\"https:\/\/www.beautydecoded.com\/en\/ingredients\/alanine\/\" class=\"inci-link\">ALANINE<\/a> (Amino acid), <a href=\"https:\/\/www.beautydecoded.com\/en\/ingredients\/lysine\/\" class=\"inci-link\">LYSINE<\/a> (Amino acid), <a href=\"https:\/\/www.beautydecoded.com\/en\/ingredients\/arginine\/\" class=\"inci-link\">ARGININE<\/a> (Amino acid), <a href=\"https:\/\/www.beautydecoded.com\/en\/ingredients\/tyrosine\/\" class=\"inci-link\">TYROSINE<\/a> (Amino acid), <a href=\"https:\/\/www.beautydecoded.com\/en\/ingredients\/phenylalanine\/\" class=\"inci-link\">PHENYLALANINE<\/a> (Amino acid), <a href=\"https:\/\/www.beautydecoded.com\/en\/ingredients\/threonine\/\" class=\"inci-link\">THREONINE<\/a> (Amino acid), <a href=\"https:\/\/www.beautydecoded.com\/en\/ingredients\/proline\/\" class=\"inci-link\">PROLINE<\/a> (Amino acid), <a href=\"https:\/\/www.beautydecoded.com\/en\/ingredients\/valine\/\" class=\"inci-link\">VALINE<\/a> (Amino acid), <a href=\"https:\/\/www.beautydecoded.com\/en\/ingredients\/isoleucine\/\" class=\"inci-link\">ISOLEUCINE<\/a> (Amino acid), <a href=\"https:\/\/www.beautydecoded.com\/en\/ingredients\/histidine\/\" class=\"inci-link\">HISTIDINE<\/a> (Amino acid), <a href=\"https:\/\/www.beautydecoded.com\/en\/ingredients\/methionine\/\" class=\"inci-link\">METHIONINE<\/a> (Amino acid), <a href=\"https:\/\/www.beautydecoded.com\/en\/ingredients\/cysteine\/\" class=\"inci-link\">CYSTEINE<\/a> (Amino acid)<\/p>\n<p>Le **Reedle Shot 300** de VT Cosmetics est un s\u00e9rum formul\u00e9 autour d&rsquo;un complexe multi-actifs \u00e0 vis\u00e9e r\u00e9paratrice et repulpante. La **niacinamide** (vitamine B3) agit sur l&rsquo;homog\u00e9n\u00e9isation du teint, le resserrement des pores et le renforcement de la barri\u00e8re cutan\u00e9e en stimulant la synth\u00e8se de c\u00e9ramides. L&rsquo;**extrait de Centella asiatica** et ses fractions purifi\u00e9es \u2014 **asiaticoside, madecassoside, acide mad\u00e9cassique et acide asiatique** \u2014 exercent une action cicatrisante, anti-inflammatoire et stimulatrice de la synth\u00e8se de collag\u00e8ne, particuli\u00e8rement utile sur les peaux sensibilis\u00e9es ou fragilis\u00e9es. Le **sodium hyaluronate** assure une hydratation par effet hygroscopique dans les couches superficielles de l&rsquo;\u00e9piderme. L&rsquo;**extrait de propolis** apporte des propri\u00e9t\u00e9s antibact\u00e9riennes et antioxydantes. Un **complexe de 18 acides amin\u00e9s** (glycine, s\u00e9rine, leucine, arginine, etc.) soutient la coh\u00e9sion et la souplesse de la matrice cutan\u00e9e. La **silica** conf\u00e8re une texture lissante en surface. Ce s\u00e9rum convient particuli\u00e8rement aux peaux ternes, d\u00e9shydrat\u00e9es, sensibles ou en phase de r\u00e9cup\u00e9ration post-agression (acn\u00e9, irritations, proc\u00e9dures esth\u00e9tiques). Il peut s&rsquo;int\u00e9grer dans une routine matin et soir, appliqu\u00e9 sur peau propre avant la cr\u00e8me hydratante.<\/p>","protected":false},"excerpt":{"rendered":"<p>Analyze composition on the BeautyDecoded App<\/p>","protected":false},"featured_media":73423,"comment_status":"open","ping_status":"open","template":"","meta":{"_acf_changed":false,"_kad_blocks_custom_css":"","_kad_blocks_head_custom_js":"","_kad_blocks_body_custom_js":"","_kad_blocks_footer_custom_js":"","_kad_post_transparent":"","_kad_post_title":"","_kad_post_layout":"","_kad_post_sidebar_id":"","_kad_post_content_style":"","_kad_post_vertical_padding":"","_kad_post_feature":"","_kad_post_feature_position":"","_kad_post_header":false,"_kad_post_footer":false},"product_brand":[],"product_cat":[935],"product_tag":[],"class_list":{"0":"post-73422","1":"product","2":"type-product","3":"status-publish","4":"has-post-thumbnail","6":"product_cat-vt-cosmetics","7":"pa_actif-centellaasiatica","8":"pa_actif-niacinamide","9":"pa_type-de-produit-serum","11":"first","12":"instock","13":"product-type-external","14":"entry","15":"content-bg","16":"loop-entry"},"acf":[],"taxonomy_info":{"product_cat":[{"value":935,"label":"VT Cosmetics"}],"pa_actif":[{"value":553,"label":"centellaasiatica"},{"value":541,"label":"niacinamide"}],"pa_type-de-produit":[{"value":544,"label":"serum"}]},"featured_image_src_large":["https:\/\/www.beautydecoded.com\/wp-content\/uploads\/2026\/04\/Reedle-Shot-300.webp",600,600,false],"author_info":[],"comment_info":1,"_links":{"self":[{"href":"https:\/\/www.beautydecoded.com\/en\/wp-json\/wp\/v2\/product\/73422","targetHints":{"allow":["GET"]}}],"collection":[{"href":"https:\/\/www.beautydecoded.com\/en\/wp-json\/wp\/v2\/product"}],"about":[{"href":"https:\/\/www.beautydecoded.com\/en\/wp-json\/wp\/v2\/types\/product"}],"replies":[{"embeddable":true,"href":"https:\/\/www.beautydecoded.com\/en\/wp-json\/wp\/v2\/comments?post=73422"}],"wp:featuredmedia":[{"embeddable":true,"href":"https:\/\/www.beautydecoded.com\/en\/wp-json\/wp\/v2\/media\/73423"}],"wp:attachment":[{"href":"https:\/\/www.beautydecoded.com\/en\/wp-json\/wp\/v2\/media?parent=73422"}],"wp:term":[{"taxonomy":"product_brand","embeddable":true,"href":"https:\/\/www.beautydecoded.com\/en\/wp-json\/wp\/v2\/product_brand?post=73422"},{"taxonomy":"product_cat","embeddable":true,"href":"https:\/\/www.beautydecoded.com\/en\/wp-json\/wp\/v2\/product_cat?post=73422"},{"taxonomy":"product_tag","embeddable":true,"href":"https:\/\/www.beautydecoded.com\/en\/wp-json\/wp\/v2\/product_tag?post=73422"}],"curies":[{"name":"wp","href":"https:\/\/api.w.org\/{rel}","templated":true}]}}