{"id":73442,"date":"2026-04-02T17:50:03","date_gmt":"2026-04-02T15:50:03","guid":{"rendered":"https:\/\/www.beautydecoded.com\/produits\/non class\u00e9\/snail-mucin-95-peptide-facial-essence\/"},"modified":"2026-04-02T19:57:32","modified_gmt":"2026-04-02T17:57:32","slug":"snail-mucin-95-peptide-facial-essence","status":"publish","type":"product","link":"https:\/\/www.beautydecoded.com\/en\/products\/jumiso\/snail-mucin-95-peptide-facial-essence\/","title":{"rendered":"Snail Mucin 95 + Peptide Facial Essence"},"content":{"rendered":"<p><a href=\"https:\/\/www.beautydecoded.com\/en\/ingredients\/snail-secretion-filtrate\/\" class=\"inci-link\">Snail secretion filtrate<\/a> (Snail mucin), <a href=\"https:\/\/www.beautydecoded.com\/en\/ingredients\/betaine\/\" class=\"inci-link\">BETAINE<\/a> (Sugar), <a href=\"https:\/\/www.beautydecoded.com\/en\/ingredients\/butylene-glycol\/\" class=\"inci-link\">BUTYLENE GLYCOL<\/a>, <a href=\"https:\/\/www.beautydecoded.com\/en\/ingredients\/ethyl-hexanediol\/\" class=\"inci-link\">ETHYL HEXANEDIOL<\/a>, <a href=\"https:\/\/www.beautydecoded.com\/en\/ingredients\/allantoin\/\" class=\"inci-link\">ALLANTOIN<\/a> (Active ingredient derived from comfrey), <a href=\"https:\/\/www.beautydecoded.com\/en\/ingredients\/phenoxyethanol\/\" class=\"inci-link\">PHENOXYETHANOL<\/a>, <a href=\"https:\/\/www.beautydecoded.com\/en\/ingredients\/sodium-polyacrylate\/\" class=\"inci-link\">SODIUM POLYACRYLATE<\/a>, <a href=\"https:\/\/www.beautydecoded.com\/en\/ingredients\/carbomer\/\" class=\"inci-link\">CARBOMER<\/a>, <a href=\"https:\/\/www.beautydecoded.com\/en\/ingredients\/aqua\/\" class=\"inci-link\">AQUA<\/a>, <a href=\"https:\/\/www.beautydecoded.com\/en\/ingredients\/1-2-hexanediol\/\" class=\"inci-link\">1,2-HEXANEDIOL<\/a>, <a href=\"https:\/\/www.beautydecoded.com\/en\/ingredients\/sodium-hyaluronate\/\" class=\"inci-link\">SODIUM HYALURONATE<\/a> (Hyaluronic acid), <a href=\"https:\/\/www.beautydecoded.com\/en\/ingredients\/panthenol\/\" class=\"inci-link\">PANTHENOL<\/a> (Pro-vitamin B5), <a href=\"https:\/\/www.beautydecoded.com\/en\/ingredients\/adenosine\/\" class=\"inci-link\">ADENOSINE<\/a> (Active), <a href=\"https:\/\/www.beautydecoded.com\/en\/ingredients\/arginine\/\" class=\"inci-link\">ARGININE<\/a> (Amino acid), <a href=\"https:\/\/www.beautydecoded.com\/en\/ingredients\/copper-tripeptide-1\/\" class=\"inci-link\">COPPER TRIPEPTIDE-1<\/a> (Copper peptide), <a href=\"https:\/\/www.beautydecoded.com\/en\/ingredients\/palmitoyl-pentapeptide-4\/\" class=\"inci-link\">PALMITOYL PENTAPEPTIDE-4<\/a> (Peptide), <a href=\"https:\/\/www.beautydecoded.com\/en\/ingredients\/acetyl-hexapeptide-8\/\" class=\"inci-link\">ACETYL HEXAPEPTIDE-8<\/a> (Peptide), <a href=\"https:\/\/www.beautydecoded.com\/en\/ingredients\/palmitoyl-tripeptide-1\/\" class=\"inci-link\">PALMITOYL TRIPEPTIDE-1<\/a> (Peptide), <a href=\"https:\/\/www.beautydecoded.com\/en\/ingredients\/palmitoyl-tetrapeptide-7\/\" class=\"inci-link\">PALMITOYL TETRAPEPTIDE-7<\/a> (Peptide)<\/p>\n<p>Cette essence de la marque Jumiso repose principalement sur un filtrat de s\u00e9cr\u00e9tions de bave d&rsquo;escargot \u00e0 95 %, un actif riche en glycoprot\u00e9ines, enzymes, acide hyaluronique naturel et allanto\u00efne, reconnu pour ses propri\u00e9t\u00e9s r\u00e9paratrices, hydratantes et l\u00e9g\u00e8rement exfoliantes. L&rsquo;allanto\u00efne, \u00e9galement pr\u00e9sente en tant qu&rsquo;actif isol\u00e9, renforce l&rsquo;effet apaisant et favorise le renouvellement cellulaire. La formule int\u00e8gre plusieurs peptides fonctionnels : le Copper Tripeptide-1 (GHK-Cu) soutient la synth\u00e8se du collag\u00e8ne et acc\u00e9l\u00e8re la cicatrisation ; le Palmitoyl Pentapeptide-4 (Matrixyl) et le Palmitoyl Tripeptide-1 stimulent la production de collag\u00e8ne et d&rsquo;\u00e9lastine ; le Palmitoyl Tetrapeptide-7 agit sur les m\u00e9canismes inflammatoires cutan\u00e9s ; l&rsquo;Acetyl Hexapeptide-8 (Argireline) cible les contractions musculaires r\u00e9p\u00e9titives \u00e0 l&rsquo;origine des rides d&rsquo;expression. L&rsquo;ad\u00e9nosine compl\u00e8te cette action anti-\u00e2ge en favorisant la r\u00e9paration tissulaire. Le sodium hyaluronate et le panth\u00e9nol assurent une hydratation de surface et un soutien de la barri\u00e8re cutan\u00e9e. Ce produit convient particuli\u00e8rement aux peaux d\u00e9shydrat\u00e9es, fragilis\u00e9es, pr\u00e9sentant des irr\u00e9gularit\u00e9s de texture ou des signes de vieillissement cutan\u00e9 pr\u00e9coce. Il est adapt\u00e9 aux peaux sensibles en raison de l&rsquo;absence d&rsquo;acides exfoliants et de parfum.<\/p>","protected":false},"excerpt":{"rendered":"<p>Analyze composition on the BeautyDecoded App<\/p>","protected":false},"featured_media":73443,"comment_status":"open","ping_status":"open","template":"","meta":{"_acf_changed":false,"_kad_blocks_custom_css":"","_kad_blocks_head_custom_js":"","_kad_blocks_body_custom_js":"","_kad_blocks_footer_custom_js":"","_kad_post_transparent":"","_kad_post_title":"","_kad_post_layout":"","_kad_post_sidebar_id":"","_kad_post_content_style":"","_kad_post_vertical_padding":"","_kad_post_feature":"","_kad_post_feature_position":"","_kad_post_header":false,"_kad_post_footer":false},"product_brand":[],"product_cat":[974],"product_tag":[],"class_list":{"0":"post-73442","1":"product","2":"type-product","3":"status-publish","4":"has-post-thumbnail","6":"product_cat-jumiso","7":"pa_type-de-produit-serum","9":"first","10":"instock","11":"product-type-external","12":"entry","13":"content-bg","14":"loop-entry"},"acf":[],"taxonomy_info":{"product_cat":[{"value":974,"label":"Jumiso"}],"pa_type-de-produit":[{"value":544,"label":"serum"}]},"featured_image_src_large":["https:\/\/www.beautydecoded.com\/wp-content\/uploads\/2026\/04\/XXL_p0218822540.jpg.webp",640,640,false],"author_info":[],"comment_info":1,"_links":{"self":[{"href":"https:\/\/www.beautydecoded.com\/en\/wp-json\/wp\/v2\/product\/73442","targetHints":{"allow":["GET"]}}],"collection":[{"href":"https:\/\/www.beautydecoded.com\/en\/wp-json\/wp\/v2\/product"}],"about":[{"href":"https:\/\/www.beautydecoded.com\/en\/wp-json\/wp\/v2\/types\/product"}],"replies":[{"embeddable":true,"href":"https:\/\/www.beautydecoded.com\/en\/wp-json\/wp\/v2\/comments?post=73442"}],"wp:featuredmedia":[{"embeddable":true,"href":"https:\/\/www.beautydecoded.com\/en\/wp-json\/wp\/v2\/media\/73443"}],"wp:attachment":[{"href":"https:\/\/www.beautydecoded.com\/en\/wp-json\/wp\/v2\/media?parent=73442"}],"wp:term":[{"taxonomy":"product_brand","embeddable":true,"href":"https:\/\/www.beautydecoded.com\/en\/wp-json\/wp\/v2\/product_brand?post=73442"},{"taxonomy":"product_cat","embeddable":true,"href":"https:\/\/www.beautydecoded.com\/en\/wp-json\/wp\/v2\/product_cat?post=73442"},{"taxonomy":"product_tag","embeddable":true,"href":"https:\/\/www.beautydecoded.com\/en\/wp-json\/wp\/v2\/product_tag?post=73442"}],"curies":[{"name":"wp","href":"https:\/\/api.w.org\/{rel}","templated":true}]}}